{"id":5625,"date":"2026-02-06T15:09:31","date_gmt":"2026-02-06T07:09:31","guid":{"rendered":"https:\/\/minghanggroup.com\/?post_type=product&#038;p=5625"},"modified":"2026-04-14T09:29:41","modified_gmt":"2026-04-14T01:29:41","slug":"bordeaux-shape-wine-bottle-750-ml-for-bulk","status":"publish","type":"product","link":"https:\/\/minghanggroup.com\/fr\/produit\/bordeaux-shape-wine-bottle-750-ml-for-bulk\/","title":{"rendered":"Bouteille de vin de forme bordelaise 750 ml pour vente en gros"},"content":{"rendered":"<p>Vous mettez toute votre passion dans chaque cuv\u00e9e\u00a0; offrez-lui un \u00e9crin \u00e0 la hauteur. Notre bouteille de vin de 750\u00a0ml brille d&#039;un \u00e9clat cristallin, sublimant la robe rubis de votre claret ou sa teinte vert olive protectrice (un cousin \u00e9l\u00e9gant du bordeaux vert) id\u00e9ale pour le vieillissement de votre bourgogne. La forme intemporelle de cette bouteille bordelaise s&#039;int\u00e8gre parfaitement dans vos casiers, se ferme herm\u00e9tiquement avec des bouchons de li\u00e8ge ou synth\u00e9tiques, et transforme vos bouteilles vides en pr\u00e9cieux souvenirs. R\u00e9f\u00e9rence en mati\u00e8re de bouteilles de vin, nous cr\u00e9ons des bouteilles en verre aussi performantes que vous, que vous mettiez en bouteille des vins rouges, des vins maison ou des cuv\u00e9es de vins effervescents.<\/p>\n<h2>Caract\u00e9ristiques du produit<\/h2>\n<ul>\n<li><strong>Silhouette authentique de Bordeaux :<\/strong> Les \u00e9paules l\u00e9g\u00e8rement inclin\u00e9es et le col \u00e9lanc\u00e9 conf\u00e8rent \u00e0 cette bouteille de vin la forme classique que les clients reconna\u00eetront imm\u00e9diatement : esth\u00e9tique sur les \u00e9tag\u00e8res des supermarch\u00e9s, agr\u00e9able \u00e0 tenir en main.<\/li>\n<li><strong>Clart\u00e9 ou protection\u00a0:<\/strong> Optez pour le verre transparent si vous souhaitez mettre en valeur la couleur profonde, ou choisissez le vert olive (id\u00e9al pour les bouteilles de vin vert) pour une protection UV. Vous aimez le vert champagne\u00a0? Il fait \u00e9galement partie de notre gamme.<\/li>\n<li><strong>Conception de base de punt stable :<\/strong> Le fond profond renforc\u00e9 garantit une stabilit\u00e9 \u00e0 toute \u00e9preuve, non seulement pendant le transport et la pr\u00e9sentation, mais aussi si vous souhaitez r\u00e9utiliser les bouteilles de vin vides comme distributeurs d&#039;huile d&#039;olive.<\/li>\n<\/ul>\n<h2>Caract\u00e9ristiques principales<\/h2>\n<table style=\"border-collapse: collapse; width: 80%; margin-left: auto; margin-right: auto;\" border=\"0\" width=\"144\" cellspacing=\"0\" cellpadding=\"0\">\n<tbody>\n<tr style=\"height: 13.50pt;\">\n<td style=\"height: 13.5pt; width: 54pt; text-align: center;\" width=\"72\" height=\"18\">Fonctionnalit\u00e9<\/td>\n<td style=\"width: 54pt; text-align: center;\" width=\"72\">D\u00e9tail<\/td>\n<\/tr>\n<tr style=\"height: 13.50pt;\">\n<td style=\"height: 13.5pt; text-align: center;\" height=\"18\">Capacit\u00e9<\/td>\n<td style=\"text-align: center;\">750 ml<\/td>\n<\/tr>\n<tr style=\"height: 13.50pt;\">\n<td style=\"height: 13.5pt; text-align: center;\" height=\"18\">Dimensions<\/td>\n<td style=\"text-align: center;\">8,4 \u00d7 29,2 cm<\/td>\n<\/tr>\n<tr style=\"height: 13.50pt;\">\n<td style=\"height: 13.5pt; text-align: center;\" height=\"18\">Finition du cou<\/td>\n<td style=\"text-align: center;\">1,8 cm<\/td>\n<\/tr>\n<tr style=\"height: 13.50pt;\">\n<td style=\"height: 13.5pt; text-align: center;\" height=\"18\">Couleurs<\/td>\n<td style=\"text-align: center;\">Verre clair, vert olive ou sur mesure<\/td>\n<\/tr>\n<tr style=\"height: 13.50pt;\">\n<td style=\"height: 13.5pt; text-align: center;\" height=\"18\">Options de fermeture<\/td>\n<td style=\"text-align: center;\">Bouchons de vin naturels, bouchons synth\u00e9tiques<\/td>\n<\/tr>\n<\/tbody>\n<\/table>\n<h2>Cas de r\u00e9ussite<\/h2>\n<p>Un petit domaine viticole europ\u00e9en a choisi notre bouteille de vin de style bordelais de 75 cl pour le lancement de sa gamme de vins rouges. Afin de refl\u00e9ter son image haut de gamme, nous lui avons propos\u00e9 une personnalisation pouss\u00e9e\u00a0: la couleur de la bouteille est obtenue gr\u00e2ce \u00e0 une formule sp\u00e9ciale vert olive fonc\u00e9 pour une protection optimale contre la lumi\u00e8re\u00a0; un embl\u00e8me du domaine est emboss\u00e9 sur l\u2019\u00e9paule de la bouteille\u00a0; et le fond de la bouteille a \u00e9t\u00e9 approfondi pour une meilleure prise en main et une plus grande stabilit\u00e9. Nous avons \u00e9galement fourni un bouchon sur mesure, assorti aux couleurs de l\u2019\u00e9tiquette.<\/p>\n<p>Apr\u00e8s son lancement, le nouvel emballage a permis d&#039;accro\u00eetre consid\u00e9rablement la visibilit\u00e9 des produits en rayon, et les ventes de la gamme ont progress\u00e9 d&#039;environ 38 % d\u00e8s le premier trimestre. Face \u00e0 cet accueil favorable, le domaine viticole a pass\u00e9 une seconde commande importante six mois plus tard et a adopt\u00e9 ce type de bouteille comme solution d&#039;emballage standard \u00e0 long terme, renfor\u00e7ant ainsi son image de marque et stimulant ses ventes via ses r\u00e9seaux de distribution.<\/p>\n<h2>Vos options de personnalisation<\/h2>\n<ol>\n<li><strong>Options de finition de surface des bouteilles\u00a0:<\/strong> Choisissez parmi plusieurs finitions : un fin sablage ou un fini lisse et soyeux pour rendre la bouteille plus luxueuse \u00e0 tenir et \u00e0 pr\u00e9senter.<\/li>\n<li><strong>Motifs en relief et en creux\u00a0:<\/strong>L&#039;utilisation du logo du domaine viticole, des mill\u00e9simes ou de symboles exclusifs sur l&#039;\u00e9paule ou le fond de la bouteille contribue \u00e0 accro\u00eetre la notori\u00e9t\u00e9 de la marque.<\/li>\n<li><strong>Compatibilit\u00e9 personnalisable avec le goulot et le bouchon\u00a0:<\/strong> Adaptez le diam\u00e8tre du goulot (bouchons en li\u00e8ge naturel, bouchons synth\u00e9tiques ou capsules \u00e0 vis) aux r\u00e9glementations et aux pr\u00e9f\u00e9rences des consommateurs sur les march\u00e9s cibl\u00e9s.<\/li>\n<\/ol>","protected":false},"excerpt":{"rendered":"<p>Bouteille de vin haut de gamme de 750 ml pour les domaines viticoles et les marques. Vente directe d&#039;usine, personnalisation en gros possible et livraison rapide.<\/p>","protected":false},"featured_media":5629,"template":"","meta":{"postBodyCss":"","postBodyMargin":[],"postBodyPadding":[],"postBodyBackground":{"backgroundType":"classic","gradient":""}},"product_brand":[],"product_cat":[15,16,84],"product_tag":[109],"class_list":{"0":"post-5625","1":"product","2":"type-product","3":"status-publish","4":"has-post-thumbnail","6":"product_cat-glass-containers","7":"product_cat-glass-bottles","8":"product_cat-wine-bottles","9":"product_tag-glass-champagne-bottles","11":"first","12":"instock","13":"shipping-taxable","14":"product-type-simple"},"jetpack_sharing_enabled":true,"_links":{"self":[{"href":"https:\/\/minghanggroup.com\/fr\/wp-json\/wp\/v2\/product\/5625","targetHints":{"allow":["GET"]}}],"collection":[{"href":"https:\/\/minghanggroup.com\/fr\/wp-json\/wp\/v2\/product"}],"about":[{"href":"https:\/\/minghanggroup.com\/fr\/wp-json\/wp\/v2\/types\/product"}],"wp:featuredmedia":[{"embeddable":true,"href":"https:\/\/minghanggroup.com\/fr\/wp-json\/wp\/v2\/media\/5629"}],"wp:attachment":[{"href":"https:\/\/minghanggroup.com\/fr\/wp-json\/wp\/v2\/media?parent=5625"}],"wp:term":[{"taxonomy":"product_brand","embeddable":true,"href":"https:\/\/minghanggroup.com\/fr\/wp-json\/wp\/v2\/product_brand?post=5625"},{"taxonomy":"product_cat","embeddable":true,"href":"https:\/\/minghanggroup.com\/fr\/wp-json\/wp\/v2\/product_cat?post=5625"},{"taxonomy":"product_tag","embeddable":true,"href":"https:\/\/minghanggroup.com\/fr\/wp-json\/wp\/v2\/product_tag?post=5625"}],"curies":[{"name":"wp","href":"https:\/\/api.w.org\/{rel}","templated":true}]}}