{"id":5620,"date":"2026-02-19T13:43:05","date_gmt":"2026-02-19T05:43:05","guid":{"rendered":"https:\/\/minghanggroup.com\/?post_type=product&#038;p=5620"},"modified":"2026-02-06T16:36:27","modified_gmt":"2026-02-06T08:36:27","slug":"olive-green-miniature-wine-bottles-wholesale","status":"publish","type":"product","link":"https:\/\/minghanggroup.com\/fr\/produit\/olive-green-miniature-wine-bottles-wholesale\/","title":{"rendered":"Bouteilles de vin miniatures vert olive de 180 ml en gros"},"content":{"rendered":"<p>Ces mini-bouteilles de vin sont fabriqu\u00e9es en verre vert olive de haute qualit\u00e9, r\u00e9sistant aux UV. Leur corps droit et large s&#039;affine vers un col filet\u00e9, ce qui les rend id\u00e9ales pour une d\u00e9gustation, comme cadeaux d&#039;invit\u00e9s ou pour une d\u00e9gustation individuelle.<\/p>\n<h2>Caract\u00e9ristiques du produit<\/h2>\n<ul>\n<li><strong>Protection UV :<\/strong> Le verre vert olive prot\u00e8ge des rayons nocifs de la lumi\u00e8re, votre vin restera donc toujours de haute qualit\u00e9 et se conservera longtemps.<\/li>\n<li><strong>Conception \u00e0 cylindre droit et \u00e0 large ventre :<\/strong> Cette mini-bouteille de vin droite et large sera pratique \u00e0 ranger, et elle est \u00e9galement id\u00e9ale pour les coffrets de d\u00e9gustation et les emballages cadeaux.<\/li>\n<li><strong>Polyvalent:<\/strong> Sa petite taille permet de l&#039;utiliser lors de d\u00e9gustations de vin, comme cadeau de marque et comme emballage de recharge.<\/li>\n<\/ul>\n<h2 style=\"text-align: left;\">Caract\u00e9ristiques principales<\/h2>\n<table class=\"aligncenter\" style=\"border-collapse: collapse; width: 345.77pt;\" border=\"0\" width=\"461\" cellspacing=\"0\" cellpadding=\"0\">\n<tbody>\n<tr style=\"height: 13.50pt;\">\n<td style=\"height: 13.50pt; width: 115.50pt;\" width=\"154\" height=\"18\">Sp\u00e9cification<\/td>\n<td style=\"width: 230.25pt;\" width=\"307\">D\u00e9tails<\/td>\n<\/tr>\n<tr style=\"height: 13.50pt;\">\n<td style=\"height: 13.50pt;\" height=\"18\">Capacit\u00e9<\/td>\n<td>180 ml<\/td>\n<\/tr>\n<tr style=\"height: 13.50pt;\">\n<td style=\"height: 13.50pt;\" height=\"18\">Dimensions<\/td>\n<td>52\u00d7168 mm<\/td>\n<\/tr>\n<tr style=\"height: 13.50pt;\">\n<td style=\"height: 13.50pt;\" height=\"18\">Mat\u00e9riel<\/td>\n<td>Verre vert olive de haute qualit\u00e9<\/td>\n<\/tr>\n<tr style=\"height: 13.50pt;\">\n<td style=\"height: 13.50pt;\" height=\"18\">\u00c9tendue de la personnalisation<\/td>\n<td>Taille, couleur, forme, couvercles<\/td>\n<\/tr>\n<tr style=\"height: 13.50pt;\">\n<td style=\"height: 13.50pt;\" height=\"18\">Objectif du produit<\/td>\n<td>Bouteilles de vin miniatures, bouteilles d&#039;\u00e9chantillon<\/td>\n<\/tr>\n<tr style=\"height: 13.50pt;\">\n<td style=\"height: 13.50pt;\" height=\"18\">Secteurs d&#039;activit\u00e9 appropri\u00e9s<\/td>\n<td>Domaines viticoles, vignobles, h\u00f4tels<\/td>\n<\/tr>\n<\/tbody>\n<\/table>\n<h2>Succ\u00e8s\u00a0: Projet de partenariat entre une compagnie a\u00e9rienne, un h\u00f4tel et un domaine viticole italien<\/h2>\n<p>Un domaine viticole italien souhaitait distribuer ses vins de qualit\u00e9 aux compagnies a\u00e9riennes et aux h\u00f4tels. Il a opt\u00e9 pour des mini-bouteilles de 180 ml avec bouchon \u00e0 vis dor\u00e9 personnalis\u00e9. Le verre vert olive, trait\u00e9 anti-UV, garantit la fra\u00eecheur du vin jusqu&#039;\u00e0 24 mois. Le format 180 ml est id\u00e9al pour servir les chanteurs, ce qui a permis d&#039;accro\u00eetre les ventes de 60 % via ces canaux. Ce partenariat fructueux a pleinement satisfait le domaine, qui a pass\u00e9 une nouvelle commande de 3 millions de bouteilles pour ses partenaires internationaux, dans le cadre d&#039;un contrat de trois ans.<\/p>\n<h2>Personnalisation de bouteilles de vin miniatures<\/h2>\n<ul>\n<li>Nuances de vert \u00e9labor\u00e9es\u00a0: Le vert olive peut \u00eatre obtenu soit dans une teinte plus claire, tirant sur le vert sauge, soit dans une teinte plus fonc\u00e9e, proche du vert for\u00eat noire.<\/li>\n<li>Marquage du volume en relief\u00a0: Concentration\u00a0: une petite marque en relief de 180\u00a0ml est appos\u00e9e sur l\u2019\u00e9paule du flacon.<\/li>\n<li>Gravure laser\u00a0: Gravez un petit code de lot, un logo de marque ou un petit motif sur le fond de la bouteille.<\/li>\n<\/ul>","protected":false},"excerpt":{"rendered":"<p>Personnalisez vos mini-bouteilles de vin avec un logo ou une couleur pour vos coffrets d\u00e9gustation ou cadeaux. Bouteilles de vin miniatures disponibles avec services OEM professionnels. \u00c9chantillon gratuit.<\/p>","protected":false},"featured_media":5621,"template":"","meta":{"postBodyCss":"","postBodyMargin":[],"postBodyPadding":[],"postBodyBackground":{"backgroundType":"classic","gradient":""}},"product_brand":[],"product_cat":[15,16,84],"product_tag":[],"class_list":{"0":"post-5620","1":"product","2":"type-product","3":"status-publish","4":"has-post-thumbnail","6":"product_cat-glass-containers","7":"product_cat-glass-bottles","8":"product_cat-wine-bottles","10":"first","11":"instock","12":"shipping-taxable","13":"product-type-simple"},"jetpack_sharing_enabled":true,"_links":{"self":[{"href":"https:\/\/minghanggroup.com\/fr\/wp-json\/wp\/v2\/product\/5620","targetHints":{"allow":["GET"]}}],"collection":[{"href":"https:\/\/minghanggroup.com\/fr\/wp-json\/wp\/v2\/product"}],"about":[{"href":"https:\/\/minghanggroup.com\/fr\/wp-json\/wp\/v2\/types\/product"}],"wp:featuredmedia":[{"embeddable":true,"href":"https:\/\/minghanggroup.com\/fr\/wp-json\/wp\/v2\/media\/5621"}],"wp:attachment":[{"href":"https:\/\/minghanggroup.com\/fr\/wp-json\/wp\/v2\/media?parent=5620"}],"wp:term":[{"taxonomy":"product_brand","embeddable":true,"href":"https:\/\/minghanggroup.com\/fr\/wp-json\/wp\/v2\/product_brand?post=5620"},{"taxonomy":"product_cat","embeddable":true,"href":"https:\/\/minghanggroup.com\/fr\/wp-json\/wp\/v2\/product_cat?post=5620"},{"taxonomy":"product_tag","embeddable":true,"href":"https:\/\/minghanggroup.com\/fr\/wp-json\/wp\/v2\/product_tag?post=5620"}],"curies":[{"name":"wp","href":"https:\/\/api.w.org\/{rel}","templated":true}]}}