{"id":5615,"date":"2026-02-06T10:42:20","date_gmt":"2026-02-06T02:42:20","guid":{"rendered":"https:\/\/minghanggroup.com\/?post_type=product&#038;p=5615"},"modified":"2026-02-06T16:32:24","modified_gmt":"2026-02-06T08:32:24","slug":"small-red-wine-bottles-for-favors-wholesale","status":"publish","type":"product","link":"https:\/\/minghanggroup.com\/fr\/produit\/small-red-wine-bottles-for-favors-wholesale\/","title":{"rendered":"Bouteilles de vin rouge de 190 ml en gros, id\u00e9ales pour les cadeaux d&#039;invit\u00e9s."},"content":{"rendered":"<p>Il s&#039;agit d&#039;une bouteille de vin rouge aux lignes douces et gracieuses, qui s&#039;affinent avec \u00e9l\u00e9gance jusqu&#039;\u00e0 un col filet\u00e9. Sa robe ambr\u00e9e fonc\u00e9e et profonde est un atout pr\u00e9cieux, car elle offre une excellente protection contre les UV, garantissant ainsi la pr\u00e9servation du vin.<\/p>\n<h2>Caract\u00e9ristiques du produit<\/h2>\n<ul>\n<li><strong>Mat\u00e9riau de protection contre la lumi\u00e8re ambre fonc\u00e9\u00a0:<\/strong> Le verre ambr\u00e9 fonc\u00e9 est tr\u00e8s efficace pour bloquer les rayons UV et ainsi garantir que le vin ne s&#039;oxyde pas et ne perde donc pas sa saveur.<\/li>\n<li><strong>Design de bouteille incurv\u00e9e :<\/strong> La bouteille pr\u00e9sente une surface concave, signe de sophistication et d&#039;\u00e9l\u00e9gance, et t\u00e9moigne d&#039;une qualit\u00e9 haut de gamme.<\/li>\n<li><strong>Enfilage\u00a0:<\/strong> Le goulot filet\u00e9 est con\u00e7u pour s&#039;ajuster parfaitement autour du bouchon m\u00e9tallique, qui est dot\u00e9 d&#039;un joint \u00e9tanche, et le goulot filet\u00e9 garantit que le vin est herm\u00e9tique et se conservera longtemps sur l&#039;\u00e9tag\u00e8re.<\/li>\n<\/ul>\n<h2 style=\"text-align: left;\">Caract\u00e9ristiques principales<\/h2>\n<table class=\"aligncenter\" style=\"border-collapse: collapse; width: 494.27pt;\" border=\"0\" width=\"659\" cellspacing=\"0\" cellpadding=\"0\">\n<tbody>\n<tr style=\"height: 13.50pt;\">\n<td style=\"height: 13.50pt; width: 115.50pt;\" width=\"154\" height=\"18\">Sp\u00e9cification<\/td>\n<td style=\"width: 378.75pt;\" width=\"505\">D\u00e9tails<\/td>\n<\/tr>\n<tr style=\"height: 13.50pt;\">\n<td style=\"height: 13.50pt;\" height=\"18\">Capacit\u00e9<\/td>\n<td>190 ml<\/td>\n<\/tr>\n<tr style=\"height: 13.50pt;\">\n<td style=\"height: 13.50pt;\" height=\"18\">Dimensions<\/td>\n<td>55\u00d7172mm<\/td>\n<\/tr>\n<tr style=\"height: 13.50pt;\">\n<td style=\"height: 13.50pt;\" height=\"18\">Mat\u00e9riel<\/td>\n<td>Verre ambr\u00e9 profond de haute qualit\u00e9<\/td>\n<\/tr>\n<tr style=\"height: 13.50pt;\">\n<td style=\"height: 13.50pt;\" height=\"18\">Forme de bouteille<\/td>\n<td>Taille cintr\u00e9e \u00e0 base arrondie, encolure fine et ouverture fil\u00e9e<\/td>\n<\/tr>\n<tr style=\"height: 13.50pt;\">\n<td style=\"height: 13.50pt;\" height=\"18\">\u00c9tendue de la personnalisation<\/td>\n<td>Couleur, taille, couvercles, finition<\/td>\n<\/tr>\n<tr style=\"height: 13.50pt;\">\n<td style=\"height: 13.50pt;\" height=\"18\">Objectif du produit<\/td>\n<td>Bouteilles de vin de qualit\u00e9 sup\u00e9rieure en guise de cadeaux, petites bouteilles de vin \u00e0 offrir en guise de cadeaux<\/td>\n<\/tr>\n<tr style=\"height: 13.50pt;\">\n<td style=\"height: 13.50pt;\" height=\"18\">Secteurs d&#039;activit\u00e9 appropri\u00e9s<\/td>\n<td>Domaines viticoles, organisateurs d&#039;\u00e9v\u00e9nements, fournisseurs de mariage<\/td>\n<\/tr>\n<\/tbody>\n<\/table>\n<h2>T\u00e9moignage de r\u00e9ussite\u00a0: Coffret de cadeaux de mariage dans un vignoble texan.<\/h2>\n<p>Un domaine viticole texan a imagin\u00e9 un coffret de cadeaux de mariage haut de gamme. Ils ont choisi nos petites bouteilles de vin rouge et les ont personnalis\u00e9es avec les initiales des mari\u00e9s, imprim\u00e9es en s\u00e9rigraphie. Ces bouteilles en verre trait\u00e9 anti-UV permettent de conserver le vin jusqu&#039;\u00e0 18 mois. L&#039;\u00e9l\u00e9gant format de 190 ml a rencontr\u00e9 un vif succ\u00e8s\u00a0: 90\u00a0% des couples l&#039;ont pr\u00e9f\u00e9r\u00e9 \u00e0 la mini-bouteille classique. Fort de ce succ\u00e8s, le domaine a pass\u00e9 une nouvelle commande de 750\u00a0000 bouteilles destin\u00e9es aux mariages et \u00e9v\u00e9nements d&#039;entreprise dans les deux ans \u00e0 venir.<\/p>\n<h2>Personnalisation des bouteilles de vin rouge<\/h2>\n<ul>\n<li>Teinte ambr\u00e9e personnalis\u00e9e\u00a0: Pour transformer la teinte ambr\u00e9e miell\u00e9e brun clair en un brun fonc\u00e9 presque opaque.<\/li>\n<li>Finition givr\u00e9e ou mate\u00a0: Une finition givr\u00e9e est lisse et luxueuse \u00e0 regarder et constitue le diffuseur de lumi\u00e8re id\u00e9al.<\/li>\n<li>Personnalisation du fond de la bouteille\u00a0: Faites apposer un motif en relief ou une signature sur le fond de la bouteille.<\/li>\n<\/ul>","protected":false},"excerpt":{"rendered":"<p>Bouteille de vin rouge premium de 190 ml en verre ambr\u00e9 fonc\u00e9 pour une protection UV optimale et une allure raffin\u00e9e. Id\u00e9ale pour offrir en cadeau. \u00c9chantillons gratuits sur demande.<\/p>","protected":false},"featured_media":5618,"template":"","meta":{"postBodyCss":"","postBodyMargin":[],"postBodyPadding":[],"postBodyBackground":{"backgroundType":"classic","gradient":""}},"product_brand":[],"product_cat":[15,16,84],"product_tag":[],"class_list":{"0":"post-5615","1":"product","2":"type-product","3":"status-publish","4":"has-post-thumbnail","6":"product_cat-glass-containers","7":"product_cat-glass-bottles","8":"product_cat-wine-bottles","10":"first","11":"instock","12":"shipping-taxable","13":"product-type-simple"},"jetpack_sharing_enabled":true,"_links":{"self":[{"href":"https:\/\/minghanggroup.com\/fr\/wp-json\/wp\/v2\/product\/5615","targetHints":{"allow":["GET"]}}],"collection":[{"href":"https:\/\/minghanggroup.com\/fr\/wp-json\/wp\/v2\/product"}],"about":[{"href":"https:\/\/minghanggroup.com\/fr\/wp-json\/wp\/v2\/types\/product"}],"wp:featuredmedia":[{"embeddable":true,"href":"https:\/\/minghanggroup.com\/fr\/wp-json\/wp\/v2\/media\/5618"}],"wp:attachment":[{"href":"https:\/\/minghanggroup.com\/fr\/wp-json\/wp\/v2\/media?parent=5615"}],"wp:term":[{"taxonomy":"product_brand","embeddable":true,"href":"https:\/\/minghanggroup.com\/fr\/wp-json\/wp\/v2\/product_brand?post=5615"},{"taxonomy":"product_cat","embeddable":true,"href":"https:\/\/minghanggroup.com\/fr\/wp-json\/wp\/v2\/product_cat?post=5615"},{"taxonomy":"product_tag","embeddable":true,"href":"https:\/\/minghanggroup.com\/fr\/wp-json\/wp\/v2\/product_tag?post=5615"}],"curies":[{"name":"wp","href":"https:\/\/api.w.org\/{rel}","templated":true}]}}