{"id":5609,"date":"2026-02-06T08:54:57","date_gmt":"2026-02-06T00:54:57","guid":{"rendered":"https:\/\/minghanggroup.com\/?post_type=product&#038;p=5609"},"modified":"2026-02-06T16:35:48","modified_gmt":"2026-02-06T08:35:48","slug":"small-olive-green-wine-bottles-wholesale","status":"publish","type":"product","link":"https:\/\/minghanggroup.com\/fr\/produit\/small-olive-green-wine-bottles-wholesale\/","title":{"rendered":"Bouteilles de vin vert olive de 250 ml en gros"},"content":{"rendered":"<p>Cette petite bouteille de vin compacte de 210 ml est fabriqu\u00e9e en verre ambr\u00e9 fonc\u00e9 de haute qualit\u00e9, r\u00e9sistant aux UV. Ses bords lisses et sa teinte ambr\u00e9e profonde offrent une excellente protection contre la lumi\u00e8re, pr\u00e9servant ainsi les ar\u00f4mes et les saveurs d\u00e9licates du vin.<\/p>\n<h2>Caract\u00e9ristiques du produit<\/h2>\n<ul>\n<li><strong>Protection UV :<\/strong> UV Grapes prot\u00e8ge les raisins contre les rayons UV nocifs, pr\u00e9serve la qualit\u00e9 du vin et prolonge sa dur\u00e9e de conservation.<\/li>\n<li><strong>Pratique du filetage\u00a0:<\/strong>Con\u00e7us pour \u00eatre remplis facilement et pour s&#039;adapter \u00e0 tous les types de bouchons ou de li\u00e8ge afin d&#039;assurer une \u00e9tanch\u00e9it\u00e9 parfaite.<\/li>\n<li><strong>Service individuel en verre :<\/strong> Contenance de 250 ml, id\u00e9ale pour la d\u00e9gustation, le service en assortiment ou simplement pour se faire plaisir individuellement.<\/li>\n<\/ul>\n<h2 style=\"text-align: left;\">Caract\u00e9ristiques principales<\/h2>\n<table class=\"aligncenter\" style=\"border-collapse: collapse; width: 409.52pt;\" border=\"0\" width=\"546\" cellspacing=\"0\" cellpadding=\"0\">\n<tbody>\n<tr style=\"height: 13.50pt;\">\n<td style=\"height: 13.50pt; width: 115.50pt;\" width=\"154\" height=\"18\">Attribut<\/td>\n<td style=\"width: 294.00pt;\" width=\"392\">D\u00e9tails<\/td>\n<\/tr>\n<tr style=\"height: 13.50pt;\">\n<td style=\"height: 13.50pt;\" height=\"18\">Capacit\u00e9<\/td>\n<td>250 ml<\/td>\n<\/tr>\n<tr style=\"height: 13.50pt;\">\n<td style=\"height: 13.50pt;\" height=\"18\">Mat\u00e9riel<\/td>\n<td>Verre vert olive<\/td>\n<\/tr>\n<tr style=\"height: 13.50pt;\">\n<td style=\"height: 13.50pt;\" height=\"18\">Gamme de personnalisation<\/td>\n<td>Taille, couleur, couvercles, forme<\/td>\n<\/tr>\n<tr style=\"height: 13.50pt;\">\n<td style=\"height: 13.50pt;\" height=\"18\">Utilisation principale<\/td>\n<td>Petites bouteilles de vin rouge, \u00e9chantillons de vin<\/td>\n<\/tr>\n<tr style=\"height: 13.50pt;\">\n<td style=\"height: 13.50pt;\" height=\"18\">Secteurs cibles<\/td>\n<td>Domaines viticoles, secteur de l&#039;h\u00f4tellerie (h\u00f4tels\/restaurants)<\/td>\n<\/tr>\n<\/tbody>\n<\/table>\n<h2>\u00c9tude de cas : Coffret cadeau de vin italien \u2013 Succ\u00e8s<\/h2>\n<p>Nos bouteilles de vin vertes ont \u00e9t\u00e9 choisies par un domaine viticole familial toscan, qui y a appos\u00e9 son logo en s\u00e9rigraphie. Les r\u00e9sultats ont \u00e9t\u00e9 impressionnants\u00a0: la bouteille traditionnelle a rencontr\u00e9 un vif succ\u00e8s aupr\u00e8s des consommateurs, les ventes de petits formats ont augment\u00e9 de moiti\u00e9, le verre vert a permis de r\u00e9duire de 22\u00a0% la pollution lumineuse et le format de 250\u00a0ml s\u2019est av\u00e9r\u00e9 id\u00e9al pour une d\u00e9gustation. Forts de ces succ\u00e8s, ils ont command\u00e9 un nouveau lot de 180\u00a0000 bouteilles.<\/p>\n<h2>Suggestions de personnalisation pour les petites bouteilles de vin rouge<\/h2>\n<ul>\n<li>Nuance de vert personnalis\u00e9e\u00a0: D\u00e9personnalisez le vert olive en optant pour un vert sauge plus clair ou une nuance plus fonc\u00e9e de vert for\u00eat presque noir.<\/li>\n<li>Gaufrage : Faites gaufrer votre logo, le nom de votre appellation ou des informations sur le mill\u00e9sime sur l&#039;\u00e9paule ou le fond de la bouteille.<\/li>\n<li>Ajustement de la forme\u00a0: Concevoir une \u00e9paule plus d\u00e9finie pour certains types de vins.<\/li>\n<\/ul>","protected":false},"excerpt":{"rendered":"<p>Bouteilles de vin vert olive de 250 ml, \u00e0 \u00e9paulement arrondi et col \u00e0 vis. Id\u00e9ales pour les petits vins rouges, les vins de fruits et les coffrets de d\u00e9gustation. \u00c9chantillons gratuits.<\/p>","protected":false},"featured_media":5614,"template":"","meta":{"postBodyCss":"","postBodyMargin":[],"postBodyPadding":[],"postBodyBackground":{"backgroundType":"classic","gradient":""}},"product_brand":[],"product_cat":[15,16,84],"product_tag":[],"class_list":{"0":"post-5609","1":"product","2":"type-product","3":"status-publish","4":"has-post-thumbnail","6":"product_cat-glass-containers","7":"product_cat-glass-bottles","8":"product_cat-wine-bottles","10":"first","11":"instock","12":"shipping-taxable","13":"product-type-simple"},"jetpack_sharing_enabled":true,"_links":{"self":[{"href":"https:\/\/minghanggroup.com\/fr\/wp-json\/wp\/v2\/product\/5609","targetHints":{"allow":["GET"]}}],"collection":[{"href":"https:\/\/minghanggroup.com\/fr\/wp-json\/wp\/v2\/product"}],"about":[{"href":"https:\/\/minghanggroup.com\/fr\/wp-json\/wp\/v2\/types\/product"}],"wp:featuredmedia":[{"embeddable":true,"href":"https:\/\/minghanggroup.com\/fr\/wp-json\/wp\/v2\/media\/5614"}],"wp:attachment":[{"href":"https:\/\/minghanggroup.com\/fr\/wp-json\/wp\/v2\/media?parent=5609"}],"wp:term":[{"taxonomy":"product_brand","embeddable":true,"href":"https:\/\/minghanggroup.com\/fr\/wp-json\/wp\/v2\/product_brand?post=5609"},{"taxonomy":"product_cat","embeddable":true,"href":"https:\/\/minghanggroup.com\/fr\/wp-json\/wp\/v2\/product_cat?post=5609"},{"taxonomy":"product_tag","embeddable":true,"href":"https:\/\/minghanggroup.com\/fr\/wp-json\/wp\/v2\/product_tag?post=5609"}],"curies":[{"name":"wp","href":"https:\/\/api.w.org\/{rel}","templated":true}]}}