{"id":5593,"date":"2026-02-05T16:28:23","date_gmt":"2026-02-05T08:28:23","guid":{"rendered":"https:\/\/minghanggroup.com\/?post_type=product&#038;p=5593"},"modified":"2026-02-05T16:29:37","modified_gmt":"2026-02-05T08:29:37","slug":"customized-clear-wine-bottles-for-brands-bulk","status":"publish","type":"product","link":"https:\/\/minghanggroup.com\/fr\/produit\/customized-clear-wine-bottles-for-brands-bulk\/","title":{"rendered":"Bouteilles de vin transparentes personnalis\u00e9es de 750 ml pour marques (vente en gros)"},"content":{"rendered":"<p>Vous mettez tout votre c\u0153ur dans chaque mill\u00e9sime \u2013 laissez-le maintenant rayonner. Nos bouteilles de vin transparentes de 75 cl r\u00e9v\u00e8lent l&#039;\u00e2me v\u00e9ritable de votre vin\u00a0: l&#039;\u00e9clat rubis d&#039;un claret, la robe ambr\u00e9e profonde d&#039;un bourgogne, et m\u00eame la douce couleur dor\u00e9e d&#039;un vin fait maison. Sans filtre. En toute confiance. Partenaire privil\u00e9gi\u00e9 de votre vin, nous cr\u00e9ons des bouteilles uniques, \u00e0 l&#039;image de votre histoire \u2013 pas un mod\u00e8le pr\u00e9\u00e9tabli. Vins rouges, vins effervescents ou spiritueux artisanaux, voici votre toile blanche.<\/p>\n<h2>Caract\u00e9ristiques du produit<\/h2>\n<ul>\n<li><strong>Les vraies couleurs, simplement r\u00e9v\u00e9l\u00e9es :<\/strong> La bouteille en verre flint d&#039;une grande clart\u00e9 est comme une fen\u00eatre qui permet aux clients de voir avec certitude et de faire confiance \u00e0 la v\u00e9ritable couleur de votre vin avant m\u00eame d&#039;y avoir go\u00fbt\u00e9 pour la premi\u00e8re fois.<\/li>\n<li><strong>Conception de base concave stable\u00a0:<\/strong> Le fond concave renforc\u00e9 de la bouteille lui assure une parfaite stabilit\u00e9 sur une \u00e9tag\u00e8re, dans un casier \u00e0 vin ou m\u00eame comme vase une fois vide. Un bel exemple d&#039;alliance entre tradition et fiabilit\u00e9.<\/li>\n<li><strong>Forme arrondie de la bouteille :<\/strong> La forme parfaitement arrondie de la bouteille est \u00e0 la mode et peut convenir \u00e0 une large gamme de vins.<\/li>\n<\/ul>\n<h2>Caract\u00e9ristiques principales<\/h2>\n<table style=\"border-collapse: collapse; width: 80%; margin-left: auto; margin-right: auto;\" border=\"0\" width=\"144\" cellspacing=\"0\" cellpadding=\"0\">\n<tbody>\n<tr style=\"height: 13.50pt;\">\n<td style=\"height: 13.5pt; width: 54pt; text-align: center;\" width=\"72\" height=\"18\">Fonctionnalit\u00e9<\/td>\n<td style=\"width: 54pt; text-align: center;\" width=\"72\">D\u00e9tail<\/td>\n<\/tr>\n<tr style=\"height: 13.50pt;\">\n<td style=\"height: 13.5pt; text-align: center;\" height=\"18\">Capacit\u00e9<\/td>\n<td style=\"text-align: center;\">750 ml<\/td>\n<\/tr>\n<tr style=\"height: 13.50pt;\">\n<td style=\"height: 13.5pt; text-align: center;\" height=\"18\">Dimensions<\/td>\n<td style=\"text-align: center;\">9,5 \u00d7 30,0 cm<\/td>\n<\/tr>\n<tr style=\"height: 13.50pt;\">\n<td style=\"height: 13.5pt; text-align: center;\" height=\"18\">Finition du cou<\/td>\n<td style=\"text-align: center;\">1,8 cm<\/td>\n<\/tr>\n<tr style=\"height: 13.50pt;\">\n<td style=\"height: 13.5pt; text-align: center;\" height=\"18\">Couleur<\/td>\n<td style=\"text-align: center;\">Clair ou personnalis\u00e9<\/td>\n<\/tr>\n<\/tbody>\n<\/table>\n<h2>Cas de r\u00e9ussite<\/h2>\n<p>L&#039;une des caves \u00e0 vin, ciblant le segment moyen et haut de gamme, a choisi nos bouteilles de vin transparentes de 75 cl. Le client a opt\u00e9 pour un verre flint haut de gamme et transparent afin de sublimer la couleur du vin. La profondeur du son et la longueur du col, parfaitement adapt\u00e9es, conf\u00e8rent \u00e0 la bouteille une allure luxueuse en rayon. Un logo de la marque, finement emboss\u00e9 sur l&#039;\u00e9paule, renforce la notori\u00e9t\u00e9 de la marque.<\/p>\n<p>Suite au lancement des nouvelles bouteilles, les ventes du domaine viticole ont bondi de 32 % au cours des deux premiers trimestres et le taux de r\u00e9approvisionnement s&#039;est \u00e9tabli \u00e0 45 %, prouvant ainsi que les bouteilles personnalis\u00e9es et sur mesure ont non seulement am\u00e9lior\u00e9 l&#039;image de marque, mais ont \u00e9galement entra\u00een\u00e9 une croissance significative de l&#039;activit\u00e9.<\/p>\n<h2>Vos options de personnalisation<\/h2>\n<ol>\n<li><strong>Formulation de verre haute clart\u00e9 :<\/strong> La composition du verre de silex doit \u00eatre vari\u00e9e afin d&#039;accro\u00eetre la brillance et la clart\u00e9 cristalline, ce qui permettra \u00e0 la couleur naturelle du vin d&#039;\u00eatre l&#039;\u00e9l\u00e9ment principal mis en valeur sur l&#039;\u00e9tag\u00e8re.<\/li>\n<li><strong>\u00c9l\u00e9ments d&#039;une strat\u00e9gie de marque int\u00e9gr\u00e9e\u00a0:<\/strong> Il est possible qu&#039;un l\u00e9ger gaufrage soit pr\u00e9sent sur l&#039;\u00e9paule ou la partie inf\u00e9rieure de la bouteille pour repr\u00e9senter un logo, des initiales ou le mill\u00e9sime, ce qui ne modifierait pas le design de l&#039;\u00e9tiquette.<\/li>\n<li><strong>Options de texture de surface\u00a0:<\/strong> Optez pour des finitions partiellement givr\u00e9es ou satin\u00e9es qui cr\u00e9eront un joli contraste sans pour autant g\u00eaner la pr\u00e9sentation des vins.<\/li>\n<\/ol>","protected":false},"excerpt":{"rendered":"<p>Bouteilles de vin transparentes directement du fabricant, avec solutions personnalis\u00e9es pour les marques. Commandes en gros accept\u00e9es, livraison rapide et \u00e9chantillons gratuits disponibles.<\/p>","protected":false},"featured_media":5606,"template":"","meta":{"postBodyCss":"","postBodyMargin":[],"postBodyPadding":[],"postBodyBackground":{"backgroundType":"classic","gradient":""}},"product_brand":[],"product_cat":[15,16,84],"product_tag":[],"class_list":{"0":"post-5593","1":"product","2":"type-product","3":"status-publish","4":"has-post-thumbnail","6":"product_cat-glass-containers","7":"product_cat-glass-bottles","8":"product_cat-wine-bottles","10":"first","11":"instock","12":"shipping-taxable","13":"product-type-simple"},"jetpack_sharing_enabled":true,"_links":{"self":[{"href":"https:\/\/minghanggroup.com\/fr\/wp-json\/wp\/v2\/product\/5593","targetHints":{"allow":["GET"]}}],"collection":[{"href":"https:\/\/minghanggroup.com\/fr\/wp-json\/wp\/v2\/product"}],"about":[{"href":"https:\/\/minghanggroup.com\/fr\/wp-json\/wp\/v2\/types\/product"}],"wp:featuredmedia":[{"embeddable":true,"href":"https:\/\/minghanggroup.com\/fr\/wp-json\/wp\/v2\/media\/5606"}],"wp:attachment":[{"href":"https:\/\/minghanggroup.com\/fr\/wp-json\/wp\/v2\/media?parent=5593"}],"wp:term":[{"taxonomy":"product_brand","embeddable":true,"href":"https:\/\/minghanggroup.com\/fr\/wp-json\/wp\/v2\/product_brand?post=5593"},{"taxonomy":"product_cat","embeddable":true,"href":"https:\/\/minghanggroup.com\/fr\/wp-json\/wp\/v2\/product_cat?post=5593"},{"taxonomy":"product_tag","embeddable":true,"href":"https:\/\/minghanggroup.com\/fr\/wp-json\/wp\/v2\/product_tag?post=5593"}],"curies":[{"name":"wp","href":"https:\/\/api.w.org\/{rel}","templated":true}]}}