{"id":5583,"date":"2026-02-05T15:09:41","date_gmt":"2026-02-05T07:09:41","guid":{"rendered":"https:\/\/minghanggroup.com\/?post_type=product&#038;p=5583"},"modified":"2026-02-05T16:59:18","modified_gmt":"2026-02-05T08:59:18","slug":"clear-glass-bottles-for-wine-wine-bottle-suppliers","status":"publish","type":"product","link":"https:\/\/minghanggroup.com\/fr\/produit\/clear-glass-bottles-for-wine-wine-bottle-suppliers\/","title":{"rendered":"Bouteilles en verre transparent de 750 ml pour le vin | Fournisseurs de bouteilles de vin"},"content":{"rendered":"<p>Vous souhaitez que l&#039;\u00e2me de votre vin s&#039;exprime pleinement\u00a0? Nos bouteilles en verre cristallin vous offrent cette possibilit\u00e9. Admirez l&#039;\u00e9clat rubis de votre claret, la robe ambr\u00e9e profonde de votre bourgogne, et m\u00eame la douce couleur dor\u00e9e de votre vin maison. En tant que fournisseurs de bouteilles de vin de confiance, nous cr\u00e9ons des bouteilles en verre polyvalentes qui respectent la tradition tout en s&#039;adaptant \u00e0 votre processus de production. Que vous mettiez en bouteille des vins rouges, des vins effervescents ou des spiritueux artisanaux, c&#039;est votre support id\u00e9al.<\/p>\n<h2>Caract\u00e9ristiques du produit<\/h2>\n<ul>\n<li><strong>Vitrine des vraies couleurs\u00a0:<\/strong> L&#039;utilisation de verre parfaitement transparent permet au client de voir \u00e0 travers chaque couleur, ce qui lui permet de se fier exactement \u00e0 ce qu&#039;il voit avant m\u00eame la premi\u00e8re gorg\u00e9e.<\/li>\n<li><strong>Silhouette classique de Bordeaux :<\/strong> Ce porte-bouteilles \u00e9pouse la forme intemporelle d&#039;une bouteille de vin aux \u00e9paules douces et au col \u00e9lanc\u00e9. Il se range facilement dans les casiers \u00e0 vin standard et offre une sensation de luxe au toucher.<\/li>\n<li><strong>Libert\u00e9 de cl\u00f4ture, \u00e0 votre fa\u00e7on\u00a0:<\/strong> Optez pour des bouchons de li\u00e8ge naturels si vous aimez le bruit traditionnel du \u00ab pop \u00bb, de la main et de la torsion ; des joints en aluminium et silicone pour une bouteille \u00e9tanche et sans fuite, des bouchons synth\u00e9tiques ou des capsules longues \u00e9l\u00e9gantes.<\/li>\n<\/ul>\n<h2>Caract\u00e9ristiques principales<\/h2>\n<table style=\"border-collapse: collapse; width: 80%; margin-left: auto; margin-right: auto;\" border=\"0\" width=\"144\" cellspacing=\"0\" cellpadding=\"0\">\n<tbody>\n<tr style=\"height: 13.50pt;\">\n<td style=\"height: 13.5pt; width: 54pt; text-align: center;\" width=\"72\" height=\"18\">Fonctionnalit\u00e9<\/td>\n<td style=\"width: 54pt; text-align: center;\" width=\"72\">D\u00e9tail<\/td>\n<\/tr>\n<tr style=\"height: 13.50pt;\">\n<td style=\"height: 13.5pt; text-align: center;\" height=\"18\">Capacit\u00e9<\/td>\n<td style=\"text-align: center;\">750 ml<\/td>\n<\/tr>\n<tr style=\"height: 13.50pt;\">\n<td style=\"height: 13.5pt; text-align: center;\" height=\"18\">Dimensions (cm)<\/td>\n<td style=\"text-align: center;\">8,0 \u00d7 29,6<\/td>\n<\/tr>\n<tr style=\"height: 13.50pt;\">\n<td style=\"height: 13.5pt; text-align: center;\" height=\"18\">Finition du col (cm)<\/td>\n<td style=\"text-align: center;\" align=\"right\">1.8<\/td>\n<\/tr>\n<tr style=\"height: 13.50pt;\">\n<td style=\"height: 13.5pt; text-align: center;\" height=\"18\">Couleur<\/td>\n<td style=\"text-align: center;\">Verre de silex clair<\/td>\n<\/tr>\n<tr style=\"height: 13.50pt;\">\n<td style=\"height: 13.5pt; text-align: center;\" height=\"18\">Options de fermeture<\/td>\n<td style=\"text-align: center;\">Bouchons de vin naturels, bouchon synth\u00e9tique, joint en aluminium et silicone \u00e0 visser \u00e0 la main, long capuchon<\/td>\n<\/tr>\n<\/tbody>\n<\/table>\n<h2>Cas de r\u00e9ussite<\/h2>\n<p>Un petit domaine viticole europ\u00e9en a choisi notre bouteille de vin rouge de 75 cl comme principal emballage pour son \u00e9dition sp\u00e9ciale de vin rouge sec. Cette bouteille pr\u00e9sente plusieurs atouts\u00a0: un verre blanc d&#039;une grande transparence qui met en valeur la couleur du vin, un fond bomb\u00e9 pour une meilleure prise en main et une plus grande stabilit\u00e9 lors de la pr\u00e9sentation, et un \u00e9paulement travaill\u00e9 pour une silhouette encore plus \u00e9l\u00e9gante. Pour la finition, le client a opt\u00e9 pour un sablage partiel, associ\u00e9 \u00e0 la s\u00e9rigraphie, \u00e0 l&#039;impression des embl\u00e8mes du domaine et \u00e0 un syst\u00e8me de fermeture personnalis\u00e9 reprenant les couleurs de l&#039;\u00e9tiquette principale.<\/p>\n<p>Au cours du premier trimestre suivant le lancement, les ventes de cette gamme de vins rouges ont progress\u00e9 d&#039;environ 38 % par rapport \u00e0 l&#039;ann\u00e9e pr\u00e9c\u00e9dente dans les principaux circuits de distribution. Fort de cet accueil favorable du march\u00e9 et de la fiabilit\u00e9 de l&#039;approvisionnement du client, ce dernier a pass\u00e9 deux commandes suppl\u00e9mentaires la m\u00eame ann\u00e9e, portant ainsi le volume total des r\u00e9achats \u00e0 environ 60 % de la commande initiale.<\/p>\n<h2>Vos parcours de personnalisation<\/h2>\n<ol>\n<li><strong>Motif antid\u00e9rapant :<\/strong> Pour une meilleure prise en main et \u00e9viter que la bouteille ne glisse, certaines parties du corps peuvent pr\u00e9senter une texture fine ou un micro-gaufrage. Cette caract\u00e9ristique est particuli\u00e8rement adapt\u00e9e aux repas et aux d\u00e9gustations.<\/li>\n<li><strong>Bouteille personnalis\u00e9e, codage au fond :<\/strong> Cela permet d&#039;ajouter des num\u00e9ros de moule, des num\u00e9ros de lot ou des codes de tra\u00e7abilit\u00e9 interne au fond des bouteilles, ce qui facilitera la gestion de la cha\u00eene d&#039;approvisionnement et de la qualit\u00e9 des \u00e9tablissements vinicoles.<\/li>\n<li><strong>Finitions de surface am\u00e9lior\u00e9es\u00a0:<\/strong> Les logos de marque ou les identifiants de s\u00e9rie peuvent \u00eatre mis en valeur gr\u00e2ce \u00e0 des options personnalisables telles que la s\u00e9rigraphie, l&#039;application d&#039;autocollants, le givrage, la pulv\u00e9risation ou une finition brillante s\u00e9lective.<\/li>\n<\/ol>","protected":false},"excerpt":{"rendered":"<p>Bouteilles en verre haut de gamme pour le vin, provenant de fournisseurs de confiance. Livraison rapide depuis l&#039;usine, id\u00e9ale pour les domaines viticoles et les marques.<\/p>","protected":false},"featured_media":5592,"template":"","meta":{"postBodyCss":"","postBodyMargin":[],"postBodyPadding":[],"postBodyBackground":{"backgroundType":"classic","gradient":""}},"product_brand":[],"product_cat":[15,16,84],"product_tag":[],"class_list":{"0":"post-5583","1":"product","2":"type-product","3":"status-publish","4":"has-post-thumbnail","6":"product_cat-glass-containers","7":"product_cat-glass-bottles","8":"product_cat-wine-bottles","10":"first","11":"instock","12":"shipping-taxable","13":"product-type-simple"},"jetpack_sharing_enabled":true,"_links":{"self":[{"href":"https:\/\/minghanggroup.com\/fr\/wp-json\/wp\/v2\/product\/5583","targetHints":{"allow":["GET"]}}],"collection":[{"href":"https:\/\/minghanggroup.com\/fr\/wp-json\/wp\/v2\/product"}],"about":[{"href":"https:\/\/minghanggroup.com\/fr\/wp-json\/wp\/v2\/types\/product"}],"wp:featuredmedia":[{"embeddable":true,"href":"https:\/\/minghanggroup.com\/fr\/wp-json\/wp\/v2\/media\/5592"}],"wp:attachment":[{"href":"https:\/\/minghanggroup.com\/fr\/wp-json\/wp\/v2\/media?parent=5583"}],"wp:term":[{"taxonomy":"product_brand","embeddable":true,"href":"https:\/\/minghanggroup.com\/fr\/wp-json\/wp\/v2\/product_brand?post=5583"},{"taxonomy":"product_cat","embeddable":true,"href":"https:\/\/minghanggroup.com\/fr\/wp-json\/wp\/v2\/product_cat?post=5583"},{"taxonomy":"product_tag","embeddable":true,"href":"https:\/\/minghanggroup.com\/fr\/wp-json\/wp\/v2\/product_tag?post=5583"}],"curies":[{"name":"wp","href":"https:\/\/api.w.org\/{rel}","templated":true}]}}