{"id":5577,"date":"2026-02-05T13:53:42","date_gmt":"2026-02-05T05:53:42","guid":{"rendered":"https:\/\/minghanggroup.com\/?post_type=product&#038;p=5577"},"modified":"2026-04-14T09:30:40","modified_gmt":"2026-04-14T01:30:40","slug":"clear-glass-customize-wine-bottles-bulk","status":"publish","type":"product","link":"https:\/\/minghanggroup.com\/fr\/produit\/clear-glass-customize-wine-bottles-bulk\/","title":{"rendered":"Bouteilles de vin personnalisables en verre transparent de 750 ml (vente en gros)"},"content":{"rendered":"<p>Notre bouteille en verre flint transparent de 750 ml r\u00e9v\u00e8le l&#039;\u00e2me v\u00e9ritable de votre vin, un r\u00e9cit visuel \u00e0 l&#039;\u00e9tat pur. En tant que fournisseur direct de bouteilles en verre, nous simplifions vos commandes en gros et personnalisons chaque d\u00e9tail pour qu&#039;il refl\u00e8te parfaitement l&#039;esprit de votre marque. Plus qu&#039;un simple emballage, c&#039;est une \u0153uvre d&#039;art liquide, mise en valeur.<\/p>\n<h2>Caract\u00e9ristiques du produit<\/h2>\n<ul>\n<li><strong>Affichage d&#039;une clart\u00e9 cristalline :<\/strong> Gr\u00e2ce \u00e0 l&#039;eau et au verre transparent, chaque couleur est parfaitement mise en valeur. Les clients peuvent ainsi facilement se fier aux qualit\u00e9s visuelles de vos vins rouges ou de vos vins mousseux en bouteille.<\/li>\n<li><strong>Joint d&#039;\u00e9tanch\u00e9it\u00e9 filet\u00e9 de pr\u00e9cision :<\/strong> Le goulot filet\u00e9 de 18 mm avec syst\u00e8me d&#039;inviolabilit\u00e9 et le bouchon transparent garantissent une \u00e9tanch\u00e9it\u00e9 parfaite et pr\u00e9servent la fra\u00eecheur du produit. C&#039;est la solution id\u00e9ale pour les lignes de production enti\u00e8rement automatis\u00e9es ou la vinification en petites quantit\u00e9s.<\/li>\n<li><strong>Coup de pied renforc\u00e9, bas :<\/strong> Le fond l\u00e9g\u00e8rement concave de la bouteille lui assure une excellente stabilit\u00e9, que ce soit sur une \u00e9tag\u00e8re, dans un coffret \u00e0 vin ou m\u00eame lorsqu&#039;elle sert de vase \u00e0 vin vide r\u00e9utilis\u00e9. Une rencontre entre tradition et foi.<\/li>\n<\/ul>\n<h2>Caract\u00e9ristiques principales<\/h2>\n<table style=\"border-collapse: collapse; width: 80%; margin-left: auto; margin-right: auto;\" border=\"0\" width=\"144\" cellspacing=\"0\" cellpadding=\"0\">\n<tbody>\n<tr style=\"height: 13.50pt;\">\n<td style=\"height: 13.5pt; width: 54pt; text-align: center;\" width=\"72\" height=\"18\">Fonctionnalit\u00e9<\/td>\n<td style=\"width: 54pt; text-align: center;\" width=\"72\">D\u00e9tail<\/td>\n<\/tr>\n<tr style=\"height: 13.50pt;\">\n<td style=\"height: 13.5pt; text-align: center;\" height=\"18\">Capacit\u00e9<\/td>\n<td style=\"text-align: center;\">750 ml<\/td>\n<\/tr>\n<tr style=\"height: 13.50pt;\">\n<td style=\"height: 13.5pt; text-align: center;\" height=\"18\">Dimensions (cm)<\/td>\n<td style=\"text-align: center;\">8,1 \u00d7 29,5<\/td>\n<\/tr>\n<tr style=\"height: 13.50pt;\">\n<td style=\"height: 13.5pt; text-align: center;\" height=\"18\">Finition du col (cm)<\/td>\n<td style=\"text-align: center;\" align=\"right\">1.8<\/td>\n<\/tr>\n<tr style=\"height: 13.50pt;\">\n<td style=\"height: 13.5pt; text-align: center;\" height=\"18\">Couleur<\/td>\n<td style=\"text-align: center;\">Verre de silex clair<\/td>\n<\/tr>\n<tr style=\"height: 13.50pt;\">\n<td style=\"height: 13.5pt; text-align: center;\" height=\"18\">Fermeture<\/td>\n<td style=\"text-align: center;\">Bouchon \u00e0 vis en aluminium (options de finition en li\u00e8ge disponibles)<\/td>\n<\/tr>\n<\/tbody>\n<\/table>\n<h2>Cas de r\u00e9ussite<\/h2>\n<p>Un petit domaine viticole europ\u00e9en a choisi notre bouteille de vin rouge comme solution d&#039;emballage principale. Il a opt\u00e9 pour une personnalisation pouss\u00e9e\u00a0: le corps de la bouteille est en verre blanc haute transparence pour sublimer la couleur du vin, le fond pr\u00e9sente une encoche arqu\u00e9e plus profonde pour une meilleure prise en main et une pr\u00e9sentation plus stable, et l&#039;\u00e9paule de la bouteille a \u00e9t\u00e9 profil\u00e9e selon un ratio pr\u00e9cis pour affiner sa silhouette. C\u00f4t\u00e9 finition, le client a choisi un sablage partiel associ\u00e9 \u00e0 une s\u00e9rigraphie de son logo, et le vernis est assorti aux couleurs de l&#039;\u00e9tiquette.<\/p>\n<p>Les ventes de cette gamme de vins rouges ont progress\u00e9 d&#039;environ 38 % sur un an dans les principaux circuits de distribution au cours du premier trimestre suivant le lancement du produit. Encourag\u00e9 par les retours du march\u00e9 et les performances de l&#039;approvisionnement, le client a effectu\u00e9 deux commandes suppl\u00e9mentaires la m\u00eame ann\u00e9e.<\/p>\n<h2>Vos options de personnalisation<\/h2>\n<ol>\n<li><strong>Am\u00e9liorations de la finition de surface\u00a0:<\/strong> Nos options de finition de surface peuvent \u00eatre int\u00e9gr\u00e9es aux techniques de sablage, de s\u00e9rigraphie, de marquage \u00e0 chaud ou d&#039;\u00e9tiquetage en relief pour apposer le nom du domaine viticole et les informations sur le mill\u00e9sime directement sur la bouteille.<\/li>\n<li><strong>Structure de base de bouteille personnalisable\u00a0:<\/strong> La base concave, plus profonde ou plus large, am\u00e9liore non seulement la sensation de luxe et la stabilit\u00e9 de l&#039;affichage, mais facilite \u00e9galement la prise en main.<\/li>\n<li><strong>Syst\u00e8me de fermeture adapt\u00e9\u00a0:<\/strong> Sp\u00e9cifications personnalisables pour les bouchons \u00e0 vis ou en li\u00e8ge en fonction du positionnement sur le march\u00e9, et possibilit\u00e9 d&#039;associer des couleurs exclusives ou des bouchons personnalis\u00e9s.<\/li>\n<\/ol>","protected":false},"excerpt":{"rendered":"<p>Bouteilles de vin personnalis\u00e9es haut de gamme pour marques et domaines viticoles. Fourniture en gros de bouteilles de vin avec livraison directe d&#039;usine, id\u00e9ale pour les besoins d&#039;embouteillage \u00e0 grande \u00e9chelle.<\/p>","protected":false},"featured_media":5581,"template":"","meta":{"postBodyCss":"","postBodyMargin":[],"postBodyPadding":[],"postBodyBackground":{"backgroundType":"classic","gradient":""}},"product_brand":[],"product_cat":[15,16,84],"product_tag":[109],"class_list":{"0":"post-5577","1":"product","2":"type-product","3":"status-publish","4":"has-post-thumbnail","6":"product_cat-glass-containers","7":"product_cat-glass-bottles","8":"product_cat-wine-bottles","9":"product_tag-glass-champagne-bottles","11":"first","12":"instock","13":"shipping-taxable","14":"product-type-simple"},"jetpack_sharing_enabled":true,"_links":{"self":[{"href":"https:\/\/minghanggroup.com\/fr\/wp-json\/wp\/v2\/product\/5577","targetHints":{"allow":["GET"]}}],"collection":[{"href":"https:\/\/minghanggroup.com\/fr\/wp-json\/wp\/v2\/product"}],"about":[{"href":"https:\/\/minghanggroup.com\/fr\/wp-json\/wp\/v2\/types\/product"}],"wp:featuredmedia":[{"embeddable":true,"href":"https:\/\/minghanggroup.com\/fr\/wp-json\/wp\/v2\/media\/5581"}],"wp:attachment":[{"href":"https:\/\/minghanggroup.com\/fr\/wp-json\/wp\/v2\/media?parent=5577"}],"wp:term":[{"taxonomy":"product_brand","embeddable":true,"href":"https:\/\/minghanggroup.com\/fr\/wp-json\/wp\/v2\/product_brand?post=5577"},{"taxonomy":"product_cat","embeddable":true,"href":"https:\/\/minghanggroup.com\/fr\/wp-json\/wp\/v2\/product_cat?post=5577"},{"taxonomy":"product_tag","embeddable":true,"href":"https:\/\/minghanggroup.com\/fr\/wp-json\/wp\/v2\/product_tag?post=5577"}],"curies":[{"name":"wp","href":"https:\/\/api.w.org\/{rel}","templated":true}]}}