{"id":5553,"date":"2026-02-13T15:34:38","date_gmt":"2026-02-13T07:34:38","guid":{"rendered":"https:\/\/minghanggroup.com\/?post_type=product&#038;p=5553"},"modified":"2026-02-04T15:35:12","modified_gmt":"2026-02-04T07:35:12","slug":"custom-small-wine-bottles-bulk","status":"publish","type":"product","link":"https:\/\/minghanggroup.com\/fr\/produit\/custom-small-wine-bottles-bulk\/","title":{"rendered":"Bouteilles de vin personnalis\u00e9es de 375 ml en gros"},"content":{"rendered":"<p>Pour vos d\u00e9gustations, petits cadeaux ou coffrets d&#039;\u00e9chantillons, il vous faut des contenants pratiques, et nos bouteilles de vin de 375 ml sont id\u00e9ales. Fabriqu\u00e9es en verre ambr\u00e9 profond, avec la forme classique des bouteilles de Bordeaux, ces petites bouteilles prot\u00e8gent votre vin rouge tout en s\u00e9duisant vos clients. Chez Glass Bottles Partner, nous sommes votre partenaire de confiance pour les bouteilles en verre. Nous simplifions la commande de petites bouteilles de vin en gros, pour une solution durable et parfaitement adapt\u00e9e \u00e0 votre marque. Que vous conditionniez un claret, un bourgogne ou m\u00eame votre propre vin, c&#039;est le contenant id\u00e9al o\u00f9 fonctionnalit\u00e9 et \u00e9l\u00e9gance se conjuguent.<\/p>\n<h2>Caract\u00e9ristiques du produit<\/h2>\n<ul>\n<li><strong>Conception compacte et portable\u00a0:<\/strong> Le format compact de la bouteille est tr\u00e8s pratique pour une consommation individuelle, pour les voyages ou pour la distribution lors d&#039;un \u00e9v\u00e9nement ; c&#039;est un bon compromis entre fonctionnalit\u00e9 et esth\u00e9tique.<\/li>\n<li><strong>Application polyvalente\u00a0:<\/strong> Ce produit peut \u00eatre utilis\u00e9 pour conditionner du vin, des liqueurs, du vin de glace, des \u00e9chantillons de vin et des vins \u00e0 offrir, r\u00e9pondant ainsi aux besoins des secteurs de la vente au d\u00e9tail, de la promotion et des cadeaux personnalis\u00e9s.<\/li>\n<li><strong>Permet diff\u00e9rentes techniques de d\u00e9coration\u00a0:<\/strong> La bouteille peut \u00eatre d\u00e9cor\u00e9e par de nombreuses techniques telles que la s\u00e9rigraphie, le marquage \u00e0 chaud, la pulv\u00e9risation, l&#039;\u00e9tiquetage et le gaufrage, ce qui constitue un excellent outil pour une pr\u00e9sentation de marque diff\u00e9renci\u00e9e.<\/li>\n<\/ul>\n<h2>Caract\u00e9ristiques principales<\/h2>\n<table style=\"border-collapse: collapse; width: 80%; margin-left: auto; margin-right: auto;\" border=\"0\" width=\"144\" cellspacing=\"0\" cellpadding=\"0\">\n<tbody>\n<tr style=\"height: 13.50pt;\">\n<td style=\"height: 13.5pt; width: 54pt; text-align: center;\" width=\"72\" height=\"18\">Fonctionnalit\u00e9<\/td>\n<td style=\"width: 54pt; text-align: center;\" width=\"72\">D\u00e9tail<\/td>\n<\/tr>\n<tr style=\"height: 13.50pt;\">\n<td style=\"height: 13.5pt; text-align: center;\" height=\"18\">Capacit\u00e9<\/td>\n<td style=\"text-align: center;\">375 ml<\/td>\n<\/tr>\n<tr style=\"height: 13.50pt;\">\n<td style=\"height: 13.5pt; text-align: center;\" height=\"18\">Dimensions (cm)<\/td>\n<td style=\"text-align: center;\">7,3 \u00d7 24,5<\/td>\n<\/tr>\n<tr style=\"height: 13.50pt;\">\n<td style=\"height: 13.5pt; text-align: center;\" height=\"18\">Finition du col (cm)<\/td>\n<td style=\"text-align: center;\" align=\"right\">1.8<\/td>\n<\/tr>\n<tr style=\"height: 13.50pt;\">\n<td style=\"height: 13.5pt; text-align: center;\" height=\"18\">Couleur<\/td>\n<td style=\"text-align: center;\">Ambre profond<\/td>\n<\/tr>\n<tr style=\"height: 13.50pt;\">\n<td style=\"height: 13.5pt; text-align: center;\" height=\"18\">Options de fermeture<\/td>\n<td style=\"text-align: center;\">Bouchons de vin naturels, bouchon synth\u00e9tique, joint en aluminium et silicone \u00e0 visser \u00e0 la main, long capuchon<\/td>\n<\/tr>\n<tr style=\"height: 13.50pt;\">\n<td style=\"height: 13.5pt; text-align: center;\" height=\"18\">Id\u00e9al pour<\/td>\n<td style=\"text-align: center;\">Vins rouges, claret, Bourgogne, vin fait maison, bouteilles d&#039;alcool, coffrets de d\u00e9gustation<\/td>\n<\/tr>\n<\/tbody>\n<\/table>\n<h2>Cas de r\u00e9ussite<\/h2>\n<p>Un petit domaine viticole toscan, en Italie, qui nous avait contact\u00e9s pour l&#039;approvisionnement en bouteilles de vin de 375 ml, a d\u00e9cid\u00e9 de collaborer avec nous. Fid\u00e8le \u00e0 son identit\u00e9 de marque, le client a orn\u00e9 les bouteilles d&#039;un logo en relief et a int\u00e9gr\u00e9 des codes grav\u00e9s au laser sur le fond pour assurer la tra\u00e7abilit\u00e9 des lots.<\/p>\n<p>Par ailleurs, nous avons \u00e9quip\u00e9 les flacons de bouchons \u00e0 vis en aluminium crant\u00e9s de haute qualit\u00e9, conformes aux sp\u00e9cifications du client, qui s&#039;est \u00e9galement vu proposer plusieurs options de finition. Finalement, une finition d\u00e9polie avec une fen\u00eatre partiellement transparente a \u00e9t\u00e9 retenue afin d&#039;optimiser la visibilit\u00e9 du produit en rayon.<\/p>\n<p>Apr\u00e8s le lancement du produit, la gamme de produits \u00e0 faible capacit\u00e9 du client a enregistr\u00e9 une hausse de 42 % de ses ventes au premier trimestre par rapport \u00e0 l&#039;ann\u00e9e pr\u00e9c\u00e9dente. Face \u00e0 cet accueil favorable du march\u00e9, le client a pass\u00e9 une nouvelle commande moins de six mois apr\u00e8s la premi\u00e8re, augmentant ainsi le volume total command\u00e9 de 65 %.<\/p>\n<h2>Vos parcours de personnalisation<\/h2>\n<ol>\n<li><strong>Motif de bouteille en relief\/en creux\u00a0:<\/strong> La bouteille peut \u00eatre orn\u00e9e d&#039;un marquage en relief ou en creux portant le logo du domaine, le mill\u00e9sime ou des motifs exclusifs, afin de renforcer la notori\u00e9t\u00e9 de la marque et de lui conf\u00e9rer une allure luxueuse. Ce type de produit est id\u00e9al pour les coffrets cadeaux ou les \u00e9ditions limit\u00e9es.<\/li>\n<li><strong>Diverses options de goulot et de fermeture de bouteille\u00a0:<\/strong> La bouteille peut \u00eatre ferm\u00e9e par un bouchon de li\u00e8ge ou un bouchon \u00e0 vis, selon le positionnement du produit. Parmi les autres options de personnalisation figurent la couleur du bouchon en aluminium, le marquage \u00e0 chaud, les logos estamp\u00e9s et les mesures anti-contrefa\u00e7on.<\/li>\n<li><strong>\u00c9tiquettes personnalis\u00e9es et s\u00e9rigraphie\u00a0:<\/strong> Le produit peut \u00eatre \u00e9tiquet\u00e9 avec des \u00e9tiquettes r\u00e9sistantes \u00e0 l&#039;eau et \u00e0 l&#039;alcool, des \u00e9tiquettes estamp\u00e9es \u00e0 chaud, ou encore par s\u00e9rigraphie directe (pour le vin). Gr\u00e2ce aux possibilit\u00e9s d&#039;impression multicouche, les marques peuvent non seulement valoriser leur image, mais aussi r\u00e9duire leurs co\u00fbts d&#039;\u00e9tiquetage futurs.<\/li>\n<\/ol>","protected":false},"excerpt":{"rendered":"<p>Bouteilles de vin de petite taille en gros, directement du fabricant. Personnalisation possible en gros, livraison rapide et \u00e9chantillons gratuits pour les acheteurs.<\/p>","protected":false},"featured_media":5557,"template":"","meta":{"postBodyCss":"","postBodyMargin":[],"postBodyPadding":[],"postBodyBackground":{"backgroundType":"classic","gradient":""}},"product_brand":[],"product_cat":[15,16,84],"product_tag":[],"class_list":{"0":"post-5553","1":"product","2":"type-product","3":"status-publish","4":"has-post-thumbnail","6":"product_cat-glass-containers","7":"product_cat-glass-bottles","8":"product_cat-wine-bottles","10":"first","11":"instock","12":"shipping-taxable","13":"product-type-simple"},"jetpack_sharing_enabled":true,"_links":{"self":[{"href":"https:\/\/minghanggroup.com\/fr\/wp-json\/wp\/v2\/product\/5553","targetHints":{"allow":["GET"]}}],"collection":[{"href":"https:\/\/minghanggroup.com\/fr\/wp-json\/wp\/v2\/product"}],"about":[{"href":"https:\/\/minghanggroup.com\/fr\/wp-json\/wp\/v2\/types\/product"}],"wp:featuredmedia":[{"embeddable":true,"href":"https:\/\/minghanggroup.com\/fr\/wp-json\/wp\/v2\/media\/5557"}],"wp:attachment":[{"href":"https:\/\/minghanggroup.com\/fr\/wp-json\/wp\/v2\/media?parent=5553"}],"wp:term":[{"taxonomy":"product_brand","embeddable":true,"href":"https:\/\/minghanggroup.com\/fr\/wp-json\/wp\/v2\/product_brand?post=5553"},{"taxonomy":"product_cat","embeddable":true,"href":"https:\/\/minghanggroup.com\/fr\/wp-json\/wp\/v2\/product_cat?post=5553"},{"taxonomy":"product_tag","embeddable":true,"href":"https:\/\/minghanggroup.com\/fr\/wp-json\/wp\/v2\/product_tag?post=5553"}],"curies":[{"name":"wp","href":"https:\/\/api.w.org\/{rel}","templated":true}]}}