{"id":5546,"date":"2026-02-04T13:07:02","date_gmt":"2026-02-04T05:07:02","guid":{"rendered":"https:\/\/minghanggroup.com\/?post_type=product&#038;p=5546"},"modified":"2026-03-02T13:42:49","modified_gmt":"2026-03-02T05:42:49","slug":"clear-glass-bottles-for-juice-with-slim-neck-bulk","status":"publish","type":"product","link":"https:\/\/minghanggroup.com\/fr\/produit\/clear-glass-bottles-for-juice-with-slim-neck-bulk\/","title":{"rendered":"Bouteilles en verre transparent de 340 ml pour jus, \u00e0 col \u00e9troit, en gros"},"content":{"rendered":"<p>Les bouteilles en verre pour le jus sont conditionn\u00e9es dans des bouteilles en verre coniques, joliment incurv\u00e9es avec un fond large et un col \u00e9troit, et un bouchon m\u00e9tallique filet\u00e9 permettant de fermer la bouteille.<\/p>\n<h2>Caract\u00e9ristiques du produit<\/h2>\n<ul>\n<li><strong>Design \u00e9l\u00e9gant et fusel\u00e9\u00a0:<\/strong> Sa forme conique est particuli\u00e8re, offrant une excellente ergonomie et une esth\u00e9tique unique.<\/li>\n<li><strong>Si\u00e8ge stable :<\/strong> Le bouchon m\u00e9tallique \u00e0 visser permet une s\u00e9paration de l&#039;air, ce qui pr\u00e9serve la fra\u00eecheur des boissons et \u00e9vite les d\u00e9versements.<\/li>\n<li><strong>Facilit\u00e9 d&#039;utilisation g\u00e9n\u00e9rale\u00a0:<\/strong> Peut \u00eatre utilis\u00e9 dans l&#039;eau, les jus, les boissons gazeuses et autres boissons de haute qualit\u00e9.<\/li>\n<\/ul>\n<h2 style=\"text-align: left;\">Caract\u00e9ristiques principales<\/h2>\n<table class=\"aligncenter\" style=\"border-collapse: collapse; width: 447.77pt;\" border=\"0\" width=\"597\" cellspacing=\"0\" cellpadding=\"0\">\n<tbody>\n<tr style=\"height: 13.50pt;\">\n<td style=\"height: 13.50pt; width: 115.50pt;\" width=\"154\" height=\"18\">Attribut<\/td>\n<td style=\"width: 332.25pt;\" width=\"443\">D\u00e9tails<\/td>\n<\/tr>\n<tr style=\"height: 13.50pt;\">\n<td style=\"height: 13.50pt;\" height=\"18\">Capacit\u00e9<\/td>\n<td>340 ml<\/td>\n<\/tr>\n<tr style=\"height: 13.50pt;\">\n<td style=\"height: 13.50pt;\" height=\"18\">Dimensions<\/td>\n<td>55 mm \u00d7 220 mm<\/td>\n<\/tr>\n<tr style=\"height: 13.50pt;\">\n<td style=\"height: 13.50pt;\" height=\"18\">Mat\u00e9riel<\/td>\n<td>Verre clair<\/td>\n<\/tr>\n<tr style=\"height: 13.50pt;\">\n<td style=\"height: 13.50pt;\" height=\"18\">Forme de bouteille<\/td>\n<td>Corps fusel\u00e9, base large se terminant par un col fin<\/td>\n<\/tr>\n<tr style=\"height: 13.50pt;\">\n<td style=\"height: 13.50pt;\" height=\"18\">Gamme de personnalisation<\/td>\n<td>Dimensions, formes vari\u00e9es, finition du couvercle, gaufrage, coloration<\/td>\n<\/tr>\n<tr style=\"height: 13.50pt;\">\n<td style=\"height: 13.50pt;\" height=\"18\">Savoir-faire<\/td>\n<td>Finition lisse, filetage pr\u00e9cis, \u00e9paisseur de paroi uniforme<\/td>\n<\/tr>\n<tr style=\"height: 13.50pt;\">\n<td style=\"height: 13.50pt;\" height=\"18\">Utilisation principale<\/td>\n<td>bouteilles de boissons en verre, bouteilles d&#039;eau<\/td>\n<\/tr>\n<tr style=\"height: 13.50pt;\">\n<td style=\"height: 13.50pt;\" height=\"18\">Secteurs cibles<\/td>\n<td>Vente en gros de boissons, marques haut de gamme<\/td>\n<\/tr>\n<\/tbody>\n<\/table>\n<h2>\u00c9tude de cas r\u00e9ussie\u00a0: R\u00e9approvisionnement d\u2019une marque nord-am\u00e9ricaine<\/h2>\n<p>Une marque de boissons nord-am\u00e9ricaine a choisi nos bouteilles coniques en verre pour jus, avec des bouchons en m\u00e9tal bross\u00e9 personnalis\u00e9s. Les r\u00e9sultats ont \u00e9t\u00e9 impressionnants\u00a0: les ventes au d\u00e9tail ont progress\u00e9 de 12\u00a0%, la satisfaction client de 25\u00a0% et le nombre de demandes de renseignements de la part des boutiques a augment\u00e9 de 10\u00a0%, gr\u00e2ce \u00e0 l\u2019aspect haut de gamme des bouteilles. Forte de ce succ\u00e8s, elle a pass\u00e9 une commande suppl\u00e9mentaire de 250\u00a0000 bouteilles au deuxi\u00e8me trimestre.<\/p>\n<h2>Personnalisation des bouteilles de boissons en verre<\/h2>\n<ul>\n<li>Modifiez la forme du c\u00f4ne\u00a0: cr\u00e9ez une courbe plus marqu\u00e9e ou plus douce pour mieux correspondre \u00e0 votre image de marque.<\/li>\n<li>Finitions personnalis\u00e9es pour les capuchons\u00a0: Choisissez entre chrome poli, laiton bross\u00e9 ou finition m\u00e9tallique color\u00e9e.<\/li>\n<li>Ajout d&#039;un gaufrage\u00a0: Apposez votre logo ou votre visuel sur le verre pour un aspect haut de gamme sans \u00e9tiquette.<\/li>\n<\/ul>","protected":false},"excerpt":{"rendered":"<p>Bouteilles en verre pour jus con\u00e7ues comme des bouteilles de boissons en verre, de forme conique et munies d&#039;un bouchon \u00e0 vis en m\u00e9tal, id\u00e9ales pour l&#039;eau, les sodas et les jus de fruits provenant de l&#039;usine.<\/p>","protected":false},"featured_media":5545,"template":"","meta":{"postBodyCss":"","postBodyMargin":[],"postBodyPadding":[],"postBodyBackground":{"backgroundType":"classic","gradient":""}},"product_brand":[],"product_cat":[15,16,83],"product_tag":[93],"class_list":{"0":"post-5546","1":"product","2":"type-product","3":"status-publish","4":"has-post-thumbnail","6":"product_cat-glass-containers","7":"product_cat-glass-bottles","8":"product_cat-glass-beverage-bottles","9":"product_tag-glass-gatorade-bottles","11":"first","12":"instock","13":"shipping-taxable","14":"product-type-simple"},"jetpack_sharing_enabled":true,"_links":{"self":[{"href":"https:\/\/minghanggroup.com\/fr\/wp-json\/wp\/v2\/product\/5546","targetHints":{"allow":["GET"]}}],"collection":[{"href":"https:\/\/minghanggroup.com\/fr\/wp-json\/wp\/v2\/product"}],"about":[{"href":"https:\/\/minghanggroup.com\/fr\/wp-json\/wp\/v2\/types\/product"}],"wp:featuredmedia":[{"embeddable":true,"href":"https:\/\/minghanggroup.com\/fr\/wp-json\/wp\/v2\/media\/5545"}],"wp:attachment":[{"href":"https:\/\/minghanggroup.com\/fr\/wp-json\/wp\/v2\/media?parent=5546"}],"wp:term":[{"taxonomy":"product_brand","embeddable":true,"href":"https:\/\/minghanggroup.com\/fr\/wp-json\/wp\/v2\/product_brand?post=5546"},{"taxonomy":"product_cat","embeddable":true,"href":"https:\/\/minghanggroup.com\/fr\/wp-json\/wp\/v2\/product_cat?post=5546"},{"taxonomy":"product_tag","embeddable":true,"href":"https:\/\/minghanggroup.com\/fr\/wp-json\/wp\/v2\/product_tag?post=5546"}],"curies":[{"name":"wp","href":"https:\/\/api.w.org\/{rel}","templated":true}]}}