{"id":5530,"date":"2026-02-04T11:22:31","date_gmt":"2026-02-04T03:22:31","guid":{"rendered":"https:\/\/minghanggroup.com\/?post_type=product&#038;p=5530"},"modified":"2026-02-04T11:22:33","modified_gmt":"2026-02-04T03:22:33","slug":"750ml-wine-bottles-with-screw-top-wholesale","status":"publish","type":"product","link":"https:\/\/minghanggroup.com\/fr\/produit\/750ml-wine-bottles-with-screw-top-wholesale\/","title":{"rendered":"Bouteilles de vin de 750 ml avec bouchon \u00e0 vis, vente en gros"},"content":{"rendered":"<p>Il vous faut une bouteille de vin de 750 ml qui s&#039;int\u00e8gre parfaitement \u00e0 votre flux de travail. Notre bouteille \u00e0 filetage vert olive allie la silhouette classique des bouteilles bordelaises \u00e0 une \u00e9tanch\u00e9it\u00e9 moderne. Le verre vert fonc\u00e9 prot\u00e8ge vos vins rouges de la lumi\u00e8re, tandis que le filetage de pr\u00e9cision garantit une fermeture parfaitement \u00e9tanche. En tant que fournisseur direct de bouteilles en verre, nous simplifions l&#039;approvisionnement en lots de bouteilles vides, de mani\u00e8re durable et avec des bouteilles pr\u00eates \u00e0 la vente. Bien plus qu&#039;un simple emballage, c&#039;est un atout pr\u00e9cieux.<\/p>\n<h2>Caract\u00e9ristiques du produit<\/h2>\n<ul>\n<li><strong>Flacon occultant vert olive : <\/strong>Le verre d&#039;un vert olive profond r\u00e9duit consid\u00e9rablement la p\u00e9n\u00e9tration des rayons UV, offrant ainsi une protection plus efficace aux pr\u00e9cieux vins de Bordeaux et de Bourgogne que le verre transparent. D\u00e9guster un vin de la cave \u00e0 la table deviendra une exp\u00e9rience sereine et sans souci.<\/li>\n<li><strong>Joint filet\u00e9 de pr\u00e9cision :<\/strong> Le goulot filet\u00e9 de 18 mm de la bouteille s&#039;adapte parfaitement au bouchon en aluminium inviolable, assurant une fermeture s\u00fbre et \u00e9tanche.<\/li>\n<li><strong>Conception de base concave stable\u00a0:<\/strong> Sa base l\u00e9g\u00e8rement concave permet \u00e0 la bouteille de rester stable et en place dans les caisses \u00e0 vin ainsi que sur les \u00e9tag\u00e8res, \u00e9vitant ainsi qu&#039;elle ne vacille.<\/li>\n<\/ul>\n<h2>Caract\u00e9ristiques principales<\/h2>\n<table style=\"border-collapse: collapse; width: 80%; margin-left: auto; margin-right: auto;\" border=\"0\" width=\"144\" cellspacing=\"0\" cellpadding=\"0\">\n<tbody>\n<tr style=\"height: 13.50pt;\">\n<td style=\"height: 13.5pt; width: 54pt; text-align: center;\" width=\"72\" height=\"18\">Fonctionnalit\u00e9<\/td>\n<td style=\"width: 54pt; text-align: center;\" width=\"72\">D\u00e9tail<\/td>\n<\/tr>\n<tr style=\"height: 13.50pt;\">\n<td style=\"height: 13.5pt; text-align: center;\" height=\"18\">Capacit\u00e9 (ml)<\/td>\n<td style=\"text-align: center;\" align=\"right\">750<\/td>\n<\/tr>\n<tr style=\"height: 13.50pt;\">\n<td style=\"height: 13.5pt; text-align: center;\" height=\"18\">Dimensions (cm)<\/td>\n<td style=\"text-align: center;\">7,6 \u00d7 33<\/td>\n<\/tr>\n<tr style=\"height: 13.50pt;\">\n<td style=\"height: 13.5pt; text-align: center;\" height=\"18\">Finition du col (cm)<\/td>\n<td style=\"text-align: center;\" align=\"right\">1.8<\/td>\n<\/tr>\n<tr style=\"height: 13.50pt;\">\n<td style=\"height: 13.5pt; text-align: center;\" height=\"18\">Couleur<\/td>\n<td style=\"text-align: center;\">Vert olive<\/td>\n<\/tr>\n<tr style=\"height: 13.50pt;\">\n<td style=\"height: 13.5pt; text-align: center;\" height=\"18\">Type de cou<\/td>\n<td style=\"text-align: center;\">Col filet\u00e9<\/td>\n<\/tr>\n<\/tbody>\n<\/table>\n<h2>Cas de r\u00e9ussite<\/h2>\n<p>Un domaine viticole europ\u00e9en r\u00e9cemment cr\u00e9\u00e9, pour le lancement de sa gamme de vins de milieu et haut de gamme, a choisi nos bouteilles de 75 cl \u00e0 bouchon \u00e0 vis. Le verre vert olive fonc\u00e9 a \u00e9t\u00e9 s\u00e9lectionn\u00e9 pour sa protection contre la lumi\u00e8re, et les bouteilles comportent des zones pour la s\u00e9rigraphie et le gaufrage, permettant ainsi une visibilit\u00e9 optimale des marques et des mill\u00e9simes. De plus, la conception de haute pr\u00e9cision du bouchon \u00e0 vis, associ\u00e9e \u00e0 un bouchon en aluminium anti-oxydation sur mesure, a consid\u00e9rablement r\u00e9duit les probl\u00e8mes d&#039;ouverture et les r\u00e9clamations li\u00e9es aux fuites.<\/p>\n<p>D\u00e8s la premi\u00e8re saison de ventes suivant le lancement de la s\u00e9rie, les commandes des distributeurs ont augment\u00e9 d&#039;environ 35 % d&#039;une ann\u00e9e sur l&#039;autre, et les taux de r\u00e9achat dans le secteur de la restauration se sont \u00e9galement consid\u00e9rablement am\u00e9lior\u00e9s ; le client a pass\u00e9 deux nouvelles commandes en six mois.<\/p>\n<h2>Vos parcours de personnalisation<\/h2>\n<ol>\n<li><strong>Personnalisation de la couleur de la bouteille\u00a0:<\/strong> Outre le choix entre le vert olive fonc\u00e9, le vert fonc\u00e9 ou l&#039;ambre, vous pouvez \u00e9galement opter pour un verre color\u00e9 fonc\u00e9 sur mesure afin d&#039;accro\u00eetre la protection contre la lumi\u00e8re et de distinguer les diff\u00e9rentes s\u00e9ries de vins.<\/li>\n<li><strong>Options de bouchon \u00e0 vis et de fermeture\u00a0:<\/strong> Il est compatible avec les bouchons \u00e0 vis de diff\u00e9rentes tailles, notamment ceux en aluminium, anti-oxydation ou \u00e0 haute barri\u00e8re. Vous pouvez \u00e9galement personnaliser les couleurs et les textures des bouchons.<\/li>\n<li><strong>Traitement du corps de la bouteille\u00a0:<\/strong> L&#039;utilisation de la s\u00e9rigraphie, du marquage \u00e0 chaud, du d\u00e9polissage partiel ou d&#039;un logo en relief permet d&#039;int\u00e9grer visuellement les informations de la marque \u00e0 la bouteille en verre.<\/li>\n<\/ol>","protected":false},"excerpt":{"rendered":"<p>Bouteille de vin de 750 ml, vert olive, forme bordelaise. Goulot filet\u00e9 pour une fermeture herm\u00e9tique. Achetez des bouteilles de vin vides en gros. \u00c9chantillons gratuits et livraison rapide.<\/p>","protected":false},"featured_media":5535,"template":"","meta":{"postBodyCss":"","postBodyMargin":[],"postBodyPadding":[],"postBodyBackground":{"backgroundType":"classic","gradient":""}},"product_brand":[],"product_cat":[15,16,84],"product_tag":[],"class_list":{"0":"post-5530","1":"product","2":"type-product","3":"status-publish","4":"has-post-thumbnail","6":"product_cat-glass-containers","7":"product_cat-glass-bottles","8":"product_cat-wine-bottles","10":"first","11":"instock","12":"shipping-taxable","13":"product-type-simple"},"jetpack_sharing_enabled":true,"_links":{"self":[{"href":"https:\/\/minghanggroup.com\/fr\/wp-json\/wp\/v2\/product\/5530","targetHints":{"allow":["GET"]}}],"collection":[{"href":"https:\/\/minghanggroup.com\/fr\/wp-json\/wp\/v2\/product"}],"about":[{"href":"https:\/\/minghanggroup.com\/fr\/wp-json\/wp\/v2\/types\/product"}],"wp:featuredmedia":[{"embeddable":true,"href":"https:\/\/minghanggroup.com\/fr\/wp-json\/wp\/v2\/media\/5535"}],"wp:attachment":[{"href":"https:\/\/minghanggroup.com\/fr\/wp-json\/wp\/v2\/media?parent=5530"}],"wp:term":[{"taxonomy":"product_brand","embeddable":true,"href":"https:\/\/minghanggroup.com\/fr\/wp-json\/wp\/v2\/product_brand?post=5530"},{"taxonomy":"product_cat","embeddable":true,"href":"https:\/\/minghanggroup.com\/fr\/wp-json\/wp\/v2\/product_cat?post=5530"},{"taxonomy":"product_tag","embeddable":true,"href":"https:\/\/minghanggroup.com\/fr\/wp-json\/wp\/v2\/product_tag?post=5530"}],"curies":[{"name":"wp","href":"https:\/\/api.w.org\/{rel}","templated":true}]}}