{"id":5518,"date":"2026-02-04T10:38:17","date_gmt":"2026-02-04T02:38:17","guid":{"rendered":"https:\/\/minghanggroup.com\/?post_type=product&#038;p=5518"},"modified":"2026-02-04T10:38:19","modified_gmt":"2026-02-04T02:38:19","slug":"amber-custom-wine-bottles-for-brand-bulk","status":"publish","type":"product","link":"https:\/\/minghanggroup.com\/fr\/produit\/amber-custom-wine-bottles-for-brand-bulk\/","title":{"rendered":"Bouteilles de vin personnalis\u00e9es color\u00e9es de 750 ml pour marques en gros"},"content":{"rendered":"<p>Vous \u00e9laborez des vins avec passion\u00a0; offrez-leur un \u00e9crin \u00e0 la hauteur de chaque goutte. Notre bouteille de vin personnalis\u00e9e allie l&#039;\u00e9l\u00e9gance intemporelle des bouteilles bordelaises \u00e0 un format fiable de 750\u00a0ml. Son verre ambr\u00e9 profond prot\u00e8ge vos vins rouges, tandis que sa forme classique \u00e9voque un h\u00e9ritage pr\u00e9cieux sur toute \u00e9tag\u00e8re. En tant que fournisseur direct de bouteilles en verre, nous transformons les grands formats en symboles de votre marque\u00a0: id\u00e9al pour le claret, le bourgogne, vos vins maison ou pour \u00e9crire le prochain chapitre de votre aventure viticole.<\/p>\n<h2>Caract\u00e9ristiques du produit<\/h2>\n<ul>\n<li><strong>Bouteille fonc\u00e9e et color\u00e9e :<\/strong> Elle est fabriqu\u00e9e en verre fonc\u00e9, ce qui lui conf\u00e8re un haut niveau de protection contre la lumi\u00e8re, contribuant ainsi \u00e0 ralentir l&#039;oxydation du vin et, par cons\u00e9quent, \u00e0 am\u00e9liorer sa stabilit\u00e9 lors du stockage.<\/li>\n<li><strong>Conception de la bouteille\u00a0:<\/strong> Sortie du moule, elle se pr\u00e9sente comme une bouteille classique, fine avec une courbe naturelle des \u00e9paules, conforme aux emballages traditionnels du vin rouge et pouvant servir de base \u00e0 diff\u00e9rents types de positionnement de marque.<\/li>\n<li><strong>Conception plate et sup\u00e9rieure :<\/strong> Le goulot de la bouteille est de taille standard, ce qui la rend compatible avec les bouchons en li\u00e8ge naturel, les bouchons synth\u00e9tiques et les capsules \u00e0 vis, offrant ainsi une grande libert\u00e9 dans le choix du remplissage et de la fermeture.<\/li>\n<\/ul>\n<h2>Caract\u00e9ristiques principales<\/h2>\n<table style=\"border-collapse: collapse; width: 80%; margin-left: auto; margin-right: auto;\" border=\"0\" width=\"144\" cellspacing=\"0\" cellpadding=\"0\">\n<tbody>\n<tr style=\"height: 13.50pt;\">\n<td style=\"height: 13.5pt; width: 54pt; text-align: center;\" width=\"72\" height=\"18\">Fonctionnalit\u00e9<\/td>\n<td style=\"width: 54pt; text-align: center;\" width=\"72\">D\u00e9tail<\/td>\n<\/tr>\n<tr style=\"height: 13.50pt;\">\n<td style=\"height: 13.5pt; text-align: center;\" height=\"18\">Capacit\u00e9 (ml)<\/td>\n<td style=\"text-align: center;\" align=\"right\">750<\/td>\n<\/tr>\n<tr style=\"height: 13.50pt;\">\n<td style=\"height: 13.5pt; text-align: center;\" height=\"18\">Dimensions (cm)<\/td>\n<td style=\"text-align: center;\">7,7 \u00d7 33<\/td>\n<\/tr>\n<tr style=\"height: 13.50pt;\">\n<td style=\"height: 13.5pt; text-align: center;\" height=\"18\">Finition du col (cm)<\/td>\n<td style=\"text-align: center;\" align=\"right\">1.8<\/td>\n<\/tr>\n<tr style=\"height: 13.50pt;\">\n<td style=\"height: 13.5pt; text-align: center;\" height=\"18\">Couleur<\/td>\n<td style=\"text-align: center;\">Ambre fonc\u00e9, vert, transparent<\/td>\n<\/tr>\n<tr style=\"height: 13.50pt;\">\n<td style=\"height: 13.5pt; text-align: center;\" height=\"18\">Options de fermeture<\/td>\n<td style=\"text-align: center;\">Bouchons de vin naturels, en aluminium torsad\u00e9 \u00e0 la main, t\u00eate en bois, long bouchon<\/td>\n<\/tr>\n<tr style=\"height: 13.50pt;\">\n<td style=\"height: 13.5pt; text-align: center;\" height=\"18\">Id\u00e9al pour<\/td>\n<td style=\"text-align: center;\">Vins rouges, claret, Bourgogne, vin fait maison, bouteilles d&#039;alcool<\/td>\n<\/tr>\n<\/tbody>\n<\/table>\n<h2>Cas de r\u00e9ussite<\/h2>\n<p>Une marque de vin europ\u00e9enne confidentielle a choisi notre bouteille de 75 cl brun fonc\u00e9 comme emballage permanent pour sa nouvelle gamme de vins rouges. Afin de refl\u00e9ter le positionnement de la marque, quelques modifications ont \u00e9t\u00e9 apport\u00e9es au design standard\u00a0: le fond de la bouteille a \u00e9t\u00e9 \u00e9paissi et grav\u00e9 du mill\u00e9sime\u00a0; une zone d\u2019impression s\u00e9rigraphique a \u00e9t\u00e9 am\u00e9nag\u00e9e sur l\u2019\u00e9paule pour y apposer discr\u00e8tement le logo du domaine\u00a0; et la bouteille a \u00e9t\u00e9 con\u00e7ue pour accueillir un bouchon de li\u00e8ge naturel.<\/p>\n<p>Au cours des trois premiers mois suivant le lancement du nouvel emballage, les ventes de cette gamme dans les points de vente haut de gamme locaux ont progress\u00e9 d&#039;environ 32 % par rapport \u00e0 l&#039;ann\u00e9e pr\u00e9c\u00e9dente. Face \u00e0 cet accueil favorable du march\u00e9, le client a pass\u00e9 deux nouvelles commandes en six mois.<\/p>\n<h2>Vos parcours de personnalisation<\/h2>\n<ol>\n<li><strong>Personnalisation de la finition de surface\u00a0:<\/strong> La finition de surface est personnalisable gr\u00e2ce \u00e0 la prise en charge de la s\u00e9rigraphie, du marquage \u00e0 chaud, du givrage, ainsi que des logos en relief ou en creux de mani\u00e8re localis\u00e9e afin d&#039;accro\u00eetre la reconnaissance de la marque et l&#039;attrait tactile du produit.<\/li>\n<li><strong>Options de goulot et de fermeture :<\/strong> La bouteille peut \u00eatre \u00e9quip\u00e9e de bouchons en li\u00e8ge, naturels ou synth\u00e9tiques, ou d&#039;un bouchon \u00e0 vis, et les dimensions du goulot peuvent \u00eatre ajust\u00e9es pour r\u00e9pondre aux exigences du march\u00e9 d&#039;exportation.<\/li>\n<li><strong>Extensions fonctionnelles et d\u00e9taill\u00e9es\u00a0:<\/strong> On peut faire apposer les codes de l&#039;ann\u00e9e ou des marques anti-contrefa\u00e7on sur le fond de la bouteille, ou bien r\u00e9server un emplacement pour l&#039;\u00e9tiquette afin de faciliter l&#039;\u00e9tiquetage des lots et la gestion de la tra\u00e7abilit\u00e9.<\/li>\n<\/ol>","protected":false},"excerpt":{"rendered":"<p>Bouteille de vin personnalis\u00e9e en verre ambr\u00e9 fonc\u00e9. Grandes bouteilles de 750 ml pour vins rouges. Forme bordelaise avec bouchon en li\u00e8ge. Personnalisation en gros et \u00e9chantillons gratuits.<\/p>","protected":false},"featured_media":5528,"template":"","meta":{"postBodyCss":"","postBodyMargin":[],"postBodyPadding":[],"postBodyBackground":{"backgroundType":"classic","gradient":""}},"product_brand":[],"product_cat":[15,16,84],"product_tag":[],"class_list":{"0":"post-5518","1":"product","2":"type-product","3":"status-publish","4":"has-post-thumbnail","6":"product_cat-glass-containers","7":"product_cat-glass-bottles","8":"product_cat-wine-bottles","10":"first","11":"instock","12":"shipping-taxable","13":"product-type-simple"},"jetpack_sharing_enabled":true,"_links":{"self":[{"href":"https:\/\/minghanggroup.com\/fr\/wp-json\/wp\/v2\/product\/5518","targetHints":{"allow":["GET"]}}],"collection":[{"href":"https:\/\/minghanggroup.com\/fr\/wp-json\/wp\/v2\/product"}],"about":[{"href":"https:\/\/minghanggroup.com\/fr\/wp-json\/wp\/v2\/types\/product"}],"wp:featuredmedia":[{"embeddable":true,"href":"https:\/\/minghanggroup.com\/fr\/wp-json\/wp\/v2\/media\/5528"}],"wp:attachment":[{"href":"https:\/\/minghanggroup.com\/fr\/wp-json\/wp\/v2\/media?parent=5518"}],"wp:term":[{"taxonomy":"product_brand","embeddable":true,"href":"https:\/\/minghanggroup.com\/fr\/wp-json\/wp\/v2\/product_brand?post=5518"},{"taxonomy":"product_cat","embeddable":true,"href":"https:\/\/minghanggroup.com\/fr\/wp-json\/wp\/v2\/product_cat?post=5518"},{"taxonomy":"product_tag","embeddable":true,"href":"https:\/\/minghanggroup.com\/fr\/wp-json\/wp\/v2\/product_tag?post=5518"}],"curies":[{"name":"wp","href":"https:\/\/api.w.org\/{rel}","templated":true}]}}