{"id":5516,"date":"2026-02-03T16:18:25","date_gmt":"2026-02-03T08:18:25","guid":{"rendered":"https:\/\/minghanggroup.com\/?post_type=product&#038;p=5516"},"modified":"2026-04-14T09:42:22","modified_gmt":"2026-04-14T01:42:22","slug":"16-oz-juice-glass-bottles-with-wooden-lids-bulk","status":"publish","type":"product","link":"https:\/\/minghanggroup.com\/fr\/produit\/16-oz-juice-glass-bottles-with-wooden-lids-bulk\/","title":{"rendered":"Bouteilles de jus en verre de 473 ml (16 oz) avec bouchons en bois, en vrac"},"content":{"rendered":"<p>Nos bouteilles de jus en verre de 473 ml (16 oz), qui ressemblent \u00e0 des canettes en aluminium, sont en verre alimentaire transparent comme du cristal, avec un bouchon en bambou naturel et un porte-paille en acier inoxydable qui s&#039;adapte facilement pour fermer la bouteille et la rendre \u00e9tanche aux fuites.<\/p>\n<h2>Caract\u00e9ristiques du produit<\/h2>\n<ul>\n<li><strong>Conception cylindrique droite de type canette\u00a0:<\/strong> La conception verticale de la canette est unique et pratique car elle s&#039;adapte parfaitement \u00e0 diff\u00e9rents porte-gobelets qui peuvent \u00eatre facilement empil\u00e9s.<\/li>\n<li><strong>Verre transparent :<\/strong> Le verre transparent vous permettra de voir exactement ce que vous buvez et de mettre en valeur sa fra\u00eecheur et son aspect attrayant.<\/li>\n<li><strong>Bouchon en bois + paille en m\u00e9tal :<\/strong> Il s&#039;agit d&#039;un bouchon en bois avec un trou pour boire int\u00e9gr\u00e9 et une paille m\u00e9tallique flexible int\u00e9gr\u00e9e, pratique \u00e0 transporter et permettant d&#039;emporter sa boisson partout et \u00e0 tout moment, en \u00e9vitant les d\u00e9versements.<\/li>\n<\/ul>\n<h2 style=\"text-align: left;\">Caract\u00e9ristiques principales<\/h2>\n<table class=\"aligncenter\" style=\"border-collapse: collapse; width: 408.77pt;\" border=\"0\" width=\"545\" cellspacing=\"0\" cellpadding=\"0\">\n<tbody>\n<tr style=\"height: 13.50pt;\">\n<td style=\"height: 13.50pt; width: 115.50pt;\" width=\"154\" height=\"18\">Attribut<\/td>\n<td style=\"width: 293.25pt;\" width=\"391\">D\u00e9tails<\/td>\n<\/tr>\n<tr style=\"height: 13.50pt;\">\n<td style=\"height: 13.50pt;\" height=\"18\">Capacit\u00e9<\/td>\n<td>500 ml (16 oz)<\/td>\n<\/tr>\n<tr style=\"height: 13.50pt;\">\n<td style=\"height: 13.50pt;\" height=\"18\">Dimensions<\/td>\n<td>65 mm de diam\u00e8tre \u00d7 150 mm de hauteur<\/td>\n<\/tr>\n<tr style=\"height: 13.50pt;\">\n<td style=\"height: 13.50pt;\" height=\"18\">Mat\u00e9riel<\/td>\n<td>Verre borosilicat\u00e9 \u00e0 haute teneur en verre<\/td>\n<\/tr>\n<tr style=\"height: 13.50pt;\">\n<td style=\"height: 13.50pt;\" height=\"18\">Forme de bouteille<\/td>\n<td>\u00c0 parois droites, style canette<\/td>\n<\/tr>\n<tr style=\"height: 13.50pt;\">\n<td style=\"height: 13.50pt;\" height=\"18\">Gamme de personnalisation<\/td>\n<td>Forme, taille, couleur, finition, type de couvercle, accessoires<\/td>\n<\/tr>\n<tr style=\"height: 13.50pt;\">\n<td style=\"height: 13.50pt;\" height=\"18\">Savoir-faire<\/td>\n<td>Verre lisse et sans joint avec base renforc\u00e9e<\/td>\n<\/tr>\n<tr style=\"height: 13.50pt;\">\n<td style=\"height: 13.50pt;\" height=\"18\">Utilisation principale<\/td>\n<td>Bouteilles en verre pour jus de fruits, bouteilles pour boissons glac\u00e9es<\/td>\n<\/tr>\n<tr style=\"height: 13.50pt;\">\n<td style=\"height: 13.50pt;\" height=\"18\">Secteurs cibles<\/td>\n<td>Vente en gros de boissons, boissons de sp\u00e9cialit\u00e9<\/td>\n<\/tr>\n<\/tbody>\n<\/table>\n<h2>Succ\u00e8s d&#039;une cha\u00eene de smoothies en Floride<\/h2>\n<p>Une cha\u00eene de bars \u00e0 jus et smoothies de Floride a choisi nos bouteilles de jus en verre de 473 ml (16 oz) et a personnalis\u00e9 la couleur du bouchon en bois. L&#039;ensemble du produit (bouteille, bouchon, paille) a rencontr\u00e9 un vif succ\u00e8s, et 80 % des clients le pr\u00e9f\u00e8rent aux gobelets jetables. La contenance de 500 ml correspond parfaitement \u00e0 leur consommation habituelle. Le verre est tr\u00e8s r\u00e9sistant et permet de remplir 95 % des bouteilles. L&#039;initiative s&#039;est av\u00e9r\u00e9e tr\u00e8s fructueuse, et la cha\u00eene a par la suite command\u00e9 500\u00a0000 bouteilles suppl\u00e9mentaires pour approvisionner ses 25 points de vente tout au long de l&#039;ann\u00e9e.<\/p>\n<h2>Personnalisation des bouteilles de jus en verre<\/h2>\n<ul>\n<li>Couleur du verre\u00a0: Il est disponible en version transparente, fum\u00e9e, ambr\u00e9e ou de couleur personnalis\u00e9e, par exemple vert clair ou bleu.<\/li>\n<li>Gravure laser\u00a0: Un laser peut \u00eatre utilis\u00e9 pour graver un code, un logo ou un motif ornemental sur la surface du verre.<\/li>\n<li>Conception personnalis\u00e9e des couvercles et des pailles\u00a0: Les couvercles et les pailles peuvent \u00eatre fabriqu\u00e9s dans diff\u00e9rents styles (bambou, noyer), et les couleurs des pailles peuvent \u00e9galement \u00eatre diff\u00e9rentes (or, noir).<\/li>\n<\/ul>","protected":false},"excerpt":{"rendered":"<p>Ces bouteilles en verre de 473 ml (16 oz) pour jus de fruits pr\u00e9sentent un design transparent en forme de bocal, avec un couvercle en bois et une paille. Conviennent aux jus de fruits, au caf\u00e9 et aux boissons fra\u00eeches. Vente directe d&#039;usine.<\/p>","protected":false},"featured_media":5521,"template":"","meta":{"postBodyCss":"","postBodyMargin":[],"postBodyPadding":[],"postBodyBackground":{"backgroundType":"classic","gradient":""}},"product_brand":[],"product_cat":[15,83,16],"product_tag":[95,91],"class_list":{"0":"post-5516","1":"product","2":"type-product","3":"status-publish","4":"has-post-thumbnail","6":"product_cat-glass-containers","7":"product_cat-glass-beverage-bottles","8":"product_cat-glass-bottles","9":"product_tag-coffee-tumblers","10":"product_tag-glass-soda-bottles","12":"first","13":"instock","14":"shipping-taxable","15":"product-type-simple"},"jetpack_sharing_enabled":true,"_links":{"self":[{"href":"https:\/\/minghanggroup.com\/fr\/wp-json\/wp\/v2\/product\/5516","targetHints":{"allow":["GET"]}}],"collection":[{"href":"https:\/\/minghanggroup.com\/fr\/wp-json\/wp\/v2\/product"}],"about":[{"href":"https:\/\/minghanggroup.com\/fr\/wp-json\/wp\/v2\/types\/product"}],"wp:featuredmedia":[{"embeddable":true,"href":"https:\/\/minghanggroup.com\/fr\/wp-json\/wp\/v2\/media\/5521"}],"wp:attachment":[{"href":"https:\/\/minghanggroup.com\/fr\/wp-json\/wp\/v2\/media?parent=5516"}],"wp:term":[{"taxonomy":"product_brand","embeddable":true,"href":"https:\/\/minghanggroup.com\/fr\/wp-json\/wp\/v2\/product_brand?post=5516"},{"taxonomy":"product_cat","embeddable":true,"href":"https:\/\/minghanggroup.com\/fr\/wp-json\/wp\/v2\/product_cat?post=5516"},{"taxonomy":"product_tag","embeddable":true,"href":"https:\/\/minghanggroup.com\/fr\/wp-json\/wp\/v2\/product_tag?post=5516"}],"curies":[{"name":"wp","href":"https:\/\/api.w.org\/{rel}","templated":true}]}}