{"id":5502,"date":"2026-02-03T13:51:21","date_gmt":"2026-02-03T05:51:21","guid":{"rendered":"https:\/\/minghanggroup.com\/?post_type=product&#038;p=5502"},"modified":"2026-04-22T15:49:14","modified_gmt":"2026-04-22T07:49:14","slug":"empty-flat-glass-soda-bottles-with-lids-bulk","status":"publish","type":"product","link":"https:\/\/minghanggroup.com\/fr\/produit\/empty-flat-glass-soda-bottles-with-lids-bulk\/","title":{"rendered":"Bouteilles de soda en verre plat vides de 250 ml avec bouchons (vente en gros)"},"content":{"rendered":"<p>Il s&#039;agit d&#039;une bouteille en verre de type SodaStream, de forme incurv\u00e9e et rectangulaire, avec un bouchon m\u00e9tallique filet\u00e9 qui assure une excellente \u00e9tanch\u00e9it\u00e9 et retient les bulles.<\/p>\n<h2>Caract\u00e9ristiques du produit<\/h2>\n<ul>\n<li><strong>Bouteille r\u00e9tro plate, forme arrondie :<\/strong> La bouteille poss\u00e8de un bouchon plat et arrondi, ce qui la rend facile \u00e0 transporter et \u00e0 ranger, et met en valeur tous ses \u00e9l\u00e9ments de design r\u00e9tro.<\/li>\n<li><strong>Verre alimentaire haute transparence\u00a0:<\/strong> Ce produit est fabriqu\u00e9 en verre de qualit\u00e9 alimentaire sans plomb, ce qui lui conf\u00e8re une grande transparence et une manipulation s\u00fbre, car il se nettoie facilement sans laisser de traces.<\/li>\n<li><strong>Bouchon \u00e0 vis m\u00e9tallique pour \u00e9tanch\u00e9it\u00e9 :<\/strong> Ce produit utilise un bouchon \u00e0 vis m\u00e9tallique qui assure une \u00e9tanch\u00e9it\u00e9 optimale afin d&#039;emp\u00eacher toute fuite ou d\u00e9versement.<\/li>\n<\/ul>\n<h2 style=\"text-align: left;\">Caract\u00e9ristiques principales<\/h2>\n<table class=\"aligncenter\" style=\"border-collapse: collapse; width: 491.27pt;\" border=\"0\" width=\"655\" cellspacing=\"0\" cellpadding=\"0\">\n<tbody>\n<tr style=\"height: 13.50pt;\">\n<td style=\"height: 13.50pt; width: 122.25pt;\" width=\"163\" height=\"18\">Sp\u00e9cification<\/td>\n<td style=\"width: 369.00pt;\" width=\"492\">D\u00e9tails<\/td>\n<\/tr>\n<tr style=\"height: 13.50pt;\">\n<td style=\"height: 13.50pt;\" height=\"18\">Capacit\u00e9<\/td>\n<td>250 ml<\/td>\n<\/tr>\n<tr style=\"height: 13.50pt;\">\n<td style=\"height: 13.50pt;\" height=\"18\">Dimensions<\/td>\n<td>83\u00d7145mm<\/td>\n<\/tr>\n<tr style=\"height: 13.50pt;\">\n<td style=\"height: 13.50pt;\" height=\"18\">Mat\u00e9riel<\/td>\n<td>Verre transparent, bouchon en m\u00e9tal<\/td>\n<\/tr>\n<tr style=\"height: 13.50pt;\">\n<td style=\"height: 13.50pt;\" height=\"18\">Forme de bouteille<\/td>\n<td>Profil rectangulaire plat et incurv\u00e9<\/td>\n<\/tr>\n<tr style=\"height: 13.50pt;\">\n<td style=\"height: 13.50pt;\" height=\"18\">\u00c9tendue de la personnalisation<\/td>\n<td>Couleur, taille, couvercles, forme<\/td>\n<\/tr>\n<tr style=\"height: 13.50pt;\">\n<td style=\"height: 13.50pt;\" height=\"18\">Savoir-faire<\/td>\n<td>Formage de verre de pr\u00e9cision pour formes plates et courbes, filetage<\/td>\n<\/tr>\n<tr style=\"height: 13.50pt;\">\n<td style=\"height: 13.50pt;\" height=\"18\">Objectif du produit<\/td>\n<td>Bouteilles de soda en verre, bouteilles d&#039;eau gazeuse<\/td>\n<\/tr>\n<tr style=\"height: 13.50pt;\">\n<td style=\"height: 13.50pt;\" height=\"18\">Secteurs d&#039;activit\u00e9 appropri\u00e9s<\/td>\n<td>Marques de boissons, d\u00e9taillants d&#039;aliments naturels<\/td>\n<\/tr>\n<\/tbody>\n<\/table>\n<h2>T\u00e9moignage de r\u00e9ussite\u00a0: Une commande personnalis\u00e9e aupr\u00e8s d\u2019une entreprise de caf\u00e9 infus\u00e9 \u00e0 froid de Brooklyn<\/h2>\n<p>Une entreprise de caf\u00e9 infus\u00e9 \u00e0 froid de Brooklyn, \u00e0 New York, a choisi notre bouteille SodaStream en verre de 35 cl et l&#039;a personnalis\u00e9e avec un bouchon noir mat et un motif s\u00e9rigraphi\u00e9. Le produit personnalis\u00e9 a donn\u00e9 des r\u00e9sultats exceptionnels\u00a0: la forme fine et plate de la bouteille a permis d&#039;optimiser l&#039;espace de rangement dans le r\u00e9frig\u00e9rateur de 40\u00a0%, sa l\u00e9g\u00e8ret\u00e9 a r\u00e9duit les frais d&#039;exp\u00e9dition par bouteille de 15\u00a0% et son apparence unique a multipli\u00e9 par 250 le nombre de mentions sur les r\u00e9seaux sociaux. Suite au succ\u00e8s de sa premi\u00e8re commande, l&#039;entreprise a command\u00e9 520\u00a0000 bouteilles suppl\u00e9mentaires pour accompagner le lancement prochain de ses caf\u00e9s infus\u00e9s \u00e0 froid en canette enrichis \u00e0 l&#039;azote.<\/p>\n<h2>Personnalisation des bouteilles en verre Soda Stream<\/h2>\n<ul>\n<li>Ajustement de la forme de la bouteille\u00a0: Modifiez la forme de la bouteille, qu\u2019elle soit incurv\u00e9e ou rectangulaire, ou adaptez-la \u00e0 des t\u00e2ches d\u2019emballage sp\u00e9cifiques.<\/li>\n<li>S\u00e9rigraphie : Application indirecte de graphismes, logos ou motifs couvrant toute la surface d&#039;un \u00e9cran, de haute qualit\u00e9.<\/li>\n<li>Conception de casquettes personnalis\u00e9es\u00a0: Elles sont disponibles en diff\u00e9rentes couleurs (noir, or, argent) ou avec des estampilles de marque.<\/li>\n<\/ul>","protected":false},"excerpt":{"rendered":"<p>Bouteille SodaStream en verre r\u00e9sistant, avec corps transparent, bouchon m\u00e9tallique et fermeture herm\u00e9tique. Id\u00e9ale pour la vente en gros. Livraison rapide dans le monde entier.<\/p>","protected":false},"featured_media":5510,"template":"","meta":{"postBodyCss":"","postBodyMargin":[],"postBodyPadding":[],"postBodyBackground":{"backgroundType":"classic","gradient":""}},"product_brand":[],"product_cat":[83,16,15],"product_tag":[92],"class_list":{"0":"post-5502","1":"product","2":"type-product","3":"status-publish","4":"has-post-thumbnail","6":"product_cat-glass-beverage-bottles","7":"product_cat-glass-bottles","8":"product_cat-glass-containers","9":"product_tag-glass-liquor-bottles","11":"first","12":"instock","13":"shipping-taxable","14":"product-type-simple"},"jetpack_sharing_enabled":true,"_links":{"self":[{"href":"https:\/\/minghanggroup.com\/fr\/wp-json\/wp\/v2\/product\/5502","targetHints":{"allow":["GET"]}}],"collection":[{"href":"https:\/\/minghanggroup.com\/fr\/wp-json\/wp\/v2\/product"}],"about":[{"href":"https:\/\/minghanggroup.com\/fr\/wp-json\/wp\/v2\/types\/product"}],"wp:featuredmedia":[{"embeddable":true,"href":"https:\/\/minghanggroup.com\/fr\/wp-json\/wp\/v2\/media\/5510"}],"wp:attachment":[{"href":"https:\/\/minghanggroup.com\/fr\/wp-json\/wp\/v2\/media?parent=5502"}],"wp:term":[{"taxonomy":"product_brand","embeddable":true,"href":"https:\/\/minghanggroup.com\/fr\/wp-json\/wp\/v2\/product_brand?post=5502"},{"taxonomy":"product_cat","embeddable":true,"href":"https:\/\/minghanggroup.com\/fr\/wp-json\/wp\/v2\/product_cat?post=5502"},{"taxonomy":"product_tag","embeddable":true,"href":"https:\/\/minghanggroup.com\/fr\/wp-json\/wp\/v2\/product_tag?post=5502"}],"curies":[{"name":"wp","href":"https:\/\/api.w.org\/{rel}","templated":true}]}}