{"id":5495,"date":"2026-02-03T11:56:50","date_gmt":"2026-02-03T03:56:50","guid":{"rendered":"https:\/\/minghanggroup.com\/?post_type=product&#038;p=5495"},"modified":"2026-03-02T13:34:21","modified_gmt":"2026-03-02T05:34:21","slug":"flat-square-juice-glass-bottles-for-juicing-bulk","status":"publish","type":"product","link":"https:\/\/minghanggroup.com\/fr\/produit\/flat-square-juice-glass-bottles-for-juicing-bulk\/","title":{"rendered":"Bouteilles en verre carr\u00e9es plates de 200 ml et 280 ml pour jus en vrac"},"content":{"rendered":"<p>Ces plats, rectangulaires\u00a0<span class=\"text-[#00CEC8]\">cubo\u00efde,<\/span> Les bouteilles en verre profil\u00e9es pour l&#039;extraction de jus sont\u00a0<span class=\"text-[#00CEC8]\">offert<\/span>\u00a0en deux tailles et peut \u00eatre\u00a0<span class=\"text-[#00CEC8]\">\u00e9quip\u00e9<\/span>\u00a0avec des bouchons \u00e0 vis m\u00e9talliques ou des bouchons en li\u00e8ge,\u00a0<span class=\"text-[#00CEC8]\">fusionnant ainsi les fonctionnalit\u00e9s<\/span>\u00a0et\u00a0<span class=\"text-[#00CEC8]\">mode.<\/span><\/p>\n<h2>Caract\u00e9ristiques du produit<\/h2>\n<ul>\n<li><strong>Rectangulaire plat :<\/strong> Ces produits sont plats et rectangulaires et ne prennent pas beaucoup de place en termes de rangement ; ils peuvent donc \u00eatre transport\u00e9s dans des sacs de courses ou expos\u00e9s sur des \u00e9tag\u00e8res.<\/li>\n<li><strong>Mat\u00e9riau clair et lisse :<\/strong> Le verre transparent permet de bien voir la couleur et la texture du liquide \u00e0 l&#039;int\u00e9rieur, et il est \u00e9galement facile d&#039;y apposer des \u00e9tiquettes ou d&#039;y imprimer des logos de marque.<\/li>\n<li><strong>Deux tailles pratiques :<\/strong> Il existe des bouchons de 200 ml et 280 ml, pratiques pour contenir du jus ou d&#039;autres boissons.<\/li>\n<\/ul>\n<h2 style=\"text-align: left;\">Caract\u00e9ristiques principales<\/h2>\n<table class=\"aligncenter\" style=\"border-collapse: collapse; width: 458.27pt;\" border=\"0\" width=\"611\" cellspacing=\"0\" cellpadding=\"0\">\n<tbody>\n<tr style=\"height: 13.50pt;\">\n<td style=\"height: 13.50pt; width: 122.25pt;\" width=\"163\" height=\"18\">Sp\u00e9cification<\/td>\n<td style=\"width: 336.00pt;\" width=\"448\">D\u00e9tails<\/td>\n<\/tr>\n<tr style=\"height: 13.50pt;\">\n<td style=\"height: 13.50pt;\" height=\"18\">Capacit\u00e9<\/td>\n<td>200 ml \/ 280 ml<\/td>\n<\/tr>\n<tr style=\"height: 13.50pt;\">\n<td style=\"height: 13.50pt;\" height=\"18\">Dimensions<\/td>\n<td>72\u00d750\u00d7116 mm \/ 80\u00d750\u00d7145 mm<\/td>\n<\/tr>\n<tr style=\"height: 13.50pt;\">\n<td style=\"height: 13.50pt;\" height=\"18\">Mat\u00e9riel<\/td>\n<td>Couvercle en verre transparent, en m\u00e9tal ou en bois<\/td>\n<\/tr>\n<tr style=\"height: 13.50pt;\">\n<td style=\"height: 13.50pt;\" height=\"18\">Forme de bouteille<\/td>\n<td>Profil carr\u00e9, l\u00e9g\u00e8rement aplati<\/td>\n<\/tr>\n<tr style=\"height: 13.50pt;\">\n<td style=\"height: 13.50pt;\" height=\"18\">\u00c9tendue de la personnalisation<\/td>\n<td>Couleur, forme, taille, couvercles<\/td>\n<\/tr>\n<tr style=\"height: 13.50pt;\">\n<td style=\"height: 13.50pt;\" height=\"18\">Savoir-faire<\/td>\n<td>Formage de verre de pr\u00e9cision pour formes carr\u00e9es, filetage<\/td>\n<\/tr>\n<tr style=\"height: 13.50pt;\">\n<td style=\"height: 13.50pt;\" height=\"18\">Objectif du produit<\/td>\n<td>Bouteilles en verre pour jus, bouteilles d&#039;eau infus\u00e9e<\/td>\n<\/tr>\n<tr style=\"height: 13.50pt;\">\n<td style=\"height: 13.50pt;\" height=\"18\">Secteurs d&#039;activit\u00e9 appropri\u00e9s<\/td>\n<td>Marques de jus, fournisseurs de produits alimentaires gastronomiques<\/td>\n<\/tr>\n<\/tbody>\n<\/table>\n<h2>Histoire \u00e0 succ\u00e8s<\/h2>\n<p>Nos bouteilles de jus plates et rectangulaires en verre de 280 ml, munies de bouchons \u00e0 vis m\u00e9talliques, ont \u00e9t\u00e9 choisies par un bar \u00e0 jus londonien. L&#039;\u00e9tiquetage, rapide et facile gr\u00e2ce \u00e0 leur forme plate, a \u00e9t\u00e9 un succ\u00e8s total. Leur design moderne et r\u00e9utilisable a s\u00e9duit la client\u00e8le\u00a0: 60\u00a0% des clients sont revenus en acheter, s\u00e9duits par l&#039;aspect soign\u00e9 des bouteilles. Le bar \u00e0 jus a connu un succ\u00e8s retentissant, passant commande de 250\u00a0000 bouteilles suppl\u00e9mentaires et \u00e9tendant le projet \u00e0 trois nouveaux points de vente.<\/p>\n<h2>Bouteilles en verre pour jus personnalis\u00e9es<\/h2>\n<ul>\n<li>Logo\/Capacit\u00e9 imprim\u00e9s\u00a0: Appliquez un petit logo ou une indication de capacit\u00e9 en relief sur la face plate de la bouteille.<\/li>\n<li>Cr\u00e9ations personnalis\u00e9es en li\u00e8ge\u00a0: Elles peuvent \u00eatre compos\u00e9es d\u2019autres mat\u00e9riaux (bambou, ch\u00eane) ou \u00eatre marqu\u00e9es.<\/li>\n<li>Poign\u00e9e textur\u00e9e\u00a0: Une l\u00e9g\u00e8re texture en relief est pr\u00e9sente sur la partie la plus fine de la bouteille afin de faciliter sa prise en main.<\/li>\n<\/ul>","protected":false},"excerpt":{"rendered":"<p>Bouteille carr\u00e9e en verre \u00e0 profil plat, avec bouchon en m\u00e9tal ou en bois. \u00c9chantillons gratuits de bouteilles en verre pour jus disponibles pour les tests produits.<\/p>","protected":false},"featured_media":5498,"template":"","meta":{"postBodyCss":"","postBodyMargin":[],"postBodyPadding":[],"postBodyBackground":{"backgroundType":"classic","gradient":""}},"product_brand":[],"product_cat":[15,83,16],"product_tag":[92],"class_list":{"0":"post-5495","1":"product","2":"type-product","3":"status-publish","4":"has-post-thumbnail","6":"product_cat-glass-containers","7":"product_cat-glass-beverage-bottles","8":"product_cat-glass-bottles","9":"product_tag-glass-liquor-bottles","11":"first","12":"instock","13":"shipping-taxable","14":"product-type-simple"},"jetpack_sharing_enabled":true,"_links":{"self":[{"href":"https:\/\/minghanggroup.com\/fr\/wp-json\/wp\/v2\/product\/5495","targetHints":{"allow":["GET"]}}],"collection":[{"href":"https:\/\/minghanggroup.com\/fr\/wp-json\/wp\/v2\/product"}],"about":[{"href":"https:\/\/minghanggroup.com\/fr\/wp-json\/wp\/v2\/types\/product"}],"wp:featuredmedia":[{"embeddable":true,"href":"https:\/\/minghanggroup.com\/fr\/wp-json\/wp\/v2\/media\/5498"}],"wp:attachment":[{"href":"https:\/\/minghanggroup.com\/fr\/wp-json\/wp\/v2\/media?parent=5495"}],"wp:term":[{"taxonomy":"product_brand","embeddable":true,"href":"https:\/\/minghanggroup.com\/fr\/wp-json\/wp\/v2\/product_brand?post=5495"},{"taxonomy":"product_cat","embeddable":true,"href":"https:\/\/minghanggroup.com\/fr\/wp-json\/wp\/v2\/product_cat?post=5495"},{"taxonomy":"product_tag","embeddable":true,"href":"https:\/\/minghanggroup.com\/fr\/wp-json\/wp\/v2\/product_tag?post=5495"}],"curies":[{"name":"wp","href":"https:\/\/api.w.org\/{rel}","templated":true}]}}