{"id":5490,"date":"2026-02-03T11:47:26","date_gmt":"2026-02-03T03:47:26","guid":{"rendered":"https:\/\/minghanggroup.com\/?post_type=product&#038;p=5490"},"modified":"2026-02-03T11:47:30","modified_gmt":"2026-02-03T03:47:30","slug":"empty-red-wine-bottles-for-sale-wholesale","status":"publish","type":"product","link":"https:\/\/minghanggroup.com\/fr\/produit\/empty-red-wine-bottles-for-sale-wholesale\/","title":{"rendered":"Bouteilles de vin rouge vides de 500 ml en vente en gros"},"content":{"rendered":"<p>Vous mettez toute votre passion dans chaque mill\u00e9sime\u00a0; offrez-lui un \u00e9crin \u00e0 la hauteur de votre savoir-faire et qui cr\u00e9e un lien avec vos clients. Nos bouteilles de vin rouge vert olive de 500\u00a0ml allient l\u2019\u00e9l\u00e9gance intemporelle des bouteilles de Bordeaux \u00e0 une protection UV optimale. Des \u00e9paules harmonieuses, un col \u00e9lanc\u00e9 et cette forme caract\u00e9ristique\u00a0? Un attrait irr\u00e9sistible en rayon. En tant que fournisseur direct de bouteilles en verre, nous transformons vos bouteilles vides en objets de collection, en v\u00e9ritables pi\u00e8ces de stock. Que vous mettiez en bouteille du claret, du bourgogne ou un vin maison, c\u2019est ici que la tradition rencontre votre histoire.<\/p>\n<h2>Caract\u00e9ristiques du produit<\/h2>\n<ul>\n<li><strong>Conception de la bouteille\u00a0:<\/strong> Le design fin et allong\u00e9 de la bouteille am\u00e9liore sa pr\u00e9sentation en rayon et met en valeur le design haut de gamme et \u00e9pur\u00e9 du vin.<\/li>\n<li><strong>Surface de la bouteille :<\/strong> Il s&#039;agit d&#039;une bouteille neutre, sans d\u00e9coration, ce qui facilite l&#039;\u00e9tiquetage, la s\u00e9rigraphie ou toute autre personnalisation.<\/li>\n<li><strong>Bouchon \u00e0 visser :<\/strong> Le col standard et le bouchon \u00e0 vis sont compatibles avec les bouchons en li\u00e8ge ou \u00e0 vis standard qui garantissent une excellente \u00e9tanch\u00e9it\u00e9.<\/li>\n<\/ul>\n<h2>Caract\u00e9ristiques principales<\/h2>\n<table style=\"border-collapse: collapse; width: 80%; margin-left: auto; margin-right: auto;\" border=\"0\" width=\"144\" cellspacing=\"0\" cellpadding=\"0\">\n<tbody>\n<tr style=\"height: 13.50pt;\">\n<td style=\"height: 13.5pt; width: 54pt; text-align: center;\" width=\"72\" height=\"18\">Fonctionnalit\u00e9<\/td>\n<td style=\"width: 54pt; text-align: center;\" width=\"72\">D\u00e9tail<\/td>\n<\/tr>\n<tr style=\"height: 13.50pt;\">\n<td style=\"height: 13.5pt; text-align: center;\" height=\"18\">Capacit\u00e9 (ml)<\/td>\n<td style=\"text-align: center;\" align=\"right\">500<\/td>\n<\/tr>\n<tr style=\"height: 13.50pt;\">\n<td style=\"height: 13.5pt; text-align: center;\" height=\"18\">Dimensions (cm)<\/td>\n<td style=\"text-align: center;\">6,7 \u00d7 30<\/td>\n<\/tr>\n<tr style=\"height: 13.50pt;\">\n<td style=\"height: 13.5pt; text-align: center;\" height=\"18\">Finition du col (cm)<\/td>\n<td style=\"text-align: center;\" align=\"right\">1.8<\/td>\n<\/tr>\n<tr style=\"height: 13.50pt;\">\n<td style=\"height: 13.5pt; text-align: center;\" height=\"18\">Couleur<\/td>\n<td style=\"text-align: center;\">Vert olive (\u00e9galement\u00a0: vert bordeaux, vert silex transparent, vert champagne)<\/td>\n<\/tr>\n<tr style=\"height: 13.50pt;\">\n<td style=\"height: 13.5pt; text-align: center;\" height=\"18\">Options de fermeture<\/td>\n<td style=\"text-align: center;\">Bouchon \u00e0 vis<\/td>\n<\/tr>\n<\/tbody>\n<\/table>\n<h2>Cas de r\u00e9ussite<\/h2>\n<p>Un petit domaine viticole, sp\u00e9cialis\u00e9 dans la production de vins rouges en petites quantit\u00e9s, a choisi nos bouteilles de 500 ml en verre vert olive (ovidien) pour le lancement de son nouveau mill\u00e9sime. Ils ont personnalis\u00e9 les bouteilles en accentuant le goulot, en allongeant l\u00e9g\u00e8rement le col et en embossant leur logo sur l&#039;\u00e9paule pour une meilleure visibilit\u00e9 de la marque. La teinte du verre a \u00e9t\u00e9 \u00e9claircie pour optimiser la protection contre la lumi\u00e8re, et une \u00e9tiquette imprim\u00e9e minimaliste remplace les \u00e9tiquettes papier traditionnelles, conf\u00e9rant ainsi \u00e0 la bouteille une allure plus haut de gamme et \u00e9pur\u00e9e.<\/p>\n<p>Apr\u00e8s le lancement du produit, le domaine viticole a augment\u00e9 ses ventes au d\u00e9tail de 35 % et a re\u00e7u un accueil favorable lors de la distribution, ce qui l&#039;a incit\u00e9 \u00e0 faire de la bouteille personnalis\u00e9e son produit phare et \u00e0 passer fr\u00e9quemment des commandes pour les classes de production suivantes.<\/p>\n<h2>Parcours de personnalisation intelligents<\/h2>\n<ol>\n<li><strong>Couleurs de verre personnalis\u00e9es\u00a0:<\/strong> Choisissez la couleur des verres de mani\u00e8re \u00e0 optimiser la protection contre la lumi\u00e8re et \u00e0 correspondre au style et \u00e0 la marque du vin\u00a0; par exemple, la couleur des verres peut \u00eatre vert olive, vert antique, ambre ou silex fonc\u00e9.<\/li>\n<li><strong>Impression s\u00e9rigraphique :<\/strong> Limitez au maximum le texte, les panneaux de vignoble ou les d\u00e9tails des lots directement sur le verre afin d&#039;\u00e9liminer toute \u00e9tiquette.<\/li>\n<li><strong>Finitions :<\/strong> Choisissez entre une finition lisse, mate ou givr\u00e9e pour distinguer les \u00e9ditions limit\u00e9es ou les collections de r\u00e9serve.<\/li>\n<\/ol>","protected":false},"excerpt":{"rendered":"<p>Bouteilles de vin rouge haut de gamme, de forme classique et en verre \u00e9pais. Vente directe d&#039;usine, \u00e9chantillons gratuits, bouteilles vides disponibles pour les marques internationales.<\/p>","protected":false},"featured_media":5494,"template":"","meta":{"postBodyCss":"","postBodyMargin":[],"postBodyPadding":[],"postBodyBackground":{"backgroundType":"classic","gradient":""}},"product_brand":[],"product_cat":[15,16,84],"product_tag":[],"class_list":{"0":"post-5490","1":"product","2":"type-product","3":"status-publish","4":"has-post-thumbnail","6":"product_cat-glass-containers","7":"product_cat-glass-bottles","8":"product_cat-wine-bottles","10":"first","11":"instock","12":"shipping-taxable","13":"product-type-simple"},"jetpack_sharing_enabled":true,"_links":{"self":[{"href":"https:\/\/minghanggroup.com\/fr\/wp-json\/wp\/v2\/product\/5490","targetHints":{"allow":["GET"]}}],"collection":[{"href":"https:\/\/minghanggroup.com\/fr\/wp-json\/wp\/v2\/product"}],"about":[{"href":"https:\/\/minghanggroup.com\/fr\/wp-json\/wp\/v2\/types\/product"}],"wp:featuredmedia":[{"embeddable":true,"href":"https:\/\/minghanggroup.com\/fr\/wp-json\/wp\/v2\/media\/5494"}],"wp:attachment":[{"href":"https:\/\/minghanggroup.com\/fr\/wp-json\/wp\/v2\/media?parent=5490"}],"wp:term":[{"taxonomy":"product_brand","embeddable":true,"href":"https:\/\/minghanggroup.com\/fr\/wp-json\/wp\/v2\/product_brand?post=5490"},{"taxonomy":"product_cat","embeddable":true,"href":"https:\/\/minghanggroup.com\/fr\/wp-json\/wp\/v2\/product_cat?post=5490"},{"taxonomy":"product_tag","embeddable":true,"href":"https:\/\/minghanggroup.com\/fr\/wp-json\/wp\/v2\/product_tag?post=5490"}],"curies":[{"name":"wp","href":"https:\/\/api.w.org\/{rel}","templated":true}]}}