{"id":5481,"date":"2026-02-12T10:09:29","date_gmt":"2026-02-12T02:09:29","guid":{"rendered":"https:\/\/minghanggroup.com\/?post_type=product&#038;p=5481"},"modified":"2026-02-03T16:41:40","modified_gmt":"2026-02-03T08:41:40","slug":"dark-glass-customized-wine-bottles-for-sale-bulk","status":"publish","type":"product","link":"https:\/\/minghanggroup.com\/fr\/produit\/dark-glass-customized-wine-bottles-for-sale-bulk\/","title":{"rendered":"Bouteilles de vin personnalis\u00e9es en verre fonc\u00e9 de 500 ml, en gros"},"content":{"rendered":"<p>Vous \u00e9laborez votre vin avec passion\u00a0; offrez-lui un contenant \u00e0 la hauteur de son \u00e9l\u00e9gance, avant m\u00eame la premi\u00e8re gorg\u00e9e. Nos bouteilles de vin vert olive de 500\u00a0ml rendent hommage \u00e0 l\u2019\u00e9l\u00e9gance classique des bouteilles de Bordeaux tout en s\u2019adaptant parfaitement aux modes de vie modernes. Que vous mettiez en bouteille un claret, un bourgogne ou un vin maison, ces bouteilles en verre pr\u00e9servent les ar\u00f4mes et subliment votre histoire. En tant que fournisseur direct de bouteilles en verre, nous cr\u00e9ons des bouteilles personnalis\u00e9es, fonctionnelles et pr\u00eates \u00e0 recevoir votre \u00e9tiquette.<\/p>\n<h2>Caract\u00e9ristiques du produit<\/h2>\n<ul>\n<li><strong>Silhouette v\u00e9ritable de Bordeaux :<\/strong> Une bouteille aux \u00e9paules l\u00e9g\u00e8rement inclin\u00e9es et au col fin poss\u00e8de cette forme classique de bouteille de vin que les clients associent instinctivement \u00e0 la confiance.<\/li>\n<li><strong>Gardien vert olive :<\/strong> Il est reconnu qu&#039;un verre de couleur olive fonc\u00e9 bloque mieux les rayons UV qu&#039;une bouteille transparente et contribue ainsi \u00e0 pr\u00e9server les ar\u00f4mes d\u00e9licats d&#039;un vin rouge, de sa mise en cave jusqu&#039;\u00e0 sa mise en rayon.<\/li>\n<li><strong>Base de d\u00e9gagement stable :<\/strong> Le fond de la bouteille de vin est l\u00e9g\u00e8rement creus\u00e9 afin qu&#039;elle puisse \u00eatre plac\u00e9e fermement m\u00eame dans une caisse en bois, une bo\u00eete cadeau ou sur une table \u00e0 manger sans aucun risque de chute.<\/li>\n<\/ul>\n<h2>Caract\u00e9ristiques principales<\/h2>\n<table style=\"border-collapse: collapse; width: 80%; margin-left: auto; margin-right: auto;\" border=\"0\" width=\"144\" cellspacing=\"0\" cellpadding=\"0\">\n<tbody>\n<tr style=\"height: 13.50pt;\">\n<td style=\"height: 13.5pt; width: 54pt; text-align: center;\" width=\"72\" height=\"18\">Fonctionnalit\u00e9<\/td>\n<td style=\"width: 54pt; text-align: center;\" width=\"72\">D\u00e9tail<\/td>\n<\/tr>\n<tr style=\"height: 13.50pt;\">\n<td style=\"height: 13.5pt; text-align: center;\" height=\"18\">Capacit\u00e9 (ml)<\/td>\n<td style=\"text-align: center;\" align=\"right\">500<\/td>\n<\/tr>\n<tr style=\"height: 13.50pt;\">\n<td style=\"height: 13.5pt; text-align: center;\" height=\"18\">Dimensions (cm)<\/td>\n<td style=\"text-align: center;\">7,1 \u00d7 26,7<\/td>\n<\/tr>\n<tr style=\"height: 13.50pt;\">\n<td style=\"height: 13.5pt; text-align: center;\" height=\"18\">Finition du col (cm)<\/td>\n<td style=\"text-align: center;\" align=\"right\">1.8<\/td>\n<\/tr>\n<tr style=\"height: 13.50pt;\">\n<td style=\"height: 13.5pt; text-align: center;\" height=\"18\">Couleur<\/td>\n<td style=\"text-align: center;\">Vert olive<\/td>\n<\/tr>\n<tr style=\"height: 13.50pt;\">\n<td style=\"height: 13.5pt; text-align: center;\" height=\"18\">Fermeture<\/td>\n<td style=\"text-align: center;\">Bouchon \u00e0 vis (bouchons de vin naturels sur demande)<\/td>\n<\/tr>\n<tr style=\"height: 13.50pt;\">\n<td style=\"height: 13.5pt; text-align: center;\" height=\"18\">Id\u00e9al pour<\/td>\n<td style=\"text-align: center;\">Vins rouges, claret, vin fait maison, bouteilles d&#039;alcool<\/td>\n<\/tr>\n<\/tbody>\n<\/table>\n<h2>Cas de r\u00e9ussite<\/h2>\n<p>Un petit domaine viticole, producteur artisanal de vins rouges en petites quantit\u00e9s, recherchait une bouteille capable de refl\u00e9ter imm\u00e9diatement le savoir-faire et le positionnement haut de gamme de son vin. Pour son nouveau mill\u00e9sime, il a opt\u00e9 pour nos bouteilles de 50 cl en verre fonc\u00e9, d&#039;une teinte olive profonde pour une meilleure protection contre les UV, orn\u00e9es d&#039;un logo en relief sur l&#039;\u00e9paule et d&#039;une \u00e9tiquette en papier s\u00e9rigraphi\u00e9e, aux graphismes tr\u00e8s fins et soyeux. Le fond plus lourd et le col plus \u00e9l\u00e9gant rendent le service plus agr\u00e9able et renforcent l&#039;image de qualit\u00e9 de la marque.<\/p>\n<p>Les retours clients suite au lancement du produit ont mis en \u00e9vidence une nette am\u00e9lioration de son attrait en rayon et de sa valeur per\u00e7ue, ce qui a entra\u00een\u00e9 une augmentation de 35 % des commandes r\u00e9p\u00e9t\u00e9es.<\/p>\n<h2>Vos options de personnalisation<\/h2>\n<ol>\n<li><strong>Marquage en relief ou en creux\u00a0:<\/strong> Envisagez un logo en relief ou en creux sur l&#039;\u00e9paule ou la partie inf\u00e9rieure de la bouteille pour une pr\u00e9sence de marque durable et sans \u00e9tiquette.<\/li>\n<li><strong>Soie, d\u00e9tails imprim\u00e9s en s\u00e9rigraphie\u00a0:<\/strong> Apposez quelques mots, pictogrammes ou motifs g\u00e9om\u00e9triques directement sur la surface de la bouteille, une alternative \u00e9l\u00e9gante et tendance aux \u00e9tiquettes en papier.<\/li>\n<li><strong>Variations du manche et de la finition :<\/strong> Ajustez le goulot de la bouteille pour les bouchons \u00e0 vis ou les fermetures synth\u00e9tiques en fonction des diff\u00e9rents styles de vin et des march\u00e9s.<\/li>\n<\/ol>","protected":false},"excerpt":{"rendered":"<p>Bouteilles de vin haut de gamme en verre fonc\u00e9, \u00e9l\u00e9gantes et \u00e0 fond stable. Vente directe d&#039;usine, personnalisables, avec \u00e9chantillons gratuits.<\/p>","protected":false},"featured_media":5485,"template":"","meta":{"postBodyCss":"","postBodyMargin":[],"postBodyPadding":[],"postBodyBackground":{"backgroundType":"classic","gradient":""}},"product_brand":[],"product_cat":[15,16,84],"product_tag":[],"class_list":{"0":"post-5481","1":"product","2":"type-product","3":"status-publish","4":"has-post-thumbnail","6":"product_cat-glass-containers","7":"product_cat-glass-bottles","8":"product_cat-wine-bottles","10":"first","11":"instock","12":"shipping-taxable","13":"product-type-simple"},"jetpack_sharing_enabled":true,"_links":{"self":[{"href":"https:\/\/minghanggroup.com\/fr\/wp-json\/wp\/v2\/product\/5481","targetHints":{"allow":["GET"]}}],"collection":[{"href":"https:\/\/minghanggroup.com\/fr\/wp-json\/wp\/v2\/product"}],"about":[{"href":"https:\/\/minghanggroup.com\/fr\/wp-json\/wp\/v2\/types\/product"}],"wp:featuredmedia":[{"embeddable":true,"href":"https:\/\/minghanggroup.com\/fr\/wp-json\/wp\/v2\/media\/5485"}],"wp:attachment":[{"href":"https:\/\/minghanggroup.com\/fr\/wp-json\/wp\/v2\/media?parent=5481"}],"wp:term":[{"taxonomy":"product_brand","embeddable":true,"href":"https:\/\/minghanggroup.com\/fr\/wp-json\/wp\/v2\/product_brand?post=5481"},{"taxonomy":"product_cat","embeddable":true,"href":"https:\/\/minghanggroup.com\/fr\/wp-json\/wp\/v2\/product_cat?post=5481"},{"taxonomy":"product_tag","embeddable":true,"href":"https:\/\/minghanggroup.com\/fr\/wp-json\/wp\/v2\/product_tag?post=5481"}],"curies":[{"name":"wp","href":"https:\/\/api.w.org\/{rel}","templated":true}]}}