{"id":5468,"date":"2026-02-02T16:26:31","date_gmt":"2026-02-02T08:26:31","guid":{"rendered":"https:\/\/minghanggroup.com\/?post_type=product&#038;p=5468"},"modified":"2026-03-02T13:33:16","modified_gmt":"2026-03-02T05:33:16","slug":"glass-juice-bottles-with-slim-neck-design-wholesale","status":"publish","type":"product","link":"https:\/\/minghanggroup.com\/fr\/produit\/glass-juice-bottles-with-slim-neck-design-wholesale\/","title":{"rendered":"Bouteilles de jus en verre de 125 ml \u00e0 1000 ml avec col fin, vente en gros"},"content":{"rendered":"<p>La bouteille de jus en verre transparent pr\u00e9sente un corps large et arrondi et un col \u00e9troit et fluide. Elle se d\u00e9cline en diff\u00e9rentes contenances, allant des formats d\u00e9couverte de 125 ml aux grandes bouteilles de 700 ml.<\/p>\n<h2>Caract\u00e9ristiques du produit<\/h2>\n<ul>\n<li><strong>Corps large, col fin\u00a0:<\/strong> Son corps plein, aux contours arrondis et g\u00e9n\u00e9reux, offre une capacit\u00e9 ad\u00e9quate tandis que son col fin facilite la prise en main et le versement, lui conf\u00e9rant un aspect \u00e0 la fois pratique et esth\u00e9tique.<\/li>\n<li><strong>Plusieurs tailles :<\/strong> Il existe en 10 formats, allant des formats individuels d&#039;essai aux formats familiaux.<\/li>\n<li><strong>Bouchon m\u00e9tallique filet\u00e9 de s\u00e9curit\u00e9 :<\/strong> Le bouchon m\u00e9tallique fourni assure une fermeture herm\u00e9tique et est reconnu pour pr\u00e9server la saveur et la fra\u00eecheur de votre boisson.<\/li>\n<\/ul>\n<h2 style=\"text-align: left;\">Caract\u00e9ristiques principales<\/h2>\n<table class=\"aligncenter\" style=\"border-collapse: collapse; width: 492.02pt;\" border=\"0\" width=\"656\" cellspacing=\"0\" cellpadding=\"0\">\n<tbody>\n<tr style=\"height: 13.50pt;\">\n<td style=\"height: 13.50pt; width: 121.50pt;\" width=\"162\" height=\"18\">Sp\u00e9cification<\/td>\n<td style=\"width: 370.50pt;\" width=\"494\">D\u00e9tails<\/td>\n<\/tr>\n<tr style=\"height: 13.50pt;\">\n<td style=\"height: 13.50pt;\" height=\"18\">Capacit\u00e9<\/td>\n<td>125 ml, 200 ml, 250 ml, 300 ml, 330 ml, 350 ml, 380 ml, 500 ml, 700 ml, 1000 ml<\/td>\n<\/tr>\n<tr style=\"height: 13.50pt;\">\n<td style=\"height: 13.50pt;\" height=\"18\">Dimensions<\/td>\n<td>56\u00d7135 mm \u00e0 94\u00d7300 mm<\/td>\n<\/tr>\n<tr style=\"height: 13.50pt;\">\n<td style=\"height: 13.50pt;\" height=\"18\">Mat\u00e9riel<\/td>\n<td>Verre transparent, couvercle en m\u00e9tal<\/td>\n<\/tr>\n<tr style=\"height: 13.50pt;\">\n<td style=\"height: 13.50pt;\" height=\"18\">Forme de bouteille<\/td>\n<td>Ventre large et arrondi se r\u00e9tr\u00e9cissant en un cou fin<\/td>\n<\/tr>\n<tr style=\"height: 13.50pt;\">\n<td style=\"height: 13.50pt;\" height=\"18\">\u00c9tendue de la personnalisation<\/td>\n<td>Couleur, couvercles, taille, forme<\/td>\n<\/tr>\n<tr style=\"height: 13.50pt;\">\n<td style=\"height: 13.50pt;\" height=\"18\">Savoir-faire<\/td>\n<td>Formage du verre de pr\u00e9cision pour des courbes r\u00e9guli\u00e8res, filetage<\/td>\n<\/tr>\n<tr style=\"height: 13.50pt;\">\n<td style=\"height: 13.50pt;\" height=\"18\">Objectif du produit<\/td>\n<td>Bouteilles de jus de qualit\u00e9 sup\u00e9rieure, bouteilles de jus en verre en gros<\/td>\n<\/tr>\n<tr style=\"height: 13.50pt;\">\n<td style=\"height: 13.50pt;\" height=\"18\">Secteurs d&#039;activit\u00e9 appropri\u00e9s<\/td>\n<td>Marques de jus, fournisseurs de produits alimentaires gastronomiques, caf\u00e9s<\/td>\n<\/tr>\n<\/tbody>\n<\/table>\n<h2>Histoire \u00e0 succ\u00e8s<\/h2>\n<p>Notre bouteille de jus en verre a \u00e9t\u00e9 choisie par une cha\u00eene de magasins de jus de fruits d&#039;Europe du Nord, qui a opt\u00e9 pour une version d\u00e9polie. Le design prestigieux de cette bouteille la distingue des autres produits en rayon, ce qui am\u00e9liore la perception du produit et entra\u00eene une hausse de 22 % de son prix de vente. Le bouchon herm\u00e9tique permet g\u00e9n\u00e9ralement de r\u00e9duire le gaspillage de 20 %. La cha\u00eene a pass\u00e9 une commande suppl\u00e9mentaire de 1,2 million de bouteilles au cours du deuxi\u00e8me trimestre afin de r\u00e9pondre \u00e0 la demande croissante de son r\u00e9seau de distribution.<\/p>\n<h2>Bouteilles de jus en verre en gros et personnalisables<\/h2>\n<ul>\n<li>Ajustement de la forme de la bouteille\u00a0: ajouter ou enlever de la rondeur au corps de la bouteille, allonger le col ou l\u2019adapter \u00e0 un type de boisson.<\/li>\n<li>Ajustement de l&#039;\u00e9paisseur\u00a0: L&#039;\u00e9paisseur du verre peut \u00eatre ajust\u00e9e pour obtenir une meilleure durabilit\u00e9 dans les applications n\u00e9cessitant un volume important ou pour r\u00e9duire le poids.<\/li>\n<li>Cr\u00e9ations de casquettes personnalis\u00e9es\u00a0: Elles seront propos\u00e9es en diff\u00e9rentes couleurs (noir, or, argent) ou avec des logos de marque.<\/li>\n<\/ul>","protected":false},"excerpt":{"rendered":"<p>Bouteille de jus en verre \u00e0 la forme arrondie et au col \u00e9troit. Vente en gros de bouteilles de jus en verre avec personnalisation OEM (taille, logo et bouchon).<\/p>","protected":false},"featured_media":5469,"template":"","meta":{"postBodyCss":"","postBodyMargin":[],"postBodyPadding":[],"postBodyBackground":{"backgroundType":"classic","gradient":""}},"product_brand":[],"product_cat":[15,83,16],"product_tag":[92,91],"class_list":{"0":"post-5468","1":"product","2":"type-product","3":"status-publish","4":"has-post-thumbnail","6":"product_cat-glass-containers","7":"product_cat-glass-beverage-bottles","8":"product_cat-glass-bottles","9":"product_tag-glass-liquor-bottles","10":"product_tag-glass-soda-bottles","12":"first","13":"instock","14":"shipping-taxable","15":"product-type-simple"},"jetpack_sharing_enabled":true,"_links":{"self":[{"href":"https:\/\/minghanggroup.com\/fr\/wp-json\/wp\/v2\/product\/5468","targetHints":{"allow":["GET"]}}],"collection":[{"href":"https:\/\/minghanggroup.com\/fr\/wp-json\/wp\/v2\/product"}],"about":[{"href":"https:\/\/minghanggroup.com\/fr\/wp-json\/wp\/v2\/types\/product"}],"wp:featuredmedia":[{"embeddable":true,"href":"https:\/\/minghanggroup.com\/fr\/wp-json\/wp\/v2\/media\/5469"}],"wp:attachment":[{"href":"https:\/\/minghanggroup.com\/fr\/wp-json\/wp\/v2\/media?parent=5468"}],"wp:term":[{"taxonomy":"product_brand","embeddable":true,"href":"https:\/\/minghanggroup.com\/fr\/wp-json\/wp\/v2\/product_brand?post=5468"},{"taxonomy":"product_cat","embeddable":true,"href":"https:\/\/minghanggroup.com\/fr\/wp-json\/wp\/v2\/product_cat?post=5468"},{"taxonomy":"product_tag","embeddable":true,"href":"https:\/\/minghanggroup.com\/fr\/wp-json\/wp\/v2\/product_tag?post=5468"}],"curies":[{"name":"wp","href":"https:\/\/api.w.org\/{rel}","templated":true}]}}