{"id":5463,"date":"2026-02-02T15:32:04","date_gmt":"2026-02-02T07:32:04","guid":{"rendered":"https:\/\/minghanggroup.com\/?post_type=product&#038;p=5463"},"modified":"2026-04-14T09:42:46","modified_gmt":"2026-04-14T01:42:46","slug":"conical-clear-glass-soda-bottles-wholesale","status":"publish","type":"product","link":"https:\/\/minghanggroup.com\/fr\/produit\/conical-clear-glass-soda-bottles-wholesale\/","title":{"rendered":"Bouteilles de soda coniques en verre transparent de 250 ml et 330 ml, vente en gros"},"content":{"rendered":"<p>Ces bouteilles de soda en verre, de forme conique et fabriqu\u00e9es en verre lisse, pr\u00e9sentent un profil conique \u00e9l\u00e9gant. Solides et larges \u00e0 la base, elles se r\u00e9tr\u00e9cissent jusqu&#039;\u00e0 un col \u00e9troit et sont munies d&#039;un bouchon m\u00e9tallique filet\u00e9 robuste qui assure une \u00e9tanch\u00e9it\u00e9 parfaite et pr\u00e9serve la boisson.<\/p>\n<h2>Caract\u00e9ristiques du produit<\/h2>\n<ul>\n<li><strong>Corps conique :<\/strong> Sa forme conique est \u00e0 la fois esth\u00e9tique et fonctionnelle, avec une base large et un col \u00e9troit, ce qui conf\u00e8re au r\u00e9cipient sa stabilit\u00e9, facilitant ainsi la prise en main et le versement.<\/li>\n<li><strong>Bouchon filet\u00e9 \u00e9tanche :<\/strong> Le bouchon m\u00e9tallique filet\u00e9 assure une bonne \u00e9tanch\u00e9it\u00e9 du produit, \u00e9vitant ainsi les fuites et am\u00e9liorant la dur\u00e9e de conservation de la boisson.<\/li>\n<li><strong>Deux tailles pratiques :<\/strong> Le produit est disponible en deux formats pratiques : 250 ml et 330 ml, id\u00e9aux pour une consommation personnelle et le pr\u00e9l\u00e8vement de portions.<\/li>\n<\/ul>\n<h2 style=\"text-align: left;\">Caract\u00e9ristiques principales<\/h2>\n<table class=\"aligncenter\" style=\"border-collapse: collapse; width: 464.27pt;\" border=\"0\" width=\"619\" cellspacing=\"0\" cellpadding=\"0\">\n<tbody>\n<tr style=\"height: 13.50pt;\">\n<td style=\"height: 13.50pt; width: 121.50pt;\" width=\"162\" height=\"18\">Sp\u00e9cification<\/td>\n<td style=\"width: 342.75pt;\" width=\"457\">D\u00e9tails<\/td>\n<\/tr>\n<tr style=\"height: 13.50pt;\">\n<td style=\"height: 13.50pt;\" height=\"18\">Capacit\u00e9<\/td>\n<td>250 ml \/ 330 ml<\/td>\n<\/tr>\n<tr style=\"height: 13.50pt;\">\n<td style=\"height: 13.50pt;\" height=\"18\">Dimensions<\/td>\n<td>62\u00d7220\u00d728 mm \/ 70\u00d7240\u00d728 mm<\/td>\n<\/tr>\n<tr style=\"height: 13.50pt;\">\n<td style=\"height: 13.50pt;\" height=\"18\">Mat\u00e9riel<\/td>\n<td>Verre transparent, bouchon en m\u00e9tal<\/td>\n<\/tr>\n<tr style=\"height: 13.50pt;\">\n<td style=\"height: 13.50pt;\" height=\"18\">Forme de bouteille<\/td>\n<td>Cylindre conique<\/td>\n<\/tr>\n<tr style=\"height: 13.50pt;\">\n<td style=\"height: 13.50pt;\" height=\"18\">\u00c9tendue de la personnalisation<\/td>\n<td>Couleur, taille, couvercles, finition<\/td>\n<\/tr>\n<tr style=\"height: 13.50pt;\">\n<td style=\"height: 13.50pt;\" height=\"18\">Savoir-faire<\/td>\n<td>Formage de verre de pr\u00e9cision pour formes coniques, filetage<\/td>\n<\/tr>\n<tr style=\"height: 13.50pt;\">\n<td style=\"height: 13.50pt;\" height=\"18\">Objectif du produit<\/td>\n<td>Bouteilles en verre SodaStream, bouteilles d&#039;eau gazeuse<\/td>\n<\/tr>\n<tr style=\"height: 13.50pt;\">\n<td style=\"height: 13.50pt;\" height=\"18\">Secteurs d&#039;activit\u00e9 appropri\u00e9s<\/td>\n<td>Marques de boissons, Caf\u00e9s<\/td>\n<\/tr>\n<\/tbody>\n<\/table>\n<h2>Succ\u00e8s : La gamme Signature d&#039;une entreprise artisanale de sodas de Nouvelle-Angleterre<\/h2>\n<p>Notre bouteille de soda conique en verre de 330 ml a \u00e9t\u00e9 choisie par une entreprise artisanale de Nouvelle-Angleterre et personnalis\u00e9e avec un corps d\u00e9poli et une \u00e9tiquette s\u00e9rigraphi\u00e9e \u00e0 l&#039;aspect vieilli. La conception sophistiqu\u00e9e de cette bouteille est devenue un classique, ce qui a entra\u00een\u00e9 une augmentation de 60 % des ventes en rayon par rapport \u00e0 l&#039;ancien mod\u00e8le. La r\u00e9utilisabilit\u00e9 des bouteilles est un argument de vente majeur\u00a0: 70 % des clients choisissent de les r\u00e9utiliser. Tr\u00e8s satisfaite, l&#039;entreprise a donc command\u00e9 400\u00a0000 bouteilles suppl\u00e9mentaires afin d&#039;approvisionner son r\u00e9seau de distributeurs en pleine expansion.<\/p>\n<h2>Personnalisation des bouteilles en verre SodaStream<\/h2>\n<ul>\n<li>Couleurs et teintes du verre\u00a0: Il existe en version transparente ou gris fum\u00e9, ambre ou de couleur personnalis\u00e9e comme le bleu clair ou le vert.<\/li>\n<li>Finition givr\u00e9e ou mate\u00a0: Elle est disponible avec une finition enti\u00e8rement givr\u00e9e ou mate pour un toucher doux et de haute qualit\u00e9.<\/li>\n<li>Marquage du volume en relief\u00a0: Pr\u00e9sence de petits marquages \u200b\u200ben relief au fond de la bouteille indiquant un volume de 250\u00a0ml ou 330\u00a0ml.<\/li>\n<li>Conception de casquettes personnalis\u00e9es\u00a0: Vous pouvez choisir des casquettes de couleur (noir, or, argent) ou avec le logo de votre entreprise.<\/li>\n<\/ul>","protected":false},"excerpt":{"rendered":"<p>Bouteilles SodaStream en verre r\u00e9sistant, de forme conique \u00e9l\u00e9gante et munies de bouchons s\u00e9curis\u00e9s. Livraison rapide pour les commandes en gros de boissons.<\/p>","protected":false},"featured_media":5467,"template":"","meta":{"postBodyCss":"","postBodyMargin":[],"postBodyPadding":[],"postBodyBackground":{"backgroundType":"classic","gradient":""}},"product_brand":[],"product_cat":[15,83,16],"product_tag":[93,91],"class_list":{"0":"post-5463","1":"product","2":"type-product","3":"status-publish","4":"has-post-thumbnail","6":"product_cat-glass-containers","7":"product_cat-glass-beverage-bottles","8":"product_cat-glass-bottles","9":"product_tag-glass-gatorade-bottles","10":"product_tag-glass-soda-bottles","12":"first","13":"instock","14":"shipping-taxable","15":"product-type-simple"},"jetpack_sharing_enabled":true,"_links":{"self":[{"href":"https:\/\/minghanggroup.com\/fr\/wp-json\/wp\/v2\/product\/5463","targetHints":{"allow":["GET"]}}],"collection":[{"href":"https:\/\/minghanggroup.com\/fr\/wp-json\/wp\/v2\/product"}],"about":[{"href":"https:\/\/minghanggroup.com\/fr\/wp-json\/wp\/v2\/types\/product"}],"wp:featuredmedia":[{"embeddable":true,"href":"https:\/\/minghanggroup.com\/fr\/wp-json\/wp\/v2\/media\/5467"}],"wp:attachment":[{"href":"https:\/\/minghanggroup.com\/fr\/wp-json\/wp\/v2\/media?parent=5463"}],"wp:term":[{"taxonomy":"product_brand","embeddable":true,"href":"https:\/\/minghanggroup.com\/fr\/wp-json\/wp\/v2\/product_brand?post=5463"},{"taxonomy":"product_cat","embeddable":true,"href":"https:\/\/minghanggroup.com\/fr\/wp-json\/wp\/v2\/product_cat?post=5463"},{"taxonomy":"product_tag","embeddable":true,"href":"https:\/\/minghanggroup.com\/fr\/wp-json\/wp\/v2\/product_tag?post=5463"}],"curies":[{"name":"wp","href":"https:\/\/api.w.org\/{rel}","templated":true}]}}