{"id":5453,"date":"2026-02-02T15:30:16","date_gmt":"2026-02-02T07:30:16","guid":{"rendered":"https:\/\/minghanggroup.com\/?post_type=product&#038;p=5453"},"modified":"2026-02-02T15:30:18","modified_gmt":"2026-02-02T07:30:18","slug":"personalized-wine-bottles-for-packaging-bulk","status":"publish","type":"product","link":"https:\/\/minghanggroup.com\/fr\/produit\/personalized-wine-bottles-for-packaging-bulk\/","title":{"rendered":"Bouteilles de vin personnalis\u00e9es de 750 ml pour conditionnement en vrac"},"content":{"rendered":"<p>Vous \u00e9laborez des vins avec passion\u00a0; offrez-leur un \u00e9crin \u00e0 la hauteur de chaque goutte. Notre bouteille de 750\u00a0ml allie l\u2019\u00e9l\u00e9gance classique des bouteilles bordelaises \u00e0 la protection d\u2019un verre vert olive profond. Compatible avec une large gamme de bouteilles et de bouchons, elle est id\u00e9ale pour vos vins rouges, clarets ou vins faits maison. Une d\u00e9gustation sereine, de la cave \u00e0 l\u2019assiette.<\/p>\n<h2>Caract\u00e9ristiques du produit<\/h2>\n<ul>\n<li><strong>Stock authentique de Bordeaux :<\/strong> Cette l\u00e9g\u00e8re inclinaison de l&#039;\u00e9paule\u00a0? Un classique absolu. Elle offre suffisamment d&#039;espace pour une marque de bouchon standard et, avant m\u00eame d&#039;avoir vers\u00e9 la premi\u00e8re gorg\u00e9e, elle \u00e9voque subtilement le travail fait avec amour.<\/li>\n<li><strong>Base stable, sans oscillation :<\/strong> Son fond lourd assure la stabilit\u00e9 de la bouteille, qu&#039;elle soit pos\u00e9e sur des \u00e9tag\u00e8res, dans des caisses ou des coffrets cadeaux.<\/li>\n<li><strong>Libert\u00e9 de cl\u00f4ture, \u00e0 votre fa\u00e7on\u00a0:<\/strong> Un \u00e9tui en li\u00e8ge pour l&#039;\u00e9l\u00e9gance ou un capuchon en aluminium pour une touche contemporaine.<\/li>\n<\/ul>\n<h2>Caract\u00e9ristiques principales<\/h2>\n<table style=\"border-collapse: collapse; width: 80%; margin-left: auto; margin-right: auto;\" border=\"0\" width=\"144\" cellspacing=\"0\" cellpadding=\"0\">\n<tbody>\n<tr style=\"height: 13.50pt;\">\n<td style=\"height: 13.5pt; width: 54pt; text-align: center;\" width=\"72\" height=\"18\">Fonctionnalit\u00e9<\/td>\n<td style=\"width: 54pt; text-align: center;\" width=\"72\">D\u00e9tail<\/td>\n<\/tr>\n<tr style=\"height: 13.50pt;\">\n<td style=\"height: 13.5pt; text-align: center;\" height=\"18\">Capacit\u00e9 (ml)<\/td>\n<td style=\"text-align: center;\" align=\"right\">750<\/td>\n<\/tr>\n<tr style=\"height: 13.50pt;\">\n<td style=\"height: 13.5pt; text-align: center;\" height=\"18\">Dimensions (ml)<\/td>\n<td style=\"text-align: center;\">8,5 \u00d7 31,0<\/td>\n<\/tr>\n<tr style=\"height: 13.50pt;\">\n<td style=\"height: 13.5pt; text-align: center;\" height=\"18\">Ouverture du cou (cm)<\/td>\n<td style=\"text-align: center;\" align=\"right\">1.8<\/td>\n<\/tr>\n<tr style=\"height: 13.50pt;\">\n<td style=\"height: 13.5pt; text-align: center;\" height=\"18\">Couleur<\/td>\n<td style=\"text-align: center;\">Ambre profond<\/td>\n<\/tr>\n<tr style=\"height: 13.50pt;\">\n<td style=\"height: 13.5pt; text-align: center;\" height=\"18\">Id\u00e9al pour<\/td>\n<td style=\"text-align: center;\">Vins rouges, claret, cuv\u00e9es artisanales, bouteilles d&#039;alcool<\/td>\n<\/tr>\n<\/tbody>\n<\/table>\n<h2>Cas de r\u00e9ussite<\/h2>\n<p>Un petit domaine viticole europ\u00e9en a choisi nos bouteilles de vin personnalis\u00e9es de 750 ml comme solution d&#039;emballage principale pour sa nouvelle gamme. Soucieux de renforcer leur image de marque, nous avons collabor\u00e9 avec le client pour concevoir des bouteilles en verre fonc\u00e9 r\u00e9sistant aux UV, sur lesquelles sont imprim\u00e9s le logo exclusif du domaine et le code du mill\u00e9sime. Ces bouteilles sont agr\u00e9ment\u00e9es de bouchons en li\u00e8ge naturel et de capsules argent\u00e9es mates, cr\u00e9ant ainsi un ensemble harmonieux et raffin\u00e9, id\u00e9al pour les collectionneurs.<\/p>\n<p>En seulement trois mois apr\u00e8s le lancement du nouveau produit, les ventes de la gamme ont progress\u00e9 d&#039;environ 32 % sur les canaux de distribution existants. Face \u00e0 un accueil du march\u00e9 bien sup\u00e9rieur aux pr\u00e9visions, le client a pass\u00e9 une seconde commande quatre mois apr\u00e8s la premi\u00e8re livraison, pour un volume de commandes en hausse de 45 % par rapport \u00e0 la premi\u00e8re.<\/p>\n<h2>Vos conseils de personnalisation<\/h2>\n<ol>\n<li><strong>D\u00e9tails de conception de la bouteille\u00a0:<\/strong> Elle permet aux logos des domaines viticoles, aux mill\u00e9simes ou aux \u00e9l\u00e9ments r\u00e9gionaux d&#039;\u00eatre litt\u00e9ralement grav\u00e9s sur le verre, d\u00e9cor\u00e9s par gaufrage, d\u00e9bossage ou finition givr\u00e9e sur le corps de la bouteille.<\/li>\n<li><strong>Options du syst\u00e8me de fermeture\u00a0:<\/strong> Elle offre la possibilit\u00e9 de remplacer les bouchons en li\u00e8ge naturel, les bouchons synth\u00e9tiques ou les capsules \u00e0 vis en fonction du positionnement sur le march\u00e9, ainsi que la possibilit\u00e9 de personnaliser les couleurs, les mat\u00e9riaux et les textures de surface des capsules.<\/li>\n<li><strong>Personnalisation compl\u00e8te de l&#039;emballage\u00a0:<\/strong> Elle propose des formats d&#039;\u00e9tiquettes et des solutions d&#039;emballage ext\u00e9rieur en harmonie avec le style de la bouteille, garantissant ainsi une coh\u00e9rence visuelle entre la bouteille et le coffret cadeau.<\/li>\n<\/ol>","protected":false},"excerpt":{"rendered":"<p>Ces bouteilles de vin personnalis\u00e9es sont id\u00e9ales pour les commandes en gros des domaines viticoles. Les bouteilles de 750 ml sont livr\u00e9es directement du fabricant et permettent une personnalisation en grande quantit\u00e9.<\/p>","protected":false},"featured_media":5461,"template":"","meta":{"postBodyCss":"","postBodyMargin":[],"postBodyPadding":[],"postBodyBackground":{"backgroundType":"classic","gradient":""}},"product_brand":[],"product_cat":[15,16,84],"product_tag":[],"class_list":{"0":"post-5453","1":"product","2":"type-product","3":"status-publish","4":"has-post-thumbnail","6":"product_cat-glass-containers","7":"product_cat-glass-bottles","8":"product_cat-wine-bottles","10":"first","11":"instock","12":"shipping-taxable","13":"product-type-simple"},"jetpack_sharing_enabled":true,"_links":{"self":[{"href":"https:\/\/minghanggroup.com\/fr\/wp-json\/wp\/v2\/product\/5453","targetHints":{"allow":["GET"]}}],"collection":[{"href":"https:\/\/minghanggroup.com\/fr\/wp-json\/wp\/v2\/product"}],"about":[{"href":"https:\/\/minghanggroup.com\/fr\/wp-json\/wp\/v2\/types\/product"}],"wp:featuredmedia":[{"embeddable":true,"href":"https:\/\/minghanggroup.com\/fr\/wp-json\/wp\/v2\/media\/5461"}],"wp:attachment":[{"href":"https:\/\/minghanggroup.com\/fr\/wp-json\/wp\/v2\/media?parent=5453"}],"wp:term":[{"taxonomy":"product_brand","embeddable":true,"href":"https:\/\/minghanggroup.com\/fr\/wp-json\/wp\/v2\/product_brand?post=5453"},{"taxonomy":"product_cat","embeddable":true,"href":"https:\/\/minghanggroup.com\/fr\/wp-json\/wp\/v2\/product_cat?post=5453"},{"taxonomy":"product_tag","embeddable":true,"href":"https:\/\/minghanggroup.com\/fr\/wp-json\/wp\/v2\/product_tag?post=5453"}],"curies":[{"name":"wp","href":"https:\/\/api.w.org\/{rel}","templated":true}]}}