{"id":5452,"date":"2026-02-02T13:41:49","date_gmt":"2026-02-02T05:41:49","guid":{"rendered":"https:\/\/minghanggroup.com\/?post_type=product&#038;p=5452"},"modified":"2026-03-02T13:52:10","modified_gmt":"2026-03-02T05:52:10","slug":"cactus-shaped-glass-juice-bottles-with-lids-wholesale","status":"publish","type":"product","link":"https:\/\/minghanggroup.com\/fr\/produit\/cactus-shaped-glass-juice-bottles-with-lids-wholesale\/","title":{"rendered":"Bouteilles de jus en verre de 450 ml en forme de cactus avec couvercles (vente en gros)"},"content":{"rendered":"<p>Ces adorables bouteilles de jus en verre, qui ressemblent \u00e0 des cactus, ont un corps transparent avec des nervures verticales et une texture finement pointill\u00e9e, et leurs c\u00f4t\u00e9s pr\u00e9sentent des protub\u00e9rances en forme de pagaie qui offrent une prise en main \u00e9quilibr\u00e9e.<\/p>\n<h2>Caract\u00e9ristiques du produit<\/h2>\n<ul>\n<li><strong>Design inspir\u00e9 du cactus :<\/strong> La poign\u00e9e en forme de paume et la texture pointill\u00e9e de la bouteille imitent parfaitement la forme d&#039;un cactus, la rendant ainsi tr\u00e8s reconnaissable et ajoutant un aspect ludique \u00e0 sa consommation.<\/li>\n<li><strong>Conception \u00e9tanche :<\/strong> Le bouchon m\u00e9tallique filet\u00e9 assure une \u00e9tanch\u00e9it\u00e9 parfaite du produit et la conception du trou pour paille emp\u00eache toute fuite tout en permettant d&#039;ins\u00e9rer facilement la paille.<\/li>\n<li><strong>Conception polyvalente et pratique\u00a0:<\/strong> Ces bouteilles peuvent \u00e9galement servir de bouteilles d\u00e9coratives de table, utilisables lors de pique-niques, de f\u00eates, \u00e0 la maison, etc.<\/li>\n<\/ul>\n<h2 style=\"text-align: left;\">Caract\u00e9ristiques principales<\/h2>\n<table class=\"aligncenter\" style=\"border-collapse: collapse; width: 430.52pt;\" border=\"0\" width=\"574\" cellspacing=\"0\" cellpadding=\"0\">\n<tbody>\n<tr style=\"height: 13.50pt;\">\n<td style=\"height: 13.50pt; width: 131.25pt;\" width=\"175\" height=\"18\">Sp\u00e9cification<\/td>\n<td style=\"width: 299.25pt;\" width=\"399\">D\u00e9tails<\/td>\n<\/tr>\n<tr style=\"height: 13.50pt;\">\n<td style=\"height: 13.50pt;\" height=\"18\">Capacit\u00e9<\/td>\n<td>450 ml<\/td>\n<\/tr>\n<tr style=\"height: 13.50pt;\">\n<td style=\"height: 13.50pt;\" height=\"18\">Dimensions de l&#039;emballage<\/td>\n<td>100\u00d7100\u00d7150 mm<\/td>\n<\/tr>\n<tr style=\"height: 13.50pt;\">\n<td style=\"height: 13.50pt;\" height=\"18\">Mat\u00e9riel<\/td>\n<td>Verre clair<\/td>\n<\/tr>\n<tr style=\"height: 13.50pt;\">\n<td style=\"height: 13.50pt;\" height=\"18\">Forme de bouteille<\/td>\n<td>Inspir\u00e9 par le cactus<\/td>\n<\/tr>\n<tr style=\"height: 13.50pt;\">\n<td style=\"height: 13.50pt;\" height=\"18\">\u00c9tendue de la personnalisation<\/td>\n<td>Couleur, texture, motif, forme, couvercles, paille<\/td>\n<\/tr>\n<tr style=\"height: 13.50pt;\">\n<td style=\"height: 13.50pt;\" height=\"18\">Objectif du produit<\/td>\n<td>Bouteilles de jus en verre avec bouchons, bouteilles de soda en verre<\/td>\n<\/tr>\n<tr style=\"height: 13.50pt;\">\n<td style=\"height: 13.50pt;\" height=\"18\">Secteurs d&#039;activit\u00e9 appropri\u00e9s<\/td>\n<td>Marques de jus, caf\u00e9s, marques de boissons<\/td>\n<\/tr>\n<\/tbody>\n<\/table>\n<h2>Succ\u00e8s : Promotion estivale d&#039;une cha\u00eene de jus sur la c\u00f4te ouest<\/h2>\n<p>Une cha\u00eene de jus de fruits de la c\u00f4te ouest am\u00e9ricaine a choisi d&#039;utiliser nos bouteilles en verre en forme de cactus, munies de bouchons, et a con\u00e7u un corps de bouteille vert clair, int\u00e9grant le logo de la marque de mani\u00e8re uniforme sur les bras du cactus. Ce design original a rencontr\u00e9 un succ\u00e8s retentissant\u00a0; gr\u00e2ce \u00e0 sa poign\u00e9e int\u00e9gr\u00e9e, la bouteille est facile \u00e0 transporter et le nombre de clients se plaignant des renversements a diminu\u00e9 de 90\u00a0%. Son originalit\u00e9 a suscit\u00e9 un v\u00e9ritable engouement sur les r\u00e9seaux sociaux, avec plus de 10\u00a0000 publications \u00e0 son sujet. Fort de ce succ\u00e8s, la cha\u00eene a pass\u00e9 une nouvelle commande de 500\u00a0000 bouteilles pour son offre permanente et a lanc\u00e9 des promotions saisonni\u00e8res.<\/p>\n<h2>Personnalisation des bouteilles de jus en verre<\/h2>\n<ul>\n<li>Couleurs et nuances du verre : Il est disponible en transparent, vert ou autres couleurs selon le th\u00e8me des boissons.<\/li>\n<li>Textures et motifs individuels\u00a0: Modifiez la texture ou ins\u00e9rez des motifs alternatifs, par exemple des fleurs ou des motifs g\u00e9om\u00e9triques.<\/li>\n<li>Variations de la forme du manche\u00a0: Modifiez la forme du manche de la pagaie en cactus pour qu\u2019il soit plus arrondi, plus long ou de toute autre forme.<\/li>\n<li>Choix de couleurs pour les bouchons et les pailles : Les bouchons et les pailles sont disponibles dans de nombreuses couleurs (par exemple rose, jaune, argent).<\/li>\n<\/ul>","protected":false},"excerpt":{"rendered":"<p>Bouteilles \u00e0 jus en verre transparent avec poign\u00e9es originales en forme de cactus et bouchons \u00e0 vis en m\u00e9tal. Ces bouteilles \u00e0 jus en verre avec bouchon peuvent \u00eatre personnalis\u00e9es (OEM) pour s&#039;adapter \u00e0 votre marque ou \u00e0 vos besoins de contenance.<\/p>","protected":false},"featured_media":5457,"template":"","meta":{"postBodyCss":"","postBodyMargin":[],"postBodyPadding":[],"postBodyBackground":{"backgroundType":"classic","gradient":""}},"product_brand":[],"product_cat":[15,83,16],"product_tag":[95],"class_list":{"0":"post-5452","1":"product","2":"type-product","3":"status-publish","4":"has-post-thumbnail","6":"product_cat-glass-containers","7":"product_cat-glass-beverage-bottles","8":"product_cat-glass-bottles","9":"product_tag-coffee-tumblers","11":"first","12":"instock","13":"shipping-taxable","14":"product-type-simple"},"jetpack_sharing_enabled":true,"_links":{"self":[{"href":"https:\/\/minghanggroup.com\/fr\/wp-json\/wp\/v2\/product\/5452","targetHints":{"allow":["GET"]}}],"collection":[{"href":"https:\/\/minghanggroup.com\/fr\/wp-json\/wp\/v2\/product"}],"about":[{"href":"https:\/\/minghanggroup.com\/fr\/wp-json\/wp\/v2\/types\/product"}],"wp:featuredmedia":[{"embeddable":true,"href":"https:\/\/minghanggroup.com\/fr\/wp-json\/wp\/v2\/media\/5457"}],"wp:attachment":[{"href":"https:\/\/minghanggroup.com\/fr\/wp-json\/wp\/v2\/media?parent=5452"}],"wp:term":[{"taxonomy":"product_brand","embeddable":true,"href":"https:\/\/minghanggroup.com\/fr\/wp-json\/wp\/v2\/product_brand?post=5452"},{"taxonomy":"product_cat","embeddable":true,"href":"https:\/\/minghanggroup.com\/fr\/wp-json\/wp\/v2\/product_cat?post=5452"},{"taxonomy":"product_tag","embeddable":true,"href":"https:\/\/minghanggroup.com\/fr\/wp-json\/wp\/v2\/product_tag?post=5452"}],"curies":[{"name":"wp","href":"https:\/\/api.w.org\/{rel}","templated":true}]}}