{"id":5447,"date":"2026-02-02T16:48:08","date_gmt":"2026-02-02T08:48:08","guid":{"rendered":"https:\/\/minghanggroup.com\/?post_type=product&#038;p=5447"},"modified":"2026-02-02T17:00:51","modified_gmt":"2026-02-02T09:00:51","slug":"dark-glass-wine-bottles-and-corks-wholesale","status":"publish","type":"product","link":"https:\/\/minghanggroup.com\/fr\/produit\/dark-glass-wine-bottles-and-corks-wholesale\/","title":{"rendered":"Bouteilles de vin en verre fonc\u00e9 de 750 ml et bouchons en gros"},"content":{"rendered":"<p>Vous \u00e9laborez des vins avec passion\u00a0; offrez-leur un \u00e9crin \u00e0 la hauteur de chaque goutte. Notre bouteille de 750\u00a0ml allie l\u2019\u00e9l\u00e9gance classique des bouteilles bordelaises \u00e0 la protection d\u2019un verre vert olive profond. Compatible avec une large gamme de bouteilles et de bouchons, elle est id\u00e9ale pour vos vins rouges, clarets ou vins faits maison. Une d\u00e9gustation sereine, de la cave \u00e0 l\u2019assiette.<\/p>\n<h2>Caract\u00e9ristiques du produit<\/h2>\n<ul>\n<li><strong>Authentique h\u00e9ritage bordelais :<\/strong> Ces douces courbes aux \u00e9paules de la bouteille ? Elles sont la marque d&#039;un savoir-faire traditionnel. La bouteille est parfaitement adapt\u00e9e aux bouchons de li\u00e8ge classiques, sugg\u00e9rant ainsi un vin d&#039;exception avant m\u00eame la premi\u00e8re gorg\u00e9e.<\/li>\n<li><strong>Bouteille en verre brun fonc\u00e9 :<\/strong> Outre le fait que le verre brun fonc\u00e9 bloque efficacement les rayons UV, il est bien plus performant que le verre transparent dans le cas des vins de Bourgogne ou des grands vins de Bordeaux, dont les tanins sont l\u00e9g\u00e8rement expos\u00e9s \u00e0 l&#039;oxyg\u00e8ne pendant le vieillissement ou le transport et n\u00e9cessitent donc une protection accrue.<\/li>\n<li><strong>Base stable, sans oscillation :<\/strong> Le fond renforc\u00e9 a \u00e9t\u00e9 con\u00e7u pour que la bouteille tienne parfaitement en place sur diverses surfaces, comme des \u00e9tag\u00e8res, des caisses \u00e0 vin ou des coffrets cadeaux. La stabilit\u00e9 de votre bouteille de vin de 750 ml est garantie et elle restera bien droite l\u00e0 o\u00f9 vous en avez le plus besoin.<\/li>\n<\/ul>\n<h2>Caract\u00e9ristiques principales<\/h2>\n<table style=\"border-collapse: collapse; width: 80%; margin-left: auto; margin-right: auto;\" border=\"0\" width=\"144\" cellspacing=\"0\" cellpadding=\"0\">\n<tbody>\n<tr style=\"height: 13.50pt;\">\n<td style=\"height: 13.5pt; width: 54pt; text-align: center;\" width=\"72\" height=\"18\">Fonctionnalit\u00e9<\/td>\n<td style=\"width: 54pt; text-align: center;\" width=\"72\">D\u00e9tail<\/td>\n<\/tr>\n<tr style=\"height: 13.50pt;\">\n<td style=\"height: 13.5pt; text-align: center;\" height=\"18\">Capacit\u00e9 (ml)<\/td>\n<td style=\"text-align: center;\" align=\"right\">750<\/td>\n<\/tr>\n<tr style=\"height: 13.50pt;\">\n<td style=\"height: 13.5pt; text-align: center;\" height=\"18\">Dimensions (cm)<\/td>\n<td style=\"text-align: center;\">8,5 \u00d7 31<\/td>\n<\/tr>\n<tr style=\"height: 13.50pt;\">\n<td style=\"height: 13.5pt; text-align: center;\" height=\"18\">Ouverture du cou (cm)<\/td>\n<td style=\"text-align: center;\" align=\"right\">1.8<\/td>\n<\/tr>\n<tr style=\"height: 13.50pt;\">\n<td style=\"height: 13.5pt; text-align: center;\" height=\"18\">Couleur<\/td>\n<td style=\"text-align: center;\">Deep B<span class=\"HwtZe\" lang=\"en\"><span class=\"jCAhz ChMk0b\"><span class=\"ryNqvb\">nous venons<\/span><\/span><\/span><\/td>\n<\/tr>\n<tr style=\"height: 13.50pt;\">\n<td style=\"height: 13.5pt; text-align: center;\" height=\"18\">Options de fermeture<\/td>\n<td style=\"text-align: center;\">Bouchons de li\u00e8ge naturel, capsule \u00e0 vis en aluminium, dessus en bois<\/td>\n<\/tr>\n<tr style=\"height: 13.50pt;\">\n<td style=\"height: 13.5pt; text-align: center;\" height=\"18\">Id\u00e9al pour<\/td>\n<td style=\"text-align: center;\">Vins rouges, claret, cuv\u00e9es artisanales, bouteilles d&#039;alcool<\/td>\n<\/tr>\n<\/tbody>\n<\/table>\n<h2>Cas de r\u00e9ussite<\/h2>\n<p>Un petit domaine viticole du sud de l&#039;Europe a choisi nos bouteilles de vin en verre fonc\u00e9 de 750 ml comme emballage principal pour sa nouvelle gamme de vins rouges de milieu de gamme. Soucieux de se d\u00e9marquer, ils ont opt\u00e9 pour un design unique, rehauss\u00e9 de d\u00e9tails dor\u00e9s, afin de souligner la tr\u00e8s haute qualit\u00e9 de leur vin. Le goulot de la bouteille s&#039;adapte parfaitement \u00e0 leur bouchon en li\u00e8ge naturel, garantissant ainsi une fermeture herm\u00e9tique et une conservation optimale.<\/p>\n<p>Trois mois seulement apr\u00e8s son lancement, les ventes de ce vin, via les points de vente locaux, avaient augment\u00e9 d&#039;environ 32 % par rapport \u00e0 l&#039;ann\u00e9e pr\u00e9c\u00e9dente, et les clients avaient m\u00eame r\u00e9ussi \u00e0 effectuer deux nouveaux achats dans les six mois suivant leur premier achat.<\/p>\n<h2>Conseils de personnalisation<\/h2>\n<ol>\n<li><strong>Options de bouchons de bouteille\u00a0:<\/strong> Le goulot et le bouchon en li\u00e8ge peuvent \u00eatre con\u00e7us pour s&#039;adapter parfaitement et ainsi assurer une fermeture herm\u00e9tique gr\u00e2ce \u00e0 l&#039;utilisation de li\u00e8ge naturel ou composite, r\u00e9duisant ainsi les risques de fuite et garantissant une meilleure stabilit\u00e9 lors du stockage \u00e0 long terme.<\/li>\n<li><strong>D\u00e9coration en relief :<\/strong> Il est possible d&#039;y apposer un marquage personnalis\u00e9 en relief ou en creux sur une zone sp\u00e9cifique du corps de la bouteille, par exemple le logo du domaine viticole, les symboles du mill\u00e9sime ou des lignes d\u00e9coratives. Ce marquage est si percutant qu&#039;il dispense d&#039;une \u00e9tiquette suppl\u00e9mentaire, ce qui est id\u00e9al pour les produits haut de gamme, de prestige ou en \u00e9dition limit\u00e9e.<\/li>\n<li><strong>Traitement de surface :<\/strong> Il existe un choix de finitions brillantes, mates ou l\u00e9g\u00e8rement d\u00e9polies, offrant \u00e0 l&#039;utilisateur des variations stylistiques sans modifier le moule de la bouteille ; ainsi, les clients peuvent facilement identifier les diff\u00e9rentes gammes de produits.<\/li>\n<\/ol>","protected":false},"excerpt":{"rendered":"<p>Bouteilles et bouchons de vin haut de gamme, notamment la bouteille classique de 750 ml. Vente directe d&#039;usine, qualit\u00e9 constante, personnalisation en gros possible et livraison rapide.<\/p>","protected":false},"featured_media":5451,"template":"","meta":{"postBodyCss":"","postBodyMargin":[],"postBodyPadding":[],"postBodyBackground":{"backgroundType":"classic","gradient":""}},"product_brand":[],"product_cat":[15,16,84],"product_tag":[],"class_list":{"0":"post-5447","1":"product","2":"type-product","3":"status-publish","4":"has-post-thumbnail","6":"product_cat-glass-containers","7":"product_cat-glass-bottles","8":"product_cat-wine-bottles","10":"first","11":"instock","12":"shipping-taxable","13":"product-type-simple"},"jetpack_sharing_enabled":true,"_links":{"self":[{"href":"https:\/\/minghanggroup.com\/fr\/wp-json\/wp\/v2\/product\/5447","targetHints":{"allow":["GET"]}}],"collection":[{"href":"https:\/\/minghanggroup.com\/fr\/wp-json\/wp\/v2\/product"}],"about":[{"href":"https:\/\/minghanggroup.com\/fr\/wp-json\/wp\/v2\/types\/product"}],"wp:featuredmedia":[{"embeddable":true,"href":"https:\/\/minghanggroup.com\/fr\/wp-json\/wp\/v2\/media\/5451"}],"wp:attachment":[{"href":"https:\/\/minghanggroup.com\/fr\/wp-json\/wp\/v2\/media?parent=5447"}],"wp:term":[{"taxonomy":"product_brand","embeddable":true,"href":"https:\/\/minghanggroup.com\/fr\/wp-json\/wp\/v2\/product_brand?post=5447"},{"taxonomy":"product_cat","embeddable":true,"href":"https:\/\/minghanggroup.com\/fr\/wp-json\/wp\/v2\/product_cat?post=5447"},{"taxonomy":"product_tag","embeddable":true,"href":"https:\/\/minghanggroup.com\/fr\/wp-json\/wp\/v2\/product_tag?post=5447"}],"curies":[{"name":"wp","href":"https:\/\/api.w.org\/{rel}","templated":true}]}}