{"id":5437,"date":"2026-02-02T11:03:54","date_gmt":"2026-02-02T03:03:54","guid":{"rendered":"https:\/\/minghanggroup.com\/?post_type=product&#038;p=5437"},"modified":"2026-04-27T14:51:36","modified_gmt":"2026-04-27T06:51:36","slug":"amber-glass-empty-wine-bottles-for-packaging-bulk","status":"publish","type":"product","link":"https:\/\/minghanggroup.com\/fr\/produit\/amber-glass-empty-wine-bottles-for-packaging-bulk\/","title":{"rendered":"Bouteilles de vin vides en verre ambr\u00e9 de 750 ml pour conditionnement en vrac"},"content":{"rendered":"<p>Les bouteilles de vin vides arborent le design traditionnel bordelais, fabriqu\u00e9es en verre vert olive fonc\u00e9 pour prot\u00e9ger le vin des rayons ultraviolets. Le syst\u00e8me de conservation du vin est particuli\u00e8rement efficace gr\u00e2ce \u00e0 sa conception qui associe un corps fin et droit, un col \u00e9troit et un fond concave profond.<\/p>\n<h2>Caract\u00e9ristiques du produit<\/h2>\n<ul>\n<li><strong>Design traditionnel bordelais :<\/strong> La forme caract\u00e9ristique de la bouteille bordelaise, avec ses \u00e9paules hautes, est imm\u00e9diatement reconnaissable et synonyme de qualit\u00e9 et de tradition.<\/li>\n<li><strong>Protection UV naturelle :<\/strong> Le verre vert fonc\u00e9 prot\u00e8ge le vin des \u00ab dommages caus\u00e9s par la lumi\u00e8re \u00bb et pr\u00e9serve ses ar\u00f4mes subtils.<\/li>\n<li><strong>R\u00e9sistance structurelle :<\/strong> Ses parois \u00e9paisses, ses \u00e9paules hautes et sa base concave profonde augmentent consid\u00e9rablement sa solidit\u00e9, offrant une protection efficace pour le transport et le stockage du vin en cave.<\/li>\n<\/ul>\n<h2>Caract\u00e9ristiques principales<\/h2>\n<table style=\"border-collapse: collapse; width: 80%; margin-left: auto; margin-right: auto;\" border=\"0\" width=\"144\" cellspacing=\"0\" cellpadding=\"0\">\n<tbody>\n<tr style=\"height: 13.50pt;\">\n<td style=\"height: 13.5pt; width: 54pt; text-align: center;\" width=\"72\" height=\"18\">Fonctionnalit\u00e9<\/td>\n<td style=\"width: 54pt; text-align: center;\" width=\"72\">D\u00e9tail<\/td>\n<\/tr>\n<tr style=\"height: 13.50pt;\">\n<td style=\"height: 13.5pt; text-align: center;\" height=\"18\">Capacit\u00e9 (ml)<\/td>\n<td style=\"text-align: center;\" align=\"right\">750<\/td>\n<\/tr>\n<tr style=\"height: 13.50pt;\">\n<td style=\"height: 13.5pt; text-align: center;\" height=\"18\">Dimensions (cm)<\/td>\n<td style=\"text-align: center;\">7,9 \u00d7 29,8<\/td>\n<\/tr>\n<tr style=\"height: 13.50pt;\">\n<td style=\"height: 13.5pt; text-align: center;\" height=\"18\">Ouverture du cou (cm)<\/td>\n<td style=\"text-align: center;\">1.8<\/td>\n<\/tr>\n<tr style=\"height: 13.50pt;\">\n<td style=\"height: 13.5pt; text-align: center;\" height=\"18\">Couleurs<\/td>\n<td style=\"text-align: center;\">Ambre, vert bordeaux, transparent silex, vert champagne<\/td>\n<\/tr>\n<tr style=\"height: 13.50pt;\">\n<td style=\"height: 13.5pt; text-align: center;\" height=\"18\">Fermetures<\/td>\n<td style=\"text-align: center;\">Bouchon \u00e0 vis en li\u00e8ge naturel et aluminium<\/td>\n<\/tr>\n<tr style=\"height: 13.50pt;\">\n<td style=\"height: 13.5pt; text-align: center;\" height=\"18\">Id\u00e9al pour<\/td>\n<td style=\"text-align: center;\">Vins rouges, claret, cuv\u00e9es artisanales, coffrets cadeaux<\/td>\n<\/tr>\n<\/tbody>\n<\/table>\n<h2>T\u00e9moignage de r\u00e9ussite\u00a0: Commandes personnalis\u00e9es d\u2019un petit vignoble californien<\/h2>\n<p>Un jeune producteur californien de Pinot Noir a choisi de cr\u00e9er des bouteilles \u00e0 fond plus profond et \u00e0 \u00e9paule s\u00e9rigraphi\u00e9e. Ces bouteilles vides personnalis\u00e9es sont devenues un \u00e9l\u00e9ment essentiel de son identit\u00e9 de marque\u00a0; le verre plus fonc\u00e9 a permis de r\u00e9duire de 15\u00a0% les dommages caus\u00e9s par la lumi\u00e8re et la forme traditionnelle de la bouteille a valoris\u00e9 son vin, augmentant ainsi son prix moyen de 20\u00a0%. Fort de ce succ\u00e8s avec son Pinot Noir, il a pass\u00e9 une nouvelle commande de 300\u00a0000 bouteilles pour ses nouveaux mill\u00e9simes.<\/p>\n<h2>Suggestions de bouteilles de vin vides personnalis\u00e9es<\/h2>\n<ul>\n<li>Gaufrage personnalis\u00e9\u00a0: Nous proposons un gaufrage sur l\u2019\u00e9paule ou le fond du verre, avec un logo, un motif vintage ou d\u00e9coratif, pour cr\u00e9er une marque tactile \u00ab\u00a0luxe\u00a0\u00bb.<\/li>\n<li>Profondeur et design du fond : Proposez diff\u00e9rentes tailles de fond (standard, plus profond) ou d&#039;autres formes de fond (\u00e9toile, h\u00e9raldique) comme \u00e9l\u00e9ment de marque.<\/li>\n<li>Traitement personnalis\u00e9 du col : Nous proposons des traitements de col autres que les traitements standard pour les bouchons en li\u00e8ge, tels que des filetages pour les capsules \u00e0 vis ou des tailles particuli\u00e8res pour les bouchons en T.<\/li>\n<\/ul>","protected":false},"excerpt":{"rendered":"<p>Bouteilles de vin vides de haute qualit\u00e9, au design classique et au fond \u00e9pais. Vente directe d&#039;usine, \u00e9chantillons gratuits, bouteilles fiables pour les marques de vin.<\/p>","protected":false},"featured_media":5441,"template":"","meta":{"postBodyCss":"","postBodyMargin":[],"postBodyPadding":[],"postBodyBackground":{"backgroundType":"classic","gradient":""}},"product_brand":[],"product_cat":[15,16,84],"product_tag":[],"class_list":{"0":"post-5437","1":"product","2":"type-product","3":"status-publish","4":"has-post-thumbnail","6":"product_cat-glass-containers","7":"product_cat-glass-bottles","8":"product_cat-wine-bottles","10":"first","11":"instock","12":"shipping-taxable","13":"product-type-simple"},"jetpack_sharing_enabled":true,"_links":{"self":[{"href":"https:\/\/minghanggroup.com\/fr\/wp-json\/wp\/v2\/product\/5437","targetHints":{"allow":["GET"]}}],"collection":[{"href":"https:\/\/minghanggroup.com\/fr\/wp-json\/wp\/v2\/product"}],"about":[{"href":"https:\/\/minghanggroup.com\/fr\/wp-json\/wp\/v2\/types\/product"}],"wp:featuredmedia":[{"embeddable":true,"href":"https:\/\/minghanggroup.com\/fr\/wp-json\/wp\/v2\/media\/5441"}],"wp:attachment":[{"href":"https:\/\/minghanggroup.com\/fr\/wp-json\/wp\/v2\/media?parent=5437"}],"wp:term":[{"taxonomy":"product_brand","embeddable":true,"href":"https:\/\/minghanggroup.com\/fr\/wp-json\/wp\/v2\/product_brand?post=5437"},{"taxonomy":"product_cat","embeddable":true,"href":"https:\/\/minghanggroup.com\/fr\/wp-json\/wp\/v2\/product_cat?post=5437"},{"taxonomy":"product_tag","embeddable":true,"href":"https:\/\/minghanggroup.com\/fr\/wp-json\/wp\/v2\/product_tag?post=5437"}],"curies":[{"name":"wp","href":"https:\/\/api.w.org\/{rel}","templated":true}]}}