{"id":5411,"date":"2026-01-29T13:10:17","date_gmt":"2026-01-29T05:10:17","guid":{"rendered":"https:\/\/minghanggroup.com\/?post_type=product&#038;p=5411"},"modified":"2026-03-02T13:57:46","modified_gmt":"2026-03-02T05:57:46","slug":"glass-candle-vessels-for-tealights-wholesale","status":"publish","type":"product","link":"https:\/\/minghanggroup.com\/fr\/produit\/glass-candle-vessels-for-tealights-wholesale\/","title":{"rendered":"Pots \u00e0 bougies en verre de 50 ml, 210 ml et 220 ml pour bougies chauffe-plat (vente en gros)"},"content":{"rendered":"<p>Un bougeoir en verre lisse, bas et large, de forme cylindrique, aux bords arrondis et au fond stable, offre un espace spacieux et adapt\u00e9 pour y placer de petites bougies ou des bougies chauffe-plat.<\/p>\n<h2>Caract\u00e9ristiques du produit<\/h2>\n<ul>\n<li><strong>Base:<\/strong> Sa base unique et renforc\u00e9e offre une excellente stabilit\u00e9 et une sensation de haute qualit\u00e9.<\/li>\n<li><strong>Forme cylindrique basse et large\u00a0:<\/strong> Sa forme cylindrique basse et large lui conf\u00e8re non seulement une grande stabilit\u00e9, mais aussi un gain de place, et lui permet de contenir une grande quantit\u00e9 de cire.<\/li>\n<li><strong>Trois tailles pratiques :<\/strong> Des formats adapt\u00e9s \u00e0 de nombreux besoins diff\u00e9rents, allant des petites bougies chauffe-plat\/cadeaux aux grandes bougies pour le salon.<\/li>\n<\/ul>\n<h2 style=\"text-align: left;\">Caract\u00e9ristiques principales<\/h2>\n<table class=\"aligncenter\" style=\"border-collapse: collapse; width: 419.27pt;\" border=\"0\" width=\"559\" cellspacing=\"0\" cellpadding=\"0\">\n<tbody>\n<tr style=\"height: 13.50pt;\">\n<td style=\"height: 13.50pt; width: 120.75pt;\" width=\"161\" height=\"18\">Sp\u00e9cification<\/td>\n<td style=\"width: 298.50pt;\" width=\"398\">D\u00e9tails<\/td>\n<\/tr>\n<tr style=\"height: 13.50pt;\">\n<td style=\"height: 13.50pt;\" height=\"18\">Capacit\u00e9<\/td>\n<td>50 ml \/ 210 ml \/ 220 ml<\/td>\n<\/tr>\n<tr style=\"height: 13.50pt;\">\n<td style=\"height: 13.50pt;\" height=\"18\">Dimensions<\/td>\n<td>54\u00d750\u00d752 mm \/ 73\u00d767\u00d780 mm \/ 70\u00d765\u00d780 mm<\/td>\n<\/tr>\n<tr style=\"height: 13.50pt;\">\n<td style=\"height: 13.50pt;\" height=\"18\">Mat\u00e9riel<\/td>\n<td>Verre clair<\/td>\n<\/tr>\n<tr style=\"height: 13.50pt;\">\n<td style=\"height: 13.50pt;\" height=\"18\">Pot en forme de bocal<\/td>\n<td>Cylindre court et large<\/td>\n<\/tr>\n<tr style=\"height: 13.50pt;\">\n<td style=\"height: 13.50pt;\" height=\"18\">\u00c9tendue de la personnalisation<\/td>\n<td>Couleur, Taille, Couvercles, Hauteur<\/td>\n<\/tr>\n<tr style=\"height: 13.50pt;\">\n<td style=\"height: 13.50pt;\" height=\"18\">Savoir-faire<\/td>\n<td>Formage de verre de pr\u00e9cision<\/td>\n<\/tr>\n<tr style=\"height: 13.50pt;\">\n<td style=\"height: 13.50pt;\" height=\"18\">Objectif du produit<\/td>\n<td>Bougies en contenant durable, r\u00e9cipients \u00e0 bougies en gros<\/td>\n<\/tr>\n<tr style=\"height: 13.50pt;\">\n<td style=\"height: 13.50pt;\" height=\"18\">Secteurs d&#039;activit\u00e9 appropri\u00e9s<\/td>\n<td>Fabricants de bougies, grandes surfaces<\/td>\n<\/tr>\n<\/tbody>\n<\/table>\n<h2>Histoire \u00e0 succ\u00e8s<\/h2>\n<p>Une enseigne russe d&#039;articles pour la maison a command\u00e9 notre contenant \u00e0 bougie de 220 ml \u00e0 base \u00e9paisse, personnalis\u00e9 avec un rev\u00eatement gris fum\u00e9 et une \u00e9tiquette s\u00e9rigraphi\u00e9e au style r\u00e9tro. Ce choix s&#039;explique principalement par l&#039;excellente stabilit\u00e9 du contenant, son principal atout, mentionn\u00e9 dans 40 % des avis positifs. Sa contenance de 220 ml offre jusqu&#039;\u00e0 80 heures de combustion, ce qui favorise un taux de rachat \u00e9lev\u00e9. Extr\u00eamement satisfaite, cette enseigne a command\u00e9 800\u00a0000 unit\u00e9s suppl\u00e9mentaires pour sa campagne promotionnelle nationale.<\/p>\n<h2>Personnalisation des r\u00e9cipients \u00e0 bougies en gros<\/h2>\n<ul>\n<li>Verre opaque ou color\u00e9\u00a0: Il peut \u00eatre fabriqu\u00e9 en verre opaque blanc\/noir pur ou en verre transparent de couleurs vari\u00e9es, par exemple ambre et gris fum\u00e9.<\/li>\n<li>S\u00e9rigraphie int\u00e9grale : impression \u00e0 360 degr\u00e9s de motifs ou de dessins \u00e0 l&#039;aide de bords droits.<\/li>\n<li>Anneaux antid\u00e9rapants\u00a0: des anneaux en silicone fondu ou en caoutchouc sont ajout\u00e9s \u00e0 la base pour offrir une fonctionnalit\u00e9 antid\u00e9rapante optimale.<\/li>\n<\/ul>","protected":false},"excerpt":{"rendered":"<p>Petits vases \u00e0 bougies transparents en verre lisse \u00e0 fond \u00e9pais. Vente en gros de vases \u00e0 bougies pour l&#039;aromath\u00e9rapie et la d\u00e9coration de table. Livraison rapide.<\/p>","protected":false},"featured_media":5416,"template":"","meta":{"postBodyCss":"","postBodyMargin":[],"postBodyPadding":[],"postBodyBackground":{"backgroundType":"classic","gradient":""}},"product_brand":[],"product_cat":[15,82,17],"product_tag":[97,96],"class_list":{"0":"post-5411","1":"product","2":"type-product","3":"status-publish","4":"has-post-thumbnail","6":"product_cat-glass-containers","7":"product_cat-candle-jars","8":"product_cat-glass-jars","9":"product_tag-rocks-glass","10":"product_tag-whiskey-tumblers","12":"first","13":"instock","14":"shipping-taxable","15":"product-type-simple"},"jetpack_sharing_enabled":true,"_links":{"self":[{"href":"https:\/\/minghanggroup.com\/fr\/wp-json\/wp\/v2\/product\/5411","targetHints":{"allow":["GET"]}}],"collection":[{"href":"https:\/\/minghanggroup.com\/fr\/wp-json\/wp\/v2\/product"}],"about":[{"href":"https:\/\/minghanggroup.com\/fr\/wp-json\/wp\/v2\/types\/product"}],"wp:featuredmedia":[{"embeddable":true,"href":"https:\/\/minghanggroup.com\/fr\/wp-json\/wp\/v2\/media\/5416"}],"wp:attachment":[{"href":"https:\/\/minghanggroup.com\/fr\/wp-json\/wp\/v2\/media?parent=5411"}],"wp:term":[{"taxonomy":"product_brand","embeddable":true,"href":"https:\/\/minghanggroup.com\/fr\/wp-json\/wp\/v2\/product_brand?post=5411"},{"taxonomy":"product_cat","embeddable":true,"href":"https:\/\/minghanggroup.com\/fr\/wp-json\/wp\/v2\/product_cat?post=5411"},{"taxonomy":"product_tag","embeddable":true,"href":"https:\/\/minghanggroup.com\/fr\/wp-json\/wp\/v2\/product_tag?post=5411"}],"curies":[{"name":"wp","href":"https:\/\/api.w.org\/{rel}","templated":true}]}}