{"id":5401,"date":"2026-01-29T11:02:19","date_gmt":"2026-01-29T03:02:19","guid":{"rendered":"https:\/\/minghanggroup.com\/?post_type=product&#038;p=5401"},"modified":"2026-03-02T13:55:41","modified_gmt":"2026-03-02T05:55:41","slug":"glass-large-candle-vessels-with-thick-base-wholesale","status":"publish","type":"product","link":"https:\/\/minghanggroup.com\/fr\/produit\/glass-large-candle-vessels-with-thick-base-wholesale\/","title":{"rendered":"Grands r\u00e9cipients \u00e0 bougies en verre de 200 ml \u00e0 620 ml avec fond \u00e9pais, vente en gros"},"content":{"rendered":"<p>Ces grands bougeoirs ont un corps cylindrique aux formes arrondies et un fond \u00e9pais pour une stabilit\u00e9 et une durabilit\u00e9 optimales. Ils sont disponibles en six tailles.<\/p>\n<h2>Caract\u00e9ristiques du produit<\/h2>\n<ul>\n<li><strong>Design cylindrique raffin\u00e9 et doux\u00a0:<\/strong> La courbe int\u00e9rieure est douce et harmonieuse, et conf\u00e8re une certaine \u00e9l\u00e9gance et une sophistication \u00e0 la forme cylindrique traditionnelle.<\/li>\n<li><strong>6 tailles au choix :<\/strong> La vari\u00e9t\u00e9 des tailles permet de trouver la bougie parfaite, qu&#039;elle soit petite et \u00e9l\u00e9gante, ou plus audacieuse.<\/li>\n<li><strong>Base ronde robuste et stable :<\/strong> La base, ronde et \u00e9paisse, assure une excellente stabilit\u00e9 \u00e0 toutes les bougies, quelle que soit leur taille, et \u00e9vite tout basculement.<\/li>\n<\/ul>\n<h2 style=\"text-align: left;\">Caract\u00e9ristiques principales<\/h2>\n<table class=\"aligncenter\" style=\"border-collapse: collapse; width: 659.27pt;\" border=\"0\" width=\"879\" cellspacing=\"0\" cellpadding=\"0\">\n<tbody>\n<tr style=\"height: 13.50pt;\">\n<td style=\"height: 13.50pt; width: 120.75pt;\" width=\"161\" height=\"18\">Sp\u00e9cification<\/td>\n<td style=\"width: 538.50pt;\" width=\"718\">D\u00e9tails<\/td>\n<\/tr>\n<tr style=\"height: 13.50pt;\">\n<td style=\"height: 13.50pt;\" height=\"18\">Capacit\u00e9<\/td>\n<td>200 ml \/ 245 ml \/ 295 ml \/ 390 ml \/ 500 ml \/ 620 ml<\/td>\n<\/tr>\n<tr style=\"height: 13.50pt;\">\n<td style=\"height: 13.50pt;\" height=\"18\">Dimensions<\/td>\n<td>71\u00d747\u00d782 mm \/ 75\u00d775\u00d785 mm \/ 80\u00d775\u00d790 mm \/ 88\u00d783\u00d7100 mm \/ 100\u00d795\u00d7100 mm \/ 100\u00d792\u00d7125 mm<\/td>\n<\/tr>\n<tr style=\"height: 13.50pt;\">\n<td style=\"height: 13.50pt;\" height=\"18\">Mat\u00e9riel<\/td>\n<td>Verre clair<\/td>\n<\/tr>\n<tr style=\"height: 13.50pt;\">\n<td style=\"height: 13.50pt;\" height=\"18\">Pot en forme de bocal<\/td>\n<td>Cylindre droit<\/td>\n<\/tr>\n<tr style=\"height: 13.50pt;\">\n<td style=\"height: 13.50pt;\" height=\"18\">\u00c9tendue de la personnalisation<\/td>\n<td>Couleur, finition, taille, forme<\/td>\n<\/tr>\n<tr style=\"height: 13.50pt;\">\n<td style=\"height: 13.50pt;\" height=\"18\">Savoir-faire<\/td>\n<td>Formage de verre de pr\u00e9cision<\/td>\n<\/tr>\n<tr style=\"height: 13.50pt;\">\n<td style=\"height: 13.50pt;\" height=\"18\">Objectif du produit<\/td>\n<td>Bocaux en verre en gros pour bougies, pots pour bougies parfum\u00e9es<\/td>\n<\/tr>\n<tr style=\"height: 13.50pt;\">\n<td style=\"height: 13.50pt;\" height=\"18\">Secteurs d&#039;activit\u00e9 appropri\u00e9s<\/td>\n<td>Fabricants de bougies, fournisseurs de d\u00e9coration int\u00e9rieure<\/td>\n<\/tr>\n<\/tbody>\n<\/table>\n<h2>Histoire \u00e0 succ\u00e8s<\/h2>\n<p>Un important fabricant de bougies du Midwest a command\u00e9 nos grands pots \u00e0 bougies avec une finition l\u00e9g\u00e8rement d\u00e9polie. L&#039;aspect uniforme a permis de cr\u00e9er une image de marque soign\u00e9e et harmonieuse, ce qui a entra\u00een\u00e9 une hausse des ventes de 35 % au premier trimestre. Le fond renforc\u00e9 du pot en verre a permis de r\u00e9duire de 60 % les pertes li\u00e9es au transport. Tr\u00e8s satisfait, le fabricant a pass\u00e9 une nouvelle commande de 1,2 million de pots en verre, formalis\u00e9e par un contrat d&#039;approvisionnement de deux ans avec une grande enseigne nationale.<\/p>\n<h2>Bocaux en verre en gros pour bougies personnalis\u00e9es<\/h2>\n<ul>\n<li>D\u00e9grad\u00e9\u00a0: Les plus petits pots ont une couleur claire et plus le pot est grand, plus la couleur utilis\u00e9e est fonc\u00e9e.<\/li>\n<li>\u00c9tiquettes de capacit\u00e9 imprim\u00e9es en s\u00e9rigraphie\u00a0: La capacit\u00e9 sera imprim\u00e9e sur l\u2019\u00e9tiquette de chaque pot dans une police \u00e9l\u00e9gante afin que les clients puissent la lire et l\u2019identifier facilement.<\/li>\n<li>Mat et brillant\u00a0: les pots peuvent \u00eatre mats \u00e0 l\u2019ext\u00e9rieur et brillants \u00e0 l\u2019int\u00e9rieur, ou brillants \u00e0 l\u2019int\u00e9rieur.<\/li>\n<li>Anneau m\u00e9tallique au fond : Il s&#039;agit simplement d&#039;un ornement constitu\u00e9 d&#039;un anneau m\u00e9tallique fix\u00e9 au fond du bocal.<\/li>\n<\/ul>","protected":false},"excerpt":{"rendered":"<p>Bocaux en verre droit et r\u00e9sistant, \u00e0 fond \u00e9pais, pour la fabrication de bougies. Service OEM disponible pour les grands r\u00e9cipients \u00e0 bougies en gros et les bocaux en verre pour bougies en gros.<\/p>","protected":false},"featured_media":5408,"template":"","meta":{"postBodyCss":"","postBodyMargin":[],"postBodyPadding":[],"postBodyBackground":{"backgroundType":"classic","gradient":""}},"product_brand":[],"product_cat":[15,82,17],"product_tag":[96],"class_list":{"0":"post-5401","1":"product","2":"type-product","3":"status-publish","4":"has-post-thumbnail","6":"product_cat-glass-containers","7":"product_cat-candle-jars","8":"product_cat-glass-jars","9":"product_tag-whiskey-tumblers","11":"first","12":"instock","13":"shipping-taxable","14":"product-type-simple"},"jetpack_sharing_enabled":true,"_links":{"self":[{"href":"https:\/\/minghanggroup.com\/fr\/wp-json\/wp\/v2\/product\/5401","targetHints":{"allow":["GET"]}}],"collection":[{"href":"https:\/\/minghanggroup.com\/fr\/wp-json\/wp\/v2\/product"}],"about":[{"href":"https:\/\/minghanggroup.com\/fr\/wp-json\/wp\/v2\/types\/product"}],"wp:featuredmedia":[{"embeddable":true,"href":"https:\/\/minghanggroup.com\/fr\/wp-json\/wp\/v2\/media\/5408"}],"wp:attachment":[{"href":"https:\/\/minghanggroup.com\/fr\/wp-json\/wp\/v2\/media?parent=5401"}],"wp:term":[{"taxonomy":"product_brand","embeddable":true,"href":"https:\/\/minghanggroup.com\/fr\/wp-json\/wp\/v2\/product_brand?post=5401"},{"taxonomy":"product_cat","embeddable":true,"href":"https:\/\/minghanggroup.com\/fr\/wp-json\/wp\/v2\/product_cat?post=5401"},{"taxonomy":"product_tag","embeddable":true,"href":"https:\/\/minghanggroup.com\/fr\/wp-json\/wp\/v2\/product_tag?post=5401"}],"curies":[{"name":"wp","href":"https:\/\/api.w.org\/{rel}","templated":true}]}}