{"id":5392,"date":"2026-01-29T16:14:27","date_gmt":"2026-01-29T08:14:27","guid":{"rendered":"https:\/\/minghanggroup.com\/?post_type=product&#038;p=5392"},"modified":"2026-03-02T13:57:59","modified_gmt":"2026-03-02T05:57:59","slug":"clear-glass-candle-vessels-with-lids-for-packaging-bulk","status":"publish","type":"product","link":"https:\/\/minghanggroup.com\/fr\/produit\/clear-glass-candle-vessels-with-lids-for-packaging-bulk\/","title":{"rendered":"Pots \u00e0 bougies en verre transparent de 140 ml \u00e0 255 ml avec couvercles pour conditionnement en vrac"},"content":{"rendered":"<p>Il vous faut des contenants en verre avec couvercle pour vos bougies, qui prot\u00e8gent vos produits et transforment l&#039;ouverture en un v\u00e9ritable cadeau. C&#039;est pourquoi nous avons cr\u00e9\u00e9 cette gamme harmonieuse de 4 tailles\u00a0: chaque contenant, disponible avec un couvercle (en plastique, m\u00e9tal ou bois), est con\u00e7u pour allier stabilit\u00e9, \u00e9l\u00e9gance et un impact visuel fort en rayon. En tant que fabricant direct d&#039;emballages en verre, nous simplifions la r\u00e9ussite de votre activit\u00e9 de vente en gros de bougies.<\/p>\n<h2>Caract\u00e9ristiques du produit<\/h2>\n<ul>\n<li><strong>Clart\u00e9 cristalline :<\/strong> Mettez en valeur votre bougie parfum\u00e9e gr\u00e2ce \u00e0 la transparence d&#039;un verre de qualit\u00e9 sup\u00e9rieure. Son bord lisse et sa base \u00e9paisse permettent un versement en toute s\u00e9curit\u00e9 et offrent une pr\u00e9sentation \u00e9l\u00e9gante.<\/li>\n<li><strong>Flexibilit\u00e9 du couvercle :<\/strong> Vous pouvez opter pour le plastique si vous recherchez l&#039;option la plus \u00e9conomique, le m\u00e9tal bross\u00e9 pour des contenants \u00e0 bougies luxueux au style moderne, ou le bois recycl\u00e9 pour une ambiance plus naturelle. Vos pots \u00e0 bougies avec couvercle deviennent de v\u00e9ritables signatures de marque.<\/li>\n<li><strong>En vrac, pr\u00eat Stabilit\u00e9 :<\/strong> Un socle renforc\u00e9 emp\u00eache le produit de se renverser. Id\u00e9al pour l&#039;exp\u00e9dition de bougies en gros et pour une utilisation confortable au chevet du lit. La s\u00e9curit\u00e9 n&#039;a jamais \u00e9t\u00e9 aussi attrayante.<\/li>\n<\/ul>\n<h2>Caract\u00e9ristiques principales<\/h2>\n<table style=\"border-collapse: collapse; width: 80%; margin-left: auto; margin-right: auto;\" border=\"0\" width=\"288\" cellspacing=\"0\" cellpadding=\"0\">\n<tbody>\n<tr style=\"height: 13.50pt;\">\n<td style=\"height: 13.5pt; width: 54pt; text-align: center;\" width=\"72\" height=\"18\">Capacit\u00e9 (ml)<\/td>\n<td style=\"width: 54pt; text-align: center;\" width=\"72\">Dimensions (mm)<\/td>\n<td style=\"width: 54pt; text-align: center;\" width=\"72\">Options de couvercle<\/td>\n<td style=\"width: 54pt; text-align: center;\" width=\"72\">Couleur<\/td>\n<\/tr>\n<tr style=\"height: 13.50pt;\">\n<td style=\"height: 13.5pt; text-align: center;\" align=\"right\" height=\"18\">140<\/td>\n<td style=\"text-align: center;\">61 \u00d7 57 \u00d7 74<\/td>\n<td class=\"et2\" style=\"text-align: center;\" rowspan=\"4\">Plastique \/ M\u00e9tal \/ Bois<\/td>\n<td class=\"et2\" style=\"text-align: center;\" rowspan=\"4\">Clair \/ Personnalis\u00e9<\/td>\n<\/tr>\n<tr style=\"height: 13.50pt;\">\n<td style=\"height: 13.5pt; text-align: center;\" align=\"right\" height=\"18\">210<\/td>\n<td style=\"text-align: center;\">70 \u00d7 65 \u00d7 80<\/td>\n<\/tr>\n<tr style=\"height: 13.50pt;\">\n<td style=\"height: 13.5pt; text-align: center;\" align=\"right\" height=\"18\">220<\/td>\n<td style=\"text-align: center;\">73 \u00d7 67 \u00d7 80<\/td>\n<\/tr>\n<tr style=\"height: 13.50pt;\">\n<td style=\"height: 13.5pt; text-align: center;\" align=\"right\" height=\"18\">255<\/td>\n<td style=\"text-align: center;\">79 \u00d7 73 \u00d7 93<\/td>\n<\/tr>\n<\/tbody>\n<\/table>\n<h2>Cas de r\u00e9ussite<\/h2>\n<p>Une marque de parfums d&#039;int\u00e9rieur haut de gamme recherchait un pot \u00e0 bougie qui, en plus de renforcer son image minimaliste, permette de distinguer clairement sa gamme de parfums signature en rayon. Pour le lancement de ce nouveau produit, elle a opt\u00e9 pour des coupelles \u00e0 bougie en verre transparent, qu&#039;elle a personnalis\u00e9es en y apposant \u00e9l\u00e9gamment son logo en relief sur la partie inf\u00e9rieure, en leur conf\u00e9rant une finition l\u00e9g\u00e8rement givr\u00e9e et en les d\u00e9corant de fins motifs floraux imprim\u00e9s en s\u00e9rigraphie.<\/p>\n<p>Deux mois seulement apr\u00e8s son lancement, l&#039;entreprise a indiqu\u00e9 que les commandes pass\u00e9es par les d\u00e9taillants avaient augment\u00e9 de 35 % et qu&#039;il y avait une nette augmentation du nombre de clients identifiant l&#039;emballage, ce qui a finalement conduit la marque \u00e0 faire de ce pot \u00e0 bougie en verre personnalis\u00e9 l&#039;\u00e9l\u00e9ment standard de sa collection principale et \u00e0 continuer de recevoir des commandes pour diff\u00e9rentes saisons.<\/p>\n<h2>Vos conseils de personnalisation<\/h2>\n<ol>\n<li><strong>Marquage en relief ou en creux\u00a0:<\/strong> Ajoutez directement un logo en relief ou en creux sur le verre pour cr\u00e9er une signature de marque permanente que vos clients pourront voir m\u00eame une fois la bougie consum\u00e9e.<\/li>\n<li><strong>Couleurs et teintes de verre personnalis\u00e9es\u00a0:<\/strong> Optez pour le gris fum\u00e9, l&#039;ambre, le vert olive, ou m\u00eame des m\u00e9langes de couleurs personnalis\u00e9s qui peuvent \u00eatre utilis\u00e9s pour des collections saisonni\u00e8res ou des histoires olfactives sp\u00e9cifiques.<\/li>\n<li><strong>Soie, motifs s\u00e9rigraphi\u00e9s :<\/strong> Utilisez la solution la plus \u00e9pur\u00e9e, sans \u00e9tiquettes, pour un design r\u00e9solument moderne, en ajoutant des textes minimalistes, des lignes g\u00e9om\u00e9triques ou des motifs botaniques.<\/li>\n<\/ol>","protected":false},"excerpt":{"rendered":"<p>Pots \u00e0 bougies haut de gamme avec couvercles en verre transparent pour les marques modernes. Ces pots en verre pour bougies avec couvercles sont disponibles en grande quantit\u00e9 et personnalisables, avec \u00e9chantillon gratuit.<\/p>","protected":false},"featured_media":5399,"template":"","meta":{"postBodyCss":"","postBodyMargin":[],"postBodyPadding":[],"postBodyBackground":{"backgroundType":"classic","gradient":""}},"product_brand":[],"product_cat":[15,82,17],"product_tag":[97,96],"class_list":{"0":"post-5392","1":"product","2":"type-product","3":"status-publish","4":"has-post-thumbnail","6":"product_cat-glass-containers","7":"product_cat-candle-jars","8":"product_cat-glass-jars","9":"product_tag-rocks-glass","10":"product_tag-whiskey-tumblers","12":"first","13":"instock","14":"shipping-taxable","15":"product-type-simple"},"jetpack_sharing_enabled":true,"_links":{"self":[{"href":"https:\/\/minghanggroup.com\/fr\/wp-json\/wp\/v2\/product\/5392","targetHints":{"allow":["GET"]}}],"collection":[{"href":"https:\/\/minghanggroup.com\/fr\/wp-json\/wp\/v2\/product"}],"about":[{"href":"https:\/\/minghanggroup.com\/fr\/wp-json\/wp\/v2\/types\/product"}],"wp:featuredmedia":[{"embeddable":true,"href":"https:\/\/minghanggroup.com\/fr\/wp-json\/wp\/v2\/media\/5399"}],"wp:attachment":[{"href":"https:\/\/minghanggroup.com\/fr\/wp-json\/wp\/v2\/media?parent=5392"}],"wp:term":[{"taxonomy":"product_brand","embeddable":true,"href":"https:\/\/minghanggroup.com\/fr\/wp-json\/wp\/v2\/product_brand?post=5392"},{"taxonomy":"product_cat","embeddable":true,"href":"https:\/\/minghanggroup.com\/fr\/wp-json\/wp\/v2\/product_cat?post=5392"},{"taxonomy":"product_tag","embeddable":true,"href":"https:\/\/minghanggroup.com\/fr\/wp-json\/wp\/v2\/product_tag?post=5392"}],"curies":[{"name":"wp","href":"https:\/\/api.w.org\/{rel}","templated":true}]}}