{"id":5390,"date":"2026-01-29T09:52:19","date_gmt":"2026-01-29T01:52:19","guid":{"rendered":"https:\/\/minghanggroup.com\/?post_type=product&#038;p=5390"},"modified":"2026-04-27T16:54:48","modified_gmt":"2026-04-27T08:54:48","slug":"tulip-shaped-colored-glass-candle-holders-bulk","status":"publish","type":"product","link":"https:\/\/minghanggroup.com\/fr\/produit\/tulip-shaped-colored-glass-candle-holders-bulk\/","title":{"rendered":"Bougeoirs en verre color\u00e9 en forme de tulipe de 110 ml (vente en gros)"},"content":{"rendered":"<p>Ces bougeoirs en verre color\u00e9 ressemblent \u00e0 s&#039;y m\u00e9prendre \u00e0 des boutons de tulipe et sont compos\u00e9s de verre textur\u00e9. Ils sont disponibles dans les finitions oniriques de blanc d\u00e9poli, de rose d\u00e9grad\u00e9 et d&#039;or brillant.<\/p>\n<h2>Caract\u00e9ristiques du produit<\/h2>\n<ul>\n<li style=\"text-align: left;\"><strong>Forme du bouton de tulipe :<\/strong> Les formes des p\u00e9tales biomim\u00e9tiques sont tridimensionnelles, douces et uniques, ce qui les rend extr\u00eamement visibles sur l&#039;\u00e9tag\u00e8re.<\/li>\n<li style=\"text-align: left;\"><strong>Plusieurs choix de couleurs :<\/strong> Elle se d\u00e9cline en blanc mat, en rose d\u00e9grad\u00e9 et en or transparent, et s&#039;adaptera \u00e0 l&#039;esth\u00e9tique de n&#039;importe quelle marque ou \u00e0 un th\u00e8me particulier de la saison.<\/li>\n<li style=\"text-align: left;\"><strong>Conception ornementale d\u00e9taill\u00e9e\u00a0:<\/strong> La forme des fleurs dans la sculpture en fait un magnifique motif ornemental malgr\u00e9 l&#039;absence de bougies.<\/li>\n<\/ul>\n<h2 style=\"text-align: left;\">Caract\u00e9ristiques principales<\/h2>\n<table class=\"aligncenter\" style=\"border-collapse: collapse; width: 471.02pt;\" border=\"0\" width=\"628\" cellspacing=\"0\" cellpadding=\"0\">\n<tbody>\n<tr style=\"height: 13.50pt;\">\n<td style=\"height: 13.50pt; width: 120.75pt;\" width=\"161\" height=\"18\">Sp\u00e9cification<\/td>\n<td style=\"width: 350.25pt;\" width=\"467\">D\u00e9tails<\/td>\n<\/tr>\n<tr style=\"height: 13.50pt;\">\n<td style=\"height: 13.50pt;\" height=\"18\">Capacit\u00e9<\/td>\n<td>110 ml<\/td>\n<\/tr>\n<tr style=\"height: 13.50pt;\">\n<td style=\"height: 13.50pt;\" height=\"18\">Dimensions<\/td>\n<td>67\u00d755\u00d772 mm<\/td>\n<\/tr>\n<tr style=\"height: 13.50pt;\">\n<td style=\"height: 13.50pt;\" height=\"18\">Mat\u00e9riel<\/td>\n<td>Verre<\/td>\n<\/tr>\n<tr style=\"height: 13.50pt;\">\n<td style=\"height: 13.50pt;\" height=\"18\">Pot en forme de bocal<\/td>\n<td>Bouton de tulipe aux c\u00f4t\u00e9s incurv\u00e9s<\/td>\n<\/tr>\n<tr style=\"height: 13.50pt;\">\n<td style=\"height: 13.50pt;\" height=\"18\">\u00c9tendue de la personnalisation<\/td>\n<td>Couleur, finition (brillante\/mate), forme, taille<\/td>\n<\/tr>\n<tr style=\"height: 13.50pt;\">\n<td style=\"height: 13.50pt;\" height=\"18\">Savoir-faire<\/td>\n<td>Moulage en verre souffl\u00e9 ou press\u00e9 pour des formes organiques et courbes<\/td>\n<\/tr>\n<tr style=\"height: 13.50pt;\">\n<td style=\"height: 13.50pt;\" height=\"18\">Objectif du produit<\/td>\n<td>Bougeoirs d\u00e9coratifs, bougeoirs en verre color\u00e9<\/td>\n<\/tr>\n<tr style=\"height: 13.50pt;\">\n<td style=\"height: 13.50pt;\" height=\"18\">Secteurs d&#039;activit\u00e9 appropri\u00e9s<\/td>\n<td>Marques de bougies artisanales, fleuristes, organisateurs de mariages et d&#039;\u00e9v\u00e9nements<\/td>\n<\/tr>\n<\/tbody>\n<\/table>\n<h2>T\u00e9moignage de r\u00e9ussite\u00a0: Commande personnalis\u00e9e aupr\u00e8s d\u2019une marque de d\u00e9coration d\u2019int\u00e9rieur nordique<\/h2>\n<p>Une marque nordique de d\u00e9coration d&#039;int\u00e9rieur a choisi nos pots \u00e0 bougies blancs, qu&#039;elle a personnalis\u00e9s avec une finition blanc laiteux mat et un cordon en lin fait main. Ce design unique a rendu leurs bougies id\u00e9ales pour la vente au d\u00e9tail, entra\u00eenant une augmentation de 40 % des ventes en magasin. La finition mate douce correspondait parfaitement \u00e0 leur philosophie esth\u00e9tique, ce qui a g\u00e9n\u00e9r\u00e9 une hausse de 250 % du trafic sur leur compte Pinterest. Forts de ce succ\u00e8s, ils ont pass\u00e9 une commande suppl\u00e9mentaire de 750\u00a0000 photophores en verre color\u00e9 pour leur nouvelle gamme de produits, qui comprend des bougies parfum\u00e9es au lin.<\/p>\n<h2>Bougeoirs en verre color\u00e9 r\u00e9glables<\/h2>\n<ul>\n<li>D\u00e9veloppement de couleurs exclusives\u00a0: cr\u00e9ez des couleurs uniques pour votre marque, comme le vert sauge ou le violet lavande.<\/li>\n<li>Finition brillante ou nacr\u00e9e\u00a0: Le produit offre deux options, soit une finition tr\u00e8s brillante, soit un rev\u00eatement nacr\u00e9, qui produit un aspect onirique gr\u00e2ce \u00e0 ses changements de couleur sous diff\u00e9rentes conditions d\u2019\u00e9clairage.<\/li>\n<li>Variation de formes : La s\u00e9rie de motifs floraux devrait inclure deux nouvelles formes : une forme haute et \u00e9lanc\u00e9e appel\u00e9e \u00ab lys \u00bb et une forme courte et large appel\u00e9e \u00ab pivoine \u00bb.<\/li>\n<li>Gaufrage\u00a0: Les petites formes bulbeuses (gouttes de ros\u00e9e ou autres) sur la face inf\u00e9rieure des p\u00e9tales ont \u00e9t\u00e9 r\u00e9alis\u00e9es \u00e0 l\u2019aide d\u2019un outil de marquage.<\/li>\n<\/ul>","protected":false},"excerpt":{"rendered":"<p>Bougeoirs en verre color\u00e9 en forme de tulipe, au fini l\u00e9g\u00e8rement d\u00e9poli et \u00e0 la texture florale. Fourniture directe d&#039;usine de pots \u00e0 bougies blancs \u00e9l\u00e9gants pour la d\u00e9coration et les marques de bougies.<\/p>","protected":false},"featured_media":5394,"template":"","meta":{"postBodyCss":"","postBodyMargin":[],"postBodyPadding":[],"postBodyBackground":{"backgroundType":"classic","gradient":""}},"product_brand":[],"product_cat":[82,15,17],"product_tag":[],"class_list":{"0":"post-5390","1":"product","2":"type-product","3":"status-publish","4":"has-post-thumbnail","6":"product_cat-candle-jars","7":"product_cat-glass-containers","8":"product_cat-glass-jars","10":"first","11":"instock","12":"shipping-taxable","13":"product-type-simple"},"jetpack_sharing_enabled":true,"_links":{"self":[{"href":"https:\/\/minghanggroup.com\/fr\/wp-json\/wp\/v2\/product\/5390","targetHints":{"allow":["GET"]}}],"collection":[{"href":"https:\/\/minghanggroup.com\/fr\/wp-json\/wp\/v2\/product"}],"about":[{"href":"https:\/\/minghanggroup.com\/fr\/wp-json\/wp\/v2\/types\/product"}],"wp:featuredmedia":[{"embeddable":true,"href":"https:\/\/minghanggroup.com\/fr\/wp-json\/wp\/v2\/media\/5394"}],"wp:attachment":[{"href":"https:\/\/minghanggroup.com\/fr\/wp-json\/wp\/v2\/media?parent=5390"}],"wp:term":[{"taxonomy":"product_brand","embeddable":true,"href":"https:\/\/minghanggroup.com\/fr\/wp-json\/wp\/v2\/product_brand?post=5390"},{"taxonomy":"product_cat","embeddable":true,"href":"https:\/\/minghanggroup.com\/fr\/wp-json\/wp\/v2\/product_cat?post=5390"},{"taxonomy":"product_tag","embeddable":true,"href":"https:\/\/minghanggroup.com\/fr\/wp-json\/wp\/v2\/product_tag?post=5390"}],"curies":[{"name":"wp","href":"https:\/\/api.w.org\/{rel}","templated":true}]}}