{"id":5385,"date":"2026-01-28T15:35:01","date_gmt":"2026-01-28T07:35:01","guid":{"rendered":"https:\/\/minghanggroup.com\/?post_type=product&#038;p=5385"},"modified":"2026-01-29T09:51:46","modified_gmt":"2026-01-29T01:51:46","slug":"small-clear-glass-tealight-candle-holders-bulk","status":"publish","type":"product","link":"https:\/\/minghanggroup.com\/fr\/produit\/small-clear-glass-tealight-candle-holders-bulk\/","title":{"rendered":"Petits photophores en verre transparent de 25 ml en vrac"},"content":{"rendered":"<p>Ce sont de petits photophores cylindriques en verre transparent, \u00e0 large ouverture. Leur forme de bol lisse, large et peu profond, est orn\u00e9e de cercles et de points concentriques sur le fond, ce qui facilite la prise en main et apporte une touche de raffinement.<\/p>\n<h2>Caract\u00e9ristiques du produit<\/h2>\n<ul>\n<li><strong>Forme cylindrique avec une large ouverture :<\/strong> La large ouverture permet d&#039;ins\u00e9rer et de retirer les bougies rapidement et facilement, gardant ainsi votre table propre.<\/li>\n<li><strong>Dessous textur\u00e9 antid\u00e9rapant :<\/strong> La partie inf\u00e9rieure pr\u00e9sente des cercles concentriques et des points qui la rendent plus stable et offrent une meilleure adh\u00e9rence.<\/li>\n<li><strong>Petite taille:<\/strong> Leur petite taille permet de les int\u00e9grer parfaitement aux plateaux de table ou aux \u00e9tag\u00e8res pour former un objet d\u00e9coratif attrayant.<\/li>\n<\/ul>\n<h2 style=\"text-align: left;\">Caract\u00e9ristiques principales<\/h2>\n<table class=\"aligncenter\" style=\"border-collapse: collapse; width: 441.02pt;\" border=\"0\" width=\"588\" cellspacing=\"0\" cellpadding=\"0\">\n<tbody>\n<tr style=\"height: 13.50pt;\">\n<td style=\"height: 13.50pt; width: 120.75pt;\" width=\"161\" height=\"18\">Sp\u00e9cification<\/td>\n<td style=\"width: 320.25pt;\" width=\"427\">D\u00e9tails<\/td>\n<\/tr>\n<tr style=\"height: 13.50pt;\">\n<td style=\"height: 13.50pt;\" height=\"18\">Capacit\u00e9<\/td>\n<td>25 ml<\/td>\n<\/tr>\n<tr style=\"height: 13.50pt;\">\n<td style=\"height: 13.50pt;\" height=\"18\">Dimensions<\/td>\n<td>46\u00d744\u00d726 mm<\/td>\n<\/tr>\n<tr style=\"height: 13.50pt;\">\n<td style=\"height: 13.50pt;\" height=\"18\">Mat\u00e9riel<\/td>\n<td>Verre clair<\/td>\n<\/tr>\n<tr style=\"height: 13.50pt;\">\n<td style=\"height: 13.50pt;\" height=\"18\">Forme du support<\/td>\n<td>Cylindre large et peu profond \u00e0 base textur\u00e9e<\/td>\n<\/tr>\n<tr style=\"height: 13.50pt;\">\n<td style=\"height: 13.50pt;\" height=\"18\">\u00c9tendue de la personnalisation<\/td>\n<td>Taille, texture de base, motif, couleur, couvercles<\/td>\n<\/tr>\n<tr style=\"height: 13.50pt;\">\n<td style=\"height: 13.50pt;\" height=\"18\">Savoir-faire<\/td>\n<td>Moulage en verre press\u00e9<\/td>\n<\/tr>\n<tr style=\"height: 13.50pt;\">\n<td style=\"height: 13.50pt;\" height=\"18\">Objectif du produit<\/td>\n<td>Porte-bougies chauffe-plat en gros, coupelles d\u00e9coratives<\/td>\n<\/tr>\n<tr style=\"height: 13.50pt;\">\n<td style=\"height: 13.50pt;\" height=\"18\">Secteurs d&#039;activit\u00e9 appropri\u00e9s<\/td>\n<td>Organisateurs d&#039;\u00e9v\u00e9nements\/mariages, fabricants de bougies<\/td>\n<\/tr>\n<\/tbody>\n<\/table>\n<h2>\u00c9tude de cas r\u00e9ussie : Collaboration avec une marque de d\u00e9coration int\u00e9rieure nord-am\u00e9ricaine<\/h2>\n<p>Nos photophores en verre \u00e0 large ouverture, de couleur gris fum\u00e9, ont \u00e9t\u00e9 personnalis\u00e9s et command\u00e9s par une entreprise canadienne de d\u00e9coration int\u00e9rieure. Leur conception pratique a permis d&#039;augmenter les ventes de 47 %. La durabilit\u00e9 des photophores a permis de r\u00e9duire les co\u00fbts de remplacement de 40 %. Satisfaite de ses produits, l&#039;entreprise a pass\u00e9 une nouvelle commande de 500\u00a0000 unit\u00e9s afin d&#039;approvisionner ses stocks \u00e0 l&#039;\u00e9chelle nationale.<\/p>\n<h2>Options de porte-bougies chauffe-plat en gros<\/h2>\n<ul>\n<li>Vitrail\u00a0: Il est disponible en gris fum\u00e9 classique, en ambre ou dans des coloris saisonniers comme le rouge et le vert.<\/li>\n<li>Texture de base personnalis\u00e9e\u00a0: remplacez le motif de cercles concentriques par des motifs floraux ou g\u00e9om\u00e9triques.<\/li>\n<li>Gravure laser\u00a0: Gravez un petit logo, un monogramme ou une bordure d\u00e9corative sur la partie inf\u00e9rieure.<\/li>\n<li>Taille personnalis\u00e9e\u00a0: Les modifications minimales concernent le diam\u00e8tre ou la hauteur afin d\u2019adapter la taille \u00e0 un pr\u00e9sentoir ou \u00e0 un style de bougie sp\u00e9cifique.<\/li>\n<\/ul>","protected":false},"excerpt":{"rendered":"<p>Porte-bougies chauffe-plat en verre transparent avec base textur\u00e9e, parfaits pour la d\u00e9coration de table. Fabricant sp\u00e9cialis\u00e9 proposant des porte-bougies chauffe-plat en gros, d&#039;une qualit\u00e9 constante.<\/p>","protected":false},"featured_media":5388,"template":"","meta":{"postBodyCss":"","postBodyMargin":[],"postBodyPadding":[],"postBodyBackground":{"backgroundType":"classic","gradient":""}},"product_brand":[],"product_cat":[15,82,17],"product_tag":[],"class_list":{"0":"post-5385","1":"product","2":"type-product","3":"status-publish","4":"has-post-thumbnail","6":"product_cat-glass-containers","7":"product_cat-candle-jars","8":"product_cat-glass-jars","10":"first","11":"instock","12":"shipping-taxable","13":"product-type-simple"},"jetpack_sharing_enabled":true,"_links":{"self":[{"href":"https:\/\/minghanggroup.com\/fr\/wp-json\/wp\/v2\/product\/5385","targetHints":{"allow":["GET"]}}],"collection":[{"href":"https:\/\/minghanggroup.com\/fr\/wp-json\/wp\/v2\/product"}],"about":[{"href":"https:\/\/minghanggroup.com\/fr\/wp-json\/wp\/v2\/types\/product"}],"wp:featuredmedia":[{"embeddable":true,"href":"https:\/\/minghanggroup.com\/fr\/wp-json\/wp\/v2\/media\/5388"}],"wp:attachment":[{"href":"https:\/\/minghanggroup.com\/fr\/wp-json\/wp\/v2\/media?parent=5385"}],"wp:term":[{"taxonomy":"product_brand","embeddable":true,"href":"https:\/\/minghanggroup.com\/fr\/wp-json\/wp\/v2\/product_brand?post=5385"},{"taxonomy":"product_cat","embeddable":true,"href":"https:\/\/minghanggroup.com\/fr\/wp-json\/wp\/v2\/product_cat?post=5385"},{"taxonomy":"product_tag","embeddable":true,"href":"https:\/\/minghanggroup.com\/fr\/wp-json\/wp\/v2\/product_tag?post=5385"}],"curies":[{"name":"wp","href":"https:\/\/api.w.org\/{rel}","templated":true}]}}