{"id":5355,"date":"2026-01-28T09:18:29","date_gmt":"2026-01-28T01:18:29","guid":{"rendered":"https:\/\/minghanggroup.com\/?post_type=product&#038;p=5355"},"modified":"2026-01-28T16:42:30","modified_gmt":"2026-01-28T08:42:30","slug":"star-shaped-glass-tealight-candle-holders-bulk","status":"publish","type":"product","link":"https:\/\/minghanggroup.com\/fr\/produit\/star-shaped-glass-tealight-candle-holders-bulk\/","title":{"rendered":"Porte-bougies chauffe-plat en verre en forme d&#039;\u00e9toile (en gros)"},"content":{"rendered":"<p>Ce sont des photophores en forme d&#039;\u00e9toile. Leurs \u00e9toiles vintage \u00e0 cinq branches sont en verre transparent et pr\u00e9sentent un l\u00e9ger creux au centre qui capte et diffuse la lumi\u00e8re de la bougie, cr\u00e9ant un joli effet.<\/p>\n<h2>Caract\u00e9ristiques du produit<\/h2>\n<ul>\n<li><strong>Motif classique d&#039;\u00e9toile \u00e0 cinq branches\u00a0:<\/strong> Le symbole de l&#039;\u00e9toile \u00e0 cinq branches est festif et attrayant par sa forme, ce qui pla\u00eet au regard.<\/li>\n<li><strong>Structure en coupe peu profonde :<\/strong> Ce type de structure comporte une coupelle centrale sur laquelle sont fix\u00e9es des bougies chauffe-plat de tailles standard, qui peuvent \u00eatre utilis\u00e9es imm\u00e9diatement.<\/li>\n<li><strong>Base stable :<\/strong> La conception du socle est telle que l&#039;\u00e9toile \u00e0 cinq branches peut \u00eatre fix\u00e9e sur n&#039;importe quelle surface pour \u00e9viter qu&#039;elle ne tombe.<\/li>\n<\/ul>\n<h2 style=\"text-align: left;\">Caract\u00e9ristiques principales<\/h2>\n<table class=\"aligncenter\" style=\"border-collapse: collapse; width: 392.27pt;\" border=\"0\" width=\"523\" cellspacing=\"0\" cellpadding=\"0\">\n<tbody>\n<tr style=\"height: 13.50pt;\">\n<td style=\"height: 13.50pt; width: 120.75pt;\" width=\"161\" height=\"18\">Sp\u00e9cification<\/td>\n<td style=\"width: 271.50pt;\" width=\"362\">D\u00e9tails<\/td>\n<\/tr>\n<tr style=\"height: 13.50pt;\">\n<td style=\"height: 13.50pt;\" height=\"18\">Dimensions<\/td>\n<td>77\u00d721 mm<\/td>\n<\/tr>\n<tr style=\"height: 13.50pt;\">\n<td style=\"height: 13.50pt;\" height=\"18\">Mat\u00e9riel<\/td>\n<td>Verre clair<\/td>\n<\/tr>\n<tr style=\"height: 13.50pt;\">\n<td style=\"height: 13.50pt;\" height=\"18\">Forme du support<\/td>\n<td>\u00c9toile \u00e0 cinq branches avec coupelle centrale encastr\u00e9e<\/td>\n<\/tr>\n<tr style=\"height: 13.50pt;\">\n<td style=\"height: 13.50pt;\" height=\"18\">\u00c9tendue de la personnalisation<\/td>\n<td>Taille, couleur, finition, d\u00e9tails des bords<\/td>\n<\/tr>\n<tr style=\"height: 13.50pt;\">\n<td style=\"height: 13.50pt;\" height=\"18\">Savoir-faire<\/td>\n<td>Moulage en verre press\u00e9 pour une forme d&#039;\u00e9toile d\u00e9taill\u00e9e<\/td>\n<\/tr>\n<tr style=\"height: 13.50pt;\">\n<td style=\"height: 13.50pt;\" height=\"18\">Objectif du produit<\/td>\n<td>Porte-bougies chauffe-plat, porte-bougies en verre en vrac<\/td>\n<\/tr>\n<tr style=\"height: 13.50pt;\">\n<td style=\"height: 13.50pt;\" height=\"18\">Secteurs d&#039;activit\u00e9 appropri\u00e9s<\/td>\n<td>Organisateurs d&#039;\u00e9v\u00e9nements\/mariages, marques de d\u00e9coration int\u00e9rieure<\/td>\n<\/tr>\n<\/tbody>\n<\/table>\n<h2>Succ\u00e8s : Collection F\u00eates d&#039;une cha\u00eene nationale de d\u00e9coration int\u00e9rieure<\/h2>\n<p>Nos photophores en forme d&#039;\u00e9toile ont \u00e9t\u00e9 command\u00e9s par une grande enseigne de d\u00e9coration d&#039;int\u00e9rieur nationale, avec une finition dor\u00e9e l\u00e9g\u00e8re des pointes. D\u00e8s sa sortie, ce mod\u00e8le a connu un succ\u00e8s fulgurant, avec des ventes quadrupl\u00e9es dans leur cat\u00e9gorie d\u00e9corations de f\u00eates. D&#039;une \u00e9paisseur de seulement 21 mm, ils sont facilement empilables et leur transport est facilit\u00e9, r\u00e9duisant ainsi les co\u00fbts logistiques de 20 %. Satisfaite du succ\u00e8s rencontr\u00e9, l&#039;enseigne a pass\u00e9 une nouvelle commande de 600\u00a0000 unit\u00e9s pour les f\u00eates de fin d&#039;ann\u00e9e suivantes.<\/p>\n<h2>Personnalisation des bougeoirs en verre<\/h2>\n<ul>\n<li>Finition givr\u00e9e ou paillet\u00e9e\u00a0: Choisissez une finition givr\u00e9e ou une petite quantit\u00e9 de paillettes pour un aspect \u00e9tincelant.<\/li>\n<li>Placage m\u00e9tallique\u00a0: Le plaquage peut \u00eatre effectu\u00e9 sur les pointes, les bords ou sur l\u2019\u00e9toile enti\u00e8re, en or, en argent ou en cuivre.<\/li>\n<li>Gravure laser : Des motifs miniatures de constellations, des combinaisons d&#039;alphabets ou d&#039;ann\u00e9es peuvent \u00eatre grav\u00e9s sur n&#039;importe quelle surface plane.<\/li>\n<li>Variations de taille : Pr\u00e9parez une collection d&#039;\u00e9toiles de diff\u00e9rentes tailles (petites, moyennes, grandes).<\/li>\n<\/ul>","protected":false},"excerpt":{"rendered":"<p>Porte-bougies chauffe-plat en verre transparent en forme d&#039;\u00e9toile, aux bords nets et \u00e0 la coupe peu profonde. Id\u00e9aux pour une d\u00e9coration festive et les petites bougies. Vente directe d&#039;usine.<\/p>","protected":false},"featured_media":5363,"template":"","meta":{"postBodyCss":"","postBodyMargin":[],"postBodyPadding":[],"postBodyBackground":{"backgroundType":"classic","gradient":""}},"product_brand":[],"product_cat":[15,82,17],"product_tag":[],"class_list":{"0":"post-5355","1":"product","2":"type-product","3":"status-publish","4":"has-post-thumbnail","6":"product_cat-glass-containers","7":"product_cat-candle-jars","8":"product_cat-glass-jars","10":"first","11":"instock","12":"shipping-taxable","13":"product-type-simple"},"jetpack_sharing_enabled":true,"_links":{"self":[{"href":"https:\/\/minghanggroup.com\/fr\/wp-json\/wp\/v2\/product\/5355","targetHints":{"allow":["GET"]}}],"collection":[{"href":"https:\/\/minghanggroup.com\/fr\/wp-json\/wp\/v2\/product"}],"about":[{"href":"https:\/\/minghanggroup.com\/fr\/wp-json\/wp\/v2\/types\/product"}],"wp:featuredmedia":[{"embeddable":true,"href":"https:\/\/minghanggroup.com\/fr\/wp-json\/wp\/v2\/media\/5363"}],"wp:attachment":[{"href":"https:\/\/minghanggroup.com\/fr\/wp-json\/wp\/v2\/media?parent=5355"}],"wp:term":[{"taxonomy":"product_brand","embeddable":true,"href":"https:\/\/minghanggroup.com\/fr\/wp-json\/wp\/v2\/product_brand?post=5355"},{"taxonomy":"product_cat","embeddable":true,"href":"https:\/\/minghanggroup.com\/fr\/wp-json\/wp\/v2\/product_cat?post=5355"},{"taxonomy":"product_tag","embeddable":true,"href":"https:\/\/minghanggroup.com\/fr\/wp-json\/wp\/v2\/product_tag?post=5355"}],"curies":[{"name":"wp","href":"https:\/\/api.w.org\/{rel}","templated":true}]}}