{"id":5340,"date":"2026-01-27T16:36:50","date_gmt":"2026-01-27T08:36:50","guid":{"rendered":"https:\/\/minghanggroup.com\/?post_type=product&#038;p=5340"},"modified":"2026-01-27T16:36:52","modified_gmt":"2026-01-27T08:36:52","slug":"embossed-glass-candle-jars-unique-design-for-decorative-bulk","status":"publish","type":"product","link":"https:\/\/minghanggroup.com\/fr\/produit\/embossed-glass-candle-jars-unique-design-for-decorative-bulk\/","title":{"rendered":"Pots \u00e0 bougies en verre gaufr\u00e9 de 90 ml, design unique pour la d\u00e9coration en vrac"},"content":{"rendered":"<p>Il vous faut des pots \u00e0 bougies si originaux qu&#039;ils captivent l&#039;attention, et des contenants si pr\u00e9cieux qu&#039;ils deviennent de v\u00e9ritables objets de collection. C&#039;est pourquoi nous avons cr\u00e9\u00e9 cette collection de verre cristal aux dix textures raffin\u00e9es. En tant que fabricant direct d&#039;emballages en verre, nous allions esth\u00e9tique et fonctionnalit\u00e9 pour que votre gamme de bougies en gros rayonne d&#039;un style incomparable dans n&#039;importe quelle boutique.<\/p>\n<h2>Caract\u00e9ristiques du produit<\/h2>\n<ul>\n<li><strong>Harmonie des motifs soigneusement s\u00e9lectionn\u00e9s\u00a0:<\/strong> Dix textures florales en relief diff\u00e9rentes, toujours harmonieuses visuellement et attrayantes collectivement sur une m\u00eame \u00e9tag\u00e8re, forment une collection coh\u00e9rente, du tournesol \u00e0 la spirale.<\/li>\n<li><strong>R\u00e9fraction prismatique de la lumi\u00e8re :<\/strong> L&#039;association de parois en cristal \u00e9pais et de surfaces textur\u00e9es conf\u00e8re \u00e0 la lueur vacillante des bougies une ambiance intime, sophistiqu\u00e9e et tr\u00e8s photog\u00e9nique.<\/li>\n<li><strong>Identit\u00e9 unifi\u00e9e de la s\u00e9rie\u00a0:<\/strong> Un seul logo suffit, avec la m\u00eame forme \u00e9l\u00e9gante et des motifs d\u00e9coratifs diff\u00e9rents pour chaque parfum, pr\u00e9servant ainsi l&#039;identit\u00e9 de votre marque tout en racontant une histoire diff\u00e9rente.<\/li>\n<\/ul>\n<h2>Caract\u00e9ristiques principales<\/h2>\n<table style=\"border-collapse: collapse; width: 80%; margin-left: auto; margin-right: auto;\" border=\"0\" width=\"144\" cellspacing=\"0\" cellpadding=\"0\">\n<tbody>\n<tr style=\"height: 13.50pt;\">\n<td style=\"height: 13.5pt; width: 54pt; text-align: center;\" width=\"72\" height=\"18\">Fonctionnalit\u00e9<\/td>\n<td style=\"width: 54pt; text-align: center;\" width=\"72\">D\u00e9tails<\/td>\n<\/tr>\n<tr style=\"height: 13.50pt;\">\n<td style=\"height: 13.5pt; text-align: center;\" height=\"18\">Capacit\u00e9<\/td>\n<td style=\"text-align: center;\">90 ml<\/td>\n<\/tr>\n<tr style=\"height: 13.50pt;\">\n<td style=\"height: 13.5pt; text-align: center;\" height=\"18\">Dimensions<\/td>\n<td style=\"text-align: center;\">55 \u00d7 52 \u00d7 65 mm<\/td>\n<\/tr>\n<tr style=\"height: 13.50pt;\">\n<td style=\"height: 13.5pt; text-align: center;\" height=\"18\">Motifs<\/td>\n<td style=\"text-align: center;\">Escargot, Pointill\u00e9, Diamant, Vertical, Pissenlit, Spirale, Tournesol, Points rectangulaires, En forme d&#039;\u00e9ventail, Points verticaux<\/td>\n<\/tr>\n<tr style=\"height: 13.50pt;\">\n<td style=\"height: 13.5pt; text-align: center;\" height=\"18\">Mat\u00e9riel<\/td>\n<td style=\"text-align: center;\">Verre cristallin<\/td>\n<\/tr>\n<tr style=\"height: 13.50pt;\">\n<td style=\"height: 13.5pt; text-align: center;\" height=\"18\">Couleur<\/td>\n<td style=\"text-align: center;\">Clair ou personnalis\u00e9<\/td>\n<\/tr>\n<\/tbody>\n<\/table>\n<h2>Cas de r\u00e9ussite<\/h2>\n<p>Une petite marque de parfums d&#039;int\u00e9rieur, sp\u00e9cialis\u00e9e dans les bougies de soja coul\u00e9es \u00e0 la main, a choisi nos pots \u00e0 bougies en verre \u00e0 motifs pour sa nouvelle collection saisonni\u00e8re. Pour personnaliser ces pots, elle y a appos\u00e9 son logo en relief, opt\u00e9 pour des teintes de verre douces, inspir\u00e9es par Morandi, et utilis\u00e9 des motifs s\u00e9rigraphi\u00e9s d\u00e9licats, chacun associ\u00e9 \u00e0 une fragrance particuli\u00e8re.<\/p>\n<p>Le principal effet a \u00e9t\u00e9 une hausse de 35 % des achats r\u00e9p\u00e9t\u00e9s. Face \u00e0 un tel engouement du march\u00e9, la marque a d\u00e9cid\u00e9 d&#039;adopter ces pots \u00e0 bougies comme emballage principal et a continu\u00e9 \u00e0 passer des commandes importantes au cours des quatre derniers trimestres.<\/p>\n<h2>Conseils de personnalisation<\/h2>\n<ol>\n<li><strong>Logo en relief ou en creux\u00a0:<\/strong> Cr\u00e9ez une signature de marque esth\u00e9tique et tangible en ajoutant un logo en relief ou en creux directement sur la surface du verre. Le logo restera visible m\u00eame apr\u00e8s l&#039;utilisation de la bougie.<\/li>\n<li><strong>Couleurs de verre personnalis\u00e9es\u00a0:<\/strong> Choisissez parmi des verres translucides, opaques ou \u00e0 d\u00e9grad\u00e9 de couleurs pour refl\u00e9ter certains th\u00e8mes de parfums ou collections saisonni\u00e8res tout en augmentant la diffusion de la lumi\u00e8re.<\/li>\n<li><strong>Finition givr\u00e9e ou acide, grav\u00e9e :<\/strong> Utilisez un givrage total ou partiel pour att\u00e9nuer la lumi\u00e8re des bougies, rehausser la texture visuelle et sugg\u00e9rer un style sophistiqu\u00e9 et contemporain.<\/li>\n<\/ol>","protected":false},"excerpt":{"rendered":"<p>D\u00e9couvrez nos pots \u00e0 bougies au design unique et nos contenants \u00e0 l&#039;esth\u00e9tique singuli\u00e8re. Vente directe d&#039;usine, \u00e9chantillons gratuits et personnalisation pour les commandes en gros disponibles.<\/p>","protected":false},"featured_media":5344,"template":"","meta":{"postBodyCss":"","postBodyMargin":[],"postBodyPadding":[],"postBodyBackground":{"backgroundType":"classic","gradient":""}},"product_brand":[],"product_cat":[15,82,17],"product_tag":[],"class_list":{"0":"post-5340","1":"product","2":"type-product","3":"status-publish","4":"has-post-thumbnail","6":"product_cat-glass-containers","7":"product_cat-candle-jars","8":"product_cat-glass-jars","10":"first","11":"instock","12":"shipping-taxable","13":"product-type-simple"},"jetpack_sharing_enabled":true,"_links":{"self":[{"href":"https:\/\/minghanggroup.com\/fr\/wp-json\/wp\/v2\/product\/5340","targetHints":{"allow":["GET"]}}],"collection":[{"href":"https:\/\/minghanggroup.com\/fr\/wp-json\/wp\/v2\/product"}],"about":[{"href":"https:\/\/minghanggroup.com\/fr\/wp-json\/wp\/v2\/types\/product"}],"wp:featuredmedia":[{"embeddable":true,"href":"https:\/\/minghanggroup.com\/fr\/wp-json\/wp\/v2\/media\/5344"}],"wp:attachment":[{"href":"https:\/\/minghanggroup.com\/fr\/wp-json\/wp\/v2\/media?parent=5340"}],"wp:term":[{"taxonomy":"product_brand","embeddable":true,"href":"https:\/\/minghanggroup.com\/fr\/wp-json\/wp\/v2\/product_brand?post=5340"},{"taxonomy":"product_cat","embeddable":true,"href":"https:\/\/minghanggroup.com\/fr\/wp-json\/wp\/v2\/product_cat?post=5340"},{"taxonomy":"product_tag","embeddable":true,"href":"https:\/\/minghanggroup.com\/fr\/wp-json\/wp\/v2\/product_tag?post=5340"}],"curies":[{"name":"wp","href":"https:\/\/api.w.org\/{rel}","templated":true}]}}