{"id":5330,"date":"2026-01-27T13:54:38","date_gmt":"2026-01-27T05:54:38","guid":{"rendered":"https:\/\/minghanggroup.com\/?post_type=product&#038;p=5330"},"modified":"2026-01-27T14:31:44","modified_gmt":"2026-01-27T06:31:44","slug":"clear-empty-square-candle-jars-wholesale","status":"publish","type":"product","link":"https:\/\/minghanggroup.com\/fr\/produit\/clear-empty-square-candle-jars-wholesale\/","title":{"rendered":"Pots \u00e0 bougies carr\u00e9s vides transparents de 80 ml \u00e0 640 ml, vente en gros"},"content":{"rendered":"<p>Ces pots \u00e0 bougies carr\u00e9s, au style simple et classique, pr\u00e9sentent des angles vifs et une base \u00e9paisse et robuste. Ils existent en diff\u00e9rentes tailles.<\/p>\n<h2>Caract\u00e9ristiques du produit<\/h2>\n<ul>\n<li><strong>Forme de cube simple :<\/strong> Le motif cubique est universel et peut \u00eatre empil\u00e9 pour donner un aspect \u00e9pur\u00e9 et moderne.<\/li>\n<li><strong>Fond r\u00e9sistant :<\/strong> Le fond est \u00e9pais pour assurer la stabilit\u00e9 de chaque pot et \u00e9viter qu&#039;il ne se renverse.<\/li>\n<li><strong>Plusieurs tailles :<\/strong> Ce produit se d\u00e9cline en quatre tailles diff\u00e9rentes pour former une gamme de produits autonome, allant des petites aux grandes bougies attrayantes.<\/li>\n<\/ul>\n<h2 style=\"text-align: left;\">Caract\u00e9ristiques principales<\/h2>\n<table class=\"aligncenter\" style=\"border-collapse: collapse; width: 430.52pt;\" border=\"0\" width=\"574\" cellspacing=\"0\" cellpadding=\"0\">\n<tbody>\n<tr style=\"height: 13.50pt;\">\n<td style=\"height: 13.50pt; width: 117.75pt;\" width=\"157\" height=\"18\">Sp\u00e9cification<\/td>\n<td style=\"width: 312.75pt;\" width=\"417\">D\u00e9tails<\/td>\n<\/tr>\n<tr style=\"height: 13.50pt;\">\n<td style=\"height: 13.50pt;\" height=\"18\">Dimensions<\/td>\n<td>52\u00d748\u00d752mm \/ 60\u00d758\u00d760mm \/ 80\u00d775\u00d780mm \/ 100\u00d795\u00d7100mm<\/td>\n<\/tr>\n<tr style=\"height: 13.50pt;\">\n<td style=\"height: 13.50pt;\" height=\"18\">Capacit\u00e9<\/td>\n<td>80 ml \/ 120 ml \/ 300 ml \/ 640 ml<\/td>\n<\/tr>\n<tr style=\"height: 13.50pt;\">\n<td style=\"height: 13.50pt;\" height=\"18\">Mat\u00e9riel<\/td>\n<td>Verre clair<\/td>\n<\/tr>\n<tr style=\"height: 13.50pt;\">\n<td style=\"height: 13.50pt;\" height=\"18\">Pot en forme de bocal<\/td>\n<td>Cube<\/td>\n<\/tr>\n<tr style=\"height: 13.50pt;\">\n<td style=\"height: 13.50pt;\" height=\"18\">\u00c9tendue de la personnalisation<\/td>\n<td>Couleur, forme, taille, couvercles<\/td>\n<\/tr>\n<tr style=\"height: 13.50pt;\">\n<td style=\"height: 13.50pt;\" height=\"18\">Savoir-faire<\/td>\n<td>Formage de verre carr\u00e9 de pr\u00e9cision<\/td>\n<\/tr>\n<tr style=\"height: 13.50pt;\">\n<td style=\"height: 13.50pt;\" height=\"18\">Objectif du produit<\/td>\n<td>Bocaux \u00e0 bougies d&#039;apothicaire, bougies d\u00e9coratives en contenant<\/td>\n<\/tr>\n<tr style=\"height: 13.50pt;\">\n<td style=\"height: 13.50pt;\" height=\"18\">Secteurs d&#039;activit\u00e9 appropri\u00e9s<\/td>\n<td>Fabricants de bougies, marques de d\u00e9coration int\u00e9rieure<\/td>\n<\/tr>\n<\/tbody>\n<\/table>\n<h2>Histoire \u00e0 succ\u00e8s d&#039;une marque am\u00e9ricaine de bougies et d&#039;ameublement du Midwest<\/h2>\n<p>Une entreprise am\u00e9ricaine de parfums d&#039;int\u00e9rieur du Midwest a command\u00e9 nos pots \u00e0 bougies d&#039;apothicaire en formats 300 ml et 640 ml, personnalis\u00e9s avec une teinte gris fum\u00e9 et de petites \u00e9tiquettes s\u00e9rigraphi\u00e9es. Leur forme carr\u00e9e et uniforme a permis une excellente visibilit\u00e9 en rayon, entra\u00eenant une augmentation de 40 % des ventes en magasin. Leur base lourde garantit une stabilit\u00e9 optimale, r\u00e9duisant ainsi de 95 % les r\u00e9clamations pour dommages lors du transport. Fort de ce succ\u00e8s, la marque a pass\u00e9 une nouvelle commande de 400\u00a0000 pots en verre de diff\u00e9rentes tailles afin de r\u00e9pondre \u00e0 la demande des deux prochaines ann\u00e9es.<\/p>\n<h2>Personnalisation des pots \u00e0 bougies carr\u00e9s<\/h2>\n<ul>\n<li>Logo\/Capacit\u00e9 imprim\u00e9s\u00a0: Inscrire un petit logo en relief ou une indication de capacit\u00e9 sur le c\u00f4t\u00e9 du bocal en verre.<\/li>\n<li>Couvercles personnalis\u00e9s\u00a0: Cr\u00e9ez un couvercle sur mesure qui s\u2019harmonisera parfaitement avec les couvercles carr\u00e9s en bois, en m\u00e9tal ou en li\u00e8ge.<\/li>\n<li>Verre bicolore\u00a0: proc\u00e9d\u00e9 bicolore ou transparent.<\/li>\n<li>Versions arrondies\u00a0: disponibles avec des angles l\u00e9g\u00e8rement plus arrondis.<\/li>\n<\/ul>","protected":false},"excerpt":{"rendered":"<p>Pots \u00e0 bougies minimalistes de style apothicaire, de forme carr\u00e9e transparente et \u00e0 fond \u00e9pais, parfaits pour les bougies parfum\u00e9es et la d\u00e9coration. Pots \u00e0 bougies carr\u00e9s haut de gamme avec \u00e9chantillons gratuits.<\/p>","protected":false},"featured_media":5334,"template":"","meta":{"postBodyCss":"","postBodyMargin":[],"postBodyPadding":[],"postBodyBackground":{"backgroundType":"classic","gradient":""}},"product_brand":[],"product_cat":[15,82,17],"product_tag":[],"class_list":{"0":"post-5330","1":"product","2":"type-product","3":"status-publish","4":"has-post-thumbnail","6":"product_cat-glass-containers","7":"product_cat-candle-jars","8":"product_cat-glass-jars","10":"first","11":"instock","12":"shipping-taxable","13":"product-type-simple"},"jetpack_sharing_enabled":true,"_links":{"self":[{"href":"https:\/\/minghanggroup.com\/fr\/wp-json\/wp\/v2\/product\/5330","targetHints":{"allow":["GET"]}}],"collection":[{"href":"https:\/\/minghanggroup.com\/fr\/wp-json\/wp\/v2\/product"}],"about":[{"href":"https:\/\/minghanggroup.com\/fr\/wp-json\/wp\/v2\/types\/product"}],"wp:featuredmedia":[{"embeddable":true,"href":"https:\/\/minghanggroup.com\/fr\/wp-json\/wp\/v2\/media\/5334"}],"wp:attachment":[{"href":"https:\/\/minghanggroup.com\/fr\/wp-json\/wp\/v2\/media?parent=5330"}],"wp:term":[{"taxonomy":"product_brand","embeddable":true,"href":"https:\/\/minghanggroup.com\/fr\/wp-json\/wp\/v2\/product_brand?post=5330"},{"taxonomy":"product_cat","embeddable":true,"href":"https:\/\/minghanggroup.com\/fr\/wp-json\/wp\/v2\/product_cat?post=5330"},{"taxonomy":"product_tag","embeddable":true,"href":"https:\/\/minghanggroup.com\/fr\/wp-json\/wp\/v2\/product_tag?post=5330"}],"curies":[{"name":"wp","href":"https:\/\/api.w.org\/{rel}","templated":true}]}}