{"id":5329,"date":"2026-01-27T14:38:24","date_gmt":"2026-01-27T06:38:24","guid":{"rendered":"https:\/\/minghanggroup.com\/?post_type=product&#038;p=5329"},"modified":"2026-03-02T15:01:40","modified_gmt":"2026-03-02T07:01:40","slug":"320ml-950ml-classic-clear-glass-candle-jars-with-lids-wholesale","status":"publish","type":"product","link":"https:\/\/minghanggroup.com\/fr\/produit\/320ml-950ml-classic-clear-glass-candle-jars-with-lids-wholesale\/","title":{"rendered":"Pots \u00e0 bougies classiques en verre transparent de 320 ml \u00e0 950 ml avec couvercles (vente en gros)"},"content":{"rendered":"<p>Vous avez besoin de pots \u00e0 bougies avec couvercles qui prot\u00e8gent vos produits et s\u00e9duisent vos clients. C&#039;est pourquoi nous fabriquons en gros des pots \u00e0 bougies avec couvercles en verre transparent, con\u00e7us pour allier s\u00e9curit\u00e9, \u00e9l\u00e9gance et un impact visuel fort en rayon. En tant que fabricant direct d&#039;emballages en verre, nous transformons de simples contenants en luxueux pots \u00e0 bougies que vos clients conserveront longtemps apr\u00e8s que la flamme se soit \u00e9teinte.<\/p>\n<h2>Caract\u00e9ristiques du produit<\/h2>\n<ul>\n<li><strong>Couvercle, Ready Precision :<\/strong> Vous pouvez facilement combiner des bo\u00eetes de toutes tailles avec des couvercles en bois ou en m\u00e9tal pour conserver la fra\u00eecheur, emp\u00eacher la poussi\u00e8re d&#039;entrer et embellir vos cadeaux.<\/li>\n<li><strong>Clart\u00e9 cristalline :<\/strong> Observez les volutes d&#039;huile essentielle parfum\u00e9e \u00e0 travers le premier verre transparent. Aucune bu\u00e9e. Un pur r\u00e9gal pour les yeux.<\/li>\n<li><strong>Gamme de tailles :<\/strong> Du format r\u00e9confortant de 320 ml au format captivant de 690 ml, il y en a pour tous les go\u00fbts. Nos pots de bougies en gros ont tout ce qu&#039;il vous faut.<\/li>\n<\/ul>\n<h2>Caract\u00e9ristiques principales<\/h2>\n<table style=\"border-collapse: collapse; width: 80%; margin-left: auto; margin-right: auto;\" border=\"0\" width=\"288\" cellspacing=\"0\" cellpadding=\"0\">\n<tbody>\n<tr style=\"height: 13.50pt;\">\n<td style=\"height: 13.5pt; width: 54pt; text-align: center;\" width=\"72\" height=\"18\">Capacit\u00e9 (ml)<\/td>\n<td style=\"width: 54pt; text-align: center;\" width=\"72\">Dimensions (mm)<\/td>\n<td style=\"width: 54pt; text-align: center;\" width=\"72\">Mat\u00e9riel<\/td>\n<td style=\"width: 54pt; text-align: center;\" width=\"72\">Options de couleur<\/td>\n<\/tr>\n<tr style=\"height: 13.50pt;\">\n<td style=\"height: 13.5pt; text-align: center;\" align=\"right\" height=\"18\">320<\/td>\n<td style=\"text-align: center;\">80 \u00d7 75 \u00d7 100<\/td>\n<td class=\"et2\" style=\"text-align: center;\" rowspan=\"5\">Verre cristallin<\/td>\n<td class=\"et2\" style=\"text-align: center;\" rowspan=\"5\">Clair\/personnalis\u00e9<\/td>\n<\/tr>\n<tr style=\"height: 13.50pt;\">\n<td style=\"height: 13.5pt; text-align: center;\" align=\"right\" height=\"18\">410<\/td>\n<td style=\"text-align: center;\">88 \u00d7 83 \u00d7 100<\/td>\n<\/tr>\n<tr style=\"height: 13.50pt;\">\n<td style=\"height: 13.5pt; text-align: center;\" align=\"right\" height=\"18\">430<\/td>\n<td style=\"text-align: center;\">90 \u00d7 85 \u00d7 102<\/td>\n<\/tr>\n<tr style=\"height: 13.50pt;\">\n<td style=\"height: 13.5pt; text-align: center;\" align=\"right\" height=\"18\">550<\/td>\n<td style=\"text-align: center;\">100 \u00d7 94 \u00d7 101<\/td>\n<\/tr>\n<tr style=\"height: 13.50pt;\">\n<td style=\"height: 13.5pt; text-align: center;\" align=\"right\" height=\"18\">690<\/td>\n<td style=\"text-align: center;\">100 \u00d7 92 \u00d7 125<\/td>\n<\/tr>\n<\/tbody>\n<\/table>\n<h2>Cas de r\u00e9ussite<\/h2>\n<p>Une marque de parfums d&#039;int\u00e9rieur haut de gamme, sp\u00e9cialis\u00e9e dans les bougies parfum\u00e9es coul\u00e9es \u00e0 la main, a choisi nos pots \u00e0 bougies en verre transparent pour le lancement de sa nouvelle collection. Ces pots arborent une finition l\u00e9g\u00e8rement d\u00e9polie, des motifs g\u00e9om\u00e9triques imprim\u00e9s et s\u00e9rigraphi\u00e9s, ainsi qu&#039;un logo \u00e9l\u00e9gamment emboss\u00e9 pr\u00e8s de la base. Cette combinaison permet \u00e0 la lumi\u00e8re de la flamme de s&#039;\u00e9chapper davantage, conf\u00e9rant au produit une allure plus luxueuse aux yeux des clients.<\/p>\n<p>Par cons\u00e9quent, le nombre de clients interagissant avec le produit en magasin a connu une hausse spectaculaire, et les commandes des distributeurs ont augment\u00e9 de 35 %. L&#039;entreprise a \u00e9t\u00e9 s\u00e9duite par ce pot \u00e0 bougie \u00e9l\u00e9gant pour plusieurs gammes de parfums et a continu\u00e9 \u00e0 en commander pour les collections saisonni\u00e8res suivantes.<\/p>\n<h2>Vos conseils de personnalisation<\/h2>\n<ol>\n<li><strong>Marquage en relief superpos\u00e9\u00a0:<\/strong> Un logo ou une marque en relief est plac\u00e9 sur la moiti\u00e9 inf\u00e9rieure de la bouteille, cr\u00e9ant un contraste avec la moiti\u00e9 sup\u00e9rieure en verre transparent, ce qui augmente non seulement l&#039;attrait tactile, mais aussi la reconnaissance haut de gamme.<\/li>\n<li><strong>Ambiance givr\u00e9e :<\/strong> Un gla\u00e7age limit\u00e9 ou en d\u00e9grad\u00e9 est appliqu\u00e9 uniquement \u00e0 la partie centrale ou inf\u00e9rieure, ce qui contribue \u00e0 donner \u00e0 la bougie un \u00e9clairage plus doux et plus atmosph\u00e9rique lorsqu&#039;elle est allum\u00e9e.<\/li>\n<li><strong>Soie narrative, art de la s\u00e9rigraphie :<\/strong> Quelques lignes de symboles olfactifs ou de courtes phrases racontant l&#039;histoire de la marque sont r\u00e9alis\u00e9es par s\u00e9rigraphie sur soie afin de d\u00e9corer le flacon et de renforcer le r\u00e9cit de la marque.<\/li>\n<\/ol>","protected":false},"excerpt":{"rendered":"<p>Pots \u00e0 bougies transparents avec couvercles, con\u00e7us pour les marques et les acheteurs en gros. Vente directe d&#039;usine, pots \u00e0 bougies avec couvercles en gros, personnalisation possible pour les commandes en grande quantit\u00e9.<\/p>","protected":false},"featured_media":5338,"template":"","meta":{"postBodyCss":"","postBodyMargin":[],"postBodyPadding":[],"postBodyBackground":{"backgroundType":"classic","gradient":""}},"product_brand":[],"product_cat":[15,82,17],"product_tag":[96],"class_list":{"0":"post-5329","1":"product","2":"type-product","3":"status-publish","4":"has-post-thumbnail","6":"product_cat-glass-containers","7":"product_cat-candle-jars","8":"product_cat-glass-jars","9":"product_tag-whiskey-tumblers","11":"first","12":"instock","13":"shipping-taxable","14":"product-type-simple"},"jetpack_sharing_enabled":true,"_links":{"self":[{"href":"https:\/\/minghanggroup.com\/fr\/wp-json\/wp\/v2\/product\/5329","targetHints":{"allow":["GET"]}}],"collection":[{"href":"https:\/\/minghanggroup.com\/fr\/wp-json\/wp\/v2\/product"}],"about":[{"href":"https:\/\/minghanggroup.com\/fr\/wp-json\/wp\/v2\/types\/product"}],"wp:featuredmedia":[{"embeddable":true,"href":"https:\/\/minghanggroup.com\/fr\/wp-json\/wp\/v2\/media\/5338"}],"wp:attachment":[{"href":"https:\/\/minghanggroup.com\/fr\/wp-json\/wp\/v2\/media?parent=5329"}],"wp:term":[{"taxonomy":"product_brand","embeddable":true,"href":"https:\/\/minghanggroup.com\/fr\/wp-json\/wp\/v2\/product_brand?post=5329"},{"taxonomy":"product_cat","embeddable":true,"href":"https:\/\/minghanggroup.com\/fr\/wp-json\/wp\/v2\/product_cat?post=5329"},{"taxonomy":"product_tag","embeddable":true,"href":"https:\/\/minghanggroup.com\/fr\/wp-json\/wp\/v2\/product_tag?post=5329"}],"curies":[{"name":"wp","href":"https:\/\/api.w.org\/{rel}","templated":true}]}}