{"id":5309,"date":"2026-01-27T10:14:13","date_gmt":"2026-01-27T02:14:13","guid":{"rendered":"https:\/\/minghanggroup.com\/?post_type=product&#038;p=5309"},"modified":"2026-01-27T10:14:15","modified_gmt":"2026-01-27T02:14:15","slug":"scented-candle-jars-wholesale-candle-jar-manufacturers","status":"publish","type":"product","link":"https:\/\/minghanggroup.com\/fr\/produit\/scented-candle-jars-wholesale-candle-jar-manufacturers\/","title":{"rendered":"Pots \u00e0 bougies parfum\u00e9es en verre \u00e0 rayures verticales (vente en gros)"},"content":{"rendered":"<p>Vos pots \u00e0 bougies parfum\u00e9es ne devraient pas se contenter de contenir de la cire\u00a0; ils devraient sublimer le parfum. En tant que fabricants leaders de pots \u00e0 bougies, nous cr\u00e9ons des contenants en cristal \u00e0 double usage qui transforment votre gamme de bougies en un rituel quotidien pour vos clients.<\/p>\n<h2>Caract\u00e9ristiques du produit<\/h2>\n<ul>\n<li><strong>Design r\u00e9versible :<\/strong> En r\u00e9sum\u00e9, un m\u00eame bougeoir peut \u00eatre utilis\u00e9 de deux mani\u00e8res diff\u00e9rentes\u00a0: il peut accueillir une grande bougie d\u2019un c\u00f4t\u00e9 et une bougie fine de l\u2019autre.<\/li>\n<li><strong>Effet lumineux \u00e0 nervures verticales :<\/strong> Les nervures servent de prisme pour pi\u00e9ger la lumi\u00e8re, illuminant ainsi votre joli bougeoir d&#039;une douce lueur vacillante.<\/li>\n<li><strong>Clart\u00e9 cristalline :<\/strong> C&#039;est le verre haut de gamme qui permet de voir les gouttes d&#039;huile essentielle avec une nettet\u00e9 exceptionnelle, sans la moindre distorsion.<\/li>\n<\/ul>\n<h2>Caract\u00e9ristiques principales<\/h2>\n<table style=\"border-collapse: collapse; width: 80%; margin-left: auto; margin-right: auto;\" border=\"0\" width=\"144\" cellspacing=\"0\" cellpadding=\"0\">\n<tbody>\n<tr style=\"height: 13.50pt;\">\n<td style=\"height: 13.5pt; width: 54pt; text-align: center;\" width=\"72\" height=\"18\">Fonctionnalit\u00e9<\/td>\n<td style=\"width: 54pt; text-align: center;\" width=\"72\">Sp\u00e9cification<\/td>\n<\/tr>\n<tr style=\"height: 13.50pt;\">\n<td style=\"height: 13.5pt; text-align: center;\" height=\"18\">Taille<\/td>\n<td style=\"text-align: center;\">45\u00d734\u00d770 mm<\/td>\n<\/tr>\n<tr style=\"height: 13.50pt;\">\n<td style=\"height: 13.5pt; text-align: center;\" height=\"18\">Mod\u00e8le<\/td>\n<td style=\"text-align: center;\">C\u00f4tes verticales<\/td>\n<\/tr>\n<tr style=\"height: 13.50pt;\">\n<td style=\"height: 13.5pt; text-align: center;\" height=\"18\">Forme<\/td>\n<td style=\"text-align: center;\">Double usage \/ Fin<\/td>\n<\/tr>\n<tr style=\"height: 13.50pt;\">\n<td style=\"height: 13.5pt; text-align: center;\" height=\"18\">Mat\u00e9riel<\/td>\n<td style=\"text-align: center;\">Verre cristallin<\/td>\n<\/tr>\n<tr style=\"height: 13.50pt;\">\n<td style=\"height: 13.5pt; text-align: center;\" height=\"18\">Couleur<\/td>\n<td style=\"text-align: center;\">Clair ou personnalis\u00e9<\/td>\n<\/tr>\n<\/tbody>\n<\/table>\n<h2>Cas de r\u00e9ussite<\/h2>\n<p>Une marque de parfums d&#039;int\u00e9rieur qui cr\u00e9e des fragrances minimalistes et luxueuses a d\u00e9cid\u00e9 d&#039;utiliser nos pots \u00e0 bougies en verre pour le lancement de son nouveau produit et les a personnalis\u00e9s\u00a0: ils ont choisi une finition d\u00e9polie, ont emboss\u00e9 le logo d\u00e9licat de leur marque sur le fond du pot et ont s\u00e9rigraphi\u00e9 un motif qui s&#039;accorde avec l&#039;histoire du parfum.<\/p>\n<p>Suite \u00e0 l&#039;adoption de cet emballage en verre sur mesure, la valeur per\u00e7ue de la marque a connu une forte hausse, ce qui s&#039;est traduit par une augmentation des taux de r\u00e9achat aupr\u00e8s des partenaires distributeurs et une hausse de 35 % du chiffre d&#039;affaires total au cours des deux trimestres suivants. Depuis, ils nous passent r\u00e9guli\u00e8rement des commandes importantes pour plusieurs gammes de produits.<\/p>\n<h2>Vos conseils de personnalisation<\/h2>\n<ol>\n<li><strong>Logo en relief ou en creux\u00a0:<\/strong> Apposez un logo en relief ou en creux sur la surface en verre pour accro\u00eetre la visibilit\u00e9 de la marque et offrir une exp\u00e9rience tactile luxueuse sans avoir recours \u00e0 des \u00e9tiquettes.<\/li>\n<li><strong>Teintes de verre personnalis\u00e9es\u00a0:<\/strong> Proposez des couleurs tr\u00e8s claires comme le gris fum\u00e9, l&#039;ambre ou le vert tendre, qui peuvent correspondre \u00e0 diff\u00e9rentes gammes de parfums ou collections saisonni\u00e8res.<\/li>\n<li><strong>Soie, motifs s\u00e9rigraphi\u00e9s :<\/strong> Apposez des graphismes simples, des motifs ou des histoires de marque directement sur le verre pour un effet d\u00e9coratif soign\u00e9 et durable.<\/li>\n<\/ol>","protected":false},"excerpt":{"rendered":"<p>Pots \u00e0 bougies parfum\u00e9es en verre multicouche avec base stable. Vente directe d&#039;usine, \u00e9chantillons gratuits, personnalisation en gros possible.<\/p>","protected":false},"featured_media":5313,"template":"","meta":{"postBodyCss":"","postBodyMargin":[],"postBodyPadding":[],"postBodyBackground":{"backgroundType":"classic","gradient":""}},"product_brand":[],"product_cat":[15,82,17],"product_tag":[],"class_list":{"0":"post-5309","1":"product","2":"type-product","3":"status-publish","4":"has-post-thumbnail","6":"product_cat-glass-containers","7":"product_cat-candle-jars","8":"product_cat-glass-jars","10":"first","11":"instock","12":"shipping-taxable","13":"product-type-simple"},"jetpack_sharing_enabled":true,"_links":{"self":[{"href":"https:\/\/minghanggroup.com\/fr\/wp-json\/wp\/v2\/product\/5309","targetHints":{"allow":["GET"]}}],"collection":[{"href":"https:\/\/minghanggroup.com\/fr\/wp-json\/wp\/v2\/product"}],"about":[{"href":"https:\/\/minghanggroup.com\/fr\/wp-json\/wp\/v2\/types\/product"}],"wp:featuredmedia":[{"embeddable":true,"href":"https:\/\/minghanggroup.com\/fr\/wp-json\/wp\/v2\/media\/5313"}],"wp:attachment":[{"href":"https:\/\/minghanggroup.com\/fr\/wp-json\/wp\/v2\/media?parent=5309"}],"wp:term":[{"taxonomy":"product_brand","embeddable":true,"href":"https:\/\/minghanggroup.com\/fr\/wp-json\/wp\/v2\/product_brand?post=5309"},{"taxonomy":"product_cat","embeddable":true,"href":"https:\/\/minghanggroup.com\/fr\/wp-json\/wp\/v2\/product_cat?post=5309"},{"taxonomy":"product_tag","embeddable":true,"href":"https:\/\/minghanggroup.com\/fr\/wp-json\/wp\/v2\/product_tag?post=5309"}],"curies":[{"name":"wp","href":"https:\/\/api.w.org\/{rel}","templated":true}]}}