{"id":5308,"date":"2026-01-27T08:46:51","date_gmt":"2026-01-27T00:46:51","guid":{"rendered":"https:\/\/minghanggroup.com\/?post_type=product&#038;p=5308"},"modified":"2026-01-27T11:06:36","modified_gmt":"2026-01-27T03:06:36","slug":"bowl-shaped-empty-reusable-candle-jars-wholesale","status":"publish","type":"product","link":"https:\/\/minghanggroup.com\/fr\/produit\/bowl-shaped-empty-reusable-candle-jars-wholesale\/","title":{"rendered":"Pots \u00e0 bougies r\u00e9utilisables vides en forme de bol, vente en gros"},"content":{"rendered":"<p>Ce sont des pots \u00e0 bougies r\u00e9utilisables, con\u00e7us en forme de bol, avec des bords \u00e9vas\u00e9s et une large ouverture, ce qui les rend adapt\u00e9s aux bougies chauffe-plat ou aux petites bougies.<\/p>\n<h2>Caract\u00e9ristiques du produit<\/h2>\n<ul>\n<li><strong>Haute transparence, mati\u00e8re soyeuse :<\/strong> Le verre transparent met parfaitement en valeur la flamme de la bougie et les autres \u00e9l\u00e9ments d\u00e9coratifs.<\/li>\n<li><strong>Conception \u00e0 large ouverture et corps peu profond\u00a0:<\/strong> Ce mod\u00e8le est facile \u00e0 utiliser car sa large ouverture et sa faible profondeur permettent d&#039;y ins\u00e9rer des bougies chauffe-plat ou de petites bougies parfum\u00e9es\u00a0; de plus, il est tr\u00e8s facile \u00e0 nettoyer et \u00e0 changer.<\/li>\n<li><strong>Conception de la soucoupe :<\/strong> La soucoupe, au design \u00e9pur\u00e9, est facile \u00e0 nettoyer et le pot peut \u00eatre r\u00e9utilis\u00e9 une fois la bougie consum\u00e9e.<\/li>\n<\/ul>\n<h2 style=\"text-align: left;\">Caract\u00e9ristiques principales<\/h2>\n<table class=\"aligncenter\" style=\"border-collapse: collapse; width: 370.52pt;\" border=\"0\" width=\"494\" cellspacing=\"0\" cellpadding=\"0\">\n<tbody>\n<tr style=\"height: 13.50pt;\">\n<td style=\"height: 13.50pt; width: 128.25pt;\" width=\"171\" height=\"18\">Sp\u00e9cification<\/td>\n<td style=\"width: 242.25pt;\" width=\"323\">D\u00e9tails<\/td>\n<\/tr>\n<tr style=\"height: 13.50pt;\">\n<td style=\"height: 13.50pt;\" height=\"18\">Dimensions<\/td>\n<td>78\u00d728 mm<\/td>\n<\/tr>\n<tr style=\"height: 13.50pt;\">\n<td style=\"height: 13.50pt;\" height=\"18\">Mat\u00e9riel<\/td>\n<td>Verre clair<\/td>\n<\/tr>\n<tr style=\"height: 13.50pt;\">\n<td style=\"height: 13.50pt;\" height=\"18\">Forme de pot\/plat<\/td>\n<td>Plat\/bol peu profond<\/td>\n<\/tr>\n<tr style=\"height: 13.50pt;\">\n<td style=\"height: 13.50pt;\" height=\"18\">\u00c9tendue de la personnalisation<\/td>\n<td>Couleur, forme, poisson, texture de base<\/td>\n<\/tr>\n<tr style=\"height: 13.50pt;\">\n<td style=\"height: 13.50pt;\" height=\"18\">Caract\u00e9ristique de fabrication<\/td>\n<td>Formage de verre press\u00e9 de pr\u00e9cision<\/td>\n<\/tr>\n<tr style=\"height: 13.50pt;\">\n<td style=\"height: 13.50pt;\" height=\"18\">Objectif du produit<\/td>\n<td>Pots \u00e0 bougies, pots \u00e0 bougies vides en gros<\/td>\n<\/tr>\n<tr style=\"height: 13.50pt;\">\n<td style=\"height: 13.50pt;\" height=\"18\">Secteurs d&#039;activit\u00e9 appropri\u00e9s<\/td>\n<td>Fabricants de bougies, marques de d\u00e9coration int\u00e9rieure<\/td>\n<\/tr>\n<\/tbody>\n<\/table>\n<h2>\u00c9tude de cas : Un d\u00e9taillant nordique d&#039;articles pour la maison<\/h2>\n<p>Un distributeur nordique d&#039;articles pour la maison a command\u00e9 nos pots \u00e0 bougies r\u00e9utilisables et les a teint\u00e9s en gris clair. Ce bord naturel s&#039;accordait parfaitement avec l&#039;esth\u00e9tique naturelle de la marque, un point relev\u00e9 dans 60 % des avis clients. Ces pots \u00e0 bougies se sont vendus en 48 heures seulement apr\u00e8s leur lancement et sont devenus un best-seller. Le distributeur, enchant\u00e9 par le succ\u00e8s du produit, a pass\u00e9 une nouvelle commande de 300\u00a0000 unit\u00e9s pour sa collection de la saison prochaine.<\/p>\n<h2>Pots \u00e0 bougies vides en gros et personnalis\u00e9s<\/h2>\n<ul>\n<li>Fond en relief\u00a0: Il s\u2019agit d\u2019une petite image ou d\u2019un logo en relief plac\u00e9 au centre de l\u2019int\u00e9rieur du plat.<\/li>\n<li>S\u00e9rigraphie : Imprimez un motif uni, un logo ou un texte sur la couche inf\u00e9rieure plate.<\/li>\n<li>Surface textur\u00e9e : La surface int\u00e9rieure pr\u00e9sente de petites textures pointill\u00e9es ou lin\u00e9aires.<\/li>\n<li>Socle personnalis\u00e9\u00a0: Ajouter un petit socle en verre transparent l\u00e9g\u00e8rement sur\u00e9lev\u00e9 \u00e0 la base.<\/li>\n<\/ul>","protected":false},"excerpt":{"rendered":"<p>Pots \u00e0 bougies transparents vides, en gros, de forme peu profonde avec bord ondul\u00e9, parfaits pour les bougies chauffe-plat et la d\u00e9coration. Pots \u00e0 bougies r\u00e9utilisables de qualit\u00e9 sup\u00e9rieure, livraison rapide.<\/p>","protected":false},"featured_media":5320,"template":"","meta":{"postBodyCss":"","postBodyMargin":[],"postBodyPadding":[],"postBodyBackground":{"backgroundType":"classic","gradient":""}},"product_brand":[],"product_cat":[15,82,17],"product_tag":[],"class_list":{"0":"post-5308","1":"product","2":"type-product","3":"status-publish","4":"has-post-thumbnail","6":"product_cat-glass-containers","7":"product_cat-candle-jars","8":"product_cat-glass-jars","10":"first","11":"instock","12":"shipping-taxable","13":"product-type-simple"},"jetpack_sharing_enabled":true,"_links":{"self":[{"href":"https:\/\/minghanggroup.com\/fr\/wp-json\/wp\/v2\/product\/5308","targetHints":{"allow":["GET"]}}],"collection":[{"href":"https:\/\/minghanggroup.com\/fr\/wp-json\/wp\/v2\/product"}],"about":[{"href":"https:\/\/minghanggroup.com\/fr\/wp-json\/wp\/v2\/types\/product"}],"wp:featuredmedia":[{"embeddable":true,"href":"https:\/\/minghanggroup.com\/fr\/wp-json\/wp\/v2\/media\/5320"}],"wp:attachment":[{"href":"https:\/\/minghanggroup.com\/fr\/wp-json\/wp\/v2\/media?parent=5308"}],"wp:term":[{"taxonomy":"product_brand","embeddable":true,"href":"https:\/\/minghanggroup.com\/fr\/wp-json\/wp\/v2\/product_brand?post=5308"},{"taxonomy":"product_cat","embeddable":true,"href":"https:\/\/minghanggroup.com\/fr\/wp-json\/wp\/v2\/product_cat?post=5308"},{"taxonomy":"product_tag","embeddable":true,"href":"https:\/\/minghanggroup.com\/fr\/wp-json\/wp\/v2\/product_tag?post=5308"}],"curies":[{"name":"wp","href":"https:\/\/api.w.org\/{rel}","templated":true}]}}