{"id":5299,"date":"2026-01-26T16:38:10","date_gmt":"2026-01-26T08:38:10","guid":{"rendered":"https:\/\/minghanggroup.com\/?post_type=product&#038;p=5299"},"modified":"2026-01-26T16:53:33","modified_gmt":"2026-01-26T08:53:33","slug":"dimpled-texture-candle-glass-jars-wholesale","status":"publish","type":"product","link":"https:\/\/minghanggroup.com\/fr\/produit\/dimpled-texture-candle-glass-jars-wholesale\/","title":{"rendered":"Bougies en pot de verre textur\u00e9 \u00e0 alv\u00e9oles de 80 ml en gros"},"content":{"rendered":"<p>Vos pots \u00e0 bougies en verre, vendus en gros, ne devraient pas se contenter de contenir de la cire\u00a0; ils devraient sublimer votre boutique, \u00e0 l&#039;image de vitraux liquides. Sp\u00e9cialistes des contenants pour bougies, nous cr\u00e9ons des vases de luxe qui transforment votre gamme de bougies en un incontournable pour vos clients.<\/p>\n<h2>Caract\u00e9ristiques du produit<\/h2>\n<ul>\n<li><strong>Jeu de lumi\u00e8re LED Dimp :<\/strong> De petits points projettent la lumi\u00e8re vacillante d&#039;une bougie comme une dentelle fluide, cr\u00e9ant instantan\u00e9ment un parfum d&#039;int\u00e9rieur d\u00e9coratif.<\/li>\n<li><strong>Forme conique stable :<\/strong> Un couvercle l\u00e9g\u00e8rement plus large, id\u00e9al pour les bougies \u00e0 une seule m\u00e8che. Le bougeoir semble robuste et s\u00fbr.<\/li>\n<li><strong>Valeur de la bougie\u00a0:<\/strong> Vos contenants de bougies vides se transforment en d\u00e9coration de bureau, z\u00e9ro d\u00e9chet, un maximum de style.<\/li>\n<\/ul>\n<h2>Caract\u00e9ristiques principales<\/h2>\n<table style=\"border-collapse: collapse; width: 80%; margin-left: auto; margin-right: auto;\" border=\"0\" width=\"288\" cellspacing=\"0\" cellpadding=\"0\">\n<tbody>\n<tr style=\"height: 13.50pt;\">\n<td style=\"height: 13.5pt; width: 54pt; text-align: center;\" width=\"72\" height=\"18\">Taille<\/td>\n<td style=\"width: 54pt; text-align: center;\" width=\"72\">Dimensions (mm)<\/td>\n<td style=\"width: 54pt; text-align: center;\" width=\"72\">Mod\u00e8le<\/td>\n<td style=\"width: 54pt; text-align: center;\" width=\"72\">Mat\u00e9riel<\/td>\n<\/tr>\n<tr style=\"height: 13.50pt;\">\n<td style=\"height: 13.5pt; text-align: center;\" height=\"18\">80 ml<\/td>\n<td style=\"text-align: center;\">55 \u00d7 45 \u00d7 64<\/td>\n<td style=\"text-align: center;\">Texture alv\u00e9ol\u00e9e<\/td>\n<td style=\"text-align: center;\">Verre cristallin<\/td>\n<\/tr>\n<\/tbody>\n<\/table>\n<h2>Cas de r\u00e9ussite<\/h2>\n<p>Une marque de parfums d&#039;int\u00e9rieur haut de gamme, sp\u00e9cialis\u00e9e dans les produits minimalistes, a choisi nos bougeoirs en verre textur\u00e9 pour le lancement de sa nouvelle collection. Elle a personnalis\u00e9 le design en ajoutant une finition d\u00e9polie, un \u00e9l\u00e9gant logo en relief \u00e0 la base et un motif g\u00e9om\u00e9trique imprim\u00e9, en harmonie avec le th\u00e8me olfactif.<\/p>\n<p>L&#039;attrait du produit en rayon a \u00e9t\u00e9 consid\u00e9rablement renforc\u00e9 par son design \u00e9l\u00e9gant, ce qui a entra\u00een\u00e9 une hausse de 45 % des ventes au cours des deux premiers mois. Encourag\u00e9e par ce succ\u00e8s commercial, la marque a fait de ce bougeoir son emballage principal et a continu\u00e9 \u00e0 passer d&#039;importantes commandes pour ses diff\u00e9rentes collections saisonni\u00e8res.<\/p>\n<h2>Vos options de personnalisation<\/h2>\n<ol>\n<li><strong>Logo en relief ou en creux\u00a0: <\/strong>Ajoutez un logo en trois dimensions ou en creux directement sur la surface du verre pour une meilleure reconnaissance de la marque, ce qui permet \u00e9galement de conserver un logo minimaliste et haut de gamme.<\/li>\n<li><strong>Couleur du verre personnalis\u00e9e\u00a0:<\/strong> Proposez des options de verre teint\u00e9 comme le gris fum\u00e9, l&#039;ambre ou le vert fonc\u00e9, non seulement pour influencer la diffusion de la lumi\u00e8re, mais aussi pour donner \u00e0 votre produit un aspect unique en rayon.<\/li>\n<li><strong>S\u00e9rigraphie :<\/strong> Les encres r\u00e9sistantes \u00e0 la chaleur peuvent \u00eatre utilis\u00e9es pour appliquer des motifs fins et lin\u00e9aires, des ic\u00f4nes ou une typographie durable qui ne s&#039;\u00e9caillera pas lors de la combustion.<\/li>\n<\/ol>","protected":false},"excerpt":{"rendered":"<p>Verre textur\u00e9 pour bougies modernes. Vente en gros directe d&#039;usine de pots en verre pour bougies, \u00e9chantillons gratuits, personnalisation en grande quantit\u00e9, id\u00e9al comme contenant de rangement pour les bougies des marques.<\/p>","protected":false},"featured_media":5307,"template":"","meta":{"postBodyCss":"","postBodyMargin":[],"postBodyPadding":[],"postBodyBackground":{"backgroundType":"classic","gradient":""}},"product_brand":[],"product_cat":[17,82,15],"product_tag":[],"class_list":{"0":"post-5299","1":"product","2":"type-product","3":"status-publish","4":"has-post-thumbnail","6":"product_cat-glass-jars","7":"product_cat-candle-jars","8":"product_cat-glass-containers","10":"first","11":"instock","12":"shipping-taxable","13":"product-type-simple"},"jetpack_sharing_enabled":true,"_links":{"self":[{"href":"https:\/\/minghanggroup.com\/fr\/wp-json\/wp\/v2\/product\/5299","targetHints":{"allow":["GET"]}}],"collection":[{"href":"https:\/\/minghanggroup.com\/fr\/wp-json\/wp\/v2\/product"}],"about":[{"href":"https:\/\/minghanggroup.com\/fr\/wp-json\/wp\/v2\/types\/product"}],"wp:featuredmedia":[{"embeddable":true,"href":"https:\/\/minghanggroup.com\/fr\/wp-json\/wp\/v2\/media\/5307"}],"wp:attachment":[{"href":"https:\/\/minghanggroup.com\/fr\/wp-json\/wp\/v2\/media?parent=5299"}],"wp:term":[{"taxonomy":"product_brand","embeddable":true,"href":"https:\/\/minghanggroup.com\/fr\/wp-json\/wp\/v2\/product_brand?post=5299"},{"taxonomy":"product_cat","embeddable":true,"href":"https:\/\/minghanggroup.com\/fr\/wp-json\/wp\/v2\/product_cat?post=5299"},{"taxonomy":"product_tag","embeddable":true,"href":"https:\/\/minghanggroup.com\/fr\/wp-json\/wp\/v2\/product_tag?post=5299"}],"curies":[{"name":"wp","href":"https:\/\/api.w.org\/{rel}","templated":true}]}}