{"id":5294,"date":"2026-01-26T16:47:34","date_gmt":"2026-01-26T08:47:34","guid":{"rendered":"https:\/\/minghanggroup.com\/?post_type=product&#038;p=5294"},"modified":"2026-03-02T15:03:19","modified_gmt":"2026-03-02T07:03:19","slug":"glass-candle-empty-jars-with-textured-patterns-wholesale","status":"publish","type":"product","link":"https:\/\/minghanggroup.com\/fr\/produit\/glass-candle-empty-jars-with-textured-patterns-wholesale\/","title":{"rendered":"Pots \u00e0 bougies en verre vides de 250 ml avec motifs textur\u00e9s (vente en gros)"},"content":{"rendered":"<p>Vos pots de bougies vides ne devraient pas rester inutilis\u00e9s\u00a0; ils devraient devenir de v\u00e9ritables objets de d\u00e9coration une fois votre bougie termin\u00e9e. Sp\u00e9cialistes des contenants pour bougies, nous cr\u00e9ons des emballages de luxe qui feront de votre gamme de bougies en gros un incontournable pour vos clients.<\/p>\n<h2>Caract\u00e9ristiques du produit<\/h2>\n<ul>\n<li><strong>Lumi\u00e8re, motifs de diffusion\u00a0:<\/strong> Les rayures verticales refl\u00e8tent la lumi\u00e8re de la bougie avec une grande d\u00e9licatesse, comme de la dentelle liquide, cr\u00e9ant une \u00e9l\u00e9gance instantan\u00e9e parfaite pour parfumer votre int\u00e9rieur.<\/li>\n<li><strong>Base en verre robuste :<\/strong> Gr\u00e2ce \u00e0 son fond \u00e9pais, le r\u00e9cipient restera parfaitement stable sur une \u00e9tag\u00e8re. Votre bougeoir aura ainsi l&#039;aspect d&#039;un produit haut de gamme et durable.<\/li>\n<li><strong>Clart\u00e9 cristalline :<\/strong> On peut admirer les diff\u00e9rentes couleurs des huiles essentielles parfum\u00e9es car le verre est parfaitement transparent, sans filtres opaques.<\/li>\n<\/ul>\n<h2>Caract\u00e9ristiques principales<\/h2>\n<table style=\"border-collapse: collapse; width: 80%; margin-left: auto; margin-right: auto;\" border=\"0\" width=\"288\" cellspacing=\"0\" cellpadding=\"0\">\n<tbody>\n<tr style=\"height: 13.50pt;\">\n<td style=\"height: 13.5pt; width: 54pt; text-align: center;\" width=\"72\" height=\"18\">Taille<\/td>\n<td style=\"width: 54pt; text-align: center;\" width=\"72\">Dimensions (mm)<\/td>\n<td style=\"width: 54pt; text-align: center;\" width=\"72\">Motifs<\/td>\n<td style=\"width: 54pt; text-align: center;\" width=\"72\">Mat\u00e9riel<\/td>\n<\/tr>\n<tr style=\"height: 13.50pt;\">\n<td style=\"height: 13.5pt; text-align: center;\" height=\"18\">250 ml<\/td>\n<td style=\"text-align: center;\">80\u00d780\u00d788<\/td>\n<td style=\"text-align: center;\">Rayures verticales, quadrillage \u00e0 points<\/td>\n<td style=\"text-align: center;\">Verre cristallin<\/td>\n<\/tr>\n<\/tbody>\n<\/table>\n<h2>Cas de r\u00e9ussite<\/h2>\n<p>Une marque de parfums d&#039;int\u00e9rieur recherchait un emballage pour ses bougies qui v\u00e9hiculerait imm\u00e9diatement une image de marque luxueuse, design et soign\u00e9e, tout en \u00e9tant pratique au quotidien. Pour le lancement de sa nouvelle gamme, elle a opt\u00e9 pour nos pots \u00e0 bougies en verre textur\u00e9, qu&#039;elle a personnalis\u00e9s avec nos logos en relief, une finition l\u00e9g\u00e8rement givr\u00e9e et de d\u00e9licats motifs imprim\u00e9s, inspir\u00e9s par l&#039;histoire de la marque.<\/p>\n<p>Les ventes de ce coffret ont augment\u00e9 de 45 % dans les deux mois suivant le lancement du nouveau produit par rapport \u00e0 la p\u00e9riode o\u00f9 l&#039;ancien emballage \u00e9tait utilis\u00e9, ce qui a incit\u00e9 la marque \u00e0 adopter ces pots \u00e0 bougies personnalis\u00e9s comme solution d&#039;emballage principale et \u00e0 continuer de les commander pour divers lancements de produits saisonniers.<\/p>\n<h2>Vos options de personnalisation<\/h2>\n<ol>\n<li><strong>Personnalisation du logo en relief\/en creux\u00a0:<\/strong> Vous pouvez embosser ou d\u00e9bosser un logo sur la partie carr\u00e9e d\u00e9j\u00e0 vierge situ\u00e9e sur le devant de la bouteille.<\/li>\n<li><strong>Couleur personnalis\u00e9e de la bouteille (peinture au pistolet\/coloration du mat\u00e9riau)\u00a0:<\/strong> Il est possible d&#039;utiliser des couleurs peu satur\u00e9es comme le gris fum\u00e9, l&#039;ambre, le blanc laiteux et le vert fonc\u00e9, ou m\u00eame une couleur totalement nouvelle avec un parfum sp\u00e9cifique pour faire ressortir la gamme et attirer l&#039;attention du client en rayon.<\/li>\n<li><strong>Cr\u00e9ation de motifs ou de mod\u00e8les\u00a0:<\/strong> L&#039;impression de motifs peut \u00eatre monochrome ou multicolore (s\u00e9rigraphie). La bouteille peut \u00eatre d\u00e9cor\u00e9e de noms de marque, de formes g\u00e9om\u00e9triques ou m\u00eame de parfums\u00a0; ainsi, elle est non seulement durable, mais aussi r\u00e9sistante, et l&#039;impression ne s&#039;efface pas facilement.<\/li>\n<\/ol>","protected":false},"excerpt":{"rendered":"<p>Pots vides pour bougies, en verre \u00e0 la texture raffin\u00e9e, parfaits pour le rangement. Vente directe d&#039;usine et personnalisation en gros possible.<\/p>","protected":false},"featured_media":5298,"template":"","meta":{"postBodyCss":"","postBodyMargin":[],"postBodyPadding":[],"postBodyBackground":{"backgroundType":"classic","gradient":""}},"product_brand":[],"product_cat":[15,82,17],"product_tag":[97,96],"class_list":{"0":"post-5294","1":"product","2":"type-product","3":"status-publish","4":"has-post-thumbnail","6":"product_cat-glass-containers","7":"product_cat-candle-jars","8":"product_cat-glass-jars","9":"product_tag-rocks-glass","10":"product_tag-whiskey-tumblers","12":"first","13":"instock","14":"shipping-taxable","15":"product-type-simple"},"jetpack_sharing_enabled":true,"_links":{"self":[{"href":"https:\/\/minghanggroup.com\/fr\/wp-json\/wp\/v2\/product\/5294","targetHints":{"allow":["GET"]}}],"collection":[{"href":"https:\/\/minghanggroup.com\/fr\/wp-json\/wp\/v2\/product"}],"about":[{"href":"https:\/\/minghanggroup.com\/fr\/wp-json\/wp\/v2\/types\/product"}],"wp:featuredmedia":[{"embeddable":true,"href":"https:\/\/minghanggroup.com\/fr\/wp-json\/wp\/v2\/media\/5298"}],"wp:attachment":[{"href":"https:\/\/minghanggroup.com\/fr\/wp-json\/wp\/v2\/media?parent=5294"}],"wp:term":[{"taxonomy":"product_brand","embeddable":true,"href":"https:\/\/minghanggroup.com\/fr\/wp-json\/wp\/v2\/product_brand?post=5294"},{"taxonomy":"product_cat","embeddable":true,"href":"https:\/\/minghanggroup.com\/fr\/wp-json\/wp\/v2\/product_cat?post=5294"},{"taxonomy":"product_tag","embeddable":true,"href":"https:\/\/minghanggroup.com\/fr\/wp-json\/wp\/v2\/product_tag?post=5294"}],"curies":[{"name":"wp","href":"https:\/\/api.w.org\/{rel}","templated":true}]}}