{"id":5293,"date":"2026-01-26T13:03:56","date_gmt":"2026-01-26T05:03:56","guid":{"rendered":"https:\/\/minghanggroup.com\/?post_type=product&#038;p=5293"},"modified":"2026-01-26T16:47:01","modified_gmt":"2026-01-26T08:47:01","slug":"goblet-style-empty-reuse-candle-jars-bulk","status":"publish","type":"product","link":"https:\/\/minghanggroup.com\/fr\/produit\/goblet-style-empty-reuse-candle-jars-bulk\/","title":{"rendered":"Pots \u00e0 bougies vides r\u00e9utilisables de style gobelet de 460 ml en gros"},"content":{"rendered":"<p>Ce sont des pots \u00e0 bougies r\u00e9utilisables, de forme classique de type ouragan, avec une ouverture \u00e9vas\u00e9e, un joli corps textur\u00e9 en forme de p\u00e9tale et un fond solide.<\/p>\n<h2>Caract\u00e9ristiques du produit<\/h2>\n<ul>\n<li><strong>Design vintage de grands verres :<\/strong> La hauteur de la tige et du corps de cette bougie la transforme imm\u00e9diatement en un magnifique objet de d\u00e9coration.<\/li>\n<li><strong>Bouche \u00e9vas\u00e9e :<\/strong> L&#039;ouverture est large, ce qui facilite l&#039;allumage de la bougie, et lui conf\u00e8re une forme \u00e9l\u00e9gante.<\/li>\n<li><strong>Corps \u00e0 texture de p\u00e9tales :<\/strong> Simultan\u00e9ment, la texture arrondie des p\u00e9tales tend \u00e0 adoucir la lumi\u00e8re de la bougie et \u00e0 donner \u00e0 l&#039;exp\u00e9rience de combustion une touche chaleureuse et romantique, tout en la rendant plus intense.<\/li>\n<\/ul>\n<h2 style=\"text-align: left;\">Caract\u00e9ristiques principales<\/h2>\n<table class=\"aligncenter\" style=\"border-collapse: collapse; width: 440.27pt;\" border=\"0\" width=\"587\" cellspacing=\"0\" cellpadding=\"0\">\n<tbody>\n<tr style=\"height: 13.50pt;\">\n<td style=\"height: 13.50pt; width: 129.75pt;\" width=\"173\" height=\"18\">Sp\u00e9cification<\/td>\n<td style=\"width: 310.50pt;\" width=\"414\">D\u00e9tails<\/td>\n<\/tr>\n<tr style=\"height: 13.50pt;\">\n<td style=\"height: 13.50pt;\" height=\"18\">Capacit\u00e9<\/td>\n<td>460 ml<\/td>\n<\/tr>\n<tr style=\"height: 13.50pt;\">\n<td style=\"height: 13.50pt;\" height=\"18\">Dimensions<\/td>\n<td>67\u00d785\u00d7130 mm<\/td>\n<\/tr>\n<tr style=\"height: 13.50pt;\">\n<td style=\"height: 13.50pt;\" height=\"18\">Mat\u00e9riel<\/td>\n<td>Verre taill\u00e9 clair de haute qualit\u00e9<\/td>\n<\/tr>\n<tr style=\"height: 13.50pt;\">\n<td style=\"height: 13.50pt;\" height=\"18\">Pot en forme de bocal<\/td>\n<td>Cylindre haut avec texture taill\u00e9e en plumes sur tout le corps<\/td>\n<\/tr>\n<tr style=\"height: 13.50pt;\">\n<td style=\"height: 13.50pt;\" height=\"18\">\u00c9tendue de la personnalisation<\/td>\n<td>Couleur, taille, finition, couvercles<\/td>\n<\/tr>\n<tr style=\"height: 13.50pt;\">\n<td style=\"height: 13.50pt;\" height=\"18\">Caract\u00e9ristique de fabrication<\/td>\n<td>D\u00e9coupe de verre de pr\u00e9cision, moulage \u00e0 profil 3D<\/td>\n<\/tr>\n<tr style=\"height: 13.50pt;\">\n<td style=\"height: 13.50pt;\" height=\"18\">Objectif du produit<\/td>\n<td>Contenant \u00e0 bougie en verre, r\u00e9cipients d\u00e9coratifs pour parfums d&#039;int\u00e9rieur<\/td>\n<\/tr>\n<tr style=\"height: 13.50pt;\">\n<td style=\"height: 13.50pt;\" height=\"18\">Secteurs d&#039;activit\u00e9 appropri\u00e9s<\/td>\n<td>Marques de bougies de luxe, d\u00e9taillants de d\u00e9coration int\u00e9rieure haut de gamme<\/td>\n<\/tr>\n<\/tbody>\n<\/table>\n<h2>T\u00e9moignage de r\u00e9ussite\u00a0: Un cadeau de mariage offert \u00e0 une organisatrice de mariage californienne<\/h2>\n<p>Une organisatrice de mariages haut de gamme en Californie a command\u00e9 nos grands pots \u00e0 bougies r\u00e9utilisables en verre, orn\u00e9s d&#039;une bordure m\u00e9tallique dor\u00e9e claire personnalis\u00e9e. Leur design \u00e9l\u00e9gant s&#039;harmonisait parfaitement avec la d\u00e9coration raffin\u00e9e des tables, comme l&#039;ont soulign\u00e9 90 % des clients. L&#039;organisatrice a pr\u00e9sent\u00e9 ces pots comme des souvenirs durables et r\u00e9utilisables, augmentant ainsi leur valeur per\u00e7ue de 50 %. L&#039;id\u00e9e a rencontr\u00e9 un tel succ\u00e8s qu&#039;elle a command\u00e9 200\u00a0000 pots suppl\u00e9mentaires pour r\u00e9pondre \u00e0 ses besoins en mariages dans les deux ann\u00e9es suivantes.<\/p>\n<h2>Options de personnalisation des pots \u00e0 bougies en verre en vrac<\/h2>\n<ul>\n<li>Couleurs du verre : Vous avez le choix entre du verre transparent, vert vintage, ambr\u00e9 ou rose p\u00e2le pour satisfaire tous les go\u00fbts.<\/li>\n<li>Options de texture\u00a0: Vous pouvez modifier la forme des p\u00e9tales et cr\u00e9er des motifs plus prononc\u00e9s, d\u00e9licats ou g\u00e9om\u00e9triques.<\/li>\n<li>Finitions m\u00e9talliques\u00a0: Vous pouvez plaquer la poign\u00e9e, le bord ou les p\u00e9tales \u00e0 motifs en or, en argent ou en cuivre.<\/li>\n<li>Forme de la bouche\u00a0: Modifiez l\u2019\u00e9vasement du bord pour le rendre plus ou moins prononc\u00e9.<\/li>\n<\/ul>","protected":false},"excerpt":{"rendered":"<p>Bocaux d\u00e9coratifs en verre, en forme de gobelet, \u00e0 motif floral et bord \u00e9vas\u00e9, parfaits pour la d\u00e9coration. Bocaux r\u00e9utilisables de qualit\u00e9 sup\u00e9rieure, directement du fabricant.<\/p>","protected":false},"featured_media":5303,"template":"","meta":{"postBodyCss":"","postBodyMargin":[],"postBodyPadding":[],"postBodyBackground":{"backgroundType":"classic","gradient":""}},"product_brand":[],"product_cat":[15,82,17],"product_tag":[],"class_list":{"0":"post-5293","1":"product","2":"type-product","3":"status-publish","4":"has-post-thumbnail","6":"product_cat-glass-containers","7":"product_cat-candle-jars","8":"product_cat-glass-jars","10":"first","11":"instock","12":"shipping-taxable","13":"product-type-simple"},"jetpack_sharing_enabled":true,"_links":{"self":[{"href":"https:\/\/minghanggroup.com\/fr\/wp-json\/wp\/v2\/product\/5293","targetHints":{"allow":["GET"]}}],"collection":[{"href":"https:\/\/minghanggroup.com\/fr\/wp-json\/wp\/v2\/product"}],"about":[{"href":"https:\/\/minghanggroup.com\/fr\/wp-json\/wp\/v2\/types\/product"}],"wp:featuredmedia":[{"embeddable":true,"href":"https:\/\/minghanggroup.com\/fr\/wp-json\/wp\/v2\/media\/5303"}],"wp:attachment":[{"href":"https:\/\/minghanggroup.com\/fr\/wp-json\/wp\/v2\/media?parent=5293"}],"wp:term":[{"taxonomy":"product_brand","embeddable":true,"href":"https:\/\/minghanggroup.com\/fr\/wp-json\/wp\/v2\/product_brand?post=5293"},{"taxonomy":"product_cat","embeddable":true,"href":"https:\/\/minghanggroup.com\/fr\/wp-json\/wp\/v2\/product_cat?post=5293"},{"taxonomy":"product_tag","embeddable":true,"href":"https:\/\/minghanggroup.com\/fr\/wp-json\/wp\/v2\/product_tag?post=5293"}],"curies":[{"name":"wp","href":"https:\/\/api.w.org\/{rel}","templated":true}]}}