{"id":5277,"date":"2026-01-26T10:21:59","date_gmt":"2026-01-26T02:21:59","guid":{"rendered":"https:\/\/minghanggroup.com\/?post_type=product&#038;p=5277"},"modified":"2026-01-26T11:10:07","modified_gmt":"2026-01-26T03:10:07","slug":"clear-glass-candle-jars-small-with-thick-base-wholesale","status":"publish","type":"product","link":"https:\/\/minghanggroup.com\/fr\/produit\/clear-glass-candle-jars-small-with-thick-base-wholesale\/","title":{"rendered":"Pots \u00e0 bougies en verre transparent de 42 ml, petits pots \u00e0 fond \u00e9pais, vente en gros"},"content":{"rendered":"<p>Ces petits pots \u00e0 bougies pr\u00e9sentent de simples rayures verticales et une large ouverture facilitant le versement de la cire. Leur base robuste assure une stabilit\u00e9 optimale.<\/p>\n<h2>Caract\u00e9ristiques du produit<\/h2>\n<ul>\n<li><strong>Texture \u00e0 rainures verticales :<\/strong> Sa texture verticale lisse lui conf\u00e9rera une sophistication moderne qui rendra le pot plus attrayant visuellement.<\/li>\n<li><strong>Fond lourd et r\u00e9duit :<\/strong> Le fond renforc\u00e9 lui conf\u00e8re une grande stabilit\u00e9, et il est impossible de le renverser sur une surface plane.<\/li>\n<li><strong>Petite capacit\u00e9, 42 ml :<\/strong> Le format de 42 ml est id\u00e9al pour contenir des petites bougies parfum\u00e9es ou des \u00e9chantillons de bougies promotionnelles.<\/li>\n<\/ul>\n<h2 style=\"text-align: left;\">Caract\u00e9ristiques principales<\/h2>\n<table class=\"aligncenter\" style=\"border-collapse: collapse; width: 440.27pt;\" border=\"0\" width=\"587\" cellspacing=\"0\" cellpadding=\"0\">\n<tbody>\n<tr style=\"height: 13.50pt;\">\n<td style=\"height: 13.50pt; width: 129.75pt;\" width=\"173\" height=\"18\">Sp\u00e9cification<\/td>\n<td style=\"width: 310.50pt;\" width=\"414\">D\u00e9tails<\/td>\n<\/tr>\n<tr style=\"height: 13.50pt;\">\n<td style=\"height: 13.50pt;\" height=\"18\">Capacit\u00e9<\/td>\n<td>42 ml<\/td>\n<\/tr>\n<tr style=\"height: 13.50pt;\">\n<td style=\"height: 13.50pt;\" height=\"18\">Dimensions<\/td>\n<td>55\u00d743\u00d735 mm<\/td>\n<\/tr>\n<tr style=\"height: 13.50pt;\">\n<td style=\"height: 13.50pt;\" height=\"18\">Mat\u00e9riel<\/td>\n<td>Verre clair<\/td>\n<\/tr>\n<tr style=\"height: 13.50pt;\">\n<td style=\"height: 13.50pt;\" height=\"18\">Pot en forme de bocal<\/td>\n<td>Cylindre court<\/td>\n<\/tr>\n<tr style=\"height: 13.50pt;\">\n<td style=\"height: 13.50pt;\" height=\"18\">\u00c9tendue de la personnalisation<\/td>\n<td>Couleur, forme, gla\u00e7age, gaufrage<\/td>\n<\/tr>\n<tr style=\"height: 13.50pt;\">\n<td style=\"height: 13.50pt;\" height=\"18\">Caract\u00e9ristique de fabrication<\/td>\n<td>Base \u00e9paisse renforc\u00e9e, moulure \u00e0 nervures verticales uniformes<\/td>\n<\/tr>\n<tr style=\"height: 13.50pt;\">\n<td style=\"height: 13.50pt;\" height=\"18\">Objectif du produit<\/td>\n<td>Bougies en pot de verre en gros, \u00e9chantillons de pots de bougies<\/td>\n<\/tr>\n<tr style=\"height: 13.50pt;\">\n<td style=\"height: 13.50pt;\" height=\"18\">Secteurs d&#039;activit\u00e9 appropri\u00e9s<\/td>\n<td>Fabricants de bougies, grandes surfaces<\/td>\n<\/tr>\n<\/tbody>\n<\/table>\n<h2>\u00c9tude de cas r\u00e9ussie\u00a0: Mise \u00e0 niveau d\u2019une cha\u00eene h\u00f4teli\u00e8re du Midwest<\/h2>\n<p>Une grande cha\u00eene h\u00f4teli\u00e8re du Midwest a command\u00e9 nos petits pots \u00e0 bougies textur\u00e9s, dot\u00e9s d&#039;une finition givr\u00e9e sp\u00e9ciale. Le verre d\u00e9poli conf\u00e8re aux pots une touche douce et \u00e9l\u00e9gante, contribuant \u00e0 cr\u00e9er une ambiance raffin\u00e9e dans son spa. Leur structure \u00e0 rainures verticales assure une excellente prise en main, comme le soulignent 40 % des avis positifs. Cette nouveaut\u00e9 a permis d&#039;accro\u00eetre de 25 % la satisfaction des clients quant \u00e0 leur exp\u00e9rience au spa. La cha\u00eene a ensuite pass\u00e9 une nouvelle commande de 650\u00a0000 pots, suffisante pour approvisionner tous ses \u00e9tablissements pendant deux ans.<\/p>\n<h2>Personnalisation des bougies en pot de verre en gros<\/h2>\n<ul>\n<li>Couleur du verre\u00a0: Peut \u00eatre transparent, gris clair, ambr\u00e9 ou dans d\u2019autres teintes claires qui correspondent \u00e0 la texture.<\/li>\n<li>Finition givr\u00e9e\u00a0: Appliquer une finition givr\u00e9e sur le bocal en verre est le moyen d\u2019obtenir un aspect de lumi\u00e8re douce et diffuse.<\/li>\n<li>Placage m\u00e9tallique\u00a0: Le plaquage du bocal en verre textur\u00e9 en or, en argent ou en cuivre lui conf\u00e9rera une allure \u00e9l\u00e9gante.<\/li>\n<li>Gaufrage\u00a0: Retoucher un logo discret en relief sur la partie plate du pot, au fond ou sur le c\u00f4t\u00e9.<\/li>\n<\/ul>","protected":false},"excerpt":{"rendered":"<p>Bougies \u00e9l\u00e9gantes en pot de verre en gros, \u00e0 texture c\u00f4tel\u00e9e et base \u00e9paisse, id\u00e9ales pour les bougies parfum\u00e9es et la d\u00e9coration. Petits pots de qualit\u00e9 sup\u00e9rieure avec livraison rapide.<\/p>","protected":false},"featured_media":5281,"template":"","meta":{"postBodyCss":"","postBodyMargin":[],"postBodyPadding":[],"postBodyBackground":{"backgroundType":"classic","gradient":""}},"product_brand":[],"product_cat":[15,82,17],"product_tag":[],"class_list":{"0":"post-5277","1":"product","2":"type-product","3":"status-publish","4":"has-post-thumbnail","6":"product_cat-glass-containers","7":"product_cat-candle-jars","8":"product_cat-glass-jars","10":"first","11":"instock","12":"shipping-taxable","13":"product-type-simple"},"jetpack_sharing_enabled":true,"_links":{"self":[{"href":"https:\/\/minghanggroup.com\/fr\/wp-json\/wp\/v2\/product\/5277","targetHints":{"allow":["GET"]}}],"collection":[{"href":"https:\/\/minghanggroup.com\/fr\/wp-json\/wp\/v2\/product"}],"about":[{"href":"https:\/\/minghanggroup.com\/fr\/wp-json\/wp\/v2\/types\/product"}],"wp:featuredmedia":[{"embeddable":true,"href":"https:\/\/minghanggroup.com\/fr\/wp-json\/wp\/v2\/media\/5281"}],"wp:attachment":[{"href":"https:\/\/minghanggroup.com\/fr\/wp-json\/wp\/v2\/media?parent=5277"}],"wp:term":[{"taxonomy":"product_brand","embeddable":true,"href":"https:\/\/minghanggroup.com\/fr\/wp-json\/wp\/v2\/product_brand?post=5277"},{"taxonomy":"product_cat","embeddable":true,"href":"https:\/\/minghanggroup.com\/fr\/wp-json\/wp\/v2\/product_cat?post=5277"},{"taxonomy":"product_tag","embeddable":true,"href":"https:\/\/minghanggroup.com\/fr\/wp-json\/wp\/v2\/product_tag?post=5277"}],"curies":[{"name":"wp","href":"https:\/\/api.w.org\/{rel}","templated":true}]}}