{"id":5268,"date":"2026-01-26T10:17:03","date_gmt":"2026-01-26T02:17:03","guid":{"rendered":"https:\/\/minghanggroup.com\/?post_type=product&#038;p=5268"},"modified":"2026-01-26T10:17:05","modified_gmt":"2026-01-26T02:17:05","slug":"classic-candle-glass-containers-for-branding-in-bulk","status":"publish","type":"product","link":"https:\/\/minghanggroup.com\/fr\/produit\/classic-candle-glass-containers-for-branding-in-bulk\/","title":{"rendered":"Contenants en verre classiques de 2 L pour bougies, id\u00e9aux pour le marquage, en gros"},"content":{"rendered":"<p>Vos contenants en verre pour bougies ne doivent pas se contenter de contenir de la cire\u00a0; ils doivent donner \u00e0 votre boutique une ambiance f\u00e9\u00e9rique, comme un jardin secret. Sp\u00e9cialis\u00e9s dans la vente en gros de pots \u00e0 bougies, nous cr\u00e9ons des contenants luxueux qui feront de votre gamme de bougies en gros un incontournable pour vos clients.<\/p>\n<h2>Caract\u00e9ristiques du produit<\/h2>\n<ul>\n<li><strong>Verre haute transparence :<\/strong> Le corps en verre, d&#039;une transparence exceptionnelle, r\u00e9v\u00e8le fid\u00e8lement la couleur de la cire et les couches de combustion, rehaussant ainsi consid\u00e9rablement l&#039;attrait visuel g\u00e9n\u00e9ral.<\/li>\n<li>S<strong>jante droite standard :<\/strong> La conception \u00e0 bords droits du godet facilite le versement de la cire, que ce soit de mani\u00e8re automatique ou manuelle, et il est compatible avec les cires \u00e0 m\u00e8che unique, \u00e0 m\u00e8ches multiples et diverses formulations de cire.<\/li>\n<li><strong>Apparence minimaliste\u00a0:<\/strong> Son design simple et classique, sans d\u00e9coration, se pr\u00eate facilement \u00e0 l&#039;\u00e9tiquetage, \u00e0 la s\u00e9rigraphie et \u00e0 la conception d&#039;emballages ext\u00e9rieurs, ce qui le rend id\u00e9al pour les cadeaux.<\/li>\n<\/ul>\n<h2>Caract\u00e9ristiques principales<\/h2>\n<table style=\"border-collapse: collapse; width: 80%; margin-right: auto; margin-left: auto;\" border=\"0\" width=\"288\" cellspacing=\"0\" cellpadding=\"0\">\n<tbody>\n<tr style=\"height: 13.50pt;\">\n<td class=\"et2\" style=\"height: 13.5pt; width: 54pt; text-align: center;\" width=\"72\" height=\"18\">Taille<\/td>\n<td style=\"width: 54pt; text-align: center;\" width=\"72\">Dimensions (mm)<\/td>\n<td style=\"width: 54pt; text-align: center;\" width=\"72\">Mat\u00e9riel<\/td>\n<td style=\"width: 54pt; text-align: center;\" width=\"72\">Options de couleur<\/td>\n<\/tr>\n<tr style=\"height: 13.50pt;\">\n<td style=\"height: 13.5pt; text-align: center;\" height=\"18\">2L<\/td>\n<td style=\"text-align: center;\">150\u00d7143\u00d7150<\/td>\n<td style=\"text-align: center;\">Verre cristallin<\/td>\n<td style=\"text-align: center;\">Clair\/personnalis\u00e9<\/td>\n<\/tr>\n<\/tbody>\n<\/table>\n<h2>Cas de r\u00e9ussite<\/h2>\n<p>Une marque nord-am\u00e9ricaine de bougies parfum\u00e9es haut de gamme a choisi nos contenants en verre comme emballage principal pour sa nouvelle gamme de produits. Afin d&#039;attirer davantage l&#039;attention des clients en rayon, elle a d\u00e9cid\u00e9 d&#039;imprimer son logo sur les flacons pour renforcer son identit\u00e9 visuelle et les a associ\u00e9s \u00e0 des couvercles en noyer pour souligner le caract\u00e8re naturel et classique du parfum.<\/p>\n<p>En moins de trois mois depuis la mise en vente des produits, les ventes en ligne ont progress\u00e9 de pr\u00e8s de 32 % par rapport \u00e0 l&#039;ann\u00e9e pr\u00e9c\u00e9dente. Apr\u00e8s sa premi\u00e8re commande, le client a pass\u00e9 deux autres commandes importantes.<\/p>\n<h2>Vos options de personnalisation<\/h2>\n<ol>\n<li><strong>Niveaux de transparence du verre personnalisables\u00a0:<\/strong> Nous proposons en standard trois niveaux de transparence pour le verre : haute transparence, semi-transparent, transparent et d\u00e9poli, permettant ainsi \u00e0 diff\u00e9rents ar\u00f4mes ou gammes de produits de communiquer leurs atmosph\u00e8res distinctes et donc de diff\u00e9rencier la marque.<\/li>\n<li><strong>Fond personnalisable avec structure antid\u00e9rapante ou marquage invisible\u00a0:<\/strong> La base pourrait \u00eatre am\u00e9lior\u00e9e gr\u00e2ce \u00e0 un joint antid\u00e9rapant finement textur\u00e9 ou marqu\u00e9e d&#039;un logo\/code de lot exclusif \u00e0 la marque, servant ainsi principalement la praticit\u00e9 tout en renfor\u00e7ant la reconnaissance de la marque.<\/li>\n<li><strong>Personnalisation syst\u00e9matique des couvercles et emballages assortis\u00a0:<\/strong> L&#039;int\u00e9gration d&#039;un ensemble personnalis\u00e9 de couvercles assortis en bois, en verre ou en m\u00e9tal contribuera significativement au style g\u00e9n\u00e9ral du produit.<\/li>\n<\/ol>","protected":false},"excerpt":{"rendered":"<p>Contenants en verre haut de gamme pour bougies, destin\u00e9s aux marques. Directement de l&#039;usine, livraison rapide, id\u00e9al pour les commandes en gros de pots \u00e0 bougies. \u00c9chantillon gratuit.<\/p>","protected":false},"featured_media":5276,"template":"","meta":{"postBodyCss":"","postBodyMargin":[],"postBodyPadding":[],"postBodyBackground":{"backgroundType":"classic","gradient":""}},"product_brand":[],"product_cat":[15,82,17],"product_tag":[],"class_list":{"0":"post-5268","1":"product","2":"type-product","3":"status-publish","4":"has-post-thumbnail","6":"product_cat-glass-containers","7":"product_cat-candle-jars","8":"product_cat-glass-jars","10":"first","11":"instock","12":"shipping-taxable","13":"product-type-simple"},"jetpack_sharing_enabled":true,"_links":{"self":[{"href":"https:\/\/minghanggroup.com\/fr\/wp-json\/wp\/v2\/product\/5268","targetHints":{"allow":["GET"]}}],"collection":[{"href":"https:\/\/minghanggroup.com\/fr\/wp-json\/wp\/v2\/product"}],"about":[{"href":"https:\/\/minghanggroup.com\/fr\/wp-json\/wp\/v2\/types\/product"}],"wp:featuredmedia":[{"embeddable":true,"href":"https:\/\/minghanggroup.com\/fr\/wp-json\/wp\/v2\/media\/5276"}],"wp:attachment":[{"href":"https:\/\/minghanggroup.com\/fr\/wp-json\/wp\/v2\/media?parent=5268"}],"wp:term":[{"taxonomy":"product_brand","embeddable":true,"href":"https:\/\/minghanggroup.com\/fr\/wp-json\/wp\/v2\/product_brand?post=5268"},{"taxonomy":"product_cat","embeddable":true,"href":"https:\/\/minghanggroup.com\/fr\/wp-json\/wp\/v2\/product_cat?post=5268"},{"taxonomy":"product_tag","embeddable":true,"href":"https:\/\/minghanggroup.com\/fr\/wp-json\/wp\/v2\/product_tag?post=5268"}],"curies":[{"name":"wp","href":"https:\/\/api.w.org\/{rel}","templated":true}]}}