{"id":5251,"date":"2026-01-23T16:15:48","date_gmt":"2026-01-23T08:15:48","guid":{"rendered":"https:\/\/minghanggroup.com\/?post_type=product&#038;p=5251"},"modified":"2026-01-23T16:15:49","modified_gmt":"2026-01-23T08:15:49","slug":"clear-glass-candle-jars-with-lids-for-packaging-bulk","status":"publish","type":"product","link":"https:\/\/minghanggroup.com\/fr\/produit\/clear-glass-candle-jars-with-lids-for-packaging-bulk\/","title":{"rendered":"Pots \u00e0 bougies en verre transparent de 25 ml et 48 ml avec couvercles pour conditionnement en vrac"},"content":{"rendered":"<p>Vos pots \u00e0 bougies en verre avec couvercle ne doivent pas se contenter de contenir de la cire\u00a0; ils doivent sublimer votre boutique et lui donner l&#039;\u00e9clat d&#039;un tr\u00e9sor cach\u00e9. Sp\u00e9cialis\u00e9s dans la vente en gros de pots \u00e0 bougies, nous cr\u00e9ons des contenants luxueux qui feront de votre gamme de bougies en gros un incontournable pour vos clients.<\/p>\n<h2>Caract\u00e9ristiques du produit<\/h2>\n<ul>\n<li><strong>Format mini luxe :<\/strong> Petit mais puissant, id\u00e9al pour les \u00e9chantillons ou comme accessoire de bureau \u00e9l\u00e9gant. Le porte-bougie sera un objet tr\u00e8s personnel et haut de gamme.<\/li>\n<li><strong>Flexibilit\u00e9 du couvercle\u00a0:<\/strong> Les couvercles en bois ou en m\u00e9tal se clipsent fermement, ce qui emp\u00eache la cire de se r\u00e9pandre et la poussi\u00e8re de p\u00e9n\u00e9trer.<\/li>\n<li><strong>Clart\u00e9 cristalline :<\/strong> Observez les couleurs des huiles essentielles parfum\u00e9es \u00e0 travers le verre transparent, sans aucune opacit\u00e9.<\/li>\n<\/ul>\n<h2>Caract\u00e9ristiques principales<\/h2>\n<table style=\"border-collapse: collapse; width: 80%; margin-left: auto; margin-right: auto;\" border=\"0\" width=\"288\" cellspacing=\"0\" cellpadding=\"0\">\n<tbody>\n<tr style=\"height: 13.50pt;\">\n<td style=\"height: 13.5pt; width: 54pt; text-align: center;\" width=\"72\" height=\"18\">Taille (ml)<\/td>\n<td style=\"width: 54pt; text-align: center;\" width=\"72\">Dimensions (mm)<\/td>\n<td style=\"width: 54pt; text-align: center;\" width=\"72\">Options de couvercle<\/td>\n<td style=\"width: 54pt; text-align: center;\" width=\"72\">Couleur<\/td>\n<\/tr>\n<tr style=\"height: 13.50pt;\">\n<td style=\"height: 13.5pt; text-align: center;\" align=\"right\" height=\"18\">25<\/td>\n<td style=\"text-align: center;\">37 \u00d7 45 \u00d7 28<\/td>\n<td class=\"et2\" style=\"text-align: center;\" rowspan=\"2\">Bois ou m\u00e9tal<\/td>\n<td class=\"et2\" style=\"text-align: center;\" rowspan=\"2\">Transparent ou vous exigez<\/td>\n<\/tr>\n<tr style=\"height: 13.50pt;\">\n<td style=\"height: 13.5pt; text-align: center;\" align=\"right\" height=\"18\">48<\/td>\n<td style=\"text-align: center;\">45 \u00d7 39 \u00d7 53<\/td>\n<\/tr>\n<\/tbody>\n<\/table>\n<h2>Cas de r\u00e9ussite<\/h2>\n<p>Une marque nord-am\u00e9ricaine de bougies parfum\u00e9es haut de gamme a choisi nos pots en verre avec couvercles comme emballage principal pour sa nouvelle gamme de produits, notamment sa collection de parfums d&#039;exception. Elle a orn\u00e9 les pots en verre lisse d&#039;un logo en relief et a remplac\u00e9 le verre transparent par du verre ambr\u00e9 afin de les prot\u00e9ger des rayons directs du soleil. De plus, elle a assorti les pots \u00e0 des couvercles en bois naturel color\u00e9 pour renforcer l&#039;identit\u00e9 visuelle de la marque.<\/p>\n<p>La premi\u00e8re commande importante de pots \u00e0 bougies a \u00e9t\u00e9 r\u00e9partie entre les lancements en ligne et en boutiques. Dans les trois mois suivant le lancement, les ventes de la gamme ont augment\u00e9 d&#039;environ 38 % par rapport \u00e0 l&#039;ann\u00e9e pr\u00e9c\u00e9dente, et deux commandes de r\u00e9approvisionnement ont \u00e9t\u00e9 pass\u00e9es au deuxi\u00e8me trimestre, portant le volume des r\u00e9achats \u00e0 2,5 fois la commande initiale. Ce partenariat a ainsi permis d&#039;\u00e9tablir une collaboration stable et durable.<\/p>\n<h2>Vos options de personnalisation<\/h2>\n<ol>\n<li><strong>Personnalisation de la finition des surfaces vitr\u00e9es\u00a0:<\/strong> Permet de combiner des techniques de givrage partiel, de givrage complet, de pulv\u00e9risation de couleur int\u00e9rieure ou de pulv\u00e9risation gradu\u00e9e pour produire une gamme visuelle unique qui ne nuit pas aux performances de combustion de la bougie.<\/li>\n<li><strong>Am\u00e9liorations apport\u00e9es aux mat\u00e9riaux et aux d\u00e9tails du couvercle\u00a0:<\/strong> Outre les couvercles en bois classiques, il existe des couvercles en bambou, en m\u00e9tal ou des joints d&#039;\u00e9tanch\u00e9it\u00e9 en silicone pour une meilleure \u00e9tanch\u00e9it\u00e9 et une s\u00e9curit\u00e9 accrue pendant le transport.<\/li>\n<li><strong>Personnalisation de l&#039;identification de la marque au fond du gobelet\u00a0:<\/strong> Permet \u00e0 une marque d&#039;\u00eatre plus authentique et plus facile \u00e0 g\u00e9rer gr\u00e2ce \u00e0 des s\u00e9ries, par exemple gr\u00e2ce \u00e0 un logo en relief, un motif moul\u00e9 en relief ou un num\u00e9ro de lot s\u00e9rigraphi\u00e9 sur le fond de la tasse.<\/li>\n<\/ol>","protected":false},"excerpt":{"rendered":"<p>Pots \u00e0 bougies en verre avec couvercles et \u00e9tiquettes pour bougies parfum\u00e9es. Approvisionnement fiable en gros de pots \u00e0 bougies, directement de l&#039;usine, avec possibilit\u00e9 de personnalisation en grande quantit\u00e9.<\/p>","protected":false},"featured_media":5258,"template":"","meta":{"postBodyCss":"","postBodyMargin":[],"postBodyPadding":[],"postBodyBackground":{"backgroundType":"classic","gradient":""}},"product_brand":[],"product_cat":[15,82,17],"product_tag":[],"class_list":{"0":"post-5251","1":"product","2":"type-product","3":"status-publish","4":"has-post-thumbnail","6":"product_cat-glass-containers","7":"product_cat-candle-jars","8":"product_cat-glass-jars","10":"first","11":"instock","12":"shipping-taxable","13":"product-type-simple"},"jetpack_sharing_enabled":true,"_links":{"self":[{"href":"https:\/\/minghanggroup.com\/fr\/wp-json\/wp\/v2\/product\/5251","targetHints":{"allow":["GET"]}}],"collection":[{"href":"https:\/\/minghanggroup.com\/fr\/wp-json\/wp\/v2\/product"}],"about":[{"href":"https:\/\/minghanggroup.com\/fr\/wp-json\/wp\/v2\/types\/product"}],"wp:featuredmedia":[{"embeddable":true,"href":"https:\/\/minghanggroup.com\/fr\/wp-json\/wp\/v2\/media\/5258"}],"wp:attachment":[{"href":"https:\/\/minghanggroup.com\/fr\/wp-json\/wp\/v2\/media?parent=5251"}],"wp:term":[{"taxonomy":"product_brand","embeddable":true,"href":"https:\/\/minghanggroup.com\/fr\/wp-json\/wp\/v2\/product_brand?post=5251"},{"taxonomy":"product_cat","embeddable":true,"href":"https:\/\/minghanggroup.com\/fr\/wp-json\/wp\/v2\/product_cat?post=5251"},{"taxonomy":"product_tag","embeddable":true,"href":"https:\/\/minghanggroup.com\/fr\/wp-json\/wp\/v2\/product_tag?post=5251"}],"curies":[{"name":"wp","href":"https:\/\/api.w.org\/{rel}","templated":true}]}}