{"id":5233,"date":"2026-01-23T14:49:10","date_gmt":"2026-01-23T06:49:10","guid":{"rendered":"https:\/\/minghanggroup.com\/?post_type=product&#038;p=5233"},"modified":"2026-01-23T15:45:24","modified_gmt":"2026-01-23T07:45:24","slug":"empty-glass-candle-jars-with-lids-wholesale","status":"publish","type":"product","link":"https:\/\/minghanggroup.com\/fr\/produit\/empty-glass-candle-jars-with-lids-wholesale\/","title":{"rendered":"Pots \u00e0 bougies en verre vides de 370 ml avec couvercles, vente en gros"},"content":{"rendered":"<p>Ces pots \u00e0 bougies avec couvercle ont une forme cylindrique haute et un bord inf\u00e9rieur \u00e9paissi et sur\u00e9lev\u00e9 pour leur donner une surface stable, ainsi qu&#039;une large ouverture pour verser et vider facilement la cire.<\/p>\n<h2>Caract\u00e9ristiques du produit<\/h2>\n<ul>\n<li><strong>Forme cylindrique droite et allong\u00e9e :<\/strong> Sa forme \u00e9lanc\u00e9e compl\u00e8te parfaitement les bougies cylindriques, mettant l&#039;accent sur la verticalit\u00e9 du corps et le minimalisme du design.<\/li>\n<li><strong>Base \u00e9paissie et renforc\u00e9e\u00a0:<\/strong> Sa base \u00e9paissie assure la stabilit\u00e9 de la bougie sur les surfaces planes.<\/li>\n<li><strong>Grande capacit\u00e9 de 370 ml :<\/strong> Sa grande capacit\u00e9 de 370 ml convient parfaitement aux grandes bougies \u00e0 longue dur\u00e9e de combustion et aux magnifiques effets.<\/li>\n<\/ul>\n<h2 style=\"text-align: left;\">Caract\u00e9ristiques principales<\/h2>\n<table class=\"aligncenter\" style=\"border-collapse: collapse; width: 441.02pt;\" border=\"0\" width=\"588\" cellspacing=\"0\" cellpadding=\"0\">\n<tbody>\n<tr style=\"height: 13.50pt;\">\n<td style=\"height: 13.50pt; width: 120.75pt;\" width=\"161\" height=\"18\">Sp\u00e9cification<\/td>\n<td style=\"width: 320.25pt;\" width=\"427\">D\u00e9tails<\/td>\n<\/tr>\n<tr style=\"height: 13.50pt;\">\n<td style=\"height: 13.50pt;\" height=\"18\">Capacit\u00e9<\/td>\n<td>370 ml<\/td>\n<\/tr>\n<tr style=\"height: 13.50pt;\">\n<td style=\"height: 13.50pt;\" height=\"18\">Dimensions<\/td>\n<td>83\u00d7100mm<\/td>\n<\/tr>\n<tr style=\"height: 13.50pt;\">\n<td style=\"height: 13.50pt;\" height=\"18\">Mat\u00e9riel<\/td>\n<td>Verre clair<\/td>\n<\/tr>\n<tr style=\"height: 13.50pt;\">\n<td style=\"height: 13.50pt;\" height=\"18\">Pot en forme de bocal<\/td>\n<td>Cylindre haut \u00e0 c\u00f4t\u00e9s droits avec bord de base \u00e9paissi<\/td>\n<\/tr>\n<tr style=\"height: 13.50pt;\">\n<td style=\"height: 13.50pt;\" height=\"18\">\u00c9tendue de la personnalisation<\/td>\n<td>Couleur, taille, forme, couvercles<\/td>\n<\/tr>\n<tr style=\"height: 13.50pt;\">\n<td style=\"height: 13.50pt;\" height=\"18\">Caract\u00e9ristique de fabrication<\/td>\n<td>Formage cylindrique, structure de base renforc\u00e9e et \u00e9paissie<\/td>\n<\/tr>\n<tr style=\"height: 13.50pt;\">\n<td style=\"height: 13.50pt;\" height=\"18\">Objectif du produit<\/td>\n<td>Bougies en grand contenant, pots \u00e0 bougies avec couvercles<\/td>\n<\/tr>\n<tr style=\"height: 13.50pt;\">\n<td style=\"height: 13.50pt;\" height=\"18\">Secteurs d&#039;activit\u00e9 appropri\u00e9s<\/td>\n<td>Fabricants de bougies, marques de d\u00e9coration int\u00e9rieure<\/td>\n<\/tr>\n<\/tbody>\n<\/table>\n<h2>\u00c9tude de cas r\u00e9ussie : Une collection signature d&#039;une entreprise am\u00e9ricaine d&#039;ameublement<\/h2>\n<p>Une marque am\u00e9ricaine de parfums d&#039;int\u00e9rieur a command\u00e9 nos pots \u00e0 bougies avec couvercles, que nous avons associ\u00e9s \u00e0 des couvercles en m\u00e9tal noir mat au design soign\u00e9. Le verre transparent met parfaitement en valeur la cire multicouche coul\u00e9e \u00e0 la main, ce qui non seulement valorise le produit, mais a \u00e9galement entra\u00een\u00e9 une augmentation des ventes de 60 %. La forme droite des pots facilite l&#039;\u00e9tiquetage et l&#039;empilage, optimisant ainsi l&#039;efficacit\u00e9 de l&#039;entrep\u00f4t de 15 %. Fort de ce succ\u00e8s, la marque a pass\u00e9 une nouvelle commande de 450\u00a0000 pots en verre, qui contribuera \u00e0 sa production de l&#039;ann\u00e9e prochaine.<\/p>\n<h2>Personnalisation des contenants \u00e0 bougies en verre<\/h2>\n<ul>\n<li>Couleur du verre\u00a0: Il est disponible en version transparente traditionnelle, gris fum\u00e9, ambr\u00e9e ou en couleur opaque sur commande.<\/li>\n<li>Informations de gaufrage\u00a0: Ajouter ou apposer de subtiles d\u00e9corations en relief, des indications de capacit\u00e9 ou des logos de marque sur la partie inf\u00e9rieure du bocal.<\/li>\n<li>S\u00e9rigraphie : Imprimez vos motifs, \u00e9tiquettes ou histoires de marque de qualit\u00e9 sur le verre.<\/li>\n<li>Conception de couvercles personnalis\u00e9s\u00a0: Cr\u00e9ez le design id\u00e9al avec des couvercles assortis en m\u00e9tal, en bois ou en verre.<\/li>\n<\/ul>","protected":false},"excerpt":{"rendered":"<p>Pots \u00e0 bougies modernes en verre avec fond rigide, parfaits pour l&#039;aromath\u00e9rapie et la d\u00e9coration de table. Pots \u00e0 bougies de haute qualit\u00e9 avec couvercles, disponibles en gros.<\/p>","protected":false},"featured_media":5250,"template":"","meta":{"postBodyCss":"","postBodyMargin":[],"postBodyPadding":[],"postBodyBackground":{"backgroundType":"classic","gradient":""}},"product_brand":[],"product_cat":[15,82,17],"product_tag":[],"class_list":{"0":"post-5233","1":"product","2":"type-product","3":"status-publish","4":"has-post-thumbnail","6":"product_cat-glass-containers","7":"product_cat-candle-jars","8":"product_cat-glass-jars","10":"first","11":"instock","12":"shipping-taxable","13":"product-type-simple"},"jetpack_sharing_enabled":true,"_links":{"self":[{"href":"https:\/\/minghanggroup.com\/fr\/wp-json\/wp\/v2\/product\/5233","targetHints":{"allow":["GET"]}}],"collection":[{"href":"https:\/\/minghanggroup.com\/fr\/wp-json\/wp\/v2\/product"}],"about":[{"href":"https:\/\/minghanggroup.com\/fr\/wp-json\/wp\/v2\/types\/product"}],"wp:featuredmedia":[{"embeddable":true,"href":"https:\/\/minghanggroup.com\/fr\/wp-json\/wp\/v2\/media\/5250"}],"wp:attachment":[{"href":"https:\/\/minghanggroup.com\/fr\/wp-json\/wp\/v2\/media?parent=5233"}],"wp:term":[{"taxonomy":"product_brand","embeddable":true,"href":"https:\/\/minghanggroup.com\/fr\/wp-json\/wp\/v2\/product_brand?post=5233"},{"taxonomy":"product_cat","embeddable":true,"href":"https:\/\/minghanggroup.com\/fr\/wp-json\/wp\/v2\/product_cat?post=5233"},{"taxonomy":"product_tag","embeddable":true,"href":"https:\/\/minghanggroup.com\/fr\/wp-json\/wp\/v2\/product_tag?post=5233"}],"curies":[{"name":"wp","href":"https:\/\/api.w.org\/{rel}","templated":true}]}}