{"id":5150,"date":"2026-01-23T13:45:56","date_gmt":"2026-01-23T05:45:56","guid":{"rendered":"https:\/\/minghanggroup.com\/?post_type=product&#038;p=5150"},"modified":"2026-03-02T13:47:52","modified_gmt":"2026-03-02T05:47:52","slug":"empty-candle-jars-with-lids-bulk-candle-jar-suppliers","status":"publish","type":"product","link":"https:\/\/minghanggroup.com\/fr\/produit\/empty-candle-jars-with-lids-bulk-candle-jar-suppliers\/","title":{"rendered":"210ml 390ml Empty Candle Jars with Lids for Packaging Bulk"},"content":{"rendered":"<p>Vos pots \u00e0 bougies vides, couvercle compris, ne devraient pas rester inutilis\u00e9s\u00a0; ils peuvent devenir de v\u00e9ritables objets de d\u00e9coration une fois votre bougie consum\u00e9e. Sp\u00e9cialis\u00e9s dans les pots \u00e0 bougies de luxe, nous cr\u00e9ons des contenants en verre qui feront de votre gamme de bougies en gros un incontournable pour vos clients.<\/p>\n<h2>Caract\u00e9ristiques du produit<\/h2>\n<ul>\n<li><strong>Charme Clochette Dor\u00e9e :<\/strong> Le design en forme de d\u00f4me capte astucieusement la lumi\u00e8re de la bougie, donnant l&#039;impression d&#039;un jardin secret et rehaussant instantan\u00e9ment le d\u00e9cor sophistiqu\u00e9 de votre bougie parfum\u00e9e.<\/li>\n<li><strong>Couvercle en verre s\u00e9curis\u00e9\u00a0:<\/strong> Le couvercle en verre se soul\u00e8ve gr\u00e2ce \u00e0 l&#039;anneau sup\u00e9rieur et il est \u00e9galement \u00e9tanche \u00e0 la poussi\u00e8re et aux \u00e9claboussures, ce qui rend votre contenant \u00e0 bougie robuste et durable tout en exposant un mat\u00e9riau de haute qualit\u00e9.<\/li>\n<li><strong>Article, Art des bougies\u00a0:<\/strong> Vous pouvez r\u00e9utiliser le contenant de bougie vide comme petit r\u00e9cipient, ce qui non seulement encourage le z\u00e9ro d\u00e9chet, mais apporte \u00e9galement une petite touche d&#039;\u00e9l\u00e9gance.<\/li>\n<\/ul>\n<h2>Caract\u00e9ristiques principales<\/h2>\n<p>&nbsp;<\/p>\n<table style=\"border-collapse: collapse; width: 80%; margin-left: auto; margin-right: auto;\" border=\"0\" width=\"216\" cellspacing=\"0\" cellpadding=\"0\">\n<tbody>\n<tr style=\"height: 13.50pt;\">\n<td class=\"et2\" style=\"height: 13.5pt; width: 54pt; text-align: center;\" width=\"72\" height=\"18\">Capacit\u00e9<\/td>\n<td style=\"width: 54pt; text-align: center;\" width=\"72\">Dimensions (mm)<\/td>\n<td style=\"width: 54pt; text-align: center;\" width=\"72\">Couleur<\/td>\n<\/tr>\n<tr style=\"height: 13.50pt;\">\n<td class=\"et3\" style=\"height: 27pt; text-align: center;\" rowspan=\"2\" height=\"36\">210 ml<\/td>\n<td style=\"text-align: center;\">Tall:\u00a0 84 * 89 * 112<\/td>\n<td class=\"et3\" style=\"text-align: center;\" rowspan=\"4\">Clair\/personnalis\u00e9<\/td>\n<\/tr>\n<tr style=\"height: 13.50pt;\">\n<td style=\"text-align: center;\">Short:\u00a0 72 * 89 * 79<\/td>\n<\/tr>\n<tr style=\"height: 13.50pt;\">\n<td class=\"et3\" style=\"height: 27pt; text-align: center;\" rowspan=\"2\" height=\"36\">390ml<\/td>\n<td style=\"text-align: center;\">Tall: 101 * 107 * 130<\/td>\n<\/tr>\n<tr style=\"height: 13.50pt;\">\n<td style=\"text-align: center;\">Short: 86 * 108 * 88<\/td>\n<\/tr>\n<\/tbody>\n<\/table>\n<h2>Cas de r\u00e9ussite<\/h2>\n<p>Une entreprise de parfums d&#039;int\u00e9rieur haut de gamme a choisi nos photophores en verre de style cloche et a personnalis\u00e9 le socle avec un \u00e9l\u00e9gant logo en relief. Le verre pr\u00e9sentait une finition d\u00e9polie d\u00e9licate et, au fond, un logo imprim\u00e9 en s\u00e9rigraphie.<\/p>\n<p>Suite au lancement du produit, le panier moyen a augment\u00e9 de 35 % et le taux de r\u00e9achat a \u00e9galement connu une nette am\u00e9lioration. La forme originale de la cloche en verre attire non seulement les clients, mais prot\u00e8ge aussi les bougies des salet\u00e9s lors de leur pr\u00e9sentation et de leur stockage\u00a0; de ce fait, les r\u00e9clamations concernant les taches en surface ont diminu\u00e9 de plus de 30 %.<\/p>\n<h2>Vos options de personnalisation<\/h2>\n<ol>\n<li><strong>Personnalisation du logo en relief ou en creux\u00a0:<\/strong> Apposez un logo en relief, un slogan de marque, ou m\u00eame un motif sur le corps de la tasse ou pr\u00e8s de sa base pour accro\u00eetre la notori\u00e9t\u00e9 de la marque tout en pr\u00e9servant la qualit\u00e9 de cette tasse \u00e0 bougie en forme de cloche.<\/li>\n<li><strong>Am\u00e9liorations de la finition de surface\u00a0: <\/strong>Nous pouvons proposer des traitements d\u00e9polis, semi-d\u00e9polis ou sabl\u00e9s sur des zones sp\u00e9cifiques, et associ\u00e9s \u00e0 une vitre transparente, ils produisent un effet contrastant et rendent l&#039;aspect g\u00e9n\u00e9ral plus attrayant.<\/li>\n<li><strong>Impression s\u00e9rigraphique et d\u00e9coration par marquage \u00e0 chaud\u00a0: <\/strong>Les motifs peuvent \u00eatre imprim\u00e9s en s\u00e9rigraphie, les lignes estamp\u00e9es \u00e0 chaud ou argent\u00e9es, ou encore un texte minimaliste peut \u00eatre appos\u00e9 sur le corps ou le couvercle de la tasse. C&#039;est une finition tr\u00e8s \u00e9l\u00e9gante pour une gamme de coffrets d&#039;aromath\u00e9rapie ou de cadeaux haut de gamme.<\/li>\n<\/ol>","protected":false},"excerpt":{"rendered":"<p>\u00c9l\u00e9gants pots \u00e0 bougies en verre, propos\u00e9s par des fournisseurs sp\u00e9cialis\u00e9s. Ces pots vides sont fournis avec leurs couvercles. Vente directe d&#039;usine, \u00e9chantillons gratuits et personnalisation flexible pour les grandes marques.<\/p>","protected":false},"featured_media":5159,"template":"","meta":{"postBodyCss":"","postBodyMargin":[],"postBodyPadding":[],"postBodyBackground":{"backgroundType":"classic","gradient":""}},"product_brand":[],"product_cat":[15,82,17],"product_tag":[94],"class_list":{"0":"post-5150","1":"product","2":"type-product","3":"status-publish","4":"has-post-thumbnail","6":"product_cat-glass-containers","7":"product_cat-candle-jars","8":"product_cat-glass-jars","9":"product_tag-glass-decoration-bottles","11":"first","12":"instock","13":"shipping-taxable","14":"product-type-simple"},"jetpack_sharing_enabled":true,"_links":{"self":[{"href":"https:\/\/minghanggroup.com\/fr\/wp-json\/wp\/v2\/product\/5150","targetHints":{"allow":["GET"]}}],"collection":[{"href":"https:\/\/minghanggroup.com\/fr\/wp-json\/wp\/v2\/product"}],"about":[{"href":"https:\/\/minghanggroup.com\/fr\/wp-json\/wp\/v2\/types\/product"}],"wp:featuredmedia":[{"embeddable":true,"href":"https:\/\/minghanggroup.com\/fr\/wp-json\/wp\/v2\/media\/5159"}],"wp:attachment":[{"href":"https:\/\/minghanggroup.com\/fr\/wp-json\/wp\/v2\/media?parent=5150"}],"wp:term":[{"taxonomy":"product_brand","embeddable":true,"href":"https:\/\/minghanggroup.com\/fr\/wp-json\/wp\/v2\/product_brand?post=5150"},{"taxonomy":"product_cat","embeddable":true,"href":"https:\/\/minghanggroup.com\/fr\/wp-json\/wp\/v2\/product_cat?post=5150"},{"taxonomy":"product_tag","embeddable":true,"href":"https:\/\/minghanggroup.com\/fr\/wp-json\/wp\/v2\/product_tag?post=5150"}],"curies":[{"name":"wp","href":"https:\/\/api.w.org\/{rel}","templated":true}]}}