{"id":5149,"date":"2026-01-23T11:34:39","date_gmt":"2026-01-23T03:34:39","guid":{"rendered":"https:\/\/minghanggroup.com\/?post_type=product&#038;p=5149"},"modified":"2026-01-23T13:10:52","modified_gmt":"2026-01-23T05:10:52","slug":"clear-large-glass-containers-for-candles-wholesale","status":"publish","type":"product","link":"https:\/\/minghanggroup.com\/fr\/produit\/clear-large-glass-containers-for-candles-wholesale\/","title":{"rendered":"Contenants en verre transparent de 275 ml pour bougies (vente en gros)"},"content":{"rendered":"<p>Ces contenants en verre pour bougies sont con\u00e7us en forme de cylindre court et trapu, avec une large ouverture facilitant le versement de la cire. Chaque pot constitue un objet d\u00e9coratif \u00e0 la fois intime et pratique, dont la stabilit\u00e9 est assur\u00e9e par un fond \u00e9pais et r\u00e9sistant.<\/p>\n<h2>Caract\u00e9ristiques du produit<\/h2>\n<ul>\n<li><strong>Base stable, \u00e9paissie :<\/strong> Gr\u00e2ce \u00e0 sa base \u00e9paissie, le poids du pot est consid\u00e9rablement augment\u00e9, et ainsi le pot ne se renversera pas m\u00eame lorsqu&#039;on utilise de grandes bougies.<\/li>\n<li><strong>Conception cylindrique simple \u00e0 parois droites\u00a0:<\/strong> Sa conception cylindrique simple est polyvalente, facile \u00e0 \u00e9tiqueter et offre une grande capacit\u00e9.<\/li>\n<li><strong>Grande capacit\u00e9 de 275 ml :<\/strong> La capacit\u00e9 de 275 ml est int\u00e9ressante car elle offre la plus grande capacit\u00e9 pour contenir des bougies de grande taille et \u00e0 longue dur\u00e9e de combustion.<\/li>\n<\/ul>\n<h2 style=\"text-align: left;\">Caract\u00e9ristiques principales<\/h2>\n<table class=\"aligncenter\" style=\"border-collapse: collapse; width: 378.77pt;\" border=\"0\" width=\"505\" cellspacing=\"0\" cellpadding=\"0\">\n<tbody>\n<tr style=\"height: 13.50pt;\">\n<td style=\"height: 13.50pt; width: 120.75pt;\" width=\"161\" height=\"18\">Sp\u00e9cification<\/td>\n<td style=\"width: 258.00pt;\" width=\"344\">D\u00e9tails<\/td>\n<\/tr>\n<tr style=\"height: 13.50pt;\">\n<td style=\"height: 13.50pt;\" height=\"18\">Capacit\u00e9<\/td>\n<td>275 ml<\/td>\n<\/tr>\n<tr style=\"height: 13.50pt;\">\n<td style=\"height: 13.50pt;\" height=\"18\">Dimensions<\/td>\n<td>85\u00d780 mm<\/td>\n<\/tr>\n<tr style=\"height: 13.50pt;\">\n<td style=\"height: 13.50pt;\" height=\"18\">Mat\u00e9riel<\/td>\n<td>Verre transparent ultra-r\u00e9sistant<\/td>\n<\/tr>\n<tr style=\"height: 13.50pt;\">\n<td style=\"height: 13.50pt;\" height=\"18\">Pot en forme de bocal<\/td>\n<td>Cylindre \u00e0 parois droites et base \u00e9paissie<\/td>\n<\/tr>\n<tr style=\"height: 13.50pt;\">\n<td style=\"height: 13.50pt;\" height=\"18\">\u00c9tendue de la personnalisation<\/td>\n<td>Couleur, taille, gaufrage, s\u00e9rigraphie<\/td>\n<\/tr>\n<tr style=\"height: 13.50pt;\">\n<td style=\"height: 13.50pt;\" height=\"18\">Savoir-faire<\/td>\n<td>Formeur de verre \u00e0 base lourde durable<\/td>\n<\/tr>\n<tr style=\"height: 13.50pt;\">\n<td style=\"height: 13.50pt;\" height=\"18\">Objectif du produit<\/td>\n<td>Grands pots \u00e0 bougies, r\u00e9cipients utilitaires pour bougies<\/td>\n<\/tr>\n<tr style=\"height: 13.50pt;\">\n<td style=\"height: 13.50pt;\" height=\"18\">Secteurs d&#039;activit\u00e9 appropri\u00e9s<\/td>\n<td>Fabricants de bougies, grands d\u00e9taillants<\/td>\n<\/tr>\n<\/tbody>\n<\/table>\n<h2>T\u00e9moignage de r\u00e9ussite\u00a0: L\u2019un des plus importants services d\u2019abonnement de bougies aux \u00c9tats-Unis<\/h2>\n<p>L&#039;une des plus grandes entreprises de bougies parfum\u00e9es aux \u00c9tats-Unis \u00e9tait abonn\u00e9e \u00e0 nos grands pots \u00e0 bougies. Elle a opt\u00e9 pour un gris clair givr\u00e9 et doux au toucher. La surface grise duveteuse s&#039;accorde parfaitement avec son image de marque \u00e9pur\u00e9e. Le poids du pot lui conf\u00e8re une sensation de qualit\u00e9 sup\u00e9rieure, tr\u00e8s appr\u00e9ci\u00e9e des clients. Ce pot \u00e0 bougies est devenu leur cadeau le plus vendu, contribuant \u00e0 une augmentation de 300 % des ventes de bougies d&#039;une ann\u00e9e sur l&#039;autre. Forts de ce succ\u00e8s, ils ont r\u00e9cemment pass\u00e9 une nouvelle commande de 350\u00a0000 pots afin de satisfaire la demande dans tous leurs points de vente d&#039;ici deux ans.<\/p>\n<h2>Personnalisation des grands pots \u00e0 bougies<\/h2>\n<ul>\n<li>Gravure laser\u00a0: Gravez discr\u00e8tement des num\u00e9ros de lot, des marques ou des lignes d\u00e9coratives sur les bocaux en verre.<\/li>\n<li>Finition personnalis\u00e9e des clous\u00a0: Choisissez entre un bord lisse poli au feu ou un bord perl\u00e9 sp\u00e9cifique.<\/li>\n<li>Rev\u00eatement int\u00e9rieur : Un rev\u00eatement int\u00e9rieur color\u00e9 ou nacr\u00e9 sera appliqu\u00e9 pour cr\u00e9er un effet visuel distinctif.<\/li>\n<li>R\u00e9glage de l&#039;\u00e9paisseur de la base\u00a0: Ajustez l&#039;\u00e9paisseur de la base en fonction du poids et des sensations souhait\u00e9s.<\/li>\n<\/ul>","protected":false},"excerpt":{"rendered":"<p>Pots \u00e0 bougies minimalistes en verre \u00e0 fond \u00e9pais, parfaits pour la d\u00e9coration int\u00e9rieure et la fabrication de bougies. Grands pots \u00e0 bougies r\u00e9sistants disponibles en gros.<\/p>","protected":false},"featured_media":5152,"template":"","meta":{"postBodyCss":"","postBodyMargin":[],"postBodyPadding":[],"postBodyBackground":{"backgroundType":"classic","gradient":""}},"product_brand":[],"product_cat":[15,82,17],"product_tag":[],"class_list":{"0":"post-5149","1":"product","2":"type-product","3":"status-publish","4":"has-post-thumbnail","6":"product_cat-glass-containers","7":"product_cat-candle-jars","8":"product_cat-glass-jars","10":"first","11":"instock","12":"shipping-taxable","13":"product-type-simple"},"jetpack_sharing_enabled":true,"_links":{"self":[{"href":"https:\/\/minghanggroup.com\/fr\/wp-json\/wp\/v2\/product\/5149","targetHints":{"allow":["GET"]}}],"collection":[{"href":"https:\/\/minghanggroup.com\/fr\/wp-json\/wp\/v2\/product"}],"about":[{"href":"https:\/\/minghanggroup.com\/fr\/wp-json\/wp\/v2\/types\/product"}],"wp:featuredmedia":[{"embeddable":true,"href":"https:\/\/minghanggroup.com\/fr\/wp-json\/wp\/v2\/media\/5152"}],"wp:attachment":[{"href":"https:\/\/minghanggroup.com\/fr\/wp-json\/wp\/v2\/media?parent=5149"}],"wp:term":[{"taxonomy":"product_brand","embeddable":true,"href":"https:\/\/minghanggroup.com\/fr\/wp-json\/wp\/v2\/product_brand?post=5149"},{"taxonomy":"product_cat","embeddable":true,"href":"https:\/\/minghanggroup.com\/fr\/wp-json\/wp\/v2\/product_cat?post=5149"},{"taxonomy":"product_tag","embeddable":true,"href":"https:\/\/minghanggroup.com\/fr\/wp-json\/wp\/v2\/product_tag?post=5149"}],"curies":[{"name":"wp","href":"https:\/\/api.w.org\/{rel}","templated":true}]}}