{"id":5144,"date":"2026-01-23T10:19:06","date_gmt":"2026-01-23T02:19:06","guid":{"rendered":"https:\/\/minghanggroup.com\/?post_type=product&#038;p=5144"},"modified":"2026-04-27T16:14:49","modified_gmt":"2026-04-27T08:14:49","slug":"empty-glass-embossed-jars-for-candles-wholesale","status":"publish","type":"product","link":"https:\/\/minghanggroup.com\/fr\/produit\/empty-glass-embossed-jars-for-candles-wholesale\/","title":{"rendered":"Pots en verre gaufr\u00e9 vides de 190 ml pour bougies (vente en gros)"},"content":{"rendered":"<p>Ces pots \u00e0 bougies pr\u00e9sentent un design cylindrique transparent orn\u00e9 d&#039;un motif taill\u00e9 en diamant qui refl\u00e8te et r\u00e9fracte efficacement la lumi\u00e8re, ce qui les rend parfaitement adapt\u00e9s \u00e0 la fabrication en gros de pots \u00e0 bougies.<\/p>\n<h2>Caract\u00e9ristiques du produit<\/h2>\n<ul>\n<li><strong>Facettes taill\u00e9es en diamant \u00e0 couverture int\u00e9grale\u00a0:<\/strong> La texture diamant\u00e9e en relief qui recouvre toute la surface du mat\u00e9riau cr\u00e9e un effet de r\u00e9flexion de la lumi\u00e8re qui masque simultan\u00e9ment les petits d\u00e9fauts pr\u00e9sents dans la cire.<\/li>\n<li><strong>Conception cylindrique \u00e0 parois droites\u00a0:<\/strong> Les parois lat\u00e9rales droites de sa conception permettent \u00e0 la cire de br\u00fbler sur toute sa hauteur, tout en \u00e9vitant la formation de tunnels et en prolongeant la dur\u00e9e de combustion.<\/li>\n<li><strong>Bouche large et lisse :<\/strong> Le large couvercle lisse du r\u00e9cipient permet aux utilisateurs de verser facilement la cire et d&#039;y placer les m\u00e8ches avant de refermer le r\u00e9cipient apr\u00e8s utilisation de la bougie.<\/li>\n<\/ul>\n<h2 style=\"text-align: left;\">Caract\u00e9ristiques principales<\/h2>\n<table class=\"aligncenter\" style=\"border-collapse: collapse; width: 423.02pt;\" border=\"0\" width=\"564\" cellspacing=\"0\" cellpadding=\"0\">\n<tbody>\n<tr style=\"height: 13.50pt;\">\n<td style=\"height: 13.50pt; width: 120.75pt;\" width=\"161\" height=\"18\">Sp\u00e9cification<\/td>\n<td style=\"width: 302.25pt;\" width=\"403\">D\u00e9tails<\/td>\n<\/tr>\n<tr style=\"height: 13.50pt;\">\n<td style=\"height: 13.50pt;\" height=\"18\">Capacit\u00e9<\/td>\n<td>190 ml<\/td>\n<\/tr>\n<tr style=\"height: 13.50pt;\">\n<td style=\"height: 13.50pt;\" height=\"18\">Dimensions<\/td>\n<td>70\u00d770\u00d775mm<\/td>\n<\/tr>\n<tr style=\"height: 13.50pt;\">\n<td style=\"height: 13.50pt;\" height=\"18\">Mat\u00e9riel<\/td>\n<td>Verre de qualit\u00e9 sup\u00e9rieure<\/td>\n<\/tr>\n<tr style=\"height: 13.50pt;\">\n<td style=\"height: 13.50pt;\" height=\"18\">Pot en forme de bocal<\/td>\n<td>Cylindre \u00e0 c\u00f4t\u00e9s droits avec d\u00e9coupe diamant compl\u00e8te<\/td>\n<\/tr>\n<tr style=\"height: 13.50pt;\">\n<td style=\"height: 13.50pt;\" height=\"18\">\u00c9tendue de la personnalisation<\/td>\n<td>Couleur, motif de d\u00e9coupe, forme, couvercles<\/td>\n<\/tr>\n<tr style=\"height: 13.50pt;\">\n<td style=\"height: 13.50pt;\" height=\"18\">Savoir-faire<\/td>\n<td>Verre press\u00e9 moul\u00e9 avec pr\u00e9cision \u00e0 d\u00e9coupe diamant\u00e9e<\/td>\n<\/tr>\n<tr style=\"height: 13.50pt;\">\n<td style=\"height: 13.50pt;\" height=\"18\">Objectif du produit<\/td>\n<td>Pots pour bougies en gros, accessoires de d\u00e9coration pour la maison<\/td>\n<\/tr>\n<tr style=\"height: 13.50pt;\">\n<td style=\"height: 13.50pt;\" height=\"18\">Secteurs d&#039;activit\u00e9 appropri\u00e9s<\/td>\n<td>Marques de bougies modernes, d\u00e9taillants d&#039;articles de maison haut de gamme<\/td>\n<\/tr>\n<\/tbody>\n<\/table>\n<h2>T\u00e9moignage de r\u00e9ussite\u00a0: Une commande personnalis\u00e9e d\u2019une marque de bougies haut de gamme du Midwest<\/h2>\n<p>Une marque de bougies de soja haut de gamme du Midwest a choisi nos pots \u00e0 bougies, qu&#039;elle a personnalis\u00e9s avec des facettes d\u00e9polies et des couvercles en bois sculpt\u00e9 assortis. Ces pots personnalis\u00e9s ont permis d&#039;am\u00e9liorer consid\u00e9rablement leurs produits, ce qui a entra\u00een\u00e9 une augmentation de 300 % de l&#039;engagement sur Instagram. Leur conception \u00e0 parois droites a garanti une combustion optimale et a r\u00e9duit les r\u00e9clamations clients de 60 %. Forte de ce succ\u00e8s, l&#039;entreprise a pass\u00e9 une nouvelle commande de 500\u00a0000 pots pour sa collection de parfums de f\u00eates.<\/p>\n<h2>Suggestions de personnalisation pour la vente en gros de pots \u00e0 bougies<\/h2>\n<ul>\n<li>Propose de multiples motifs en relief, notamment des motifs en nid d&#039;abeille, des rayures verticales et des grilles g\u00e9om\u00e9triques, pour produire des effets visuels distincts.<\/li>\n<li>Cr\u00e9ez une forme de flacon \u00e0 pilules incurv\u00e9e plus classique ou une forme en verre sans anse plus robuste.<\/li>\n<li>Des couvercles en verre et en m\u00e9tal assortis, munis de joints en silicone, permettent de pr\u00e9server la fra\u00eecheur des bougies et de les prot\u00e9ger de la poussi\u00e8re entre deux utilisations.<\/li>\n<\/ul>","protected":false},"excerpt":{"rendered":"<p>Pots modernes pour bougies en verre transparent \u00e0 texture diamant\u00e9e, disponibles en gros. Id\u00e9aux pour les bougies parfum\u00e9es et la d\u00e9coration. Pots haut de gamme, directement du fabricant.<\/p>","protected":false},"featured_media":5148,"template":"","meta":{"postBodyCss":"","postBodyMargin":[],"postBodyPadding":[],"postBodyBackground":{"backgroundType":"classic","gradient":""}},"product_brand":[],"product_cat":[82,15,17],"product_tag":[97,96],"class_list":{"0":"post-5144","1":"product","2":"type-product","3":"status-publish","4":"has-post-thumbnail","6":"product_cat-candle-jars","7":"product_cat-glass-containers","8":"product_cat-glass-jars","9":"product_tag-rocks-glass","10":"product_tag-whiskey-tumblers","12":"first","13":"instock","14":"shipping-taxable","15":"product-type-simple"},"jetpack_sharing_enabled":true,"_links":{"self":[{"href":"https:\/\/minghanggroup.com\/fr\/wp-json\/wp\/v2\/product\/5144","targetHints":{"allow":["GET"]}}],"collection":[{"href":"https:\/\/minghanggroup.com\/fr\/wp-json\/wp\/v2\/product"}],"about":[{"href":"https:\/\/minghanggroup.com\/fr\/wp-json\/wp\/v2\/types\/product"}],"wp:featuredmedia":[{"embeddable":true,"href":"https:\/\/minghanggroup.com\/fr\/wp-json\/wp\/v2\/media\/5148"}],"wp:attachment":[{"href":"https:\/\/minghanggroup.com\/fr\/wp-json\/wp\/v2\/media?parent=5144"}],"wp:term":[{"taxonomy":"product_brand","embeddable":true,"href":"https:\/\/minghanggroup.com\/fr\/wp-json\/wp\/v2\/product_brand?post=5144"},{"taxonomy":"product_cat","embeddable":true,"href":"https:\/\/minghanggroup.com\/fr\/wp-json\/wp\/v2\/product_cat?post=5144"},{"taxonomy":"product_tag","embeddable":true,"href":"https:\/\/minghanggroup.com\/fr\/wp-json\/wp\/v2\/product_tag?post=5144"}],"curies":[{"name":"wp","href":"https:\/\/api.w.org\/{rel}","templated":true}]}}