{"id":5135,"date":"2026-01-23T09:12:36","date_gmt":"2026-01-23T01:12:36","guid":{"rendered":"https:\/\/minghanggroup.com\/?post_type=product&#038;p=5135"},"modified":"2026-01-23T15:53:41","modified_gmt":"2026-01-23T07:53:41","slug":"clear-spherical-luxury-candle-jars-with-textured-bulk","status":"publish","type":"product","link":"https:\/\/minghanggroup.com\/fr\/produit\/clear-spherical-luxury-candle-jars-with-textured-bulk\/","title":{"rendered":"Pots de bougies sph\u00e9riques transparentes de luxe de 125 ml avec texture en vrac"},"content":{"rendered":"<p>Ce sont des pots \u00e0 bougies de luxe, de forme ronde avec un corps lisse et arrondi orn\u00e9 d&#039;un motif d\u00e9coup\u00e9 en \u00e9cailles de poisson qui attire le regard et pi\u00e8ge et diffuse la lumi\u00e8re des bougies, leur conf\u00e9rant une apparence spectaculaire, semblable \u00e0 un prisme.<\/p>\n<h2>Caract\u00e9ristiques du produit<\/h2>\n<ul>\n<li><strong>Verre transparent :<\/strong> Le verre est tr\u00e8s clair et transparent, et c&#039;est une lentille qui grossit \u00e0 la perfection la flamme de la bougie et la cire fondue.<\/li>\n<li><strong>Corps d\u00e9coup\u00e9 en \u00e9cailles de poisson :<\/strong> Le dynamisme vibrant de la texture tridimensionnelle en \u00e9cailles de poisson, cr\u00e9\u00e9e par le jeu d&#039;ombres et de lumi\u00e8res, offre de riches strates visuelles de la lumi\u00e8re des bougies traversant la plateforme.<\/li>\n<li><strong>Forme sph\u00e9rique sculpturale :<\/strong> Il s&#039;agit de la forme compl\u00e8te, arrondie et sph\u00e9rique, une variante contemporaine audacieuse des formes cylindriques et cubiques conventionnelles.<\/li>\n<\/ul>\n<h2 style=\"text-align: left;\">Caract\u00e9ristiques principales<\/h2>\n<table class=\"aligncenter\" style=\"border-collapse: collapse; width: 423.02pt;\" border=\"0\" width=\"564\" cellspacing=\"0\" cellpadding=\"0\">\n<tbody>\n<tr style=\"height: 13.50pt;\">\n<td style=\"height: 13.50pt; width: 120.75pt;\" width=\"161\" height=\"18\">Sp\u00e9cification<\/td>\n<td style=\"width: 302.25pt;\" width=\"403\">D\u00e9tails<\/td>\n<\/tr>\n<tr style=\"height: 13.50pt;\">\n<td style=\"height: 13.50pt;\" height=\"18\">Capacit\u00e9<\/td>\n<td>125 ml<\/td>\n<\/tr>\n<tr style=\"height: 13.50pt;\">\n<td style=\"height: 13.50pt;\" height=\"18\">Dimensions<\/td>\n<td>70\u00d778\u00d762 mm<\/td>\n<\/tr>\n<tr style=\"height: 13.50pt;\">\n<td style=\"height: 13.50pt;\" height=\"18\">Mat\u00e9riel<\/td>\n<td>Verre de haute clart\u00e9<\/td>\n<\/tr>\n<tr style=\"height: 13.50pt;\">\n<td style=\"height: 13.50pt;\" height=\"18\">Pot en forme de bocal<\/td>\n<td>Sph\u00e8re \u00e0 d\u00e9coupe fisheye int\u00e9grale<\/td>\n<\/tr>\n<tr style=\"height: 13.50pt;\">\n<td style=\"height: 13.50pt;\" height=\"18\">\u00c9tendue de la personnalisation<\/td>\n<td>Couleur du verre, profondeur du motif de d\u00e9coupe, d\u00e9polissage<\/td>\n<\/tr>\n<tr style=\"height: 13.50pt;\">\n<td style=\"height: 13.50pt;\" height=\"18\">Savoir-faire<\/td>\n<td>D\u00e9coupe de verre avanc\u00e9e pour motifs complexes en \u0153il de poisson<\/td>\n<\/tr>\n<tr style=\"height: 13.50pt;\">\n<td style=\"height: 13.50pt;\" height=\"18\">Objectif du produit<\/td>\n<td>Bocaux \u00e0 bougies en vrac, d\u00e9coration int\u00e9rieure haut de gamme<\/td>\n<\/tr>\n<tr style=\"height: 13.50pt;\">\n<td style=\"height: 13.50pt;\" height=\"18\">Secteurs d&#039;activit\u00e9 appropri\u00e9s<\/td>\n<td>Marques de bougies de cr\u00e9ateurs, grands magasins de luxe<\/td>\n<\/tr>\n<\/tbody>\n<\/table>\n<h2>Succ\u00e8s commercial : M\u00e9langes de parfums exclusifs pour une cha\u00eene h\u00f4teli\u00e8re de luxe europ\u00e9enne<\/h2>\n<p>Une cha\u00eene h\u00f4teli\u00e8re europ\u00e9enne de luxe a choisi nos bougies en pot au design unique, qui ont rencontr\u00e9 un vif succ\u00e8s lors de leur lancement. Leur format de 125 ml offre 60 heures de combustion, id\u00e9al pour les week-ends. Leur design exceptionnel a g\u00e9n\u00e9r\u00e9 plus d&#039;un million de vues sur les r\u00e9seaux sociaux. Extr\u00eamement satisfait des retours clients et des performances du produit, l&#039;h\u00f4tel a command\u00e9 200\u00a0000 pots suppl\u00e9mentaires, avec l&#039;intention de les d\u00e9ployer dans tous ses \u00e9tablissements d&#039;ici deux ans.<\/p>\n<h2>Pots \u00e0 bougies en vrac personnalis\u00e9s<\/h2>\n<ul>\n<li>Variation du motif de coupe\u00a0: La taille, la profondeur ou l\u2019angle de la coupe en \u0153il de fiske peuvent \u00eatre modifi\u00e9s pour produire diff\u00e9rents effets de brillance.<\/li>\n<li>Gravure laser\u00a0: Gravez des noms de marque ou des motifs de constellations avec pr\u00e9cision sur de petites surfaces propres de la sph\u00e8re.<\/li>\n<li>Bouchon\/Couvercle personnalis\u00e9\u00a0: Concevoir un couvercle identique en verre ou en m\u00e9tal, \u00e0 utiliser lorsque la bougie n\u2019est pas allum\u00e9e.<\/li>\n<li>Socle sur mesure\u00a0: Concevoir un socle en verre ou en m\u00e9tal de m\u00eame dimension pour maintenir et stabiliser la sph\u00e8re.<\/li>\n<\/ul>","protected":false},"excerpt":{"rendered":"<p>Pots \u00e0 bougies sph\u00e9riques en verre transparent \u00e0 motif \u00e9cailles de poisson, parfaits pour les bougies parfum\u00e9es et la d\u00e9coration. Pots \u00e0 bougies de luxe haut de gamme, directement du fabricant.<\/p>","protected":false},"featured_media":5136,"template":"","meta":{"postBodyCss":"","postBodyMargin":[],"postBodyPadding":[],"postBodyBackground":{"backgroundType":"classic","gradient":""}},"product_brand":[],"product_cat":[15,82,17],"product_tag":[],"class_list":{"0":"post-5135","1":"product","2":"type-product","3":"status-publish","4":"has-post-thumbnail","6":"product_cat-glass-containers","7":"product_cat-candle-jars","8":"product_cat-glass-jars","10":"first","11":"instock","12":"shipping-taxable","13":"product-type-simple"},"jetpack_sharing_enabled":true,"_links":{"self":[{"href":"https:\/\/minghanggroup.com\/fr\/wp-json\/wp\/v2\/product\/5135","targetHints":{"allow":["GET"]}}],"collection":[{"href":"https:\/\/minghanggroup.com\/fr\/wp-json\/wp\/v2\/product"}],"about":[{"href":"https:\/\/minghanggroup.com\/fr\/wp-json\/wp\/v2\/types\/product"}],"wp:featuredmedia":[{"embeddable":true,"href":"https:\/\/minghanggroup.com\/fr\/wp-json\/wp\/v2\/media\/5136"}],"wp:attachment":[{"href":"https:\/\/minghanggroup.com\/fr\/wp-json\/wp\/v2\/media?parent=5135"}],"wp:term":[{"taxonomy":"product_brand","embeddable":true,"href":"https:\/\/minghanggroup.com\/fr\/wp-json\/wp\/v2\/product_brand?post=5135"},{"taxonomy":"product_cat","embeddable":true,"href":"https:\/\/minghanggroup.com\/fr\/wp-json\/wp\/v2\/product_cat?post=5135"},{"taxonomy":"product_tag","embeddable":true,"href":"https:\/\/minghanggroup.com\/fr\/wp-json\/wp\/v2\/product_tag?post=5135"}],"curies":[{"name":"wp","href":"https:\/\/api.w.org\/{rel}","templated":true}]}}