{"id":5106,"date":"2026-01-22T15:23:17","date_gmt":"2026-01-22T07:23:17","guid":{"rendered":"https:\/\/minghanggroup.com\/?post_type=product&#038;p=5106"},"modified":"2026-01-22T16:08:34","modified_gmt":"2026-01-22T08:08:34","slug":"glass-jars-for-candles-with-geometric-texture-bulk","status":"publish","type":"product","link":"https:\/\/minghanggroup.com\/fr\/produit\/glass-jars-for-candles-with-geometric-texture-bulk\/","title":{"rendered":"Pots en verre de 110 ml pour bougies \u00e0 texture g\u00e9om\u00e9trique (vente en gros)"},"content":{"rendered":"<p>Ces \u00e9l\u00e9gants pots en verre pour bougies pr\u00e9sentent une forme cylindrique sobre et \u00e9pur\u00e9e. Leur design arrondi, plus bas et plus r\u00e9sistant, se d\u00e9cline en deux finitions attrayantes\u00a0: un motif matelass\u00e9 en losanges scintillant et un motif lisse \u00e0 c\u00f4tes verticales.<\/p>\n<h2>Caract\u00e9ristiques du produit<\/h2>\n<ul>\n<li><strong>Silhouette \u00e9l\u00e9gante de tulipe :<\/strong> Les courbes douces et raffin\u00e9es sont tr\u00e8s reconnaissables et conf\u00e8rent une touche de sophistication naturelle et \u00e9l\u00e9gante.<\/li>\n<li><strong>Rayures verticales d\u00e9coratives :<\/strong> Les rayures verticales ont un effet d\u00e9coratif et am\u00e9liorent l&#039;adh\u00e9rence, tout en cr\u00e9ant un jeu d&#039;ombres et de lumi\u00e8res stimulant et fascinant.<\/li>\n<li><strong>Verre transparent :<\/strong> Le verre transparent vous permet d&#039;avoir une vue d\u00e9gag\u00e9e sur la cire, la flamme et tous les d\u00e9cors \u00e0 l&#039;int\u00e9rieur de la bougie.<\/li>\n<\/ul>\n<h2 style=\"text-align: left;\">Caract\u00e9ristiques principales<\/h2>\n<table class=\"aligncenter\" style=\"border-collapse: collapse; width: 428.27pt;\" border=\"0\" width=\"571\" cellspacing=\"0\" cellpadding=\"0\">\n<tbody>\n<tr style=\"height: 13.50pt;\">\n<td style=\"height: 13.50pt; width: 121.50pt;\" width=\"162\" height=\"18\">Sp\u00e9cification<\/td>\n<td style=\"width: 306.75pt;\" width=\"409\">D\u00e9tails<\/td>\n<\/tr>\n<tr style=\"height: 13.50pt;\">\n<td style=\"height: 13.50pt;\" height=\"18\">Capacit\u00e9<\/td>\n<td>110 ml<\/td>\n<\/tr>\n<tr style=\"height: 13.50pt;\">\n<td style=\"height: 13.50pt;\" height=\"18\">Dimensions<\/td>\n<td>80\u00d760\u00d760 mm<\/td>\n<\/tr>\n<tr style=\"height: 13.50pt;\">\n<td style=\"height: 13.50pt;\" height=\"18\">Mat\u00e9riel<\/td>\n<td>Verre clair<\/td>\n<\/tr>\n<tr style=\"height: 13.50pt;\">\n<td style=\"height: 13.50pt;\" height=\"18\">Pot en forme de bocal<\/td>\n<td>Cylindre court et large \u00e0 surface textur\u00e9e<\/td>\n<\/tr>\n<tr style=\"height: 13.50pt;\">\n<td style=\"height: 13.50pt;\" height=\"18\">\u00c9tendue de la personnalisation<\/td>\n<td>Couleur, texture, motif, gla\u00e7age, gaufrage<\/td>\n<\/tr>\n<tr style=\"height: 13.50pt;\">\n<td style=\"height: 13.50pt;\" height=\"18\">Savoir-faire<\/td>\n<td>Pressage du verre textur\u00e9 pour motifs en losange ou en c\u00f4tes<\/td>\n<\/tr>\n<tr style=\"height: 13.50pt;\">\n<td style=\"height: 13.50pt;\" height=\"18\">Objectif du produit<\/td>\n<td>Pots \u00e0 bougies en gros, porte-bougies d\u00e9coratifs<\/td>\n<\/tr>\n<tr style=\"height: 13.50pt;\">\n<td style=\"height: 13.50pt;\" height=\"18\">Secteurs d&#039;activit\u00e9 appropri\u00e9s<\/td>\n<td>Marques de bougies contemporaines, d\u00e9taillants de d\u00e9coration int\u00e9rieure<\/td>\n<\/tr>\n<\/tbody>\n<\/table>\n<h2>Succ\u00e8s garanti : La s\u00e9rie de bougies en collaboration avec un fleuriste rencontre un immense succ\u00e8s<\/h2>\n<p>Un fleuriste en ligne a choisi nos pots en verre en forme de tulipe comme contenants originaux. Ce design unique s&#039;est parfaitement int\u00e9gr\u00e9 \u00e0 son image de marque, g\u00e9n\u00e9rant une croissance de 150 % de ses ventes directes en ligne. La transparence du verre mettait en valeur la couleur naturelle de la cire, ce qui a entra\u00een\u00e9 une augmentation de 80 % du partage sur les r\u00e9seaux sociaux. Satisfaite du produit et des retours clients, la marque a pass\u00e9 une nouvelle commande de 250\u00a0000 pots en verre pour ses collections permanentes et saisonni\u00e8res.<\/p>\n<h2>Options de personnalisation des contenants \u00e0 bougies<\/h2>\n<ul>\n<li>Couleurs des verres\u00a0: Privil\u00e9giez les tons doux comme le rose poudr\u00e9, le vert sauge ou le bleu ciel pour rehausser le th\u00e8me floral.<\/li>\n<li>Variations des rainures\u00a0: Modifiez la largeur, la profondeur ou l\u2019espacement entre les rainures verticales pour obtenir des apparences vari\u00e9es.<\/li>\n<li>Finitions m\u00e9talliques\u00a0: \u00e9ventails dor\u00e9s ou d\u00e9cor\u00e9s d\u2019or, d\u2019argent ou de cuivre sur les bords.<\/li>\n<li>Fond en relief\u00a0: D\u00e9corez la partie inf\u00e9rieure de la bo\u00eete en y ajoutant de petits motifs floraux en relief ou le logo de votre entreprise.<\/li>\n<\/ul>","protected":false},"excerpt":{"rendered":"<p>\u00c9l\u00e9gants pots en verre textur\u00e9s \u00e0 motifs c\u00f4tel\u00e9s et losanges, parfaits pour les bougies chauffe-plat et l&#039;aromath\u00e9rapie. Fabrication sur mesure possible (marque et design).<\/p>","protected":false},"featured_media":5109,"template":"","meta":{"postBodyCss":"","postBodyMargin":[],"postBodyPadding":[],"postBodyBackground":{"backgroundType":"classic","gradient":""}},"product_brand":[],"product_cat":[15,82,17],"product_tag":[],"class_list":{"0":"post-5106","1":"product","2":"type-product","3":"status-publish","4":"has-post-thumbnail","6":"product_cat-glass-containers","7":"product_cat-candle-jars","8":"product_cat-glass-jars","10":"first","11":"instock","12":"shipping-taxable","13":"product-type-simple"},"jetpack_sharing_enabled":true,"_links":{"self":[{"href":"https:\/\/minghanggroup.com\/fr\/wp-json\/wp\/v2\/product\/5106","targetHints":{"allow":["GET"]}}],"collection":[{"href":"https:\/\/minghanggroup.com\/fr\/wp-json\/wp\/v2\/product"}],"about":[{"href":"https:\/\/minghanggroup.com\/fr\/wp-json\/wp\/v2\/types\/product"}],"wp:featuredmedia":[{"embeddable":true,"href":"https:\/\/minghanggroup.com\/fr\/wp-json\/wp\/v2\/media\/5109"}],"wp:attachment":[{"href":"https:\/\/minghanggroup.com\/fr\/wp-json\/wp\/v2\/media?parent=5106"}],"wp:term":[{"taxonomy":"product_brand","embeddable":true,"href":"https:\/\/minghanggroup.com\/fr\/wp-json\/wp\/v2\/product_brand?post=5106"},{"taxonomy":"product_cat","embeddable":true,"href":"https:\/\/minghanggroup.com\/fr\/wp-json\/wp\/v2\/product_cat?post=5106"},{"taxonomy":"product_tag","embeddable":true,"href":"https:\/\/minghanggroup.com\/fr\/wp-json\/wp\/v2\/product_tag?post=5106"}],"curies":[{"name":"wp","href":"https:\/\/api.w.org\/{rel}","templated":true}]}}