{"id":5105,"date":"2026-01-22T15:58:16","date_gmt":"2026-01-22T07:58:16","guid":{"rendered":"https:\/\/minghanggroup.com\/?post_type=product&#038;p=5105"},"modified":"2026-01-22T16:51:00","modified_gmt":"2026-01-22T08:51:00","slug":"frosted-glass-candle-containers-with-lids-wholesale","status":"publish","type":"product","link":"https:\/\/minghanggroup.com\/fr\/produit\/frosted-glass-candle-containers-with-lids-wholesale\/","title":{"rendered":"Pots \u00e0 bougies en verre d\u00e9poli de 80 ml et 95 ml avec couvercles (vente en gros)"},"content":{"rendered":"<p>Vos contenants \u00e0 bougies avec couvercle ne doivent pas se contenter de contenir de la cire\u00a0; ils doivent faire de votre boutique un lieu incontournable. Sp\u00e9cialistes des pots \u00e0 bougies d\u00e9polis, nous cr\u00e9ons des emballages en verre qui transforment votre gamme de bougies en gros en un produit phare pour vos clients.<\/p>\n<h2>Caract\u00e9ristiques du produit<\/h2>\n<ul>\n<li><strong>Finition douce et givr\u00e9e :<\/strong> Sa texture givr\u00e9e diffuse la lumi\u00e8re des bougies tr\u00e8s doucement, comme le clair de lune, rehaussant ainsi instantan\u00e9ment l&#039;atmosph\u00e8re chaleureuse de votre int\u00e9rieur.<\/li>\n<li><strong>Couvercle s\u00e9curis\u00e9 :<\/strong> Un couvercle en bois parfaitement ajust\u00e9 emp\u00eache les d\u00e9bordements de cire et l&#039;accumulation de poussi\u00e8re. Votre contenant \u00e0 bougie est robuste, durable et d&#039;une qualit\u00e9 exceptionnelle.<\/li>\n<li><strong>Conception cylindrique simple\u00a0:<\/strong> Sa forme cylindrique intemporelle est id\u00e9ale pour le style minimaliste scandinave et peut \u00eatre orn\u00e9e d&#039;\u00e9tiquettes ou d&#039;impressions pour exprimer un style sophistiqu\u00e9.<\/li>\n<\/ul>\n<h2>Caract\u00e9ristiques principales<\/h2>\n<table style=\"border-collapse: collapse; width: 80%; margin-left: auto; margin-right: auto;\" border=\"0\" width=\"288\" cellspacing=\"0\" cellpadding=\"0\">\n<tbody>\n<tr style=\"height: 13.50pt;\">\n<td style=\"height: 13.5pt; width: 54pt; text-align: center;\" width=\"72\" height=\"18\">Taille (ml)<\/td>\n<td style=\"width: 54pt; text-align: center;\" width=\"72\">Dimensions (mm)<\/td>\n<td style=\"width: 54pt; text-align: center;\" width=\"72\">Type de couvercle<\/td>\n<td style=\"width: 54pt; text-align: center;\" width=\"72\">Couleur<\/td>\n<\/tr>\n<tr style=\"height: 13.50pt;\">\n<td style=\"height: 13.5pt; text-align: center;\" align=\"right\" height=\"18\">80<\/td>\n<td style=\"text-align: center;\">52 \u00d7 45 \u00d7 62<\/td>\n<td class=\"et2\" style=\"text-align: center;\" rowspan=\"2\">plastique ou bois<\/td>\n<td class=\"et2\" style=\"text-align: center;\" rowspan=\"2\">givr\u00e9 ou personnalis\u00e9<\/td>\n<\/tr>\n<tr style=\"height: 13.50pt;\">\n<td style=\"height: 13.5pt; text-align: center;\" align=\"right\" height=\"18\">95<\/td>\n<td style=\"text-align: center;\">56 \u00d7 47 \u00d7 66<\/td>\n<\/tr>\n<\/tbody>\n<\/table>\n<h2>Cas de r\u00e9ussite<\/h2>\n<p>Une marque nord-am\u00e9ricaine d&#039;aromath\u00e9rapie a choisi notre bougeoir en verre d\u00e9poli comme emballage principal pour sa nouvelle gamme de produits. Ce bougeoir arbore un logo s\u00e9rigraphi\u00e9 sur soie blanche, et son couvercle en bois naturel est grav\u00e9 de l&#039;histoire de la marque, assurant ainsi une forte visibilit\u00e9, que la bougie soit allum\u00e9e ou \u00e9teinte.<\/p>\n<p>Suite \u00e0 son lancement, les ventes de cette s\u00e9rie ont augment\u00e9 d&#039;environ 42 % en trois mois, ce qui a entra\u00een\u00e9 une augmentation des commandes de versions personnalis\u00e9es de diff\u00e9rentes tailles afin d&#039;\u00e9largir leurs gammes de produits pour les f\u00eates et les abonnements.<\/p>\n<h2>Vos options de personnalisation<\/h2>\n<ol>\n<li><strong>Mat\u00e9riau et structure du couvercle am\u00e9lior\u00e9s\u00a0: <\/strong>Nos couvercles sont con\u00e7us pour supporter diff\u00e9rentes essences de bois comme le bambou, le h\u00eatre et le ch\u00eane, et peuvent \u00e9galement \u00eatre am\u00e9lior\u00e9s avec un joint en silicone pour une meilleure \u00e9tanch\u00e9it\u00e9 et ainsi pr\u00e9server davantage les ar\u00f4mes.<\/li>\n<li><strong>Personnalisation du logo sur le corps de la tasse\u00a0: <\/strong>Le corps de la tasse peut \u00eatre d\u00e9cor\u00e9 par s\u00e9rigraphie, marquage \u00e0 chaud (or ou argent) ou pulv\u00e9risation partielle. L&#039;emplacement et la taille du logo sont enti\u00e8rement personnalisables selon les besoins.<\/li>\n<li><strong>Options d&#039;emballage et de combinaison assorties\u00a0: <\/strong>Il est possible d&#039;associer un coffret couleur personnalis\u00e9 \u00e0 un plateau int\u00e9rieur \u00e9cologique ou \u00e0 un coffret cadeau. Cela facilite la vente au d\u00e9tail ou les promotions de fin d&#039;ann\u00e9e.<\/li>\n<\/ol>","protected":false},"excerpt":{"rendered":"<p>Pots \u00e0 bougies d\u00e9polis, con\u00e7us pour un emballage haut de gamme. Ces contenants avec couvercles sont disponibles en livraison directe d&#039;usine et offrent une personnalisation en gros sur mesure.<\/p>","protected":false},"featured_media":5116,"template":"","meta":{"postBodyCss":"","postBodyMargin":[],"postBodyPadding":[],"postBodyBackground":{"backgroundType":"classic","gradient":""}},"product_brand":[],"product_cat":[15,82,17],"product_tag":[],"class_list":{"0":"post-5105","1":"product","2":"type-product","3":"status-publish","4":"has-post-thumbnail","6":"product_cat-glass-containers","7":"product_cat-candle-jars","8":"product_cat-glass-jars","10":"first","11":"instock","12":"shipping-taxable","13":"product-type-simple"},"jetpack_sharing_enabled":true,"_links":{"self":[{"href":"https:\/\/minghanggroup.com\/fr\/wp-json\/wp\/v2\/product\/5105","targetHints":{"allow":["GET"]}}],"collection":[{"href":"https:\/\/minghanggroup.com\/fr\/wp-json\/wp\/v2\/product"}],"about":[{"href":"https:\/\/minghanggroup.com\/fr\/wp-json\/wp\/v2\/types\/product"}],"wp:featuredmedia":[{"embeddable":true,"href":"https:\/\/minghanggroup.com\/fr\/wp-json\/wp\/v2\/media\/5116"}],"wp:attachment":[{"href":"https:\/\/minghanggroup.com\/fr\/wp-json\/wp\/v2\/media?parent=5105"}],"wp:term":[{"taxonomy":"product_brand","embeddable":true,"href":"https:\/\/minghanggroup.com\/fr\/wp-json\/wp\/v2\/product_brand?post=5105"},{"taxonomy":"product_cat","embeddable":true,"href":"https:\/\/minghanggroup.com\/fr\/wp-json\/wp\/v2\/product_cat?post=5105"},{"taxonomy":"product_tag","embeddable":true,"href":"https:\/\/minghanggroup.com\/fr\/wp-json\/wp\/v2\/product_tag?post=5105"}],"curies":[{"name":"wp","href":"https:\/\/api.w.org\/{rel}","templated":true}]}}