{"id":5099,"date":"2026-01-22T14:44:43","date_gmt":"2026-01-22T06:44:43","guid":{"rendered":"https:\/\/minghanggroup.com\/?post_type=product&#038;p=5099"},"modified":"2026-01-22T15:07:01","modified_gmt":"2026-01-22T07:07:01","slug":"tulip-style-glass-candle-containers-wholesale","status":"publish","type":"product","link":"https:\/\/minghanggroup.com\/fr\/produit\/tulip-style-glass-candle-containers-wholesale\/","title":{"rendered":"Pots \u00e0 bougies en verre style tulipe 110 ml en gros"},"content":{"rendered":"<p>Ces photophores en forme de tulipe pr\u00e9sentent un corps incurv\u00e9 vers l&#039;int\u00e9rieur et des bords l\u00e9g\u00e8rement biseaut\u00e9s. Les fines rayures verticales qui ornent le corps facilitent la prise en main et cr\u00e9ent un magnifique jeu d&#039;ombres et de lumi\u00e8res.<\/p>\n<h2>Caract\u00e9ristiques du produit<\/h2>\n<ul>\n<li><strong>Silhouette \u00e9l\u00e9gante de tulipe :<\/strong> Les courbes douces et raffin\u00e9es sont tr\u00e8s reconnaissables et conf\u00e8rent une touche de sophistication naturelle et \u00e9l\u00e9gante.<\/li>\n<li><strong>Rayures verticales d\u00e9coratives :<\/strong> Les rayures verticales ont un effet d\u00e9coratif et am\u00e9liorent l&#039;adh\u00e9rence, tout en cr\u00e9ant un jeu d&#039;ombres et de lumi\u00e8res stimulant et fascinant.<\/li>\n<li><strong>Verre transparent :<\/strong> Le verre transparent vous permet d&#039;avoir une vue d\u00e9gag\u00e9e sur la cire, la flamme et tous les d\u00e9cors \u00e0 l&#039;int\u00e9rieur de la bougie.<\/li>\n<\/ul>\n<h2 style=\"text-align: left;\">Caract\u00e9ristiques principales<\/h2>\n<table class=\"aligncenter\" style=\"border-collapse: collapse; width: 451.52pt;\" border=\"0\" width=\"602\" cellspacing=\"0\" cellpadding=\"0\">\n<tbody>\n<tr style=\"height: 13.50pt;\">\n<td style=\"height: 13.50pt; width: 121.50pt;\" width=\"162\" height=\"18\">Sp\u00e9cification<\/td>\n<td style=\"width: 330.00pt;\" width=\"440\">D\u00e9tails<\/td>\n<\/tr>\n<tr style=\"height: 13.50pt;\">\n<td style=\"height: 13.50pt;\" height=\"18\">Capacit\u00e9<\/td>\n<td>110 ml<\/td>\n<\/tr>\n<tr style=\"height: 13.50pt;\">\n<td style=\"height: 13.50pt;\" height=\"18\">Dimensions<\/td>\n<td>67\u00d755\u00d772 mm<\/td>\n<\/tr>\n<tr style=\"height: 13.50pt;\">\n<td style=\"height: 13.50pt;\" height=\"18\">Mat\u00e9riel<\/td>\n<td>Verre clair<\/td>\n<\/tr>\n<tr style=\"height: 13.50pt;\">\n<td style=\"height: 13.50pt;\" height=\"18\">Pot en forme de bocal<\/td>\n<td>Forme de tulipe avec cannelures verticales et bord festonn\u00e9<\/td>\n<\/tr>\n<tr style=\"height: 13.50pt;\">\n<td style=\"height: 13.50pt;\" height=\"18\">\u00c9tendue de la personnalisation<\/td>\n<td>Couleur, motif de fl\u00fbte, taille, dorure, forme<\/td>\n<\/tr>\n<tr style=\"height: 13.50pt;\">\n<td style=\"height: 13.50pt;\" height=\"18\">Savoir-faire<\/td>\n<td>Moulage en verre press\u00e9 pour formes complexes de tulipe et cannelures<\/td>\n<\/tr>\n<tr style=\"height: 13.50pt;\">\n<td style=\"height: 13.50pt;\" height=\"18\">Objectif du produit<\/td>\n<td>Contenants d\u00e9coratifs pour bougies, pots \u00e0 bougies<\/td>\n<\/tr>\n<tr style=\"height: 13.50pt;\">\n<td style=\"height: 13.50pt;\" height=\"18\">Secteurs d&#039;activit\u00e9 appropri\u00e9s<\/td>\n<td>Marques de bougies de luxe, d\u00e9taillants de cadeaux et de d\u00e9coration int\u00e9rieure<\/td>\n<\/tr>\n<\/tbody>\n<\/table>\n<h2>Succ\u00e8s garanti : La s\u00e9rie de bougies en collaboration avec un fleuriste rencontre un immense succ\u00e8s<\/h2>\n<p>Un fleuriste en ligne a choisi nos pots en verre en forme de tulipe comme contenants originaux. Ce design unique s&#039;est parfaitement int\u00e9gr\u00e9 \u00e0 son image de marque, g\u00e9n\u00e9rant une croissance de 150 % de ses ventes directes en ligne. La transparence du verre mettait en valeur la couleur naturelle de la cire, ce qui a entra\u00een\u00e9 une augmentation de 80 % du partage sur les r\u00e9seaux sociaux. Satisfaite du produit et des retours clients, la marque a pass\u00e9 une nouvelle commande de 250\u00a0000 pots en verre pour ses collections permanentes et saisonni\u00e8res.<\/p>\n<h2>Options de personnalisation des contenants \u00e0 bougies<\/h2>\n<ul>\n<li>Couleurs des verres\u00a0: Privil\u00e9giez les tons doux comme le rose poudr\u00e9, le vert sauge ou le bleu ciel pour rehausser le th\u00e8me floral.<\/li>\n<li>Variations des rainures\u00a0: Modifiez la largeur, la profondeur ou l\u2019espacement entre les rainures verticales pour obtenir des apparences vari\u00e9es.<\/li>\n<li>Finitions m\u00e9talliques\u00a0: \u00e9ventails dor\u00e9s ou d\u00e9cor\u00e9s d\u2019or, d\u2019argent ou de cuivre sur les bords.<\/li>\n<li>Fond en relief\u00a0: D\u00e9corez la partie inf\u00e9rieure de la bo\u00eete en y ajoutant de petits motifs floraux en relief ou le logo de votre entreprise.<\/li>\n<\/ul>","protected":false},"excerpt":{"rendered":"<p>Pots \u00e0 bougies en verre de style tulipe, \u00e0 texture c\u00f4tel\u00e9e verticale et bordure florale, parfaits pour les bougies parfum\u00e9es et la d\u00e9coration. Contenants \u00e0 bougies haut de gamme, directement du fabricant.<\/p>","protected":false},"featured_media":5101,"template":"","meta":{"postBodyCss":"","postBodyMargin":[],"postBodyPadding":[],"postBodyBackground":{"backgroundType":"classic","gradient":""}},"product_brand":[],"product_cat":[15,82,17],"product_tag":[],"class_list":{"0":"post-5099","1":"product","2":"type-product","3":"status-publish","4":"has-post-thumbnail","6":"product_cat-glass-containers","7":"product_cat-candle-jars","8":"product_cat-glass-jars","10":"first","11":"instock","12":"shipping-taxable","13":"product-type-simple"},"jetpack_sharing_enabled":true,"_links":{"self":[{"href":"https:\/\/minghanggroup.com\/fr\/wp-json\/wp\/v2\/product\/5099","targetHints":{"allow":["GET"]}}],"collection":[{"href":"https:\/\/minghanggroup.com\/fr\/wp-json\/wp\/v2\/product"}],"about":[{"href":"https:\/\/minghanggroup.com\/fr\/wp-json\/wp\/v2\/types\/product"}],"wp:featuredmedia":[{"embeddable":true,"href":"https:\/\/minghanggroup.com\/fr\/wp-json\/wp\/v2\/media\/5101"}],"wp:attachment":[{"href":"https:\/\/minghanggroup.com\/fr\/wp-json\/wp\/v2\/media?parent=5099"}],"wp:term":[{"taxonomy":"product_brand","embeddable":true,"href":"https:\/\/minghanggroup.com\/fr\/wp-json\/wp\/v2\/product_brand?post=5099"},{"taxonomy":"product_cat","embeddable":true,"href":"https:\/\/minghanggroup.com\/fr\/wp-json\/wp\/v2\/product_cat?post=5099"},{"taxonomy":"product_tag","embeddable":true,"href":"https:\/\/minghanggroup.com\/fr\/wp-json\/wp\/v2\/product_tag?post=5099"}],"curies":[{"name":"wp","href":"https:\/\/api.w.org\/{rel}","templated":true}]}}