{"id":5082,"date":"2026-01-22T14:34:21","date_gmt":"2026-01-22T06:34:21","guid":{"rendered":"https:\/\/minghanggroup.com\/?post_type=product&#038;p=5082"},"modified":"2026-03-02T15:04:55","modified_gmt":"2026-03-02T07:04:55","slug":"textured-clear-glass-empty-candle-jars-bulk","status":"publish","type":"product","link":"https:\/\/minghanggroup.com\/fr\/produit\/textured-clear-glass-empty-candle-jars-bulk\/","title":{"rendered":"Pots \u00e0 bougies vides en verre transparent textur\u00e9 de 360 \u200b\u200bml (vente en gros)"},"content":{"rendered":"<p>Vos pots de bougies vides ne devraient pas rester sur une \u00e9tag\u00e8re\u00a0: ils devraient \u00eatre la pi\u00e8ce ma\u00eetresse de votre d\u00e9coration de f\u00eates. Sp\u00e9cialis\u00e9s dans la vente en gros de pots de bougies, nous cr\u00e9ons des emballages en verre qui feront de votre gamme de bougies en gros un incontournable pour vos clients.<\/p>\n<h2>Caract\u00e9ristiques du produit<\/h2>\n<ul>\n<li><strong>Jeu de lumi\u00e8res \u00e0 motifs : <\/strong>Des grains de riz textur\u00e9s dispersent la lumi\u00e8re des bougies comme de la poussi\u00e8re d&#039;\u00e9toiles, cr\u00e9ant un parfum d&#039;int\u00e9rieur luxueux instantan\u00e9.<\/li>\n<li><strong>Socle en verre robuste : <\/strong>Fond \u00e9pais, aucune instabilit\u00e9 sur les tables en marbre. Votre contenant \u00e0 bougie est robuste et \u00e9l\u00e9gant.<\/li>\n<li><strong>Art sur toile vierge :<\/strong> Vos pots de bougies vides se transforment en sculptures de bureau : z\u00e9ro d\u00e9chet, un maximum de style.<\/li>\n<\/ul>\n<h2>Caract\u00e9ristiques principales<\/h2>\n<table style=\"border-collapse: collapse; width: 80%; margin-right: auto; margin-left: auto;\" border=\"0\" width=\"288\" cellspacing=\"0\" cellpadding=\"0\">\n<tbody>\n<tr style=\"height: 13.50pt;\">\n<td style=\"height: 13.5pt; width: 54pt; text-align: center;\" width=\"72\" height=\"18\">Taille<\/td>\n<td style=\"width: 54pt; text-align: center;\" width=\"72\">Dimensions (mm)<\/td>\n<td style=\"width: 54pt; text-align: center;\" width=\"72\">Mod\u00e8les disponibles<\/td>\n<td style=\"width: 54pt; text-align: center;\" width=\"72\">Couleur<\/td>\n<\/tr>\n<tr style=\"height: 13.50pt;\">\n<td style=\"height: 13.5pt; text-align: center;\" height=\"18\">360 ml<\/td>\n<td style=\"text-align: center;\">95\u00d795\u00d787<\/td>\n<td style=\"text-align: center;\">Point de riz, Diamant, Vertical, Goutte d&#039;eau<\/td>\n<td style=\"text-align: center;\">Transparent ou personnalis\u00e9<\/td>\n<\/tr>\n<\/tbody>\n<\/table>\n<h2>Cas de r\u00e9ussite<\/h2>\n<p>Une marque de parfums d&#039;int\u00e9rieur haut de gamme, sp\u00e9cialis\u00e9e dans les bougies artisanales en cire de soja, a choisi nos pots \u00e0 bougies en verre textur\u00e9 et les a personnalis\u00e9s en y ajoutant un \u00e9l\u00e9gant logo en relief sur le fond. Les pots arborent un verre rose fum\u00e9 chic et un motif imprim\u00e9 minimaliste qui s&#039;harmonise parfaitement avec l&#039;univers olfactif de la marque.<\/p>\n<p>Apr\u00e8s le lancement de cette gamme de produits, la marque a constat\u00e9 une augmentation de 45 % des achats r\u00e9p\u00e9t\u00e9s et une nette am\u00e9lioration de l&#039;attractivit\u00e9 de ses produits en rayon dans ses boutiques concept. Par cons\u00e9quent, elle a d\u00e9cid\u00e9 de maintenir ses commandes importantes pour les prochains trimestres.<\/p>\n<h2>Vos options de personnalisation<\/h2>\n<ol>\n<li><strong>Conception de logo en relief\/en creux\u00a0:<\/strong> Nous proposons une touche originale pour la marque de spiritueux, un logo l\u00e9g\u00e8rement en relief sur le devant ou le fond de la bouteille qui servira d&#039;identification permanente de la marque.<\/li>\n<li><strong>Options de couleur de verre personnalis\u00e9es\u00a0:<\/strong> Outre le verre transparent classique, nous proposons \u00e9galement des couleurs personnalis\u00e9es telles que le gris fum\u00e9, l&#039;ambre, le brun clair ou toute autre teinte.<\/li>\n<li><strong>Impression s\u00e9rigraphique de motifs et de textes\u00a0:<\/strong> Nous sommes en mesure de fournir une impression s\u00e9rigraphique monochrome ou multicolore pour l&#039;impression de noms de parfums, de slogans de marques, etc., afin d&#039;accro\u00eetre la visibilit\u00e9 en rayon.<\/li>\n<\/ol>","protected":false},"excerpt":{"rendered":"<p>Pots \u00e0 bougies \u00e9l\u00e9gants en verre textur\u00e9, disponibles en gros. Vente directe d&#039;usine de pots \u00e0 bougies vides, finitions personnalis\u00e9es, \u00e9chantillons gratuits et production de gros stable.<\/p>","protected":false},"featured_media":5098,"template":"","meta":{"postBodyCss":"","postBodyMargin":[],"postBodyPadding":[],"postBodyBackground":{"backgroundType":"classic","gradient":""}},"product_brand":[],"product_cat":[15,82,17],"product_tag":[97,96],"class_list":{"0":"post-5082","1":"product","2":"type-product","3":"status-publish","4":"has-post-thumbnail","6":"product_cat-glass-containers","7":"product_cat-candle-jars","8":"product_cat-glass-jars","9":"product_tag-rocks-glass","10":"product_tag-whiskey-tumblers","12":"first","13":"instock","14":"shipping-taxable","15":"product-type-simple"},"jetpack_sharing_enabled":true,"_links":{"self":[{"href":"https:\/\/minghanggroup.com\/fr\/wp-json\/wp\/v2\/product\/5082","targetHints":{"allow":["GET"]}}],"collection":[{"href":"https:\/\/minghanggroup.com\/fr\/wp-json\/wp\/v2\/product"}],"about":[{"href":"https:\/\/minghanggroup.com\/fr\/wp-json\/wp\/v2\/types\/product"}],"wp:featuredmedia":[{"embeddable":true,"href":"https:\/\/minghanggroup.com\/fr\/wp-json\/wp\/v2\/media\/5098"}],"wp:attachment":[{"href":"https:\/\/minghanggroup.com\/fr\/wp-json\/wp\/v2\/media?parent=5082"}],"wp:term":[{"taxonomy":"product_brand","embeddable":true,"href":"https:\/\/minghanggroup.com\/fr\/wp-json\/wp\/v2\/product_brand?post=5082"},{"taxonomy":"product_cat","embeddable":true,"href":"https:\/\/minghanggroup.com\/fr\/wp-json\/wp\/v2\/product_cat?post=5082"},{"taxonomy":"product_tag","embeddable":true,"href":"https:\/\/minghanggroup.com\/fr\/wp-json\/wp\/v2\/product_tag?post=5082"}],"curies":[{"name":"wp","href":"https:\/\/api.w.org\/{rel}","templated":true}]}}