{"id":5020,"date":"2026-01-21T15:53:59","date_gmt":"2026-01-21T07:53:59","guid":{"rendered":"https:\/\/minghanggroup.com\/?post_type=product&#038;p=5020"},"modified":"2026-01-21T15:54:01","modified_gmt":"2026-01-21T07:54:01","slug":"octagonal-ribbed-reed-diffuser-empty-bottles-bulk","status":"publish","type":"product","link":"https:\/\/minghanggroup.com\/fr\/produit\/octagonal-ribbed-reed-diffuser-empty-bottles-bulk\/","title":{"rendered":"Diffuseur \u00e0 b\u00e2tonnets octogonaux c\u00f4tel\u00e9s, flacons vides en vrac, 50 ml, 90 ml, 100 ml"},"content":{"rendered":"<p>Vos flacons de diffuseur \u00e0 b\u00e2tonnets vides ne devraient pas rester inutilis\u00e9s\u00a0; ils peuvent devenir un bel objet de d\u00e9coration une fois que vous avez fini de les utiliser. Sp\u00e9cialistes des flacons pour diffuseurs \u00e0 b\u00e2tonnets, nous cr\u00e9ons des flacons en verre qui transforment votre diffuseur d&#039;huiles essentielles en un \u00e9l\u00e9ment de d\u00e9coration discret qui suscite la conversation.<\/p>\n<h2>Caract\u00e9ristiques du produit<\/h2>\n<ul>\n<li><strong>Jeu de lumi\u00e8re octogonal : <\/strong>Les bords tranchants diffusent la lumi\u00e8re comme un vitrail, une \u0153uvre d&#039;art instantan\u00e9e pour parfumer votre int\u00e9rieur.<\/li>\n<li><strong>Vis, s\u00e9curit\u00e9 sup\u00e9rieure : <\/strong>Fixez les tiges de rotin naturel en les torsadant : pas de jeu, pas de chute.<\/li>\n<li><strong>Clart\u00e9 cristalline :<\/strong> Il est possible de visualiser chaque goutte d&#039;huiles essentielles parfum\u00e9es \u00e0 travers un verre transparent ; il n&#039;y a pas de filtres opaques.<\/li>\n<\/ul>\n<h2>Caract\u00e9ristiques principales<\/h2>\n<table style=\"border-collapse: collapse; width: 80%; margin-left: auto; margin-right: auto;\" border=\"0\" width=\"288\" cellspacing=\"0\" cellpadding=\"0\">\n<tbody>\n<tr style=\"height: 13.50pt;\">\n<td style=\"height: 13.5pt; width: 54pt; text-align: center;\" width=\"72\" height=\"18\">Taille (ml)<\/td>\n<td style=\"width: 54pt; text-align: center;\" width=\"72\">Dimensions (mm)<\/td>\n<td style=\"width: 54pt; text-align: center;\" width=\"72\">Type de cou<\/td>\n<td style=\"width: 54pt; text-align: center;\" width=\"72\">Fonctionnalit\u00e9<\/td>\n<\/tr>\n<tr style=\"height: 13.50pt;\">\n<td style=\"height: 13.5pt; text-align: center;\" align=\"right\" height=\"18\">50<\/td>\n<td style=\"text-align: center;\">54 \u00d7 66<\/td>\n<td class=\"et2\" style=\"text-align: center;\" rowspan=\"3\">Couvercle \u00e0 vis<\/td>\n<td class=\"et2\" style=\"text-align: center;\" rowspan=\"3\">Lignes octogonales<\/td>\n<\/tr>\n<tr style=\"height: 13.50pt;\">\n<td style=\"height: 13.5pt; text-align: center;\" align=\"right\" height=\"18\">90<\/td>\n<td style=\"text-align: center;\">64 \u00d7 77<\/td>\n<\/tr>\n<tr style=\"height: 13.50pt;\">\n<td style=\"height: 13.5pt; text-align: center;\" align=\"right\" height=\"18\">100<\/td>\n<td style=\"text-align: center;\">72 \u00d7 90<\/td>\n<\/tr>\n<\/tbody>\n<\/table>\n<h2>Cas de r\u00e9ussite<\/h2>\n<p>Une marque de parfums d&#039;int\u00e9rieur de luxe a choisi les flacons diffuseurs octogonaux en verre \u00e0 rayures verticales de notre collection et s&#039;est appropri\u00e9e la finition givr\u00e9e douce en y apposant son logo en relief. Pour sublimer encore davantage l&#039;image de la marque, d&#039;\u00e9l\u00e9gants motifs imprim\u00e9s ont \u00e9t\u00e9 ajout\u00e9s aux flacons.<\/p>\n<p>Gr\u00e2ce \u00e0 ce flacon diffuseur personnalis\u00e9, l&#039;attractivit\u00e9 du produit en rayon a augment\u00e9 de 35 % et les commandes r\u00e9p\u00e9t\u00e9es des distributeurs ont progress\u00e9 de 28 %. Ces derniers ont continu\u00e9 \u00e0 passer des commandes importantes pendant les deux trimestres suivants.<\/p>\n<h2>Vos options de personnalisation<\/h2>\n<ol>\n<li><strong>Personnalisation du logo en relief ou en creux\u00a0:<\/strong> Apposez un logo de marque en relief ou en creux sur la surface plane du corps octogonal de la bouteille pour un aspect tactile, et cela contribuera visuellement \u00e0 une impression de qualit\u00e9 sup\u00e9rieure et \u00e0 la reconnaissance de la marque.<\/li>\n<li><strong>Options de traitement de surface des bouteilles\u00a0:<\/strong> Optez pour un aspect enti\u00e8rement givr\u00e9, partiellement givr\u00e9 ou givr\u00e9 en d\u00e9grad\u00e9, ce qui cr\u00e9era un jeu d&#039;ombre et de lumi\u00e8re gr\u00e2ce \u00e0 la structure nervur\u00e9e verticale. Au sens figur\u00e9, ce serait id\u00e9al pour une gamme de parfums haut de gamme, de luxe ou naturels.<\/li>\n<li><strong>Personnalisation de la couleur du verre\u00a0:<\/strong> Outre la couleur transparente, les choix peuvent inclure le gris (fum\u00e9), l&#039;ambre, le brun clair ou une couleur personnalis\u00e9e sp\u00e9cifique \u00e0 la marque, qui correspond bien \u00e0 l&#039;image de marque tout en tenant compte de l&#039;aspect fonctionnel du flacon pour prot\u00e9ger l&#039;huile parfum\u00e9e de la lumi\u00e8re.<\/li>\n<\/ol>","protected":false},"excerpt":{"rendered":"<p>Flacons vides pour diffuseurs \u00e0 roseaux, directement du fabricant, avec nervures octogonales et finition en verre transparent. Personnalisation en gros possible pour les flacons d&#039;huile pour diffuseurs \u00e0 roseaux.<\/p>","protected":false},"featured_media":5041,"template":"","meta":{"postBodyCss":"","postBodyMargin":[],"postBodyPadding":[],"postBodyBackground":{"backgroundType":"classic","gradient":""}},"product_brand":[],"product_cat":[15,16,63],"product_tag":[],"class_list":{"0":"post-5020","1":"product","2":"type-product","3":"status-publish","4":"has-post-thumbnail","6":"product_cat-glass-containers","7":"product_cat-glass-bottles","8":"product_cat-reed-diffuser-bottles","10":"first","11":"instock","12":"shipping-taxable","13":"product-type-simple"},"jetpack_sharing_enabled":true,"_links":{"self":[{"href":"https:\/\/minghanggroup.com\/fr\/wp-json\/wp\/v2\/product\/5020","targetHints":{"allow":["GET"]}}],"collection":[{"href":"https:\/\/minghanggroup.com\/fr\/wp-json\/wp\/v2\/product"}],"about":[{"href":"https:\/\/minghanggroup.com\/fr\/wp-json\/wp\/v2\/types\/product"}],"wp:featuredmedia":[{"embeddable":true,"href":"https:\/\/minghanggroup.com\/fr\/wp-json\/wp\/v2\/media\/5041"}],"wp:attachment":[{"href":"https:\/\/minghanggroup.com\/fr\/wp-json\/wp\/v2\/media?parent=5020"}],"wp:term":[{"taxonomy":"product_brand","embeddable":true,"href":"https:\/\/minghanggroup.com\/fr\/wp-json\/wp\/v2\/product_brand?post=5020"},{"taxonomy":"product_cat","embeddable":true,"href":"https:\/\/minghanggroup.com\/fr\/wp-json\/wp\/v2\/product_cat?post=5020"},{"taxonomy":"product_tag","embeddable":true,"href":"https:\/\/minghanggroup.com\/fr\/wp-json\/wp\/v2\/product_tag?post=5020"}],"curies":[{"name":"wp","href":"https:\/\/api.w.org\/{rel}","templated":true}]}}