{"id":5010,"date":"2026-01-21T14:51:15","date_gmt":"2026-01-21T06:51:15","guid":{"rendered":"https:\/\/minghanggroup.com\/?post_type=product&#038;p=5010"},"modified":"2026-01-21T15:28:37","modified_gmt":"2026-01-21T07:28:37","slug":"clear-diffuser-empty-glass-bottles-wholesale","status":"publish","type":"product","link":"https:\/\/minghanggroup.com\/fr\/produit\/clear-diffuser-empty-glass-bottles-wholesale\/","title":{"rendered":"Flacons en verre vides de 120 ml pour diffuseur transparent, vente en gros"},"content":{"rendered":"<p>Ce flacon diffuseur vide en verre pr\u00e9sente une silhouette tr\u00e8s \u00e9l\u00e9gante\u00a0: celle d\u2019un melon \u00e0 huit p\u00e9tales. Le corps du flacon est compos\u00e9 de huit courbes douces qui s\u2019\u00e9tendent du fond jusqu\u2019\u00e0 l\u2019\u00e9paule, cr\u00e9ant ainsi une surface tr\u00e8s sculpt\u00e9e.<\/p>\n<h2>Caract\u00e9ristiques du produit<\/h2>\n<ul>\n<li><strong>Forme de melon \u00e0 huit p\u00e9tales :<\/strong> Les courbes s&#039;\u00e9panouissent en huit p\u00e9tales qui conf\u00e8rent plus de profondeur \u00e0 la bouteille, et la lumi\u00e8re se r\u00e9fracte ensuite pour cr\u00e9er une impression chaleureuse et sophistiqu\u00e9e.<\/li>\n<li><strong>Conception \u00e0 large ouverture\u00a0:<\/strong> La large ouverture facilite le remplissage et conf\u00e8re \u00e0 la bouteille une apparence plus ouverte et attrayante.<\/li>\n<li><strong>Capacit\u00e9 de 120 ml :<\/strong> Sa capacit\u00e9 mod\u00e9r\u00e9e de 120 ml est suffisante pour r\u00e9pondre aux besoins de dialyse de la plupart des salons et des chambres, et elle offre un parfum durable.<\/li>\n<\/ul>\n<h2 style=\"text-align: left;\">Caract\u00e9ristiques principales<\/h2>\n<table class=\"aligncenter\" style=\"border-collapse: collapse; width: 435.77pt;\" border=\"0\" width=\"581\" cellspacing=\"0\" cellpadding=\"0\">\n<tbody>\n<tr style=\"height: 13.50pt;\">\n<td style=\"height: 13.50pt; width: 116.25pt;\" width=\"155\" height=\"18\">Sp\u00e9cification<\/td>\n<td style=\"width: 319.50pt;\" width=\"426\">D\u00e9tails<\/td>\n<\/tr>\n<tr style=\"height: 13.50pt;\">\n<td style=\"height: 13.50pt;\" height=\"18\">Capacit\u00e9<\/td>\n<td>120 ml<\/td>\n<\/tr>\n<tr style=\"height: 13.50pt;\">\n<td style=\"height: 13.50pt;\" height=\"18\">Dimensions<\/td>\n<td>67\u00d7101 mm<\/td>\n<\/tr>\n<tr style=\"height: 13.50pt;\">\n<td style=\"height: 13.50pt;\" height=\"18\">Diam\u00e8tre int\u00e9rieur\/ext\u00e9rieur du col<\/td>\n<td>18 mm \/ 38 mm<\/td>\n<\/tr>\n<tr style=\"height: 13.50pt;\">\n<td style=\"height: 13.50pt;\" height=\"18\">Mat\u00e9riel<\/td>\n<td>Verre sodocalcique<\/td>\n<\/tr>\n<tr style=\"height: 13.50pt;\">\n<td style=\"height: 13.50pt;\" height=\"18\">Forme de bouteille<\/td>\n<td>C\u00f4te de melon \u00e0 huit lobes<\/td>\n<\/tr>\n<tr style=\"height: 13.50pt;\">\n<td style=\"height: 13.50pt;\" height=\"18\">\u00c9tendue de la personnalisation<\/td>\n<td>Couleur, taille, forme, texture de surface<\/td>\n<\/tr>\n<tr style=\"height: 13.50pt;\">\n<td style=\"height: 13.50pt;\" height=\"18\">Savoir-faire<\/td>\n<td>Moulage de verre multilobe, formage \u00e0 embouchure \u00e9vas\u00e9e<\/td>\n<\/tr>\n<tr style=\"height: 13.50pt;\">\n<td style=\"height: 13.50pt;\" height=\"18\">Objectif du produit<\/td>\n<td>Flacons diffuseurs en verre en gros, r\u00e9cipients pour huiles parfum\u00e9es<\/td>\n<\/tr>\n<tr style=\"height: 13.50pt;\">\n<td style=\"height: 13.50pt;\" height=\"18\">Secteurs d&#039;activit\u00e9 appropri\u00e9s<\/td>\n<td>Marques minimalistes pour la maison, vente au d\u00e9tail en boutique<\/td>\n<\/tr>\n<\/tbody>\n<\/table>\n<h2>Succ\u00e8s fulgurant : La s\u00e9rie \u00e0 succ\u00e8s Nordic Home Decor<\/h2>\n<p>Notre flacon diffuseur en verre de 120 ml est devenu l&#039;\u00e9l\u00e9ment phare d&#039;une marque de d\u00e9coration d&#039;int\u00e9rieur nordique. Leur philosophie d&#039;esth\u00e9tique organique, pr\u00e9sente dans 80 % des avis positifs, se refl\u00e8te parfaitement dans la forme organique de melon. Son design raffin\u00e9 a entra\u00een\u00e9 une hausse de 200 % des partages sur les r\u00e9seaux sociaux. Tr\u00e8s satisfaite, la marque a command\u00e9 500\u00a0000 flacons suppl\u00e9mentaires pour sa collection permanente et ses nouvelles gammes saisonni\u00e8res.<\/p>\n<h2>Bouteilles diffuseurs en verre en gros et personnalisables<\/h2>\n<ul>\n<li>Couleur et teinte du verre\u00a0: Il sera disponible en quatre couleurs\u00a0: transparent, gris clair, vert clair et blanc d\u00e9poli.<\/li>\n<li>Variations des p\u00e9tales : Il peut y avoir un changement dans le nombre de p\u00e9tales (par exemple six ou dix) ou dans leur profondeur et leur courbure.<\/li>\n<li>D\u00e9corations en verre gaufr\u00e9\u00a0: Un proc\u00e9d\u00e9 bicolore est utilis\u00e9, o\u00f9 l\u2019int\u00e9rieur de la bouteille est gaufr\u00e9 avec du verre color\u00e9.<\/li>\n<li>Fond\/base en relief\u00a0: Apposez un petit logo en relief ou un motif de feuille sur le fond de la bouteille.<\/li>\n<\/ul>","protected":false},"excerpt":{"rendered":"<p>Flacon diffuseur en verre transparent vide, orn\u00e9 d&#039;\u00e9l\u00e9gantes nervures incurv\u00e9es, id\u00e9al pour la pr\u00e9sentation en aromath\u00e9rapie. Flacons diffuseurs en verre r\u00e9sistant, vente en gros. Direct usine.<\/p>","protected":false},"featured_media":5019,"template":"","meta":{"postBodyCss":"","postBodyMargin":[],"postBodyPadding":[],"postBodyBackground":{"backgroundType":"classic","gradient":""}},"product_brand":[],"product_cat":[15,16,63],"product_tag":[],"class_list":{"0":"post-5010","1":"product","2":"type-product","3":"status-publish","4":"has-post-thumbnail","6":"product_cat-glass-containers","7":"product_cat-glass-bottles","8":"product_cat-reed-diffuser-bottles","10":"first","11":"instock","12":"shipping-taxable","13":"product-type-simple"},"jetpack_sharing_enabled":true,"_links":{"self":[{"href":"https:\/\/minghanggroup.com\/fr\/wp-json\/wp\/v2\/product\/5010","targetHints":{"allow":["GET"]}}],"collection":[{"href":"https:\/\/minghanggroup.com\/fr\/wp-json\/wp\/v2\/product"}],"about":[{"href":"https:\/\/minghanggroup.com\/fr\/wp-json\/wp\/v2\/types\/product"}],"wp:featuredmedia":[{"embeddable":true,"href":"https:\/\/minghanggroup.com\/fr\/wp-json\/wp\/v2\/media\/5019"}],"wp:attachment":[{"href":"https:\/\/minghanggroup.com\/fr\/wp-json\/wp\/v2\/media?parent=5010"}],"wp:term":[{"taxonomy":"product_brand","embeddable":true,"href":"https:\/\/minghanggroup.com\/fr\/wp-json\/wp\/v2\/product_brand?post=5010"},{"taxonomy":"product_cat","embeddable":true,"href":"https:\/\/minghanggroup.com\/fr\/wp-json\/wp\/v2\/product_cat?post=5010"},{"taxonomy":"product_tag","embeddable":true,"href":"https:\/\/minghanggroup.com\/fr\/wp-json\/wp\/v2\/product_tag?post=5010"}],"curies":[{"name":"wp","href":"https:\/\/api.w.org\/{rel}","templated":true}]}}